{"id":1231,"date":"2024-09-03T16:22:12","date_gmt":"2024-09-03T13:22:12","guid":{"rendered":"https:\/\/ort.fi\/ortturkusrk\/?page_id=1231"},"modified":"2025-02-02T14:57:48","modified_gmt":"2025-02-02T12:57:48","slug":"seurakunnan-kasvatustoiminta","status":"publish","type":"page","link":"https:\/\/ort.fi\/turku\/seurakunnan-kasvatustoiminta\/","title":{"rendered":"Seurakunnan kasvatustoiminta"},"content":{"rendered":"\n<p>Jumalanpalvelusel\u00e4m\u00e4 on seurakunnan kasvatusty\u00f6n ytimess\u00e4. Sit\u00e4 tukevat seurakunnan kasvatustoiminnan muodot:<\/p>\n\n\n\n<p><strong>Lapset ja perheet:<\/strong><br><a href=\"https:\/\/ort.fi\/turku\/perhekerho\/\" data-type=\"link\" data-id=\"https:\/\/ort.fi\/ortturkusrk\/perhekerho\/\">Perhekerho<\/a><br><a href=\"https:\/\/ort.fi\/turku\/pyhakoulu\/\" data-type=\"link\" data-id=\"https:\/\/ort.fi\/ortturkusrk\/pyhakoulu\/\">Pyh\u00e4koulu<\/a><\/p>\n\n\n\n<p><strong>Nuoret<\/strong>:<br><a href=\"https:\/\/ort.fi\/turku\/tno\/\" data-type=\"link\" data-id=\"https:\/\/ort.fi\/ortturkusrk\/tno\/\">Turun nuoret ortodoksit &#8211; TNO<\/a><br><a href=\"https:\/\/ort.fi\/turku\/kristinoppikoulu\/\" data-type=\"link\" data-id=\"https:\/\/ort.fi\/ortturkusrk\/kristinoppikoulu\/\">Kristinoppikoulu<\/a><\/p>\n\n\n\n<p><strong>Aikuiset<\/strong>:<br><a href=\"https:\/\/ort.fi\/turku\/katekumeeniopetus\/\" data-type=\"link\" data-id=\"https:\/\/ort.fi\/ortturkusrk\/katekumeeniopetus\/\">Katekumeeniopetus<\/a><br><a href=\"https:\/\/ort.fi\/turku\/ortodoksiapiiri\/\" data-type=\"link\" data-id=\"https:\/\/ort.fi\/ortturkusrk\/ortodoksiapiiri\/\">Ortodoksiapiiri<\/a><br><a href=\"https:\/\/ort.fi\/turku\/raamattupiiri\/\" data-type=\"link\" data-id=\"https:\/\/ort.fi\/ortturkusrk\/raamattupiiri\/\">Raamattupiiri<\/a><br><a href=\"https:\/\/ort.fi\/turku\/ikonimaalaus\/\" data-type=\"link\" data-id=\"https:\/\/ort.fi\/ortturkusrk\/ikonimaalaus\/\">Ikonimaalaus<\/a><\/p>\n\n\n\n<p><strong><a href=\"https:\/\/ort.fi\/turku\/uskonnonopetus\/\" data-type=\"link\" data-id=\"https:\/\/ort.fi\/ortturkusrk\/uskonnonopetus\/\">Uskonnonopetus<\/a><\/strong><br><\/p>\n","protected":false},"excerpt":{"rendered":"<p>Jumalanpalvelusel\u00e4m\u00e4 on seurakunnan kasvatusty\u00f6n ytimess\u00e4. Sit\u00e4 tukevat seurakunnan kasvatustoiminnan muodot: Lapset ja perheet:PerhekerhoPyh\u00e4koulu Nuoret:Turun nuoret ortodoksit &#8211; TNOKristinoppikoulu Aikuiset:KatekumeeniopetusOrtodoksiapiiriRaamattupiiriIkonimaalaus Uskonnonopetus<\/p>\n","protected":false},"author":5,"featured_media":0,"parent":0,"menu_order":0,"comment_status":"closed","ping_status":"closed","template":"","meta":{"slim_seo":{"title":"Seurakunnan kasvatustoiminta - Turun ortodoksinen seurakunta","description":"Jumalanpalvelusel\u00e4m\u00e4 on seurakunnan kasvatusty\u00f6n ytimess\u00e4. Sit\u00e4 tukevat seurakunnan kasvatustoiminnan muodot: Lapset ja perheet: Perhekerho Pyh\u00e4koulu Nuoret : T"},"footnotes":""},"class_list":["post-1231","page","type-page","status-publish"],"_links":{"self":[{"href":"https:\/\/ort.fi\/turku\/wp-json\/wp\/v2\/pages\/1231","targetHints":{"allow":["GET"]}}],"collection":[{"href":"https:\/\/ort.fi\/turku\/wp-json\/wp\/v2\/pages"}],"about":[{"href":"https:\/\/ort.fi\/turku\/wp-json\/wp\/v2\/types\/page"}],"author":[{"embeddable":true,"href":"https:\/\/ort.fi\/turku\/wp-json\/wp\/v2\/users\/5"}],"replies":[{"embeddable":true,"href":"https:\/\/ort.fi\/turku\/wp-json\/wp\/v2\/comments?post=1231"}],"version-history":[{"count":0,"href":"https:\/\/ort.fi\/turku\/wp-json\/wp\/v2\/pages\/1231\/revisions"}],"wp:attachment":[{"href":"https:\/\/ort.fi\/turku\/wp-json\/wp\/v2\/media?parent=1231"}],"curies":[{"name":"wp","href":"https:\/\/api.w.org\/{rel}","templated":true}]}}