{"id":1147,"date":"2024-07-09T21:19:18","date_gmt":"2024-07-09T18:19:18","guid":{"rendered":"https:\/\/ort.fi\/ortturkusrk\/?page_id=1147"},"modified":"2024-09-24T15:13:04","modified_gmt":"2024-09-24T12:13:04","slug":"bun-venit-la-parohia-turku","status":"publish","type":"page","link":"https:\/\/ort.fi\/turku\/bun-venit-la-parohia-turku\/","title":{"rendered":"Bun venit la Parohia Turku"},"content":{"rendered":"\n<p>\u00cen Biserica Ortodox\u0103 a Finlandei sunt trei episcopii, \u00een ordine ierarhic\u0103: Episcopia Helsinkiului, Episcopia de Kuopio \u0219i Carelia \u0219i Episcopia de Oulu. \u00centreaga Biseric\u0103 \u0219i Episcopia Helsinkiului sunt conduse de Arhiepiscopul Helsinkiului \u0219i a \u00eentregii Finlande Leo, a c\u0103rui sediu este la Helsinki. Episcopia Helsinkiului are un episcop-vicar, episcopul Sergei de Hamina. Episcopia de Kuopio \u0219i Carelia este condus\u0103 de mitropolitul Arseni. Episcopia de Oulu este condus\u0103 de mitropolitul Elia.<\/p>\n\n\n\n<p>\u00cen cadrul Bisericii Ortodoxe a Finlandei sunt 10 parohii, iar \u00een cadrul acestora activeaz\u0103 numeroase comunit\u0103\u021bi \u00een jurul bisericilor existente \u00een aceste parohii. \u00cen Finlanda sunt, aproximativ, 150 de biserici.<\/p>\n\n\n\n<p>Din punct de vedere geografic parohiile sunt foarte \u00eentinse, ca suprafa\u021b\u0103. Cea mai mare parohie este parohia Helsinkiului de care apar\u021bin mai mult de o treime dintre membrii \u00eentregii Biserici. Parohia de care apar\u021bine membrul Bisericii Ortodoxe a Finlandei se consider\u0103 dup\u0103 localitatea unde persoana locuie\u0219te.<\/p>\n\n\n\n<p>\u00cen Finlanda sunt dou\u0103 m\u0103n\u0103stiri ortodoxe. Am\u00e2ndou\u0103 se afl\u0103 \u00een localitatea Hein\u00e4vesi. \u00cen m\u0103n\u0103stirea Sf\u00e2nta Treime de la Lintula \u0219i \u00een m\u0103n\u0103stirea Schimbarea la fa\u021b\u0103 de la Noul Valamo, se nevoiesc \u00een jur de dou\u0103zeci de c\u0103lug\u0103ri\u021be, c\u0103lug\u0103ri \u0219i\/sau novici.<\/p>\n\n\n\n<p><\/p>\n","protected":false},"excerpt":{"rendered":"<p>\u00cen Biserica Ortodox\u0103 a Finlandei sunt trei episcopii, \u00een ordine ierarhic\u0103: Episcopia Helsinkiului, Episcopia de Kuopio \u0219i Carelia \u0219i Episcopia de Oulu. \u00centreaga Biseric\u0103 \u0219i Episcopia Helsinkiului sunt conduse de Arhiepiscopul Helsinkiului \u0219i a \u00eentregii Finlande Leo, a c\u0103rui sediu este la Helsinki. Episcopia Helsinkiului are un episcop-vicar, episcopul Sergei de Hamina. Episcopia de Kuopio&hellip; <a class=\"continue\" href=\"https:\/\/ort.fi\/turku\/bun-venit-la-parohia-turku\/\">Continue Reading<span> Bun venit la Parohia Turku<\/span><\/a><\/p>\n","protected":false},"author":5,"featured_media":0,"parent":0,"menu_order":0,"comment_status":"closed","ping_status":"closed","template":"","meta":{"slim_seo":{"title":"Bun venit la Parohia Turku - Turun ortodoksinen seurakunta","description":"\u00cen Biserica Ortodox\u0103 a Finlandei sunt trei episcopii, \u00een ordine ierarhic\u0103: Episcopia Helsinkiului, Episcopia de Kuopio \u0219i Carelia \u0219i Episcopia de Oulu. \u00centreaga"},"footnotes":""},"class_list":["post-1147","page","type-page","status-publish"],"_links":{"self":[{"href":"https:\/\/ort.fi\/turku\/wp-json\/wp\/v2\/pages\/1147","targetHints":{"allow":["GET"]}}],"collection":[{"href":"https:\/\/ort.fi\/turku\/wp-json\/wp\/v2\/pages"}],"about":[{"href":"https:\/\/ort.fi\/turku\/wp-json\/wp\/v2\/types\/page"}],"author":[{"embeddable":true,"href":"https:\/\/ort.fi\/turku\/wp-json\/wp\/v2\/users\/5"}],"replies":[{"embeddable":true,"href":"https:\/\/ort.fi\/turku\/wp-json\/wp\/v2\/comments?post=1147"}],"version-history":[{"count":0,"href":"https:\/\/ort.fi\/turku\/wp-json\/wp\/v2\/pages\/1147\/revisions"}],"wp:attachment":[{"href":"https:\/\/ort.fi\/turku\/wp-json\/wp\/v2\/media?parent=1147"}],"curies":[{"name":"wp","href":"https:\/\/api.w.org\/{rel}","templated":true}]}}