{"id":1127,"date":"2024-07-09T21:16:17","date_gmt":"2024-07-09T18:16:17","guid":{"rendered":"https:\/\/ort.fi\/ortturkusrk\/?page_id=1127"},"modified":"2024-07-09T21:16:17","modified_gmt":"2024-07-09T18:16:17","slug":"valkommen-till-abo-forsamling","status":"publish","type":"page","link":"https:\/\/ort.fi\/turku\/valkommen-till-abo-forsamling\/","title":{"rendered":"V\u00e4lkommen till \u00c5bo f\u00f6rsamling"},"content":{"rendered":"","protected":false},"excerpt":{"rendered":"","protected":false},"author":5,"featured_media":0,"parent":0,"menu_order":0,"comment_status":"closed","ping_status":"closed","template":"","meta":{"slim_seo":{"title":"V\u00e4lkommen till \u00c5bo f\u00f6rsamling - Turun ortodoksinen seurakunta","description":""},"footnotes":""},"class_list":["post-1127","page","type-page","status-publish"],"_links":{"self":[{"href":"https:\/\/ort.fi\/turku\/wp-json\/wp\/v2\/pages\/1127","targetHints":{"allow":["GET"]}}],"collection":[{"href":"https:\/\/ort.fi\/turku\/wp-json\/wp\/v2\/pages"}],"about":[{"href":"https:\/\/ort.fi\/turku\/wp-json\/wp\/v2\/types\/page"}],"author":[{"embeddable":true,"href":"https:\/\/ort.fi\/turku\/wp-json\/wp\/v2\/users\/5"}],"replies":[{"embeddable":true,"href":"https:\/\/ort.fi\/turku\/wp-json\/wp\/v2\/comments?post=1127"}],"version-history":[{"count":0,"href":"https:\/\/ort.fi\/turku\/wp-json\/wp\/v2\/pages\/1127\/revisions"}],"wp:attachment":[{"href":"https:\/\/ort.fi\/turku\/wp-json\/wp\/v2\/media?parent=1127"}],"curies":[{"name":"wp","href":"https:\/\/api.w.org\/{rel}","templated":true}]}}