{"id":10297,"date":"2026-03-19T19:38:16","date_gmt":"2026-03-19T17:38:16","guid":{"rendered":"https:\/\/ort.fi\/turku\/?page_id=10297"},"modified":"2026-03-31T19:15:40","modified_gmt":"2026-03-31T16:15:40","slug":"terveisia-seurakunnasta","status":"publish","type":"page","link":"https:\/\/ort.fi\/turku\/terveisia-seurakunnasta\/","title":{"rendered":"Terveisi\u00e4 seurakunnasta"},"content":{"rendered":"<ul class=\"wp-block-latest-posts__list has-dates wp-block-latest-posts\"><li><a class=\"wp-block-latest-posts__post-title\" href=\"https:\/\/ort.fi\/turku\/2026\/03\/31\/terveisia-seurakunnasta\/\">Terveisi\u00e4 seurakunnasta<\/a><time datetime=\"2026-03-31T19:22:25+03:00\" class=\"wp-block-latest-posts__post-date\">31.3.2026<\/time><div class=\"wp-block-latest-posts__post-excerpt\">Seurakuntamme verkkosivuilla julkaistaan jatkossa kuukaisuttain p\u00e4ivittyv\u00e4 uusi blogi seurakunnan ajankohtaisista aiheista. Kirjoittajat ovat seurakuntalaisia, jotka hahmottavat seurakuntamme kuulumisia omista n\u00e4k\u00f6kulmistaan. Onko sinulla aihe, josta voisit kirjoittaa? Haluaisitko ehdottaa jotakuta seurakuntalaista kirjoittajaksi? Olethan yhteyksiss\u00e4 kanttori Riikka Patrikaiseen (riikka.patrikainen@ort.fi). Seurakunnan viestint\u00e4ty\u00f6ryhm\u00e4 valitsee kuukausittaiset kirjoittajat blogiin. Tervetuloa mukaan kurkistamaan seurakuntamme el\u00e4m\u00e4\u00e4n! Minustako ortodoksi? Matkalla kohti ortodoksisuutta on olemassa&hellip; <a class=\"continue\" href=\"https:\/\/ort.fi\/turku\/terveisia-seurakunnasta\/\">Continue Reading<span> Terveisi\u00e4 seurakunnasta<\/span><\/a><\/div><\/li>\n<\/ul>","protected":false},"excerpt":{"rendered":"","protected":false},"author":5,"featured_media":0,"parent":0,"menu_order":0,"comment_status":"closed","ping_status":"closed","template":"","meta":{"slim_seo":{"title":"Terveisi\u00e4 seurakunnasta - Turun ortodoksinen seurakunta","description":""},"footnotes":""},"class_list":["post-10297","page","type-page","status-publish"],"_links":{"self":[{"href":"https:\/\/ort.fi\/turku\/wp-json\/wp\/v2\/pages\/10297","targetHints":{"allow":["GET"]}}],"collection":[{"href":"https:\/\/ort.fi\/turku\/wp-json\/wp\/v2\/pages"}],"about":[{"href":"https:\/\/ort.fi\/turku\/wp-json\/wp\/v2\/types\/page"}],"author":[{"embeddable":true,"href":"https:\/\/ort.fi\/turku\/wp-json\/wp\/v2\/users\/5"}],"replies":[{"embeddable":true,"href":"https:\/\/ort.fi\/turku\/wp-json\/wp\/v2\/comments?post=10297"}],"version-history":[{"count":4,"href":"https:\/\/ort.fi\/turku\/wp-json\/wp\/v2\/pages\/10297\/revisions"}],"predecessor-version":[{"id":10811,"href":"https:\/\/ort.fi\/turku\/wp-json\/wp\/v2\/pages\/10297\/revisions\/10811"}],"wp:attachment":[{"href":"https:\/\/ort.fi\/turku\/wp-json\/wp\/v2\/media?parent=10297"}],"curies":[{"name":"wp","href":"https:\/\/api.w.org\/{rel}","templated":true}]}}