{"id":10105,"date":"2026-03-03T20:38:30","date_gmt":"2026-03-03T18:38:30","guid":{"rendered":"https:\/\/ort.fi\/turku\/?page_id=10105"},"modified":"2026-03-04T11:44:14","modified_gmt":"2026-03-04T09:44:14","slug":"valkommen-pa-kyrkkaffe","status":"publish","type":"page","link":"https:\/\/ort.fi\/turku\/valkommen-pa-kyrkkaffe\/","title":{"rendered":"V\u00e4lkommen p\u00e5 kyrkkaffe!"},"content":{"rendered":"\n<p><strong>V\u00e4lkommen p\u00e5 kyrkkaffe!<\/strong><\/p>\n\n\n\n<p>I f\u00f6rsamlingen har vi f\u00f6r vana att samlas till en gemensam stund efter gudstj\u00e4nsten. S\u00f6ndagar och vid stora festdagar bjuder vi p\u00e5 kyrkkaffe \u2013 en m\u00f6jlighet att i en varm atmosf\u00e4r tr\u00e4ffa bekanta, l\u00e4ra k\u00e4nna nya ansikten, prata och ha det trevligt tillsammans. Kyrkkaffet \u00e4r en del av f\u00f6rsamlingsgemenskapen och dit \u00e4r alla v\u00e4lkomna.<\/p>\n\n\n\n<p>F\u00f6rsamlingens kyrkkaffe arrangeras vanligen av frivilliga. Den frivilliga avgiften f\u00f6r kyrkkaffet \u00e4r en viktig inkomstk\u00e4lla f\u00f6r verksamhetskretsarna. Tack vare avgiften kan kyrkkaffen ordnas \u00e4ven i forts\u00e4ttningen. Att avgiften \u00e4r frivillig garanterar ocks\u00e5 att alla kan komma till kyrkkaffet oberoende av ekonomisk situation.<\/p>\n\n\n\n<p>I \u00c5bo, Salo och Raumo kan den frivilliga avgiften betalas \u00e4ven med bankkort. Noggrannare avvisningar f\u00f6r dem som ansvarar f\u00f6r kyrkkaffet finns nere p\u00e5 sidan.<\/p>\n\n\n\n<p>I fall du inte \u00e4nnu arrangerat kyrkkaffen men \u00e4r intresserad av att vara med, ta kontakt med f\u00f6rsamlingen!<\/p>\n\n\n\n<p><strong>ANVISNINGAR F\u00d6R FRIVILLIGA SOM ORDNAR KYRKKAFFE<\/strong><\/p>\n\n\n\n<ol start=\"1\" class=\"wp-block-list\">\n<li>Boka en tur p\u00e5 listan f\u00f6r kyrkkaffev\u00e4rdar.<\/li>\n\n\n\n<li>Avgiften f\u00f6r kyrkkaffet \u00e4r frivillig. Avgiften kan betalas antingen kontant eller med betalkort (senare \u00e4ven med MobilePay).<\/li>\n\n\n\n<li>F\u00f6rsamlingen tillhandah\u00e5ller betalterminalen.<\/li>\n\n\n\n<li>Kostnaderna f\u00f6r serveringen vid kyrkkaffet skall vara rimliga, h\u00f6gst cirka 60 euro.<\/li>\n\n\n\n<li>F\u00f6rsamlingen ers\u00e4tter kostnader f\u00f6r serveringen upp till h\u00f6gst 60 euro. Summan \u00f6verf\u00f6rs till betalaren\/f\u00f6reningen mot kvitto.\u00a0\u00a0P\u00e5 kvittot b\u00f6r kontonummer och kontoinnehavarens namn anges s\u00e5 att utbetalningen kan g\u00f6ras. Kvittona och betalningsblanketten l\u00e4mnas in antingen till kyrkoherden eller till kansliet.\u00a0<strong>Betalningsblanketter<\/strong>\u00a0finns i k\u00f6ket till v\u00e4nster om mikron i den andra plastfickan eller s\u00e5 kan man f\u00e5 blanketten per e-post genom att skicka ett meddelande till f\u00f6rsamlingens e-postadress\u00a0<a href=\"mailto:turku@ort.fi\"><strong>turku@ort.fi<\/strong><\/a>.<\/li>\n\n\n\n<li>De som arrangerar kyrkkaffet f\u00e5r anv\u00e4nda det kaffe, te, socker och de servetter som f\u00f6rsamlingen k\u00f6pt in.<\/li>\n\n\n\n<li>F\u00f6rsamlingen har ingen kontantkassa f\u00f6r kyrkkaffen.<\/li>\n\n\n\n<li>Kyrkkaffets int\u00e4kter REDOVISAS<strong>\u00a0ANTINGEN<\/strong>\u00a0TILL F\u00d6RSAMLINGEN ELLER TILL EN F\u00d6RENING (Valamos V\u00e4nner, \u00c5bo Tisdagsf\u00f6rening eller \u00c5bo kyrkok\u00f6r).<\/li>\n\n\n\n<li>Om ni vill donera eller rikta de kyrkkaffeint\u00e4kter som redovisats till f\u00f6rsamlingen till n\u00e5got visst \u00e4ndam\u00e5l, t.ex. Filantropia, Lintulas kloster, ungdomsarbete eller diakoni, skall det av redovisningen framg\u00e5 f\u00f6r vilket \u00e4ndam\u00e5l int\u00e4kterna skall anv\u00e4ndas.<\/li>\n\n\n\n<li>F\u00f6rsamlingen har en egen redovisningsblankett d\u00e4r kyrkkaffeint\u00e4kterna antecknas. Pengarna och blanketten l\u00e4mnas in till kansliet eller kyrkoherden.<br><strong>Redovisningsblanketter<\/strong>\u00a0finns i k\u00f6ket till v\u00e4nster om mikron i den andra plastfickan. Blanketter kan ocks\u00e5 beg\u00e4ras per e-post:\u00a0<a href=\"mailto:turku@ort.fi\"><strong>turku@ort.fi<\/strong><\/a><\/li>\n\n\n\n<li>I REDOVISNINGSP\u00c5SEN SKA DET ALLTID FINNAS UPPGIFTER OM F\u00d6RS\u00c4LJNINGSINT\u00c4KTERNA, EVENEMANGETS NAMN OCH DATUM.<\/li>\n<\/ol>\n","protected":false},"excerpt":{"rendered":"<p>V\u00e4lkommen p\u00e5 kyrkkaffe! I f\u00f6rsamlingen har vi f\u00f6r vana att samlas till en gemensam stund efter gudstj\u00e4nsten. S\u00f6ndagar och vid stora festdagar bjuder vi p\u00e5 kyrkkaffe \u2013 en m\u00f6jlighet att i en varm atmosf\u00e4r tr\u00e4ffa bekanta, l\u00e4ra k\u00e4nna nya ansikten, prata och ha det trevligt tillsammans. Kyrkkaffet \u00e4r en del av f\u00f6rsamlingsgemenskapen och dit \u00e4r&hellip; <a class=\"continue\" href=\"https:\/\/ort.fi\/turku\/valkommen-pa-kyrkkaffe\/\">Continue Reading<span> V\u00e4lkommen p\u00e5 kyrkkaffe!<\/span><\/a><\/p>\n","protected":false},"author":3,"featured_media":0,"parent":0,"menu_order":0,"comment_status":"closed","ping_status":"closed","template":"","meta":{"slim_seo":{"title":"V\u00e4lkommen p\u00e5 kyrkkaffe! - Turun ortodoksinen seurakunta","description":"V\u00e4lkommen p\u00e5 kyrkkaffe! I f\u00f6rsamlingen har vi f\u00f6r vana att samlas till en gemensam stund efter gudstj\u00e4nsten. S\u00f6ndagar och vid stora festdagar bjuder vi p\u00e5 kyrkk"},"footnotes":""},"class_list":["post-10105","page","type-page","status-publish"],"_links":{"self":[{"href":"https:\/\/ort.fi\/turku\/wp-json\/wp\/v2\/pages\/10105","targetHints":{"allow":["GET"]}}],"collection":[{"href":"https:\/\/ort.fi\/turku\/wp-json\/wp\/v2\/pages"}],"about":[{"href":"https:\/\/ort.fi\/turku\/wp-json\/wp\/v2\/types\/page"}],"author":[{"embeddable":true,"href":"https:\/\/ort.fi\/turku\/wp-json\/wp\/v2\/users\/3"}],"replies":[{"embeddable":true,"href":"https:\/\/ort.fi\/turku\/wp-json\/wp\/v2\/comments?post=10105"}],"version-history":[{"count":2,"href":"https:\/\/ort.fi\/turku\/wp-json\/wp\/v2\/pages\/10105\/revisions"}],"predecessor-version":[{"id":10139,"href":"https:\/\/ort.fi\/turku\/wp-json\/wp\/v2\/pages\/10105\/revisions\/10139"}],"wp:attachment":[{"href":"https:\/\/ort.fi\/turku\/wp-json\/wp\/v2\/media?parent=10105"}],"curies":[{"name":"wp","href":"https:\/\/api.w.org\/{rel}","templated":true}]}}