{"id":9513,"date":"2020-07-23T19:18:57","date_gmt":"2020-07-23T16:18:57","guid":{"rendered":"https:\/\/ort.fi\/taipale\/?page_id=9513"},"modified":"2020-07-23T19:18:57","modified_gmt":"2020-07-23T16:18:57","slug":"sotkuman-tsasounan-praasniekka-20-7-2020","status":"publish","type":"page","link":"https:\/\/ort.fi\/taipale\/kuvagalleriat\/sotkuman-tsasounan-praasniekka-20-7-2020\/","title":{"rendered":"Sotkuman tsasounan praasniekka 20.7.2020"},"content":{"rendered":"<p>Sotkuman Pyh\u00e4n profeetta Elian tsasounan praasniekkaa juhlittiin toimittamalla sunnuntaina 19.7. vigilia ja maanantaina 20.7. praasniekkaliturgia. Molemmat palvelukset toimitettiin ulkona, tsasounan edustalla, aurinkoisessa ja l\u00e4mpim\u00e4ss\u00e4 kes\u00e4s\u00e4\u00e4ss\u00e4.<\/p>\n<p>Sotkuman praasniekkaperinteisiin kuuluu liturgian j\u00e4lkeinen ristisaatto, noin 500 metrin p\u00e4\u00e4ss\u00e4 K\u00e4s\u00e4m\u00e4ntien risteyksess\u00e4 sijaitsevalle matkamiehen ristille, jossa toimitetaan vedenpyhitys.<\/p>\n<p>Praasniekkaliturgia my\u00f6s kuvattiin seurakunnan YouTube -kanavalle. Suora linkki palvelukseen: <a href=\"https:\/\/www.youtube.com\/watch?v=BY4DzDL06aU\" target=\"_blank\" rel=\"noopener noreferrer\">https:\/\/www.youtube.com\/watch?v=BY4DzDL06aU<\/a>&nbsp;<\/p>\n<p>Kuvat: Arvo Naumanen ja Risto Aikonen&nbsp;<\/p>\n<p>ngg_shortcode_0_placeholder&nbsp; &nbsp;<div class=\"addtoany_shortcode\"><div class=\"a2a_kit a2a_kit_size_32 addtoany_list\" data-a2a-url=\"https:\/\/ort.fi\/taipale\/kuvagalleriat\/sotkuman-tsasounan-praasniekka-20-7-2020\/\" data-a2a-title=\"Sotkuman tsasounan praasniekka 20.7.2020\"><a class=\"a2a_button_facebook\" href=\"https:\/\/www.addtoany.com\/add_to\/facebook?linkurl=https%3A%2F%2Fort.fi%2Ftaipale%2Fkuvagalleriat%2Fsotkuman-tsasounan-praasniekka-20-7-2020%2F&amp;linkname=Sotkuman%20tsasounan%20praasniekka%2020.7.2020\" title=\"Facebook\" rel=\"nofollow noopener\" target=\"_blank\"><\/a><a class=\"a2a_button_twitter\" href=\"https:\/\/www.addtoany.com\/add_to\/twitter?linkurl=https%3A%2F%2Fort.fi%2Ftaipale%2Fkuvagalleriat%2Fsotkuman-tsasounan-praasniekka-20-7-2020%2F&amp;linkname=Sotkuman%20tsasounan%20praasniekka%2020.7.2020\" title=\"Twitter\" rel=\"nofollow noopener\" target=\"_blank\"><\/a><a class=\"a2a_button_whatsapp\" href=\"https:\/\/www.addtoany.com\/add_to\/whatsapp?linkurl=https%3A%2F%2Fort.fi%2Ftaipale%2Fkuvagalleriat%2Fsotkuman-tsasounan-praasniekka-20-7-2020%2F&amp;linkname=Sotkuman%20tsasounan%20praasniekka%2020.7.2020\" title=\"WhatsApp\" rel=\"nofollow noopener\" target=\"_blank\"><\/a><a class=\"a2a_button_email\" href=\"https:\/\/www.addtoany.com\/add_to\/email?linkurl=https%3A%2F%2Fort.fi%2Ftaipale%2Fkuvagalleriat%2Fsotkuman-tsasounan-praasniekka-20-7-2020%2F&amp;linkname=Sotkuman%20tsasounan%20praasniekka%2020.7.2020\" title=\"Email\" rel=\"nofollow noopener\" target=\"_blank\"><\/a><a class=\"a2a_dd addtoany_share_save addtoany_share\" href=\"https:\/\/www.addtoany.com\/share\"><\/a><\/div><\/div><\/p>\n","protected":false},"excerpt":{"rendered":"<p>Sotkuman Pyh\u00e4n profeetta Elian tsasounan praasniekkaa juhlittiin toimittamalla sunnuntaina 19.7. vigilia ja maanantaina 20.7. praasniekkaliturgia. Molemmat palvelukset toimitettiin ulkona, tsasounan edustalla, aurinkoisessa ja l\u00e4mpim\u00e4ss\u00e4 kes\u00e4s\u00e4\u00e4ss\u00e4. Sotkuman praasniekkaperinteisiin kuuluu liturgian j\u00e4lkeinen &#8230; <a title=\"Sotkuman tsasounan praasniekka 20.7.2020\" class=\"read-more\" href=\"https:\/\/ort.fi\/taipale\/kuvagalleriat\/sotkuman-tsasounan-praasniekka-20-7-2020\/\" aria-label=\"Lue lis\u00e4\u00e4 aiheesta Sotkuman tsasounan praasniekka 20.7.2020\">Lue lis\u00e4\u00e4<\/a><\/p>\n","protected":false},"author":6,"featured_media":0,"parent":604,"menu_order":-16,"comment_status":"closed","ping_status":"closed","template":"","meta":{"ngg_post_thumbnail":0,"footnotes":""},"class_list":["post-9513","page","type-page","status-publish"],"_links":{"self":[{"href":"https:\/\/ort.fi\/taipale\/wp-json\/wp\/v2\/pages\/9513","targetHints":{"allow":["GET"]}}],"collection":[{"href":"https:\/\/ort.fi\/taipale\/wp-json\/wp\/v2\/pages"}],"about":[{"href":"https:\/\/ort.fi\/taipale\/wp-json\/wp\/v2\/types\/page"}],"author":[{"embeddable":true,"href":"https:\/\/ort.fi\/taipale\/wp-json\/wp\/v2\/users\/6"}],"replies":[{"embeddable":true,"href":"https:\/\/ort.fi\/taipale\/wp-json\/wp\/v2\/comments?post=9513"}],"version-history":[{"count":7,"href":"https:\/\/ort.fi\/taipale\/wp-json\/wp\/v2\/pages\/9513\/revisions"}],"predecessor-version":[{"id":12551,"href":"https:\/\/ort.fi\/taipale\/wp-json\/wp\/v2\/pages\/9513\/revisions\/12551"}],"up":[{"embeddable":true,"href":"https:\/\/ort.fi\/taipale\/wp-json\/wp\/v2\/pages\/604"}],"wp:attachment":[{"href":"https:\/\/ort.fi\/taipale\/wp-json\/wp\/v2\/media?parent=9513"}],"curies":[{"name":"wp","href":"https:\/\/api.w.org\/{rel}","templated":true}]}}