{"id":9155,"date":"2020-06-22T19:22:05","date_gmt":"2020-06-22T16:22:05","guid":{"rendered":"https:\/\/ort.fi\/taipale\/?page_id=9155"},"modified":"2020-06-22T19:22:05","modified_gmt":"2020-06-22T16:22:05","slug":"rakkaudesta-luojaan-ja-luontoon","status":"publish","type":"page","link":"https:\/\/ort.fi\/taipale\/opetuskirjoituksia\/rakkaudesta-luojaan-ja-luontoon\/","title":{"rendered":"Rakkaudesta Luojaan ja luontoon"},"content":{"rendered":"<p>Kes\u00e4inen mets\u00e4 ymp\u00e4r\u00f6i minut. Aluskasvillisuus on viel\u00e4 hele\u00e4n vihre\u00e4\u00e4, vain puiden varjot luovat siihen tummempia s\u00e4vyj\u00e4. Ylh\u00e4\u00e4ll\u00e4 kaartuu kirkkaan sininen taivas, jota vasten puiden latvat piirtyv\u00e4t eri v\u00e4rein. Millaisella siveltimell\u00e4 Luoja on kaiken t\u00e4m\u00e4n maalannut?<\/p>\n<p>Ent\u00e4 mets\u00e4n tuoksut? Millaisesta purkista l\u00f6ytyisi auringossa l\u00e4mmenneen pet\u00e4j\u00e4n kaarnan tai sateen j\u00e4lkeisen koivikon tuoksu? Suolla tulvahtaa vastaan suopursujen j\u00e4ljittelem\u00e4t\u00f6n tervehdys ja puolukan kukat lupailevat puolestaan iloa loppukes\u00e4ksikin.<\/p>\n<p>\u00c4\u00e4nimaisemassa jokainen lintu kuuluttaa omalla tavallaan Luojansa kunniaa. Jumalan luomisty\u00f6n voi kokea joka aistilla ja mieli herkistyy kuulemaan Pyh\u00e4n Hengen huminan puiden latvoissa.<\/p>\n<p>Luonnossa, jota ihminen ei ole tuhonnut, on vahva pyhyyden tuntu. Se ei ole kiinni s\u00e4\u00e4st\u00e4 eik\u00e4 vuodenajasta, vaan kulkijan omista aisteista. Matteuksen evankeliumissa ( Matt.13:13-14 ) Jeesus sanoo opetuslapsilleen: \u201dMin\u00e4 puhun heille vertauksin, koska he n\u00e4kev\u00e4t eiv\u00e4tk\u00e4 kuitenkaan n\u00e4e ja kuulevat eiv\u00e4tk\u00e4 kuitenkaan kuule eiv\u00e4tk\u00e4 ymm\u00e4rr\u00e4. Heiss\u00e4 k\u00e4y toteen t\u00e4m\u00e4 Jesajan ennustus ( Jes.6:9) : Kuulemalla kuulkaa \u00e4lk\u00e4\u00e4k\u00e4 k\u00e4sitt\u00e4k\u00f6. Katsomalla katsokaa \u00e4lk\u00e4\u00e4k\u00e4 n\u00e4hk\u00f6.\u201d<\/p>\n<p>Ihmisen kyvyt ja j\u00e4rki eiv\u00e4t milloinkaan pysty luomaan samanlaista kauneutta kuin Jumala on tehnyt eik\u00e4 ihmisen voima riit\u00e4 rakentamaan moista. Ihminen kykenee kyll\u00e4 h\u00e4vitt\u00e4m\u00e4\u00e4n, myrkytt\u00e4m\u00e4\u00e4n ja tappamaan luontoa.<\/p>\n<p>\u201dLuomispsalmin\u201d sanoin ( Ps.104, vuoden 1992 Raamatun k\u00e4\u00e4nn\u00f6s):<\/p>\n<p>\u201d Ylist\u00e4 Herraa, minun sieluni! Herra, minun Jumalani, miten suuri ja mahtava Sin\u00e4 olet! Sinun vaatteenasi on kirkkaus ja kunnia, valo ymp\u00e4r\u00f6i Sinut kuin viitta. Sin\u00e4 olet levitt\u00e4nyt taivaan kuin telttakankaan ja tehnyt salisi ylisten vetten keskelle. Sin\u00e4 otat pilvet vaunuiksesi ja kuljet tuulten siivill\u00e4&#8230; Vuorten rinteille Sin\u00e4 puhkaisit l\u00e4hteet, vedet juoksevat puroina ja virtaavat laaksoissa. Ne juottavat kaikki maan el\u00e4imet, villiaasikin saa sammuttaa janonsa. Niiden \u00e4\u00e4rell\u00e4 asuvat taivaan linnut ja visert\u00e4v\u00e4t lehviss\u00e4 vesien partailla. Sin\u00e4 juotat vuoret korkeuksien vesill\u00e4, ja maa kantaa Sinun t\u00f6ittesi hedelm\u00e4\u00e4. Sin\u00e4 kasvatat ruohon karjaa varten ja maan kasvit ihmisen viljelt\u00e4viksi, ett\u00e4 h\u00e4n saisi leip\u00e4ns\u00e4 maasta&#8230; Sin\u00e4 panit kuun jakamaan aikaa ja aurinko tiet\u00e4\u00e4 laskemisensa hetken. Sin\u00e4 l\u00e4het\u00e4t pimeyden, ja tulee y\u00f6, ja mets\u00e4n el\u00e4imet hiipiv\u00e4t esiin. Nuoret leijonat karjuvat saalistaan, pyyt\u00e4v\u00e4t ruokaansa Jumalalta. Kun aurinko nousee, ne piiloutuvat ja palaavat luoliinsa levolle. Mutta ihminen l\u00e4htee askartensa \u00e4\u00e4reen ja tekee ty\u00f6t\u00e4\u00e4n, kunnes on ilta&#8230; Kun l\u00e4het\u00e4t henkesi, se luo uutta el\u00e4m\u00e4\u00e4, n\u00e4in uudistat maan kasvot. Olkoon Herran kunnia ikuinen! Saakoon H\u00e4n iloita kaikista teoistaan, H\u00e4n, jonka katseesta maa j\u00e4risee, jonka kosketuksesta vuoret savuavat! Herraa min\u00e4 ylist\u00e4n koko el\u00e4m\u00e4ni ajan, laulan Jumalalle niin kauan kuin el\u00e4n&#8230; Ylist\u00e4 Herraa, minun sieluni!\u201d<\/p>\n<p>Kaisu Potkonen<\/p>\n<p><div class=\"addtoany_shortcode\"><div class=\"a2a_kit a2a_kit_size_32 addtoany_list\" data-a2a-url=\"https:\/\/ort.fi\/taipale\/opetuskirjoituksia\/rakkaudesta-luojaan-ja-luontoon\/\" data-a2a-title=\"Rakkaudesta Luojaan ja luontoon\"><a class=\"a2a_button_facebook\" href=\"https:\/\/www.addtoany.com\/add_to\/facebook?linkurl=https%3A%2F%2Fort.fi%2Ftaipale%2Fopetuskirjoituksia%2Frakkaudesta-luojaan-ja-luontoon%2F&amp;linkname=Rakkaudesta%20Luojaan%20ja%20luontoon\" title=\"Facebook\" rel=\"nofollow noopener\" target=\"_blank\"><\/a><a class=\"a2a_button_twitter\" href=\"https:\/\/www.addtoany.com\/add_to\/twitter?linkurl=https%3A%2F%2Fort.fi%2Ftaipale%2Fopetuskirjoituksia%2Frakkaudesta-luojaan-ja-luontoon%2F&amp;linkname=Rakkaudesta%20Luojaan%20ja%20luontoon\" title=\"Twitter\" rel=\"nofollow noopener\" target=\"_blank\"><\/a><a class=\"a2a_button_whatsapp\" href=\"https:\/\/www.addtoany.com\/add_to\/whatsapp?linkurl=https%3A%2F%2Fort.fi%2Ftaipale%2Fopetuskirjoituksia%2Frakkaudesta-luojaan-ja-luontoon%2F&amp;linkname=Rakkaudesta%20Luojaan%20ja%20luontoon\" title=\"WhatsApp\" rel=\"nofollow noopener\" target=\"_blank\"><\/a><a class=\"a2a_button_email\" href=\"https:\/\/www.addtoany.com\/add_to\/email?linkurl=https%3A%2F%2Fort.fi%2Ftaipale%2Fopetuskirjoituksia%2Frakkaudesta-luojaan-ja-luontoon%2F&amp;linkname=Rakkaudesta%20Luojaan%20ja%20luontoon\" title=\"Email\" rel=\"nofollow noopener\" target=\"_blank\"><\/a><a class=\"a2a_dd addtoany_share_save addtoany_share\" href=\"https:\/\/www.addtoany.com\/share\"><\/a><\/div><\/div><br \/>\n&nbsp; &nbsp;<\/p>\n","protected":false},"excerpt":{"rendered":"<p>Kes\u00e4inen mets\u00e4 ymp\u00e4r\u00f6i minut. Aluskasvillisuus on viel\u00e4 hele\u00e4n vihre\u00e4\u00e4, vain puiden varjot luovat siihen tummempia s\u00e4vyj\u00e4. Ylh\u00e4\u00e4ll\u00e4 kaartuu kirkkaan sininen taivas, jota vasten puiden latvat piirtyv\u00e4t eri v\u00e4rein. Millaisella siveltimell\u00e4 &#8230; <a title=\"Rakkaudesta Luojaan ja luontoon\" class=\"read-more\" href=\"https:\/\/ort.fi\/taipale\/opetuskirjoituksia\/rakkaudesta-luojaan-ja-luontoon\/\" aria-label=\"Lue lis\u00e4\u00e4 aiheesta Rakkaudesta Luojaan ja luontoon\">Lue lis\u00e4\u00e4<\/a><\/p>\n","protected":false},"author":2,"featured_media":0,"parent":630,"menu_order":0,"comment_status":"closed","ping_status":"closed","template":"","meta":{"ngg_post_thumbnail":0,"footnotes":""},"class_list":["post-9155","page","type-page","status-publish"],"_links":{"self":[{"href":"https:\/\/ort.fi\/taipale\/wp-json\/wp\/v2\/pages\/9155","targetHints":{"allow":["GET"]}}],"collection":[{"href":"https:\/\/ort.fi\/taipale\/wp-json\/wp\/v2\/pages"}],"about":[{"href":"https:\/\/ort.fi\/taipale\/wp-json\/wp\/v2\/types\/page"}],"author":[{"embeddable":true,"href":"https:\/\/ort.fi\/taipale\/wp-json\/wp\/v2\/users\/2"}],"replies":[{"embeddable":true,"href":"https:\/\/ort.fi\/taipale\/wp-json\/wp\/v2\/comments?post=9155"}],"version-history":[{"count":1,"href":"https:\/\/ort.fi\/taipale\/wp-json\/wp\/v2\/pages\/9155\/revisions"}],"predecessor-version":[{"id":9157,"href":"https:\/\/ort.fi\/taipale\/wp-json\/wp\/v2\/pages\/9155\/revisions\/9157"}],"up":[{"embeddable":true,"href":"https:\/\/ort.fi\/taipale\/wp-json\/wp\/v2\/pages\/630"}],"wp:attachment":[{"href":"https:\/\/ort.fi\/taipale\/wp-json\/wp\/v2\/media?parent=9155"}],"curies":[{"name":"wp","href":"https:\/\/api.w.org\/{rel}","templated":true}]}}