{"id":9091,"date":"2020-06-11T18:07:41","date_gmt":"2020-06-11T15:07:41","guid":{"rendered":"https:\/\/ort.fi\/taipale\/?page_id=9091"},"modified":"2020-06-11T18:07:41","modified_gmt":"2020-06-11T15:07:41","slug":"ala-pelkaa-usko-ainoastaan-mark-536","status":"publish","type":"page","link":"https:\/\/ort.fi\/taipale\/opetuskirjoituksia\/ala-pelkaa-usko-ainoastaan-mark-536\/","title":{"rendered":"\u00c4l\u00e4 pelk\u00e4\u00e4, usko ainoastaan (Mark.5:36)"},"content":{"rendered":"<p>Kummallinen ja ep\u00e4varma kev\u00e4t kuljetti meid\u00e4t kauniiseen kes\u00e4\u00e4n. Ihmisten huolesta ja pelosta tiet\u00e4m\u00e4tt\u00f6min\u00e4 puut puhkesivat lehteen, taivas siint\u00e4\u00e4 sinisen\u00e4, aurinko l\u00e4mmitt\u00e4\u00e4 ja ilman t\u00e4ytt\u00e4\u00e4 kes\u00e4n suloiset \u00e4\u00e4net ja tuoksut. Ihmisen kaikkivoipaisuus sai kovan kolauksen ja l\u00f6i hiljaiseksi, mutta linnut sirkuttavat onneaan lennetty\u00e4\u00e4n monien suljettujen rajojen yli turvallisesti tutuille pesim\u00e4seuduilleen.<\/p>\n<p>Hyvinvointimme hauraus n\u00e4ytt\u00e4ytyi hetkess\u00e4, kohtasimme jotain sellaista, johon emme olleet ollenkaan osanneet varautua. Ja miten ihminen siin\u00e4 tilanteessa aluksi toimi? Kiisti ensin kaiken: \u201dEi kausi-flunssaa kummempi \u201d, sitten hamstrasi vessapaperia, kuivahiivaa ja makaroneja, mutta niill\u00e4k\u00e4\u00e4n ei voinut rakentaa turvamuureja ymp\u00e4rille. Virus lenn\u00e4ht\u00e4\u00e4 kevyesti ja j\u00e4\u00e4 n\u00e4ht\u00e4v\u00e4ksi tavoittaako se minut vai ei. Meid\u00e4n teht\u00e4v\u00e4mme on kuitenkin edelleen olla varovaisia, eik\u00e4 s\u00e4nn\u00e4t\u00e4 suinp\u00e4in takaisin \u201dnormaaliin\u201d. On silkkaa h\u00f6lm\u00f6ytt\u00e4 tieten tahtoen, n\u00e4yt\u00f6sluontoisesti, uhmata s\u00e4\u00e4nt\u00f6j\u00e4.<\/p>\n<p>T\u00e4llaisessa yll\u00e4tt\u00e4v\u00e4ss\u00e4, pelottavassa tilanteessa moni on l\u00f6yt\u00e4nyt uudelleen lapsuutensa turvallisen Taivaan Is\u00e4n. Se n\u00e4kyy selv\u00e4sti valtakunnallisen sanomalehden kuolinilmoituksissakin: useat muistolauseet ovat taas uskonnollisia. K\u00e4ytet\u00e4\u00e4n psalminjakeita ja muita Raamatun kohtia sek\u00e4 virsien s\u00e4keit\u00e4. Muutos on tapahtunut t\u00e4m\u00e4n kev\u00e4\u00e4n aikana.<\/p>\n<p>Minullakin on alkanut soida p\u00e4\u00e4ss\u00e4ni lapsuuteni aikaisia pyh\u00e4koululauluja ja virsi\u00e4. K\u00e4vin nimitt\u00e4in varhaislapsuudessani luterilaista pyh\u00e4koulua. Turvallisen lapsuuden s\u00e4velet etsiv\u00e4t tiens\u00e4 vuosikymmenien kerrosten alta ja huomasin niit\u00e4 hyr\u00e4illess\u00e4ni muistavani sanatkin: \u201dYst\u00e4v\u00e4 S\u00e4 lapsien\u201d, \u201dM\u00e4 silm\u00e4t luon yl\u00f6s taivaaseen\u201d, \u201dOi, katsopa lintua oksalla puun\u201d ja \u201dKellot kaikuu, kellot temppelin\u201d. Siin\u00e4 on ollut vanhan ortodoksi-kanttorin lohtumusiikkia korona-kev\u00e4\u00e4ss\u00e4 kotona puuhastellessaan!<\/p>\n<p>Tyhjien kirkkojen jumalanpalvelukset on striimattu nettiin ja huikea m\u00e4\u00e4r\u00e4 ihmisi\u00e4, kirkkokuntaan katsomatta, on niit\u00e4 seurannut ja kommentoinut. Olen varma, ettei t\u00e4m\u00e4 virus Jumalalta vahingossa p\u00e4\u00e4ssyt karkuun, vaan H\u00e4n l\u00e4hetti sen siksi, ett\u00e4 ihmiskunnan piti v\u00e4hent\u00e4\u00e4 vauhtiaan.<\/p>\n<p>Jumala haluaa suojella luomakuntaansa, my\u00f6s omaksi kuvaksi luomaansa ihmist\u00e4. Meid\u00e4n on vain niin vaikea sit\u00e4 ymm\u00e4rt\u00e4\u00e4, varsinkin, jos emme v\u00e4lit\u00e4 tuntea Luojaamme lainkaan.<\/p>\n<p>Ihminen sai teht\u00e4v\u00e4ksi viljell\u00e4 ja varjella maata. Varjelu on kuitenkin muuttunut riistoksi ja raiskaukseksi. Kaukomatkat ovat olleet jo ihan arkista huvia, halpa tuontitavara ja -ruoka jokap\u00e4iv\u00e4ist\u00e4 herkkua. Niiden hintaa ilmastolle ja maaper\u00e4lle ei haluta laskea.<\/p>\n<p>Rauhoittuminen, hiljaisuus, yksinkertaisuus, l\u00e4himm\u00e4isist\u00e4 huolehtiminen ja rukous viev\u00e4t meit\u00e4 l\u00e4hemm\u00e4ksi Jumalaa. H\u00e4n k\u00e4\u00e4rii suojelevat siipens\u00e4 ymp\u00e4rillemme niin kuin \u00e4iti lapsuudessa pyyheliinan saunan j\u00e4lkeen, eik\u00e4 mit\u00e4\u00e4n tarvitse pel\u00e4t\u00e4. Jumala tiet\u00e4\u00e4 meid\u00e4n ajatuksemme, aikeemme ja askeleemme. \u201dEl\u00e4mmep\u00e4 tai kuolemme me olemme Herran omat\u201d ( Room.14:8).<\/p>\n<p>Kaisu Potkonen<\/p>\n<p><div class=\"addtoany_shortcode\"><div class=\"a2a_kit a2a_kit_size_32 addtoany_list\" data-a2a-url=\"https:\/\/ort.fi\/taipale\/opetuskirjoituksia\/ala-pelkaa-usko-ainoastaan-mark-536\/\" data-a2a-title=\"\u00c4l\u00e4 pelk\u00e4\u00e4, usko ainoastaan (Mark.5:36)\"><a class=\"a2a_button_facebook\" href=\"https:\/\/www.addtoany.com\/add_to\/facebook?linkurl=https%3A%2F%2Fort.fi%2Ftaipale%2Fopetuskirjoituksia%2Fala-pelkaa-usko-ainoastaan-mark-536%2F&amp;linkname=%C3%84l%C3%A4%20pelk%C3%A4%C3%A4%2C%20usko%20ainoastaan%20%28Mark.5%3A36%29\" title=\"Facebook\" rel=\"nofollow noopener\" target=\"_blank\"><\/a><a class=\"a2a_button_twitter\" href=\"https:\/\/www.addtoany.com\/add_to\/twitter?linkurl=https%3A%2F%2Fort.fi%2Ftaipale%2Fopetuskirjoituksia%2Fala-pelkaa-usko-ainoastaan-mark-536%2F&amp;linkname=%C3%84l%C3%A4%20pelk%C3%A4%C3%A4%2C%20usko%20ainoastaan%20%28Mark.5%3A36%29\" title=\"Twitter\" rel=\"nofollow noopener\" target=\"_blank\"><\/a><a class=\"a2a_button_whatsapp\" href=\"https:\/\/www.addtoany.com\/add_to\/whatsapp?linkurl=https%3A%2F%2Fort.fi%2Ftaipale%2Fopetuskirjoituksia%2Fala-pelkaa-usko-ainoastaan-mark-536%2F&amp;linkname=%C3%84l%C3%A4%20pelk%C3%A4%C3%A4%2C%20usko%20ainoastaan%20%28Mark.5%3A36%29\" title=\"WhatsApp\" rel=\"nofollow noopener\" target=\"_blank\"><\/a><a class=\"a2a_button_email\" href=\"https:\/\/www.addtoany.com\/add_to\/email?linkurl=https%3A%2F%2Fort.fi%2Ftaipale%2Fopetuskirjoituksia%2Fala-pelkaa-usko-ainoastaan-mark-536%2F&amp;linkname=%C3%84l%C3%A4%20pelk%C3%A4%C3%A4%2C%20usko%20ainoastaan%20%28Mark.5%3A36%29\" title=\"Email\" rel=\"nofollow noopener\" target=\"_blank\"><\/a><a class=\"a2a_dd addtoany_share_save addtoany_share\" href=\"https:\/\/www.addtoany.com\/share\"><\/a><\/div><\/div><br \/>\n&nbsp; &nbsp;<\/p>\n","protected":false},"excerpt":{"rendered":"<p>Kummallinen ja ep\u00e4varma kev\u00e4t kuljetti meid\u00e4t kauniiseen kes\u00e4\u00e4n. Ihmisten huolesta ja pelosta tiet\u00e4m\u00e4tt\u00f6min\u00e4 puut puhkesivat lehteen, taivas siint\u00e4\u00e4 sinisen\u00e4, aurinko l\u00e4mmitt\u00e4\u00e4 ja ilman t\u00e4ytt\u00e4\u00e4 kes\u00e4n suloiset \u00e4\u00e4net ja tuoksut. Ihmisen &#8230; <a title=\"\u00c4l\u00e4 pelk\u00e4\u00e4, usko ainoastaan (Mark.5:36)\" class=\"read-more\" href=\"https:\/\/ort.fi\/taipale\/opetuskirjoituksia\/ala-pelkaa-usko-ainoastaan-mark-536\/\" aria-label=\"Lue lis\u00e4\u00e4 aiheesta \u00c4l\u00e4 pelk\u00e4\u00e4, usko ainoastaan (Mark.5:36)\">Lue lis\u00e4\u00e4<\/a><\/p>\n","protected":false},"author":6,"featured_media":0,"parent":630,"menu_order":0,"comment_status":"closed","ping_status":"closed","template":"","meta":{"ngg_post_thumbnail":0,"footnotes":""},"class_list":["post-9091","page","type-page","status-publish"],"_links":{"self":[{"href":"https:\/\/ort.fi\/taipale\/wp-json\/wp\/v2\/pages\/9091","targetHints":{"allow":["GET"]}}],"collection":[{"href":"https:\/\/ort.fi\/taipale\/wp-json\/wp\/v2\/pages"}],"about":[{"href":"https:\/\/ort.fi\/taipale\/wp-json\/wp\/v2\/types\/page"}],"author":[{"embeddable":true,"href":"https:\/\/ort.fi\/taipale\/wp-json\/wp\/v2\/users\/6"}],"replies":[{"embeddable":true,"href":"https:\/\/ort.fi\/taipale\/wp-json\/wp\/v2\/comments?post=9091"}],"version-history":[{"count":2,"href":"https:\/\/ort.fi\/taipale\/wp-json\/wp\/v2\/pages\/9091\/revisions"}],"predecessor-version":[{"id":9095,"href":"https:\/\/ort.fi\/taipale\/wp-json\/wp\/v2\/pages\/9091\/revisions\/9095"}],"up":[{"embeddable":true,"href":"https:\/\/ort.fi\/taipale\/wp-json\/wp\/v2\/pages\/630"}],"wp:attachment":[{"href":"https:\/\/ort.fi\/taipale\/wp-json\/wp\/v2\/media?parent=9091"}],"curies":[{"name":"wp","href":"https:\/\/api.w.org\/{rel}","templated":true}]}}