{"id":8927,"date":"2020-05-27T17:33:18","date_gmt":"2020-05-27T14:33:18","guid":{"rendered":"https:\/\/ort.fi\/taipale\/?page_id=8927"},"modified":"2020-05-27T17:33:18","modified_gmt":"2020-05-27T14:33:18","slug":"hyvaa-juhlaa","status":"publish","type":"page","link":"https:\/\/ort.fi\/taipale\/opetuskirjoituksia\/hyvaa-juhlaa\/","title":{"rendered":"Hyv\u00e4\u00e4 juhlaa!"},"content":{"rendered":"<p>El\u00e4mme suurien juhlien aikaa. \u201dMit\u00e4 ihmett\u00e4?\u201d-saatat ajatella. \u201dKaikki juhlathan on pit\u00e4nyt perua! Ei kokoontumisia, ei festareita, leirej\u00e4, ulkomaanmatkoja\u2026\u201d<\/p>\n<p>Mutta min\u00e4 tarkoitankin vanhoja, suuria, kirkollisia pyh\u00e4p\u00e4ivi\u00e4, joita on vietetty Suomessakin satojen vuosien ajan kulkutaudeista tai sodista riippumatta.<\/p>\n<p>P\u00e4\u00e4si\u00e4isen, Kristuksen yl\u00f6snousemisen, juhlakausi kesti viime viikon keskiviikkoon asti.<\/p>\n<p>Sitten siirryttiinkin jo helatorstaihin, Kristuksen taivaaseenastumisen juhlaan, ja nyt odotellaan helluntaita. N\u00e4m\u00e4 p\u00e4iv\u00e4t erottuvat viel\u00e4kin suomalaisten el\u00e4m\u00e4ss\u00e4 vapaap\u00e4ivin\u00e4. Ne katkaisevat arjen, mutta mit\u00e4 sitten?<\/p>\n<p>Oletko tullut koskaan ajatelleeksi tai ottanut selv\u00e4\u00e4, mik\u00e4 n\u00e4iden juhlien sis\u00e4lt\u00f6 on? Miksi niit\u00e4 vietet\u00e4\u00e4n kaikkialla kristillisess\u00e4 maailmassa, ei vain Suomessa?<\/p>\n<p>T\u00e4m\u00e4n koronakev\u00e4\u00e4n yksi uusi idea voisikin olla, ett\u00e4 kaivelisit omia juuriasi. Mit\u00e4 meid\u00e4n omat juhlapyh\u00e4mme ovat, miksi niit\u00e4 vietet\u00e4\u00e4n, miten niit\u00e4 on perinteisesti juhlittu?<\/p>\n<p>Lomareissut ulkomaille on t\u00e4lt\u00e4 kes\u00e4lt\u00e4 peruttu, mutta omassa maassa, sen perinteiss\u00e4 ja kristillisess\u00e4 uskossamme riitt\u00e4\u00e4 tutkittavaa, n\u00e4ht\u00e4v\u00e4\u00e4 ja koettavaa. Voi hyvinkin olla, ett\u00e4 sen my\u00f6t\u00e4 l\u00f6yd\u00e4t vastauksia moniin muihinkin mielt\u00e4si askarruttaviin kysymyksiin. Tietoa l\u00f6ytyy tietenkin netist\u00e4, mutta my\u00f6s Raamatusta.<\/p>\n<p>Ortodoksiset kirkkoveisutkin kertovat paljon aiheesta. Helatorstain juhlaveisussa, troparissa, lauletaan: \u201d Oi, Kristus meid\u00e4n Jumalamme, sin\u00e4 menit kunniassa taivaaseen, annettuasi Pyh\u00e4n Hengen lupauksessa ilon opetuslapsillesi. Heid\u00e4n uskonsa oli vahvistanut suloinen sanoma, ett\u00e4 Sin\u00e4 olet Jumalan Poika, maailman Vapahtaja.\u201d<\/p>\n<p>Apostolien tekojen kirjan alusta voit lukea tuosta tapahtumasta. Kyseinen teksti l\u00f6ytyy siis Raamatun Uudesta Testamentista.<\/p>\n<p>Helluntain troparissa puolestaan kerrotaan: \u201dKiitetty olet sin\u00e4, Kristus meid\u00e4n Jumalamme, joka teit viisaiksi kalamiehet, kun heid\u00e4n p\u00e4\u00e4lleen Pyh\u00e4n Hengen l\u00e4hetit ja heid\u00e4n kauttaan sait verkkoon koko maailman. Kunnia olkoon sinulle, ihmisi\u00e4 rakastava Jumala.\u201d<\/p>\n<p>Nyt j\u00e4\u00e4 tutkittavaksesi, mit\u00e4 tarkoitetaan t\u00e4ss\u00e4 kalamiehill\u00e4? Mit\u00e4 ihmett\u00e4 helluntaina tapahtuu, ett\u00e4 juhlaa vietet\u00e4\u00e4n joissain paikoin viel\u00e4kin kaksip\u00e4iv\u00e4isell\u00e4 vapaalla kuten joulua? Apostolien tekojen kirjan toisesta luvusta l\u00f6yd\u00e4t vastauksen. Helluntaista alkoi kirkon toiminta, evankeliumin eli ilosanoman levi\u00e4minen kaikkeen maailmaan, meillekin t\u00e4nne Pohjolan perukoille!<\/p>\n<p>Juhla on arjen vastakohta. Se on ilon ja valon aika, josta ammennetaan voimaa kaikkiin p\u00e4iviin.<\/p>\n<p>Helluntaina Pyh\u00e4 Henki liikkuu kev\u00e4isen luontomme yll\u00e4 valaisten niin varjoisat kuusikot kuin syd\u00e4memme pime\u00e4t sopukat. Onnellinen on se kansa, joka on voinut n\u00e4ill\u00e4 opeilla rakentaa tulevaisuuttaan!<\/p>\n<p>Kaisu Potkonen<\/p>\n<p><div class=\"addtoany_shortcode\"><div class=\"a2a_kit a2a_kit_size_32 addtoany_list\" data-a2a-url=\"https:\/\/ort.fi\/taipale\/opetuskirjoituksia\/hyvaa-juhlaa\/\" data-a2a-title=\"Hyv\u00e4\u00e4 juhlaa!\"><a class=\"a2a_button_facebook\" href=\"https:\/\/www.addtoany.com\/add_to\/facebook?linkurl=https%3A%2F%2Fort.fi%2Ftaipale%2Fopetuskirjoituksia%2Fhyvaa-juhlaa%2F&amp;linkname=Hyv%C3%A4%C3%A4%20juhlaa%21\" title=\"Facebook\" rel=\"nofollow noopener\" target=\"_blank\"><\/a><a class=\"a2a_button_twitter\" href=\"https:\/\/www.addtoany.com\/add_to\/twitter?linkurl=https%3A%2F%2Fort.fi%2Ftaipale%2Fopetuskirjoituksia%2Fhyvaa-juhlaa%2F&amp;linkname=Hyv%C3%A4%C3%A4%20juhlaa%21\" title=\"Twitter\" rel=\"nofollow noopener\" target=\"_blank\"><\/a><a class=\"a2a_button_whatsapp\" href=\"https:\/\/www.addtoany.com\/add_to\/whatsapp?linkurl=https%3A%2F%2Fort.fi%2Ftaipale%2Fopetuskirjoituksia%2Fhyvaa-juhlaa%2F&amp;linkname=Hyv%C3%A4%C3%A4%20juhlaa%21\" title=\"WhatsApp\" rel=\"nofollow noopener\" target=\"_blank\"><\/a><a class=\"a2a_button_email\" href=\"https:\/\/www.addtoany.com\/add_to\/email?linkurl=https%3A%2F%2Fort.fi%2Ftaipale%2Fopetuskirjoituksia%2Fhyvaa-juhlaa%2F&amp;linkname=Hyv%C3%A4%C3%A4%20juhlaa%21\" title=\"Email\" rel=\"nofollow noopener\" target=\"_blank\"><\/a><a class=\"a2a_dd addtoany_share_save addtoany_share\" href=\"https:\/\/www.addtoany.com\/share\"><\/a><\/div><\/div><br \/>\n&nbsp; &nbsp;<\/p>\n","protected":false},"excerpt":{"rendered":"<p>El\u00e4mme suurien juhlien aikaa. \u201dMit\u00e4 ihmett\u00e4?\u201d-saatat ajatella. \u201dKaikki juhlathan on pit\u00e4nyt perua! Ei kokoontumisia, ei festareita, leirej\u00e4, ulkomaanmatkoja\u2026\u201d Mutta min\u00e4 tarkoitankin vanhoja, suuria, kirkollisia pyh\u00e4p\u00e4ivi\u00e4, joita on vietetty Suomessakin satojen &#8230; <a title=\"Hyv\u00e4\u00e4 juhlaa!\" class=\"read-more\" href=\"https:\/\/ort.fi\/taipale\/opetuskirjoituksia\/hyvaa-juhlaa\/\" aria-label=\"Lue lis\u00e4\u00e4 aiheesta Hyv\u00e4\u00e4 juhlaa!\">Lue lis\u00e4\u00e4<\/a><\/p>\n","protected":false},"author":2,"featured_media":0,"parent":630,"menu_order":0,"comment_status":"closed","ping_status":"closed","template":"","meta":{"ngg_post_thumbnail":0,"footnotes":""},"class_list":["post-8927","page","type-page","status-publish"],"_links":{"self":[{"href":"https:\/\/ort.fi\/taipale\/wp-json\/wp\/v2\/pages\/8927","targetHints":{"allow":["GET"]}}],"collection":[{"href":"https:\/\/ort.fi\/taipale\/wp-json\/wp\/v2\/pages"}],"about":[{"href":"https:\/\/ort.fi\/taipale\/wp-json\/wp\/v2\/types\/page"}],"author":[{"embeddable":true,"href":"https:\/\/ort.fi\/taipale\/wp-json\/wp\/v2\/users\/2"}],"replies":[{"embeddable":true,"href":"https:\/\/ort.fi\/taipale\/wp-json\/wp\/v2\/comments?post=8927"}],"version-history":[{"count":3,"href":"https:\/\/ort.fi\/taipale\/wp-json\/wp\/v2\/pages\/8927\/revisions"}],"predecessor-version":[{"id":8933,"href":"https:\/\/ort.fi\/taipale\/wp-json\/wp\/v2\/pages\/8927\/revisions\/8933"}],"up":[{"embeddable":true,"href":"https:\/\/ort.fi\/taipale\/wp-json\/wp\/v2\/pages\/630"}],"wp:attachment":[{"href":"https:\/\/ort.fi\/taipale\/wp-json\/wp\/v2\/media?parent=8927"}],"curies":[{"name":"wp","href":"https:\/\/api.w.org\/{rel}","templated":true}]}}