{"id":8847,"date":"2020-05-18T17:23:31","date_gmt":"2020-05-18T14:23:31","guid":{"rendered":"https:\/\/ort.fi\/taipale\/?page_id=8847"},"modified":"2020-05-18T17:23:31","modified_gmt":"2020-05-18T14:23:31","slug":"kierreorarin-kayttooikeus-diakoni-mauri-mutaselle","status":"publish","type":"page","link":"https:\/\/ort.fi\/taipale\/kuvagalleriat\/kierreorarin-kayttooikeus-diakoni-mauri-mutaselle\/","title":{"rendered":"Kierreorarin k\u00e4ytt\u00f6oikeus diakoni Mauri Mutaselle"},"content":{"rendered":"<p>Sokeana syntyneen sunnuntaina metropoliitta Arseni toimitti liturgian Sotkuman pyh\u00e4n profeetta Elian tsasounassa. Samalla h\u00e4n siunasi diakoni Mauri Mutaselle kierreorarin k\u00e4ytt\u00f6oikeuden. Onnittelemme pitk\u00e4\u00e4n seurakuntaa palvellutta diakoni Mauria piispallisesta huomionosoituksesta. Aksios, aksios, aksios!<\/p>\n<p>Kuvat: Pentti Potkonen<\/p>\n<p>ngg_shortcode_0_placeholder<div class=\"addtoany_shortcode\"><div class=\"a2a_kit a2a_kit_size_32 addtoany_list\" data-a2a-url=\"https:\/\/ort.fi\/taipale\/kuvagalleriat\/kierreorarin-kayttooikeus-diakoni-mauri-mutaselle\/\" data-a2a-title=\"Kierreorarin k\u00e4ytt\u00f6oikeus diakoni Mauri Mutaselle\"><a class=\"a2a_button_facebook\" href=\"https:\/\/www.addtoany.com\/add_to\/facebook?linkurl=https%3A%2F%2Fort.fi%2Ftaipale%2Fkuvagalleriat%2Fkierreorarin-kayttooikeus-diakoni-mauri-mutaselle%2F&amp;linkname=Kierreorarin%20k%C3%A4ytt%C3%B6oikeus%20diakoni%20Mauri%20Mutaselle\" title=\"Facebook\" rel=\"nofollow noopener\" target=\"_blank\"><\/a><a class=\"a2a_button_twitter\" href=\"https:\/\/www.addtoany.com\/add_to\/twitter?linkurl=https%3A%2F%2Fort.fi%2Ftaipale%2Fkuvagalleriat%2Fkierreorarin-kayttooikeus-diakoni-mauri-mutaselle%2F&amp;linkname=Kierreorarin%20k%C3%A4ytt%C3%B6oikeus%20diakoni%20Mauri%20Mutaselle\" title=\"Twitter\" rel=\"nofollow noopener\" target=\"_blank\"><\/a><a class=\"a2a_button_whatsapp\" href=\"https:\/\/www.addtoany.com\/add_to\/whatsapp?linkurl=https%3A%2F%2Fort.fi%2Ftaipale%2Fkuvagalleriat%2Fkierreorarin-kayttooikeus-diakoni-mauri-mutaselle%2F&amp;linkname=Kierreorarin%20k%C3%A4ytt%C3%B6oikeus%20diakoni%20Mauri%20Mutaselle\" title=\"WhatsApp\" rel=\"nofollow noopener\" target=\"_blank\"><\/a><a class=\"a2a_button_email\" href=\"https:\/\/www.addtoany.com\/add_to\/email?linkurl=https%3A%2F%2Fort.fi%2Ftaipale%2Fkuvagalleriat%2Fkierreorarin-kayttooikeus-diakoni-mauri-mutaselle%2F&amp;linkname=Kierreorarin%20k%C3%A4ytt%C3%B6oikeus%20diakoni%20Mauri%20Mutaselle\" title=\"Email\" rel=\"nofollow noopener\" target=\"_blank\"><\/a><a class=\"a2a_dd addtoany_share_save addtoany_share\" href=\"https:\/\/www.addtoany.com\/share\"><\/a><\/div><\/div><\/p>\n","protected":false},"excerpt":{"rendered":"<p>Sokeana syntyneen sunnuntaina metropoliitta Arseni toimitti liturgian Sotkuman pyh\u00e4n profeetta Elian tsasounassa. Samalla h\u00e4n siunasi diakoni Mauri Mutaselle kierreorarin k\u00e4ytt\u00f6oikeuden. Onnittelemme pitk\u00e4\u00e4n seurakuntaa palvellutta diakoni Mauria piispallisesta huomionosoituksesta. Aksios, aksios, &#8230; <a title=\"Kierreorarin k\u00e4ytt\u00f6oikeus diakoni Mauri Mutaselle\" class=\"read-more\" href=\"https:\/\/ort.fi\/taipale\/kuvagalleriat\/kierreorarin-kayttooikeus-diakoni-mauri-mutaselle\/\" aria-label=\"Lue lis\u00e4\u00e4 aiheesta Kierreorarin k\u00e4ytt\u00f6oikeus diakoni Mauri Mutaselle\">Lue lis\u00e4\u00e4<\/a><\/p>\n","protected":false},"author":6,"featured_media":0,"parent":604,"menu_order":-13,"comment_status":"closed","ping_status":"closed","template":"","meta":{"ngg_post_thumbnail":0,"footnotes":""},"class_list":["post-8847","page","type-page","status-publish"],"_links":{"self":[{"href":"https:\/\/ort.fi\/taipale\/wp-json\/wp\/v2\/pages\/8847","targetHints":{"allow":["GET"]}}],"collection":[{"href":"https:\/\/ort.fi\/taipale\/wp-json\/wp\/v2\/pages"}],"about":[{"href":"https:\/\/ort.fi\/taipale\/wp-json\/wp\/v2\/types\/page"}],"author":[{"embeddable":true,"href":"https:\/\/ort.fi\/taipale\/wp-json\/wp\/v2\/users\/6"}],"replies":[{"embeddable":true,"href":"https:\/\/ort.fi\/taipale\/wp-json\/wp\/v2\/comments?post=8847"}],"version-history":[{"count":4,"href":"https:\/\/ort.fi\/taipale\/wp-json\/wp\/v2\/pages\/8847\/revisions"}],"predecessor-version":[{"id":8855,"href":"https:\/\/ort.fi\/taipale\/wp-json\/wp\/v2\/pages\/8847\/revisions\/8855"}],"up":[{"embeddable":true,"href":"https:\/\/ort.fi\/taipale\/wp-json\/wp\/v2\/pages\/604"}],"wp:attachment":[{"href":"https:\/\/ort.fi\/taipale\/wp-json\/wp\/v2\/media?parent=8847"}],"curies":[{"name":"wp","href":"https:\/\/api.w.org\/{rel}","templated":true}]}}