{"id":8691,"date":"2020-04-16T21:01:52","date_gmt":"2020-04-16T18:01:52","guid":{"rendered":"https:\/\/ort.fi\/taipale\/?page_id=8691"},"modified":"2020-04-16T22:13:31","modified_gmt":"2020-04-16T19:13:31","slug":"suuri-viikko-ja-paasiainen-2020","status":"publish","type":"page","link":"https:\/\/ort.fi\/taipale\/kuvagalleriat\/suuri-viikko-ja-paasiainen-2020\/","title":{"rendered":"Suuri viikko ja P\u00e4\u00e4si\u00e4inen 2020"},"content":{"rendered":"<p>Kuvat: Pentti Potkonen<\/p>\n<p>Suuren viikon ja P\u00e4\u00e4si\u00e4isen jumalanpalvelukset ovat katsottavissa Taipaleen ortodoksisen seurakunnan YouTube-kanavalta: <a href=\"https:\/\/www.youtube.com\/channel\/UC3kF5SYrqn7VUY85DZBKibQ\" target=\"_blank\" rel=\"noopener noreferrer\">https:\/\/www.youtube.com\/channel\/UC3kF5SYrqn7VUY85DZBKibQ<\/a>&nbsp;<\/p>\nngg_shortcode_0_placeholder\n","protected":false},"excerpt":{"rendered":"<p>Kuvat: Pentti Potkonen Suuren viikon ja P\u00e4\u00e4si\u00e4isen jumalanpalvelukset ovat katsottavissa Taipaleen ortodoksisen seurakunnan YouTube-kanavalta: https:\/\/www.youtube.com\/channel\/UC3kF5SYrqn7VUY85DZBKibQ&nbsp; &nbsp; &nbsp;<\/p>\n","protected":false},"author":6,"featured_media":0,"parent":604,"menu_order":-12,"comment_status":"closed","ping_status":"closed","template":"","meta":{"ngg_post_thumbnail":0,"footnotes":""},"class_list":["post-8691","page","type-page","status-publish"],"_links":{"self":[{"href":"https:\/\/ort.fi\/taipale\/wp-json\/wp\/v2\/pages\/8691","targetHints":{"allow":["GET"]}}],"collection":[{"href":"https:\/\/ort.fi\/taipale\/wp-json\/wp\/v2\/pages"}],"about":[{"href":"https:\/\/ort.fi\/taipale\/wp-json\/wp\/v2\/types\/page"}],"author":[{"embeddable":true,"href":"https:\/\/ort.fi\/taipale\/wp-json\/wp\/v2\/users\/6"}],"replies":[{"embeddable":true,"href":"https:\/\/ort.fi\/taipale\/wp-json\/wp\/v2\/comments?post=8691"}],"version-history":[{"count":3,"href":"https:\/\/ort.fi\/taipale\/wp-json\/wp\/v2\/pages\/8691\/revisions"}],"predecessor-version":[{"id":8699,"href":"https:\/\/ort.fi\/taipale\/wp-json\/wp\/v2\/pages\/8691\/revisions\/8699"}],"up":[{"embeddable":true,"href":"https:\/\/ort.fi\/taipale\/wp-json\/wp\/v2\/pages\/604"}],"wp:attachment":[{"href":"https:\/\/ort.fi\/taipale\/wp-json\/wp\/v2\/media?parent=8691"}],"curies":[{"name":"wp","href":"https:\/\/api.w.org\/{rel}","templated":true}]}}