{"id":8451,"date":"2020-03-31T22:05:39","date_gmt":"2020-03-31T19:05:39","guid":{"rendered":"https:\/\/ort.fi\/taipale\/?page_id=8451"},"modified":"2020-03-31T22:05:39","modified_gmt":"2020-03-31T19:05:39","slug":"laheisyytta-ilman-kosketusta","status":"publish","type":"page","link":"https:\/\/ort.fi\/taipale\/opetuskirjoituksia\/laheisyytta-ilman-kosketusta\/","title":{"rendered":"L\u00e4heisyytt\u00e4 ilman kosketusta"},"content":{"rendered":"<p>Pid\u00e4 et\u00e4isyytt\u00e4, \u00e4l\u00e4 kosketa, v\u00e4lt\u00e4 tapaamista, pysy kotona! &#8211; Nyt on jokaisen elint\u00e4rke\u00e4\u00e4 totella meille annettuja m\u00e4\u00e4r\u00e4yksi\u00e4. Koronapandemian torjumiseksi asetettu poikkeustila tallentuu syv\u00e4lle muistiimme. Mutta ei ainoastaan kielteisess\u00e4 s\u00e4vyss\u00e4, rajoitusten ja kieltojen kautta.<\/p>\n<p>Presidentti Sauli Niinist\u00f6 linjasi puheessaan Suomen kansalle: Samalla kun otamme nyt fyysist\u00e4 et\u00e4isyytt\u00e4, meid\u00e4n tulee ottaa henkist\u00e4 l\u00e4heisyytt\u00e4. T\u00e4m\u00e4 on toteutunut monella el\u00e4m\u00e4nalueella. On l\u00f6ydetty keinoja osoittaa v\u00e4litt\u00e4mist\u00e4 ja huolehtimista ilman kohtaamista kasvoista kasvoihin.<\/p>\n<p>Naapuriapu voi hyvin. Yhteyksi\u00e4 sukulaisiin ja tuttaviin on pidetty entist\u00e4 tiiviimmin puhelimitse. Moni on ilmoittautunut vapaaehtoistoimintaan, kuten asiointiavuksi karanteenissa oleville. (Lis\u00e4\u00e4 apua tarvitaan!) Tervehdyksiimme on tullut uudenlaista l\u00e4mp\u00f6\u00e4 ja syvyytt\u00e4: Terve! Pysyk\u00e4\u00e4 tervein\u00e4!<\/p>\n<p>Poikkeustila on merkinnyt kaikille sopeutumista. On pit\u00e4nyt nopeasti pys\u00e4ytt\u00e4\u00e4 totuttuja toimintoja ja omaksua tilalle uusia. Seurakunnissa on yritetty pysy\u00e4 muutosten vauhdissa mukana. On tehty ty\u00f6t\u00e4 entist\u00e4kin enemm\u00e4n, jotta yhteys seurakuntalaisiin s\u00e4ilyisi.<\/p>\n<p>Kriisin aikana kirkko on toivon ja rohkeuden l\u00e4hde. Kirkko pit\u00e4\u00e4 esill\u00e4 risti\u00e4, joka voi kirkastaa k\u00e4rsimykset ja koettelemukset hengelliseksi kasvuksi. Kirkko kutsuu ihmisi\u00e4 seurakuntayhteyteen, v\u00e4litt\u00e4misen ja palvelemisen yhteis\u00f6ksi. Papit antavat sielunhoidollista apua. Diakoniaty\u00f6ss\u00e4 etsit\u00e4\u00e4n uusia auttamisen tapoja. Jumalanpalveluksia l\u00e4hetet\u00e4\u00e4n netin v\u00e4lityksell\u00e4 kotona seurattaviksi. Seurakunta on l\u00e4sn\u00e4 sosiaalisessa mediassa.<\/p>\n<p>Kirkon t\u00e4rkein yhteyden kanava on rukous &#8211; aina turvallinen kohtaaminen ja kosketus. Kun kodeissamme samaan aikaan rukoilemme Jumalaa, anoen sairaille parannusta, heit\u00e4 hoitaville kest\u00e4vyytt\u00e4, ja kaikille varjelusta sairauksista, me olemme yht\u00e4 Jumalan edess\u00e4. Kohtaamme yhdess\u00e4 edess\u00e4mme olevat haasteet.<\/p>\n<p>Rukous pit\u00e4\u00e4 sis\u00e4ll\u00e4\u00e4n toiminnan. Emme vain esit\u00e4 Jumalalle toivomuslistaa, vaan teemme kaikkemme, ett\u00e4 olisimme h\u00e4nen palvelijoitaan maailmassa. L\u00e4\u00e4k\u00e4rein\u00e4, hoitajina, opettajina, poliiseina, pappeina, taiteilijoina \u2013 miss\u00e4 tahansa teht\u00e4v\u00e4ss\u00e4 voimme toimia yhteiseksi hyv\u00e4ksi, tuoda maailmaan rakkautta, kauneutta ja toivoa. Olla l\u00e4himm\u00e4isi\u00e4 toisillemme.<\/p>\n<p>Paaston aika ja p\u00e4\u00e4si\u00e4isjuhla ovat kirkon el\u00e4m\u00e4ss\u00e4 vuoden t\u00e4rkeint\u00e4 aikaa: tihentynytt\u00e4 odotusta, murheesta esiin murtautuvaa yl\u00f6snousemuksen iloa. Se on my\u00f6s yhteis\u00f6llisyyden aikaa monine jumalanpalveluksineen ja perinteineen.<\/p>\n<p>Monesta juhlan ulkoisesta muodosta on t\u00e4n\u00e4 vuonna luovuttava, mutta sekin voi olla meille siunaukseksi. Voimme oivaltaa, ett\u00e4 mitk\u00e4\u00e4n olosuhteet eiv\u00e4t tee tai est\u00e4 P\u00e4\u00e4si\u00e4ist\u00e4. P\u00e4\u00e4si\u00e4inen tulee joka tapauksessa, Yl\u00f6snousemuksen aamuna Kristus Aurinko nousee voitollisena tuonelan syvyydest\u00e4!<\/p>\n<p>Ja astuessamme sit\u00e4 ennen Suuren Viikon tapahtumiin, Kristuksen ristink\u00e4rsimyksiin ja kuolemaan, voimme tuntea entist\u00e4 syvemp\u00e4\u00e4 yhteytt\u00e4 Jumalaan ja kaikkiin maailman ihmisiin, kaikkeen kipuun, sairauteen ja k\u00e4rsimykseen.<\/p>\n<p><em>\u201dH\u00e4n kantoi meid\u00e4n kipumme, otti taakakseen meid\u00e4n sairautemme&#8230; H\u00e4n k\u00e4rsi rangaistuksen, jotta meill\u00e4 olisi rauha, h\u00e4nen haavojensa hinnalla me olemme parantuneet.\u201d Jes. 53:4-5<\/em><\/p>\n<p>Tuomas Kallonen<br \/>\n&nbsp; &nbsp;<\/p>\n","protected":false},"excerpt":{"rendered":"<p>Pid\u00e4 et\u00e4isyytt\u00e4, \u00e4l\u00e4 kosketa, v\u00e4lt\u00e4 tapaamista, pysy kotona! &#8211; Nyt on jokaisen elint\u00e4rke\u00e4\u00e4 totella meille annettuja m\u00e4\u00e4r\u00e4yksi\u00e4. Koronapandemian torjumiseksi asetettu poikkeustila tallentuu syv\u00e4lle muistiimme. Mutta ei ainoastaan kielteisess\u00e4 s\u00e4vyss\u00e4, rajoitusten &#8230; <a title=\"L\u00e4heisyytt\u00e4 ilman kosketusta\" class=\"read-more\" href=\"https:\/\/ort.fi\/taipale\/opetuskirjoituksia\/laheisyytta-ilman-kosketusta\/\" aria-label=\"Lue lis\u00e4\u00e4 aiheesta L\u00e4heisyytt\u00e4 ilman kosketusta\">Lue lis\u00e4\u00e4<\/a><\/p>\n","protected":false},"author":2,"featured_media":0,"parent":630,"menu_order":0,"comment_status":"closed","ping_status":"closed","template":"","meta":{"ngg_post_thumbnail":0,"footnotes":""},"class_list":["post-8451","page","type-page","status-publish"],"_links":{"self":[{"href":"https:\/\/ort.fi\/taipale\/wp-json\/wp\/v2\/pages\/8451","targetHints":{"allow":["GET"]}}],"collection":[{"href":"https:\/\/ort.fi\/taipale\/wp-json\/wp\/v2\/pages"}],"about":[{"href":"https:\/\/ort.fi\/taipale\/wp-json\/wp\/v2\/types\/page"}],"author":[{"embeddable":true,"href":"https:\/\/ort.fi\/taipale\/wp-json\/wp\/v2\/users\/2"}],"replies":[{"embeddable":true,"href":"https:\/\/ort.fi\/taipale\/wp-json\/wp\/v2\/comments?post=8451"}],"version-history":[{"count":1,"href":"https:\/\/ort.fi\/taipale\/wp-json\/wp\/v2\/pages\/8451\/revisions"}],"predecessor-version":[{"id":8453,"href":"https:\/\/ort.fi\/taipale\/wp-json\/wp\/v2\/pages\/8451\/revisions\/8453"}],"up":[{"embeddable":true,"href":"https:\/\/ort.fi\/taipale\/wp-json\/wp\/v2\/pages\/630"}],"wp:attachment":[{"href":"https:\/\/ort.fi\/taipale\/wp-json\/wp\/v2\/media?parent=8451"}],"curies":[{"name":"wp","href":"https:\/\/api.w.org\/{rel}","templated":true}]}}