{"id":8261,"date":"2020-03-18T21:22:23","date_gmt":"2020-03-18T19:22:23","guid":{"rendered":"https:\/\/ort.fi\/taipale\/?page_id=8261"},"modified":"2020-03-18T22:40:24","modified_gmt":"2020-03-18T20:40:24","slug":"johannes-sonkajanrantalaisen-juhla-8-3-2020","status":"publish","type":"page","link":"https:\/\/ort.fi\/taipale\/kuvagalleriat\/johannes-sonkajanrantalaisen-juhla-8-3-2020\/","title":{"rendered":"Johannes Sonkajanrantalaisen juhla 8.3.2020"},"content":{"rendered":"<p>Sunnuntaina 8.maaliskuuta saimme tehd\u00e4 mieliinpainuvan pyhiinvaelluksen Sonkajanrannan kirkkoon pyh\u00e4n marttyyri ja tunnustaja Johannes Sonkajanrantalaisen muistop\u00e4iv\u00e4n liturgiaan.<\/p>\n<p>Nousu kirkonm\u00e4elle h\u00e4ik\u00e4isev\u00e4n kirkkaassa pakkasaamussa oli kuin matka Taaborin vuorelle. Kaunis pyh\u00e4kk\u00f6 piirtyi sinist\u00e4 taivasta vasten, koivujen oksilla kimaltelivat j\u00e4\u00e4kiteet ja koko maisema kylpi auringonpaisteessa.<\/p>\n<p>Sis\u00e4ll\u00e4 l\u00e4mpim\u00e4ss\u00e4 kirkko\u00e4idin syliss\u00e4 saimme osallistua jumalanpalvelukseen, jota esipaimenet Arseni ja Elia toimittivat papiston keralla. Kuorolaulua johtivat kanttorit Olga Grinevich ja Petri Nyk\u00e4nen.<\/p>\n<p>Liturgian ja vaikuttavan akatistoksen j\u00e4lkeen l\u00e4helt\u00e4 ja kaukaa saapuneet pyhiinvaeltajat ruokittiin Koveron nuorisoseurantalolla paikallisten Marttojen toimesta.<\/p>\n<p>Luojan armosta saimme t\u00e4m\u00e4n kokemuksen: k\u00e4vimme ik\u00e4\u00e4n kuin virvoittavalla l\u00e4hteell\u00e4 t\u00e4ytt\u00e4m\u00e4ss\u00e4 hengelliset leilimme. Sen turvin jaksamme nyt ottaa vastaa synkempi\u00e4kin p\u00e4ivi\u00e4, vaatimattoman kuuloisia jumalanpalveluksia ja pieni\u00e4 v\u00e4kim\u00e4\u00e4ri\u00e4 kirkoissamme.<\/p>\n<p>Kokemaamme iloa, toivoa ja valoa meid\u00e4n tulee jakaa nyt muillekin.<\/p>\n<p>Pyh\u00e4n Johanneksen siunaus seuraa kaikkia meit\u00e4, olimmepa juhlassa mukana tai emme.<\/p>\n<p>Pyh\u00e4 marttyyri ja tunnustaja Johannes Sonkajanrantalainen rukoile Jumalaa meid\u00e4n puolestamme!<\/p>\n<p><em>Teksti: Kaisu Potkonen, Kuvat: Pentti Potkonen<\/em><\/p>\nngg_shortcode_0_placeholder\n","protected":false},"excerpt":{"rendered":"<p>Sunnuntaina 8.maaliskuuta saimme tehd\u00e4 mieliinpainuvan pyhiinvaelluksen Sonkajanrannan kirkkoon pyh\u00e4n marttyyri ja tunnustaja Johannes Sonkajanrantalaisen muistop\u00e4iv\u00e4n liturgiaan. Nousu kirkonm\u00e4elle h\u00e4ik\u00e4isev\u00e4n kirkkaassa pakkasaamussa oli kuin matka Taaborin vuorelle. Kaunis pyh\u00e4kk\u00f6 piirtyi sinist\u00e4 &#8230; <a title=\"Johannes Sonkajanrantalaisen juhla 8.3.2020\" class=\"read-more\" href=\"https:\/\/ort.fi\/taipale\/kuvagalleriat\/johannes-sonkajanrantalaisen-juhla-8-3-2020\/\" aria-label=\"Lue lis\u00e4\u00e4 aiheesta Johannes Sonkajanrantalaisen juhla 8.3.2020\">Lue lis\u00e4\u00e4<\/a><\/p>\n","protected":false},"author":6,"featured_media":0,"parent":604,"menu_order":-11,"comment_status":"closed","ping_status":"closed","template":"","meta":{"ngg_post_thumbnail":0,"footnotes":""},"class_list":["post-8261","page","type-page","status-publish"],"_links":{"self":[{"href":"https:\/\/ort.fi\/taipale\/wp-json\/wp\/v2\/pages\/8261","targetHints":{"allow":["GET"]}}],"collection":[{"href":"https:\/\/ort.fi\/taipale\/wp-json\/wp\/v2\/pages"}],"about":[{"href":"https:\/\/ort.fi\/taipale\/wp-json\/wp\/v2\/types\/page"}],"author":[{"embeddable":true,"href":"https:\/\/ort.fi\/taipale\/wp-json\/wp\/v2\/users\/6"}],"replies":[{"embeddable":true,"href":"https:\/\/ort.fi\/taipale\/wp-json\/wp\/v2\/comments?post=8261"}],"version-history":[{"count":5,"href":"https:\/\/ort.fi\/taipale\/wp-json\/wp\/v2\/pages\/8261\/revisions"}],"predecessor-version":[{"id":8285,"href":"https:\/\/ort.fi\/taipale\/wp-json\/wp\/v2\/pages\/8261\/revisions\/8285"}],"up":[{"embeddable":true,"href":"https:\/\/ort.fi\/taipale\/wp-json\/wp\/v2\/pages\/604"}],"wp:attachment":[{"href":"https:\/\/ort.fi\/taipale\/wp-json\/wp\/v2\/media?parent=8261"}],"curies":[{"name":"wp","href":"https:\/\/api.w.org\/{rel}","templated":true}]}}