{"id":7963,"date":"2020-02-24T18:58:04","date_gmt":"2020-02-24T16:58:04","guid":{"rendered":"https:\/\/ort.fi\/taipale\/?page_id=7963"},"modified":"2020-02-24T20:31:50","modified_gmt":"2020-02-24T18:31:50","slug":"kirkko-kutsui-diakonin-palvelukseen","status":"publish","type":"page","link":"https:\/\/ort.fi\/taipale\/kuvagalleriat\/kirkko-kutsui-diakonin-palvelukseen\/","title":{"rendered":"Kirkko kutsui diakonin palvelukseen"},"content":{"rendered":"<p><em>Taipaleen seurakunta sai papistoonsa uuden j\u00e4senen, kun Korkeasti pyhitetty Kuopion ja Karjalan metropoliitta Arseni vihki lukija Harri Ahposen diakoniksi Polvij\u00e4rven kirkossa sovintosunnuntain liturgiassa 23.2.2020.<\/em><\/p>\n<p>Piispa Arseni vihki Harri Ahposen lukijaksi samassa kirkossa palmusunnuntaina 17.4.2011. Sen j\u00e4lkeen Harri on toiminut ahkerasti lukijana seurakunnan pyh\u00e4k\u00f6iss\u00e4 ja tullut hyvin tutuksi niiden jumalanpalvelusyhteis\u00f6iss\u00e4. 50-vuotias Harri on ammatiltaan \u00e4\u00e4nisuunnittelija ja opettaa \u00e4\u00e4nituotantoa ammattiopisto Riveriassa Outokummussa. Polvij\u00e4rven Hukkalassa asuvaan perheeseen kuuluu puoliso Valpuri ja nelj\u00e4 lasta, joista vanhin on jo lent\u00e4nyt pes\u00e4st\u00e4.<\/p>\n<p>Diakoniksi vihkimist\u00e4 oli saapunut todistamaan pyh\u00e4n Johannes Kastajan syntym\u00e4n kirkkoon suuri joukko seurakuntalaisia ja lukija Harrin l\u00e4heisi\u00e4. My\u00f6s Taipaleen papisto oli kokoonut piispansa ymp\u00e4rille juhlap\u00e4iv\u00e4n\u00e4. Ennen liturgian alkua lukija Harri vihittiin ipo- eli alidiakoniksi. Ehtoollislahjojen pyhitt\u00e4misen j\u00e4lkeen oli vuorossa diakoniksi vihkiminen.<\/p>\n<p>Vihkimyksen ja liturgian j\u00e4lkeen diakoni Harri kertoi kiitospuheessaan, ett\u00e4 h\u00e4n on kokenut suurena Jumalan siunauksena ja lahjana saada kasvaa seurakunnan palvelijaksi juuri Taipaleella, sen kanttorin, kuoron, papiston ja seurakuntalaisten ohjauksessa. Kypsyminen diakonin palveluteht\u00e4v\u00e4\u00e4n on tapahtunut yhdess\u00e4 kuljetun matkan kautta.<\/p>\n<p>T\u00e4m\u00e4 oli koskettavasti aistittavissa vihkimisess\u00e4, kun piispa Arseni n\u00e4ytti diakonin tunnuksia papistolle ja kirkkokansalle kysyen: Aksios? Siis: Onko h\u00e4n mielest\u00e4nne arvollinen t\u00e4h\u00e4n teht\u00e4v\u00e4\u00e4n? Alttarissa ja kirkkosalissa kaikui voimallisesti my\u00f6nt\u00e4v\u00e4 vastaus: Aksios! Aksios! Aksios!<\/p>\n<p>Rukoilla, opettaa ja lohduttaa<\/p>\n<p>Metropoliitta Arseni muistutti liturgian j\u00e4lkeen, ett\u00e4 mik\u00e4\u00e4n kirkon palveluteht\u00e4v\u00e4 tai vihkimyksen aste ei ole vihitt\u00e4v\u00e4n subjektiivinen oikeus. Sen sijaan kirkko kutsuu ihmisen palvelukseen, koska h\u00e4nen palvelukselleen on tarve yhteis\u00f6ss\u00e4. Piispa Arseni kuvasi my\u00f6s diakonilta vaadittuja ominaisuuksia, h\u00e4nen velvollisuuksiaan ja teht\u00e4vi\u00e4\u00e4n seurakunnassa. Ohjauksen sanat kaikuivat apostolisessa seuraannossa aina alkukirkon ajoilta asti, apostoli Paavalin kirjeest\u00e4 Timoteukselle:<\/p>\n<p><em>\u201dSeurakunnanpalvelijoiden on oltava arvokkaita ja vilpitt\u00f6mi\u00e4. Heid\u00e4n tulee tuntea uskon salaisuus ja pit\u00e4\u00e4 omatuntonsa puhtaana. Heid\u00e4n on oltava raittiita ja kaikessa luotettavia. Seurakunnanpalvelijan on pidett\u00e4v\u00e4 hyv\u00e4\u00e4 huolta lapsistaan ja perhev\u00e4est\u00e4\u00e4n. Ne, jotka hoitavat virkansa hyvin, saavat arvostetun aseman ja voivat rohkeasti julistaa uskoa Kristukseen Jeesukseen. (1. Tim. 3:8-9; 11-13)<\/em><\/p>\n<p>Piispa arseni selitti, miten diakonille vihkimyksess\u00e4 luovutettava <em>orari-<\/em>olkavaate kuvaa enkelin siipe\u00e4. Diakonin teht\u00e4v\u00e4n\u00e4 on jumalanpalveluksessa ohjata ja kohottaa seurakuntaa yhteiseen rukoukseen, j\u00e4ljittelem\u00e4\u00e4n enkelien palvelusta. Orariin kirjotut seitsem\u00e4n risti\u00e4 kuvaavat kirkon seitsem\u00e4\u00e4 keskeisint\u00e4 mysteeriota, joiden toimittamisessa diakoni avustaa.<\/p>\n<p>Piispa Arseni my\u00f6s kehotti vastavihitty\u00e4 diakonia syventym\u00e4\u00e4n uskon salaisuuteen, pit\u00e4m\u00e4\u00e4n huolta hengellisen el\u00e4m\u00e4ns\u00e4 ja opetuksensa puhtaudesta, jotta voisi aina tilaisuuden tullen opettaa seurakuntalaisia. Diakonin teht\u00e4viin kuuluu rukouksen ja opetuksen lis\u00e4ksi my\u00f6s hengellinen lohduttaminen ja tarvitsevien auttaminen. Diakoni Harri toimiikin jo j\u00e4senen\u00e4 seurakunnan diakoniaty\u00f6toimikunnassa ja tulee varmasti saamaan diakonin teht\u00e4vi\u00e4 my\u00f6s jumalanpalvelusten ulkopuolella.<\/p>\n<p>Diakoni voi tehd\u00e4 monia samoja teht\u00e4vi\u00e4 kuin pappi sill\u00e4 erotuksella, ett\u00e4 h\u00e4n ei toimita pyhi\u00e4 mysteerioita, vaan avustaa niiss\u00e4 pappia tai piispaa. Diakoni ei esimerkiksi voi itse pyhitt\u00e4\u00e4 ehtoollislahjoja, mutta h\u00e4n voi vied\u00e4 pyhitettyj\u00e4 ehtoollislahjoja sairastaville ja vanhuksille ja rukoilla heid\u00e4n puolestaan.<\/p>\n<p>Piispa Arseni kehotti diakoni Harria turvautumaan palveluksessaan ennen kaikkea Jumalan apuun, ja sen lis\u00e4ksi etsim\u00e4\u00e4n tukea puolisostaan ja perheest\u00e4\u00e4n, seurakuntalaisten esirukouksista ja kanssapalvelijoistaan, Taipaleen papistosta.<\/p>\n<p>Kiitospuheessaan diakoni Harri kohotti k\u00e4tens\u00e4 n\u00f6yr\u00e4sti samoihin suuntiin: pappeuden tielle astuminen tuntui h\u00e4nest\u00e4 mahdolliselta vain Kristuksen kutsusta ja vahvistamana. Yht\u00e4 v\u00e4ltt\u00e4m\u00e4tt\u00f6m\u00e4lt\u00e4 tuntui, ett\u00e4 h\u00e4nen rinnallaan kulkee samaan p\u00e4\u00e4m\u00e4\u00e4r\u00e4\u00e4n t\u00e4ht\u00e4\u00e4v\u00e4 puoliso ja rukouksen yhteis\u00f6, jonka osaksi h\u00e4n on vuosien aikana kasvanut jaetussa ilossa ja surussa.<\/p>\n<p><em>Taipaleen seurakunta toivottaa is\u00e4 diakoni Harrille, Valpurille ja lapsille monia armorikkaita vuosia, Jumalan ja l\u00e4himm\u00e4isen palvelemisen iloa!<\/em><\/p>\n<p><em>Teksti: Tuomas Kallonen, Kuvat: Risto Aikonen, Tuomas Kallonen<\/em><\/p>\nngg_shortcode_0_placeholder\n","protected":false},"excerpt":{"rendered":"<p>Taipaleen seurakunta sai papistoonsa uuden j\u00e4senen, kun Korkeasti pyhitetty Kuopion ja Karjalan metropoliitta Arseni vihki lukija Harri Ahposen diakoniksi Polvij\u00e4rven kirkossa sovintosunnuntain liturgiassa 23.2.2020. Piispa Arseni vihki Harri Ahposen lukijaksi &#8230; <a title=\"Kirkko kutsui diakonin palvelukseen\" class=\"read-more\" href=\"https:\/\/ort.fi\/taipale\/kuvagalleriat\/kirkko-kutsui-diakonin-palvelukseen\/\" aria-label=\"Lue lis\u00e4\u00e4 aiheesta Kirkko kutsui diakonin palvelukseen\">Lue lis\u00e4\u00e4<\/a><\/p>\n","protected":false},"author":6,"featured_media":0,"parent":604,"menu_order":-10,"comment_status":"closed","ping_status":"closed","template":"","meta":{"ngg_post_thumbnail":0,"footnotes":""},"class_list":["post-7963","page","type-page","status-publish"],"_links":{"self":[{"href":"https:\/\/ort.fi\/taipale\/wp-json\/wp\/v2\/pages\/7963","targetHints":{"allow":["GET"]}}],"collection":[{"href":"https:\/\/ort.fi\/taipale\/wp-json\/wp\/v2\/pages"}],"about":[{"href":"https:\/\/ort.fi\/taipale\/wp-json\/wp\/v2\/types\/page"}],"author":[{"embeddable":true,"href":"https:\/\/ort.fi\/taipale\/wp-json\/wp\/v2\/users\/6"}],"replies":[{"embeddable":true,"href":"https:\/\/ort.fi\/taipale\/wp-json\/wp\/v2\/comments?post=7963"}],"version-history":[{"count":4,"href":"https:\/\/ort.fi\/taipale\/wp-json\/wp\/v2\/pages\/7963\/revisions"}],"predecessor-version":[{"id":7977,"href":"https:\/\/ort.fi\/taipale\/wp-json\/wp\/v2\/pages\/7963\/revisions\/7977"}],"up":[{"embeddable":true,"href":"https:\/\/ort.fi\/taipale\/wp-json\/wp\/v2\/pages\/604"}],"wp:attachment":[{"href":"https:\/\/ort.fi\/taipale\/wp-json\/wp\/v2\/media?parent=7963"}],"curies":[{"name":"wp","href":"https:\/\/api.w.org\/{rel}","templated":true}]}}