{"id":72,"date":"2018-09-20T09:55:32","date_gmt":"2018-09-20T06:55:32","guid":{"rendered":"https:\/\/ort.fi\/taipale\/?page_id=72"},"modified":"2024-11-12T22:16:57","modified_gmt":"2024-11-12T20:16:57","slug":"vanhan-pappilan-kirjasto-viinijarvella","status":"publish","type":"page","link":"https:\/\/ort.fi\/taipale\/kirjastot\/vanhan-pappilan-kirjasto-viinijarvella\/","title":{"rendered":"Vanhan pappilan kirjasto Viinij\u00e4rvell\u00e4"},"content":{"rendered":"<p>Viinij\u00e4rven Vanhassa pappilassa ei t\u00e4ll\u00e4 hetkell\u00e4 ole kirjastoa.<\/p>\n","protected":false},"excerpt":{"rendered":"<p>Viinij\u00e4rven Vanhassa pappilassa ei t\u00e4ll\u00e4 hetkell\u00e4 ole kirjastoa.<\/p>\n","protected":false},"author":2,"featured_media":0,"parent":3167,"menu_order":0,"comment_status":"closed","ping_status":"closed","template":"","meta":{"ngg_post_thumbnail":0,"footnotes":""},"class_list":["post-72","page","type-page","status-publish"],"_links":{"self":[{"href":"https:\/\/ort.fi\/taipale\/wp-json\/wp\/v2\/pages\/72","targetHints":{"allow":["GET"]}}],"collection":[{"href":"https:\/\/ort.fi\/taipale\/wp-json\/wp\/v2\/pages"}],"about":[{"href":"https:\/\/ort.fi\/taipale\/wp-json\/wp\/v2\/types\/page"}],"author":[{"embeddable":true,"href":"https:\/\/ort.fi\/taipale\/wp-json\/wp\/v2\/users\/2"}],"replies":[{"embeddable":true,"href":"https:\/\/ort.fi\/taipale\/wp-json\/wp\/v2\/comments?post=72"}],"version-history":[{"count":10,"href":"https:\/\/ort.fi\/taipale\/wp-json\/wp\/v2\/pages\/72\/revisions"}],"predecessor-version":[{"id":27205,"href":"https:\/\/ort.fi\/taipale\/wp-json\/wp\/v2\/pages\/72\/revisions\/27205"}],"up":[{"embeddable":true,"href":"https:\/\/ort.fi\/taipale\/wp-json\/wp\/v2\/pages\/3167"}],"wp:attachment":[{"href":"https:\/\/ort.fi\/taipale\/wp-json\/wp\/v2\/media?parent=72"}],"curies":[{"name":"wp","href":"https:\/\/api.w.org\/{rel}","templated":true}]}}