{"id":7065,"date":"2019-12-29T20:00:09","date_gmt":"2019-12-29T18:00:09","guid":{"rendered":"https:\/\/ort.fi\/taipale\/?page_id=7065"},"modified":"2019-12-30T12:07:12","modified_gmt":"2019-12-30T10:07:12","slug":"pieni-joululauluilta-outokummun-kirkossa-29-12-2019","status":"publish","type":"page","link":"https:\/\/ort.fi\/taipale\/kuvagalleriat\/pieni-joululauluilta-outokummun-kirkossa-29-12-2019\/","title":{"rendered":"Pieni Joululauluilta Outokummun kirkossa 29.12.2019"},"content":{"rendered":"<p>Taipaleen kirkkokuoron Pieni Joululauluilta Outokummun ortodoksisessa kirkossa 29.12.2019.<\/p>\n<p>Kuoro lauloi, kanttori Kaisu Potkosen johdolla, jouluveisuja ja koljadoja &#8211; it\u00e4-slaavilaisia joulululuja. Ohjelmassa oli my\u00f6s yhteislauluna kaikkien tuntemia perinteisi\u00e4 joululauluja.<\/p>\n<p>Kuvagallerian alapuolella on \u00e4\u00e4nitiedosto, josta voi kuunnella lauluillassa nauhoitetun Joulukontakin kuoron esitt\u00e4m\u00e4n\u00e4.<\/p>\n<p>Kuvat: Arvo Naumanen<\/p>\n<p>ngg_shortcode_0_placeholderLauluillassa nauhoitettu Joulukontakki kuoron esitt\u00e4m\u00e4n\u00e4<\/p>\n<audio class=\"wp-audio-shortcode\" id=\"audio-7065-1\" preload=\"none\" style=\"width: 100%;\" controls=\"controls\"><source type=\"audio\/mpeg\" src=\"https:\/\/ort.fi\/taipale\/wp-content\/uploads\/2019\/12\/Joulukontakki.mp3?_=1\" \/><a href=\"https:\/\/ort.fi\/taipale\/wp-content\/uploads\/2019\/12\/Joulukontakki.mp3\">https:\/\/ort.fi\/taipale\/wp-content\/uploads\/2019\/12\/Joulukontakki.mp3<\/a><\/audio>\n<p>&nbsp; &nbsp;<br \/>\n<div class=\"addtoany_shortcode\"><div class=\"a2a_kit a2a_kit_size_32 addtoany_list\" data-a2a-url=\"https:\/\/ort.fi\/taipale\/kuvagalleriat\/pieni-joululauluilta-outokummun-kirkossa-29-12-2019\/\" data-a2a-title=\"Pieni Joululauluilta Outokummun kirkossa 29.12.2019\"><a class=\"a2a_button_facebook\" href=\"https:\/\/www.addtoany.com\/add_to\/facebook?linkurl=https%3A%2F%2Fort.fi%2Ftaipale%2Fkuvagalleriat%2Fpieni-joululauluilta-outokummun-kirkossa-29-12-2019%2F&amp;linkname=Pieni%20Joululauluilta%20Outokummun%20kirkossa%2029.12.2019\" title=\"Facebook\" rel=\"nofollow noopener\" target=\"_blank\"><\/a><a class=\"a2a_button_twitter\" href=\"https:\/\/www.addtoany.com\/add_to\/twitter?linkurl=https%3A%2F%2Fort.fi%2Ftaipale%2Fkuvagalleriat%2Fpieni-joululauluilta-outokummun-kirkossa-29-12-2019%2F&amp;linkname=Pieni%20Joululauluilta%20Outokummun%20kirkossa%2029.12.2019\" title=\"Twitter\" rel=\"nofollow noopener\" target=\"_blank\"><\/a><a class=\"a2a_button_whatsapp\" href=\"https:\/\/www.addtoany.com\/add_to\/whatsapp?linkurl=https%3A%2F%2Fort.fi%2Ftaipale%2Fkuvagalleriat%2Fpieni-joululauluilta-outokummun-kirkossa-29-12-2019%2F&amp;linkname=Pieni%20Joululauluilta%20Outokummun%20kirkossa%2029.12.2019\" title=\"WhatsApp\" rel=\"nofollow noopener\" target=\"_blank\"><\/a><a class=\"a2a_button_email\" href=\"https:\/\/www.addtoany.com\/add_to\/email?linkurl=https%3A%2F%2Fort.fi%2Ftaipale%2Fkuvagalleriat%2Fpieni-joululauluilta-outokummun-kirkossa-29-12-2019%2F&amp;linkname=Pieni%20Joululauluilta%20Outokummun%20kirkossa%2029.12.2019\" title=\"Email\" rel=\"nofollow noopener\" target=\"_blank\"><\/a><a class=\"a2a_dd addtoany_share_save addtoany_share\" href=\"https:\/\/www.addtoany.com\/share\"><\/a><\/div><\/div><\/p>\n","protected":false},"excerpt":{"rendered":"<p>Taipaleen kirkkokuoron Pieni Joululauluilta Outokummun ortodoksisessa kirkossa 29.12.2019. Kuoro lauloi, kanttori Kaisu Potkosen johdolla, jouluveisuja ja koljadoja &#8211; it\u00e4-slaavilaisia joulululuja. Ohjelmassa oli my\u00f6s yhteislauluna kaikkien tuntemia perinteisi\u00e4 joululauluja. Kuvagallerian alapuolella &#8230; <a title=\"Pieni Joululauluilta Outokummun kirkossa 29.12.2019\" class=\"read-more\" href=\"https:\/\/ort.fi\/taipale\/kuvagalleriat\/pieni-joululauluilta-outokummun-kirkossa-29-12-2019\/\" aria-label=\"Lue lis\u00e4\u00e4 aiheesta Pieni Joululauluilta Outokummun kirkossa 29.12.2019\">Lue lis\u00e4\u00e4<\/a><\/p>\n","protected":false},"author":6,"featured_media":0,"parent":604,"menu_order":-7,"comment_status":"closed","ping_status":"closed","template":"","meta":{"ngg_post_thumbnail":0,"footnotes":""},"class_list":["post-7065","page","type-page","status-publish"],"_links":{"self":[{"href":"https:\/\/ort.fi\/taipale\/wp-json\/wp\/v2\/pages\/7065","targetHints":{"allow":["GET"]}}],"collection":[{"href":"https:\/\/ort.fi\/taipale\/wp-json\/wp\/v2\/pages"}],"about":[{"href":"https:\/\/ort.fi\/taipale\/wp-json\/wp\/v2\/types\/page"}],"author":[{"embeddable":true,"href":"https:\/\/ort.fi\/taipale\/wp-json\/wp\/v2\/users\/6"}],"replies":[{"embeddable":true,"href":"https:\/\/ort.fi\/taipale\/wp-json\/wp\/v2\/comments?post=7065"}],"version-history":[{"count":8,"href":"https:\/\/ort.fi\/taipale\/wp-json\/wp\/v2\/pages\/7065\/revisions"}],"predecessor-version":[{"id":7147,"href":"https:\/\/ort.fi\/taipale\/wp-json\/wp\/v2\/pages\/7065\/revisions\/7147"}],"up":[{"embeddable":true,"href":"https:\/\/ort.fi\/taipale\/wp-json\/wp\/v2\/pages\/604"}],"wp:attachment":[{"href":"https:\/\/ort.fi\/taipale\/wp-json\/wp\/v2\/media?parent=7065"}],"curies":[{"name":"wp","href":"https:\/\/api.w.org\/{rel}","templated":true}]}}