{"id":64,"date":"2018-09-20T09:47:55","date_gmt":"2018-09-20T06:47:55","guid":{"rendered":"https:\/\/ort.fi\/taipale\/?page_id=64"},"modified":"2025-07-04T18:51:36","modified_gmt":"2025-07-04T15:51:36","slug":"pyhakot","status":"publish","type":"page","link":"https:\/\/ort.fi\/taipale\/pyhakot\/","title":{"rendered":"Pyh\u00e4k\u00f6t"},"content":{"rendered":"<p>Taipaleen ortodoksisella seurakunnalla&nbsp;on kolme kirkkoa ja kaksi tsasounaa, jotka ovat per\u00e4isin kolmelta eri aikakaudelta ja muodostavat arkkitehtuurisesti, taiteellisesti ja kulttuurihistoriallisesti kokonaisuuden, johon kannattaa tutustua. Kaikissa pyh\u00e4k\u00f6iss\u00e4 toimitetaan&nbsp;<a href=\"https:\/\/ort.fi\/taipale\/jumalanpalvelukset\/\">jumalanpalveluksia<\/a>&nbsp;ymp\u00e4ri vuoden.<\/p>\n<p>L\u00e4hdetieto: Taipaleen ortodoksinen seurakunta 400 vuotta, ISBM 952-90-2873-3<\/p>\n<p>Nurmeksen kappeliseurakunnan pyh\u00e4k\u00f6t esitell\u00e4\u00e4n kappeliseurakunnan omilla sivuilla <a href=\"https:\/\/ort.fi\/nurmes\/pyhakot\/\" target=\"_blank\" rel=\"noopener\">ort.fi\/nurmes\/pyhakot<\/a>&nbsp;<\/p>\n<hr>\n<h3>Jumalan\u00e4idin Tihvin\u00e4l\u00e4isen ikonin kirkko, Viinij\u00e4rvi<\/h3>\n<h3><strong><img loading=\"lazy\" decoding=\"async\" class=\"wp-image-46 size-medium alignleft\" src=\"https:\/\/ort.fi\/taipale\/wp-content\/uploads\/2018\/09\/TihvinaelJumalanaeidin_kirkko-300x218.jpg\" alt=\"\" width=\"300\" height=\"218\" srcset=\"https:\/\/ort.fi\/taipale\/wp-content\/uploads\/2018\/09\/TihvinaelJumalanaeidin_kirkko-300x218.jpg 300w, https:\/\/ort.fi\/taipale\/wp-content\/uploads\/2018\/09\/TihvinaelJumalanaeidin_kirkko.jpg 680w\" sizes=\"auto, (max-width: 300px) 100vw, 300px\" \/><\/strong><\/h3>\n<p>Jumalan\u00e4idin Tihvin\u00e4n ikonin kirkko on Taipaleen ortodoksisen seurakunnan p\u00e4\u00e4kirkko. Kirkko valmistui vuonna 1906 ja kirkon on suunnitellut sortavalalainen rakennusmestari J. O. Leander, arkkitehtuuriltaan se on jugend-vaikutteinen ristikirkko. Kirkko rakennettiin p\u00e4\u00e4osin ven\u00e4l\u00e4isen kauppiaan Ivan Stretskovin lahjoitusvaroilla ja h\u00e4nen toivomuksestaan kirkko pyhitettiin Jumalan\u00e4idin Tihvin\u00e4l\u00e4isen ikonin muistolle. Kirkon on vihkinyt k\u00e4ytt\u00f6\u00f6n 9.11.1906 arkkipiispa Sergei.<\/p>\n<p><strong><br \/>\nOsoite:<\/strong>&nbsp;Viinij\u00e4rventie 8, 83400 Viinij\u00e4rvi (<a href=\"https:\/\/www.google.fi\/maps\/place\/Jumalan%C3%A4idin+Tihvin%C3%A4l%C3%A4isen+ikonin+kirkko\/@62.6484682,29.222078,17z\/data=!3m1!4b1!4m5!3m4!1s0x469b7a371a5dcca9:0xb72d0c12d0de2ce4!8m2!3d62.6484682!4d29.2242667\" target=\"_blank\" rel=\"noopener noreferrer\">kartta<\/a>)<br \/>\n<strong>Temppelijuhla:<\/strong>&nbsp;26. kes\u00e4kuuta, Jumalansynnytt\u00e4j\u00e4n juhla Tihvin\u00e4n ikonin kunniaksi<br \/>\n<strong>Is\u00e4nn\u00f6itsij\u00e4:<\/strong> Timoi Munne, puh. 0400 952 924&nbsp;<\/p>\n<hr>\n<h3>Pyh\u00e4n Johannes Kastajan kirkko, Polvij\u00e4rvi<\/h3>\n<h3><strong><img loading=\"lazy\" decoding=\"async\" class=\"size-medium wp-image-44 alignleft\" src=\"https:\/\/ort.fi\/taipale\/wp-content\/uploads\/2018\/09\/Polvijaervi1-217x300.jpg\" alt=\"\" width=\"217\" height=\"300\" srcset=\"https:\/\/ort.fi\/taipale\/wp-content\/uploads\/2018\/09\/Polvijaervi1-217x300.jpg 217w, https:\/\/ort.fi\/taipale\/wp-content\/uploads\/2018\/09\/Polvijaervi1.jpg 459w\" sizes=\"auto, (max-width: 217px) 100vw, 217px\" \/><\/strong><\/h3>\n<p>Polvij\u00e4rven pyh\u00e4n Johannes Kastajan kirkko on valmistunut v. 1914. Jugend- ja panslavistis-vaikutteisessa kirkossa on vain yksi iso sipulikupoli kellotornin lis\u00e4ksi. Kirkon on vihkinyt k\u00e4ytt\u00f6\u00f6n arkkipiispa Sergei 26.7.1914. Polvij\u00e4rven kirkonkyl\u00e4n tuntumassa, Kylylahdessa on my\u00f6s ortodoksinen hautausmaa, joka on perustettu 1900-luvun alussa ja on edelleen k\u00e4yt\u00f6ss\u00e4.<\/p>\n<p><strong>Osoite:&nbsp;<\/strong>Haavikontie 31, 83700 Polvij\u00e4rvi (<a href=\"https:\/\/www.google.fi\/maps\/place\/Pyh%C3%A4n+Johannes+Kastajan+kirkko\/@62.8500761,29.3473011,17z\/data=!3m1!4b1!4m5!3m4!1s0x469c832fd6a30ddb:0x79af4ce86f1fa701!8m2!3d62.8500761!4d29.3494898\" target=\"_blank\" rel=\"noopener noreferrer\">kartta<\/a>)<br \/>\n<strong>Temppelijuhla:<\/strong> 24. kes\u00e4kuuta, Herran edell\u00e4k\u00e4vij\u00e4n ja kastajan Johanneksen syntym\u00e4<br \/>\n<strong>S\u00e4\u00e4nn\u00f6lliset palvelukset:<\/strong>&nbsp;Liturgia kuukauden viimeisen\u00e4 sunnuntaina<br \/>\n<strong>Is\u00e4nn\u00f6itsij\u00e4:<\/strong>&nbsp;Jouko Pajarinen, puh. 050 554 0002<\/p>\n<p>&nbsp; &nbsp;<\/p>\n<hr>\n<h3>Pyh\u00e4n Hengen kirkko, Outokumpu<\/h3>\n<h3><strong><img loading=\"lazy\" decoding=\"async\" class=\"wp-image-29251 size-medium alignleft\" src=\"https:\/\/ort.fi\/taipale\/wp-content\/uploads\/2024\/06\/Outokummun-ortodoksinen-kirkko-300x225.jpg\" alt=\"\" width=\"300\" height=\"225\" srcset=\"https:\/\/ort.fi\/taipale\/wp-content\/uploads\/2024\/06\/Outokummun-ortodoksinen-kirkko-300x225.jpg 300w, https:\/\/ort.fi\/taipale\/wp-content\/uploads\/2024\/06\/Outokummun-ortodoksinen-kirkko-1024x768.jpg 1024w, https:\/\/ort.fi\/taipale\/wp-content\/uploads\/2024\/06\/Outokummun-ortodoksinen-kirkko-768x576.jpg 768w\" sizes=\"auto, (max-width: 300px) 100vw, 300px\" \/><\/strong><\/h3>\n<p>Outokummun kirkko valmistui ensin tsasounaksi. Sen on suunnitellut rakennusmestari Uuno Korhonen k\u00e4ytt\u00e4en esikuvanaan Impilahden Kitel\u00e4n kyl\u00e4n vanhaa kirkkoa. Outokummun alueelle sotien seurauksena muuttaneet ortodoksit, mm. Impilahden pit\u00e4j\u00e4st\u00e4, vastasivat suurella talkooty\u00f6ll\u00e4 rakennust\u00f6ist\u00e4. Perinteisen karjalaistyylisen tsasounan vihki k\u00e4ytt\u00f6\u00f6n arkkipiispa Herman 7.6.1954. Pyh\u00e4lle Hengelle pyhitetyn tsasounan vihki kirkoksi v. 1984 silloinen Joensuun piispa Tiihon. Kirkon alakerrassa on n. 50 paikkainen seurakuntasali ja ortodoksinen kirjasto.<\/p>\n<p><strong>Osoite:<\/strong>&nbsp;Kirkkopolku 3, 83500 Outokumpu (<a href=\"https:\/\/www.google.fi\/maps\/place\/Outokummun+ortodoksinen+kirkko\/@62.7241087,29.0061709,14z\/data=!4m5!3m4!1s0x469b645a855ec0ad:0x4ee32fa8dae7e664!8m2!3d62.7197075!4d29.0167562\" target=\"_blank\" rel=\"noopener\">kartta<\/a>)<br \/>\n<strong>Temppelijuhla:<\/strong> Pyh\u00e4n Hengen p\u00e4iv\u00e4 (Helluntain j\u00e4lkeinen maanantai)<br \/>\n<strong>Is\u00e4nn\u00f6itsij\u00e4:<\/strong> Arvo Naumanen, puh. 050 591 2790&nbsp;<\/p>\n<hr>\n<h3>Pyh\u00e4n profeetta Elian tsasouna, Sotkuma<\/h3>\n<h3><strong><img loading=\"lazy\" decoding=\"async\" class=\"alignleft wp-image-40\" src=\"https:\/\/ort.fi\/taipale\/wp-content\/uploads\/2018\/09\/Sotkuman-tsasouna-300x225.jpg\" alt=\"\" width=\"300\" height=\"225\" srcset=\"https:\/\/ort.fi\/taipale\/wp-content\/uploads\/2018\/09\/Sotkuman-tsasouna-300x225.jpg 300w, https:\/\/ort.fi\/taipale\/wp-content\/uploads\/2018\/09\/Sotkuman-tsasouna.jpg 670w\" sizes=\"auto, (max-width: 300px) 100vw, 300px\" \/><\/strong><\/h3>\n<p>Polvij\u00e4rven kunnan Sotkuman kyl\u00e4n profeetta Elian tsasouna on rakennettu osin Polvij\u00e4rven kirkon ylij\u00e4\u00e4m\u00e4hirsist\u00e4 ja osin kenraalikuvern\u00f6\u00f6ri F. A. Seynin tekem\u00e4n lahjoituksen turvin. Tsasouna valmistui v. 1914, mutta vihittiin k\u00e4ytt\u00f6\u00f6n vasta 19.9.1916 apulaispiispa Serafimin toimesta. Sotkuman tsasouna on vaatimaton, ulkoap\u00e4in laudoitettu, mutta sis\u00e4ll\u00e4 seiniss\u00e4 on s\u00e4ilytetty hirsipinta, joka antaa juuri t\u00e4lle tsasounalle omaleimaisen vanhan ja hartaan ilmapiirin. Tsasounan ymp\u00e4rill\u00e4 on pieni hautausmaa, jossa on harvinainen kyl\u00e4n ortodoksisten sankarivainajien muistomerkki ja sankarihaudat.<\/p>\n<p><strong>Osoite:<\/strong>&nbsp;Malanintie 4,&nbsp; 83750 Sotkuma (<a href=\"https:\/\/www.google.fi\/maps\/place\/Pyh%C3%A4n+profeetta+Elian+tsasouna\/@62.7403723,29.4287757,17z\/data=!3m1!4b1!4m5!3m4!1s0x469b7e6d2836f811:0x63752bba8acac55e!8m2!3d62.7403723!4d29.4309644\" target=\"_blank\" rel=\"noopener noreferrer\">kartta<\/a>)<br \/>\n<strong>Temppelijuhla:<\/strong> 20. hein\u00e4kuuta, Pyh\u00e4n profeetta Elian muistop\u00e4iv\u00e4 (Iljan praasniekka)<br \/>\n<strong>Is\u00e4nn\u00f6itsij\u00e4:<\/strong> Jouko Pajarinen, puh. 050 554 0002<\/p>\n<hr>\n<h3>Pyh\u00e4n apostoli Andreaksen tsasouna, Liperi<\/h3>\n<h3><strong><img loading=\"lazy\" decoding=\"async\" class=\"size-medium wp-image-38 alignleft\" src=\"https:\/\/ort.fi\/taipale\/wp-content\/uploads\/2018\/09\/Liperin_tsasouna_copy-300x211.jpg\" alt=\"\" width=\"300\" height=\"211\" srcset=\"https:\/\/ort.fi\/taipale\/wp-content\/uploads\/2018\/09\/Liperin_tsasouna_copy-300x211.jpg 300w, https:\/\/ort.fi\/taipale\/wp-content\/uploads\/2018\/09\/Liperin_tsasouna_copy.jpg 642w\" sizes=\"auto, (max-width: 300px) 100vw, 300px\" \/><\/strong><\/h3>\n<p>Liperin pyh\u00e4n apostoli Andreaksen tsasouna on valmistunut v. 1973 ja sen on vihkinyt k\u00e4ytt\u00f6\u00f6n silloinen Helsingin metropoliitta Johannes 23.6.1973. Arkkitehti Vilho Suonmaan suunnittelema tsasouna poikkeaa perinteisest\u00e4 ortodoksisesta kirkkoarkkitehtuurista. Jylh\u00e4st\u00e4 ja karusta ulkomuodostaan huolimatta tsasounan sis\u00e4ll\u00e4 m\u00e4ntypaneloinnin ansiosta on aistittavissa valoisan l\u00e4mmin tunne, joka antaa tsasounalle omaleimaisen olemuksen. Kirkon ikoneihin kuuluu mm. Petros Sasakin maalaama apostoli Andreaksen ikoni.<\/p>\n<p><strong>Osoite:<\/strong>&nbsp;Tsasounakuja 1, 83100 Liperi (<a href=\"https:\/\/www.google.fi\/maps\/place\/Pyh%C3%A4n+apostoli+Andreaksen+tsasouna\/@62.5260313,29.3977237,17z\/data=!3m1!4b1!4m5!3m4!1s0x469b9d0f94319557:0xf26b2813f76bad5a!8m2!3d62.5260313!4d29.3999124\" target=\"_blank\" rel=\"noopener noreferrer\">kartta<\/a>)<br \/>\n<strong>Temppelijuhla:<\/strong>&nbsp;30. marraskuuta,&nbsp;Pyh\u00e4n apostoli Andreaksen muistop\u00e4iv\u00e4<br \/>\n<strong>Is\u00e4nn\u00f6itsij\u00e4:<\/strong> Eija Ratilainen, puh. 0400 396 102<\/p>\n<p>&nbsp;<\/p>\n<p><iframe loading=\"lazy\" src=\"https:\/\/www.google.com\/maps\/d\/embed?mid=1khV6wfTRTjApT138bLEgr-_XAtE&amp;hl=fi\" width=\"650\" height=\"660\" data-mce-fragment=\"1\"><span data-mce-type=\"bookmark\" style=\"display: inline-block; width: 0px; overflow: hidden; line-height: 0;\" class=\"mce_SELRES_start\">\ufeff<\/span><span data-mce-type=\"bookmark\" style=\"display: inline-block; width: 0px; overflow: hidden; line-height: 0;\" class=\"mce_SELRES_start\">\ufeff<\/span><span data-mce-type=\"bookmark\" style=\"display: inline-block; width: 0px; overflow: hidden; line-height: 0;\" class=\"mce_SELRES_start\">\ufeff<\/span><\/iframe><\/p>\n<p><strong>360-panoraamakuvia Taipaleen ortodoksisen seurakunnan pyh\u00e4k\u00f6ist\u00e4<\/strong> (Kuvat: <a href=\"http:\/\/www.ortodoksi.net\/index.php\/Etusivu\" target=\"_blank\" rel=\"noopener noreferrer\">Ortodoksi.net<\/a>)<br \/>\nViinij\u00e4rven kirkko: <a href=\"https:\/\/www.thinglink.com\/mediacard\/1221827449273188357\" target=\"_blank\" rel=\"noopener noreferrer\">Kirkkosali<\/a> &#8211; <a href=\"https:\/\/www.thinglink.com\/mediacard\/1221828481541734405\" target=\"_blank\" rel=\"noopener noreferrer\">Alttari<\/a>&nbsp;<br \/>\nOutokummun kirkko: <a href=\"https:\/\/www.thinglink.com\/mediacard\/1219922663808434183\" target=\"_blank\" rel=\"noopener noreferrer\">Kirkkosali<\/a> &#8211; <a href=\"https:\/\/www.thinglink.com\/mediacard\/1220728816897359879\" target=\"_blank\" rel=\"noopener noreferrer\">Alttari<\/a> &#8211; <a href=\"https:\/\/www.thinglink.com\/mediacard\/1220731575906336775\" target=\"_blank\" rel=\"noopener noreferrer\">Seurakuntasali<\/a> &nbsp;<br \/>\nPolvij\u00e4rven kirkko: <a href=\"https:\/\/www.thinglink.com\/mediacard\/1220747771896659975\" target=\"_blank\" rel=\"noopener noreferrer\">Kirkkosali<\/a> &#8211; <a href=\"https:\/\/www.thinglink.com\/mediacard\/1221524972095143942\" target=\"_blank\" rel=\"noopener noreferrer\">Alttari<\/a>&nbsp;<br \/>\nSotkuman tsasouna: <a href=\"https:\/\/www.thinglink.com\/mediacard\/1221543975442186246\" target=\"_blank\" rel=\"noopener noreferrer\">Kirkkosali<\/a> &#8211; <a href=\"https:\/\/www.thinglink.com\/mediacard\/1221545105899388934\" target=\"_blank\" rel=\"noopener noreferrer\">Alttari<\/a>&nbsp;<br \/>\n&nbsp; &nbsp;<\/p>\n","protected":false},"excerpt":{"rendered":"<p>Taipaleen ortodoksisella seurakunnalla&nbsp;on kolme kirkkoa ja kaksi tsasounaa, jotka ovat per\u00e4isin kolmelta eri aikakaudelta ja muodostavat arkkitehtuurisesti, taiteellisesti ja kulttuurihistoriallisesti kokonaisuuden, johon kannattaa tutustua. Kaikissa pyh\u00e4k\u00f6iss\u00e4 toimitetaan&nbsp;jumalanpalveluksia&nbsp;ymp\u00e4ri vuoden. L\u00e4hdetieto: Taipaleen &#8230; <a title=\"Pyh\u00e4k\u00f6t\" class=\"read-more\" href=\"https:\/\/ort.fi\/taipale\/pyhakot\/\" aria-label=\"Lue lis\u00e4\u00e4 aiheesta Pyh\u00e4k\u00f6t\">Lue lis\u00e4\u00e4<\/a><\/p>\n","protected":false},"author":2,"featured_media":0,"parent":0,"menu_order":0,"comment_status":"closed","ping_status":"closed","template":"","meta":{"ngg_post_thumbnail":0,"footnotes":""},"class_list":["post-64","page","type-page","status-publish"],"_links":{"self":[{"href":"https:\/\/ort.fi\/taipale\/wp-json\/wp\/v2\/pages\/64","targetHints":{"allow":["GET"]}}],"collection":[{"href":"https:\/\/ort.fi\/taipale\/wp-json\/wp\/v2\/pages"}],"about":[{"href":"https:\/\/ort.fi\/taipale\/wp-json\/wp\/v2\/types\/page"}],"author":[{"embeddable":true,"href":"https:\/\/ort.fi\/taipale\/wp-json\/wp\/v2\/users\/2"}],"replies":[{"embeddable":true,"href":"https:\/\/ort.fi\/taipale\/wp-json\/wp\/v2\/comments?post=64"}],"version-history":[{"count":37,"href":"https:\/\/ort.fi\/taipale\/wp-json\/wp\/v2\/pages\/64\/revisions"}],"predecessor-version":[{"id":29553,"href":"https:\/\/ort.fi\/taipale\/wp-json\/wp\/v2\/pages\/64\/revisions\/29553"}],"wp:attachment":[{"href":"https:\/\/ort.fi\/taipale\/wp-json\/wp\/v2\/media?parent=64"}],"curies":[{"name":"wp","href":"https:\/\/api.w.org\/{rel}","templated":true}]}}