{"id":630,"date":"2018-12-01T21:52:30","date_gmt":"2018-12-01T19:52:30","guid":{"rendered":"https:\/\/ort.fi\/taipale\/?page_id=630"},"modified":"2023-02-17T15:51:43","modified_gmt":"2023-02-17T13:51:43","slug":"opetuskirjoituksia","status":"publish","type":"page","link":"https:\/\/ort.fi\/taipale\/opetuskirjoituksia\/","title":{"rendered":"Opetuskirjoituksia"},"content":{"rendered":"<p><span style=\"color: #808080;\"><strong>Opiksi ja tueksi el\u00e4m\u00e4n taipaleelle<\/strong><\/span><br \/>\n&nbsp;&nbsp;<br \/>\nHyv\u00e4 lukija!<br \/>\nOheisten linkkien kautta voit perehty\u00e4 ja saada vahvistusta kirkon oppeihin ja ohjeisiin niin el\u00e4m\u00e4n arkiseen aherrukseen kuin juhlaankin. Opin sanoja tarjoavat seurakunnan ty\u00f6ntekij\u00e4t yhdess\u00e4 mahdollisten vierailijoiden kanssa.<\/p>\n<ul>\n<li><a href=\"https:\/\/ort.fi\/taipale\/lohdullista-suuren-paaston-taivalta\/\">Lohdullista suuren paaston taivalta!<\/a> &#8211; kanttori Kaisu Potkonen, helmikuu 2023<br \/>\n&nbsp; &nbsp;<\/li>\n<li><a href=\"https:\/\/ort.fi\/taipale\/opetuskirjoituksia\/pureskeltavaa-joulupaastoon-ajateltavaa-adventin-aikaan\/\">Pureskeltavaa joulupaastoon, ajateltavaa adventin aikaan<\/a> &#8211; kanttori Kaisu Potkonen, joulukuu 2022<\/li>\n<li><a href=\"https:\/\/ort.fi\/taipale\/opetuskirjoituksia\/haasta-jumala-keskusteluun\/\">Haasta Jumala keskusteluun!<\/a> &#8211; is\u00e4 Markku Toivanen, marraskuu 2022<\/li>\n<li><a href=\"https:\/\/ort.fi\/taipale\/parempi-vihannesvati-ja-ystavien-seura-kuin-syottoharka-ja-vihaiset-katseet\/\">\u201dParempi vihannesvati ja yst\u00e4vien seura kuin sy\u00f6tt\u00f6h\u00e4rk\u00e4 ja vihaiset katseet\u201d<\/a> &#8211; kanttori Kaisu Potkonen, lokakuu 2022<\/li>\n<li><a href=\"https:\/\/ort.fi\/taipale\/opetuskirjoituksia\/hyvaa-neitsyt-marian-juhla-aikaa\/\">Hyv\u00e4\u00e4 Neitsyt Marian juhla-aikaa!<\/a> &#8211; kanttori Kaisu Potkonen, elokuu 2022<\/li>\n<li><a href=\"https:\/\/ort.fi\/taipale\/opetuskirjoituksia\/rauhaa-levottomuuteen\/\">Rauhaa levottomuuteen<\/a> &#8211; kanttori Kaisu Potkonen, maaliskuu 2022<\/li>\n<li><a href=\"https:\/\/ort.fi\/taipale\/opetuskirjoituksia\/valoa-nakyvissa\/\">Valoa n\u00e4kyviss\u00e4!<\/a> &#8211; kanttori Kaisu Potkonen, tammikuu 2022<\/li>\n<\/ul>\n<ul>\n<li><a href=\"https:\/\/ort.fi\/taipale\/opetuskirjoituksia\/joulupaasto\/\">Joulupaasto<\/a> &#8211; is\u00e4 Nemanja Balcin, marraskuu 2021<\/li>\n<li><a href=\"https:\/\/ort.fi\/taipale\/opetuskirjoituksia\/jumalan-ihmeiden-lahteilla\/\">Jumalan ihmeiden l\u00e4hteill\u00e4<\/a> &#8211; kanttori Kaisu Potkonen, kes\u00e4kuu 2021<\/li>\n<li><a href=\"https:\/\/ort.fi\/taipale\/opetuskirjoituksia\/taivaallisen-rakkauden-ymparoimina\/\">Taivaallisen rakkauden ymp\u00e4r\u00f6imin\u00e4<\/a> &#8211; kanttori Kaisu Potkonen, helmikuu 2021<\/li>\n<li><a href=\"https:\/\/ort.fi\/taipale\/opetuskirjoituksia\/tama-matka-toteutuu\/\">T\u00e4m\u00e4 matka toteutuu!<\/a> &#8211; kanttori Kaisu Potkonen, tammikuu 2021<br \/>\n&nbsp; &nbsp;<\/li>\n<li><a href=\"https:\/\/ort.fi\/taipale\/opetuskirjoituksia\/kristus-syntyy-kiittakaa\/\">Kristus syntyy, kiitt\u00e4k\u00e4\u00e4!<\/a> &#8211; kanttori Kaisu Potkonen, joulukuu 2020<\/li>\n<li><a href=\"https:\/\/ort.fi\/taipale\/opetuskirjoituksia\/opetuspuhe-polvijarven-kirkon-liturgiassa-29-11-2020\/\">Opetuspuhe Polvij\u00e4rven kirkon liturgiassa<\/a> &#8211; is\u00e4 Tuomas Kallonen 29.11.2020<\/li>\n<li><a href=\"https:\/\/ort.fi\/taipale\/opetuskirjoituksia\/opetuspuhe-viinijarven-kirkon-liturgiassa-18-10-2020\/\">Opetuspuhe Viinij\u00e4rven kirkon liturgiassa<\/a> &#8211; is\u00e4 Tuomas Kallonen 18.10.2020<\/li>\n<li><a href=\"https:\/\/ort.fi\/taipale\/opetuskirjoituksia\/uudenlainen-aika\/\">Uudenlainen aika<\/a> &#8211; kanttori Kaisu Potkonen, lokakuu 2020<\/li>\n<li><a href=\"https:\/\/ort.fi\/taipale\/opetuskirjoituksia\/rakkaudesta-luojaan-ja-luontoon\/\">Rakkaudesta Luojaan ja luontoon<\/a> &#8211; kanttori Kaisu Potkonen, kes\u00e4kuu 2020<\/li>\n<li><a href=\"https:\/\/ort.fi\/taipale\/opetuskirjoituksia\/ala-pelkaa-usko-ainoastaan-mark-536\/\">\u00c4l\u00e4 pelk\u00e4\u00e4, usko ainoastaan<\/a> &#8211; kanttori Kaisu Potkonen, kes\u00e4kuuu 2020<\/li>\n<li><a href=\"https:\/\/ort.fi\/taipale\/opetuskirjoituksia\/hyvaa-juhlaa\/\">Hyv\u00e4\u00e4 juhlaa!<\/a> &#8211; kanttori Kaisu Potkonen, toukokuuu 2020&nbsp;<\/li>\n<li><a href=\"https:\/\/ort.fi\/taipale\/opetuskirjoituksia\/laheisyytta-ilman-kosketusta\/\">L\u00e4heisyytt\u00e4 ilman kosketusta<\/a> &#8211; is\u00e4 Tuomas Kallonen, huhtikuu 2020&nbsp;<\/li>\n<\/ul>\n<ul class=\"ccchildpages_list ccclearfix\">\n<li><a href=\"https:\/\/ort.fi\/taipale\/opetuskirjoituksia\/jumalan-temppeli-olette-te\/\">Jumalan temppeli olette te!<\/a> &#8211; is\u00e4 Tuomas Kallonen, elokuu 2019&nbsp;<\/li>\n<li><a href=\"https:\/\/ort.fi\/taipale\/opetuskirjoituksia\/seurakunta-kriisissa\/\">Seurakunta kriisiss\u00e4?<\/a> &#8211; is\u00e4 Tuomas Kallonen, tammikuu 2019&nbsp;<br \/>\n&nbsp; &nbsp;<\/li>\n<li class=\"page_item page-item-694\"><a href=\"https:\/\/ort.fi\/taipale\/opetuskirjoituksia\/kaikella-on-aikansa\/\">Kaikella on aikansa<\/a> &#8211;&nbsp;is\u00e4 Tuomas Kallonen, lokakuu 2018<\/li>\n<li><a href=\"https:\/\/ort.fi\/uutishuone\/2018-04-06\/apostoli-tuomaan-sunnuntai-8-huhtikuuta\" target=\"_blank\" rel=\"noopener noreferrer\">Apostoli Tuomaan sunnuntai<\/a>&nbsp;&#8211; is\u00e4 Tuomas Kallonen, huhtikuu 2018<\/li>\n<li class=\"page_item page-item-702\"><a href=\"https:\/\/ort.fi\/taipale\/opetuskirjoituksia\/voiko-ihminen-muuttua\/\">Voiko ihminen muuttua?<\/a> &#8211;&nbsp;is\u00e4 Tuomas Kallonen, tammikuu 2018<\/li>\n<\/ul>\n","protected":false},"excerpt":{"rendered":"<p>Opiksi ja tueksi el\u00e4m\u00e4n taipaleelle &nbsp;&nbsp; Hyv\u00e4 lukija! Oheisten linkkien kautta voit perehty\u00e4 ja saada vahvistusta kirkon oppeihin ja ohjeisiin niin el\u00e4m\u00e4n arkiseen aherrukseen kuin juhlaankin. Opin sanoja tarjoavat seurakunnan &#8230; <a title=\"Opetuskirjoituksia\" class=\"read-more\" href=\"https:\/\/ort.fi\/taipale\/opetuskirjoituksia\/\" aria-label=\"Lue lis\u00e4\u00e4 aiheesta Opetuskirjoituksia\">Lue lis\u00e4\u00e4<\/a><\/p>\n","protected":false},"author":2,"featured_media":0,"parent":0,"menu_order":0,"comment_status":"closed","ping_status":"closed","template":"","meta":{"ngg_post_thumbnail":0,"footnotes":""},"class_list":["post-630","page","type-page","status-publish"],"_links":{"self":[{"href":"https:\/\/ort.fi\/taipale\/wp-json\/wp\/v2\/pages\/630","targetHints":{"allow":["GET"]}}],"collection":[{"href":"https:\/\/ort.fi\/taipale\/wp-json\/wp\/v2\/pages"}],"about":[{"href":"https:\/\/ort.fi\/taipale\/wp-json\/wp\/v2\/types\/page"}],"author":[{"embeddable":true,"href":"https:\/\/ort.fi\/taipale\/wp-json\/wp\/v2\/users\/2"}],"replies":[{"embeddable":true,"href":"https:\/\/ort.fi\/taipale\/wp-json\/wp\/v2\/comments?post=630"}],"version-history":[{"count":26,"href":"https:\/\/ort.fi\/taipale\/wp-json\/wp\/v2\/pages\/630\/revisions"}],"predecessor-version":[{"id":18911,"href":"https:\/\/ort.fi\/taipale\/wp-json\/wp\/v2\/pages\/630\/revisions\/18911"}],"wp:attachment":[{"href":"https:\/\/ort.fi\/taipale\/wp-json\/wp\/v2\/media?parent=630"}],"curies":[{"name":"wp","href":"https:\/\/api.w.org\/{rel}","templated":true}]}}