{"id":604,"date":"2018-12-01T21:42:24","date_gmt":"2018-12-01T19:42:24","guid":{"rendered":"https:\/\/ort.fi\/taipale\/?page_id=604"},"modified":"2026-02-24T14:12:25","modified_gmt":"2026-02-24T12:12:25","slug":"kuvagalleriat","status":"publish","type":"page","link":"https:\/\/ort.fi\/taipale\/kuvagalleriat\/","title":{"rendered":"Kuvagalleriat"},"content":{"rendered":"<ul class=\"ccchildpages_list ccclearfix\">\n<li><a href=\"https:\/\/ort.fi\/taipale\/sami-fyrqvistin-lukijaksi-vihkiminen\/\">Sami Fyrqvistin lukijaksi vihkiminen 22.2.2026<\/a>&nbsp;<\/li>\n<li><a href=\"https:\/\/ort.fi\/taipale\/viinijarven-kirkon-praasniekka-ja-diakoniksi-vihkiminen-26-6-2024\/\">Viinij\u00e4rven kirkon praasniekka ja diakoniksi vihkiminen 26.6.2024<\/a>&nbsp;<\/li>\n<li><a href=\"https:\/\/ort.fi\/taipale\/outokummun-kirkon-praasniekka-ja-70-v-juhla-19-20-5-2024\/\">Outokummun kirkon praasniekka ja 70 v. juhla 19.-20.5.2024<\/a><\/li>\n<li><a href=\"https:\/\/ort.fi\/taipale\/isa-pertti-30-v-pappina\/\">Is\u00e4 Pertti 30 v. pappina 6.2.2024<\/a>&nbsp;<\/li>\n<li><a href=\"https:\/\/ort.fi\/taipale\/isa-paavon-elakkeellejaamisjuhla\/\">Is\u00e4 Paavon el\u00e4kkeellej\u00e4\u00e4misjuhla 4.11.2023<\/a>&nbsp;<\/li>\n<li><a href=\"https:\/\/ort.fi\/taipale\/isa-paavon-viimeinen-palvelus-taipaleen-kirkkoherrana-30-7\/\">Is\u00e4 Paavon viimeinen palvelus Taipaleen kirkkoherrana 30.7.<\/a><\/li>\n<li><a href=\"https:\/\/ort.fi\/taipale\/kanttori-kaisun-elakkeellejaamisjuhla-9-7-2023\/\">Kanttori Kaisun el\u00e4kkeellej\u00e4\u00e4misjuhla 9.7.2023<\/a>&nbsp;<\/li>\n<li><a href=\"https:\/\/photos.app.goo.gl\/WUjJEFH12Cn93YS46\" target=\"_blank\" rel=\"noopener\">Taipaleen nuorten Kreikan matka 27.6.-2.7.2023<\/a>&nbsp;<\/li>\n<li><a href=\"https:\/\/ort.fi\/taipale\/pappilan-virkeat-vanhukset-kuvia-ja-kuulumisia\/\">Pappilan virke\u00e4t vanhukset &#8211; kuvia ja kuulumisia<\/a>&nbsp;<\/li>\n<li><a href=\"https:\/\/ort.fi\/taipale\/ikonimaalauspiirin-kevat-2023-kuvia-ja-kuulumisia\/\">Ikonimaalauspiirin kev\u00e4t 2023 &#8211; kuvia ja kuulumisia<\/a>&nbsp;<\/li>\n<li><a href=\"https:\/\/ort.fi\/taipale\/paasiainen-2023\/\">P\u00e4\u00e4si\u00e4inen 2023<\/a>&nbsp;<\/li>\n<li class=\"page_item page-item-20393\"><a href=\"https:\/\/ort.fi\/taipale\/kuvagalleriat\/tuhlaajapojan-sunnuntain-liturgia-5-2-2023\/\">Tuhlaajapojan sunnuntain liturgia 5.2.2023<\/a><\/li>\n<li class=\"page_item page-item-20141\"><a href=\"https:\/\/ort.fi\/taipale\/kuvagalleriat\/taipaleen-kinkerit-2023\/\">Taipaleen kinkerit 2023<\/a><\/li>\n<li class=\"page_item page-item-20115\"><a href=\"https:\/\/ort.fi\/taipale\/kuvagalleriat\/ukrainalaisten-retki-outokummusta-joensuuhun\/\">Ukrainalaisten retki Outokummusta Joensuuhun<\/a><\/li>\n<li class=\"page_item page-item-19919\"><a href=\"https:\/\/ort.fi\/taipale\/kuvagalleriat\/ukrainalais-suomalainen-leivontakerho\/\">Ukrainalais-suomalainen leivontakerho<\/a><\/li>\n<li class=\"page_item page-item-19391\"><a href=\"https:\/\/ort.fi\/taipale\/kuvagalleriat\/isa-simo-haaviston-hautauspalvelus\/\">Is\u00e4 Simo Haaviston hautauspalvelus<\/a><\/li>\n<li class=\"page_item page-item-18671\"><a href=\"https:\/\/ort.fi\/taipale\/kuvagalleriat\/seurakunnantarkastuksen-paatosliturgia-18-9-2022\/\">Seurakunnantarkastuksen p\u00e4\u00e4t\u00f6sliturgia 18.9.2022<\/a><\/li>\n<li class=\"page_item page-item-18691\"><a href=\"https:\/\/ort.fi\/taipale\/kuvagalleriat\/piispa-arseni-outokummun-kirkolla-16-9-2022\/\">Piispa Arseni Outokummun kirkolla 16.9.2022<\/a><\/li>\n<li class=\"page_item page-item-18769\"><a href=\"https:\/\/ort.fi\/taipale\/kuvagalleriat\/seurakunnantarkastus-nurmeksen-kappeliseurakunnassa\/\">Seurakunnantarkastus Nurmeksen kappeliseurakunnassa<\/a><\/li>\n<li class=\"page_item page-item-18791\"><a href=\"https:\/\/ort.fi\/taipale\/kuvagalleriat\/ikonimaalauspiirin-syyskauden-2022-aloitus\/\">Ikonimaalauspiirin syyskauden 2022 aloitus<\/a><\/li>\n<li class=\"page_item page-item-18479\"><a href=\"https:\/\/ort.fi\/taipale\/kuvagalleriat\/kaisu-40-vuotta-kanttorina\/\">Kaisu 40 vuotta kanttorina<\/a><\/li>\n<li class=\"page_item page-item-18269\"><a href=\"https:\/\/ort.fi\/taipale\/kuvagalleriat\/diakoni-mauri-mutanen-70-v\/\">Diakoni Mauri Mutanen 70 v.<\/a><\/li>\n<li class=\"page_item page-item-17983\"><a href=\"https:\/\/ort.fi\/taipale\/kuvagalleriat\/pentti-potkonen-vihittiin-ipodiakoniksi\/\">Pentti Potkonen vihittiin ipodiakoniksi<\/a><\/li>\n<li class=\"page_item page-item-17891\"><a href=\"https:\/\/ort.fi\/taipale\/kuvagalleriat\/kriparin-paatosliturgia-19-6-2022\/\">Kriparin p\u00e4\u00e4t\u00f6sliturgia 19.6.2022<\/a><\/li>\n<li class=\"page_item page-item-17799\"><a href=\"https:\/\/ort.fi\/taipale\/kuvagalleriat\/outokummun-kirkon-praasniekka-6-6-2022\/\">Outokummun kirkon praasniekka 6.6.2022<\/a><\/li>\n<li class=\"page_item page-item-17649\"><a href=\"https:\/\/ort.fi\/taipale\/kuvagalleriat\/saynelammen-leirikeskuksen-praasniekka-2022\/\">S\u00e4ynelammen leirikeskuksen praasniekka 2022<\/a><\/li>\n<li class=\"page_item page-item-17253\"><a href=\"https:\/\/ort.fi\/taipale\/kuvagalleriat\/kristus-nousi-kuolleista\/\">Kristus nousi kuolleista!<\/a><\/li>\n<li class=\"page_item page-item-17299\"><a href=\"https:\/\/ort.fi\/taipale\/kuvagalleriat\/ekumeeninen-hartaus-outokummun-koululla-13-4-2022\/\">Ekumeeninen hartaus Outokummun koululla 13.4.2022<\/a><\/li>\n<li class=\"page_item page-item-17053\"><a href=\"https:\/\/ort.fi\/taipale\/kuvagalleriat\/lasaruksen-lauantain-liturgia-outokummussa-9-4-2022\/\">Lasaruksen lauantain liturgia Outokummussa 9.4.2022<\/a><\/li>\n<li class=\"page_item page-item-16991\"><a href=\"https:\/\/ort.fi\/taipale\/kuvagalleriat\/luento-kaksipaisen-kotkan-valtakunta\/\">Luento \u201dKaksip\u00e4isen kotkan valtakunta\u201d<\/a><\/li>\n<li class=\"page_item page-item-16583\"><a href=\"https:\/\/ort.fi\/taipale\/kuvagalleriat\/piispa-arseni-toimitti-katumuskanonin-viinijarvella-2-3-2022\/\">Piispa Arseni toimitti katumuskanonin Viinij\u00e4rvell\u00e4 2.3.2022<\/a><\/li>\n<li class=\"page_item page-item-16469\"><a href=\"https:\/\/ort.fi\/taipale\/kuvagalleriat\/huomionosoituksia-seurakuntalaisille\/\">Huomionosoituksia seurakuntalaisille<\/a><\/li>\n<li class=\"page_item page-item-15763\"><a href=\"https:\/\/ort.fi\/taipale\/kuvagalleriat\/liturgia-ylamyllyn-uudella-koululla-12-12-2021\/\">Liturgia Yl\u00e4myllyn uudella koululla 12.12.2021<\/a><\/li>\n<li class=\"page_item page-item-15551\"><a href=\"https:\/\/ort.fi\/taipale\/kuvagalleriat\/taipaleen-ja-nurmeksen-kirkkokuorot-polvijarven-liturgiassa-31-10-2021\/\">Taipaleen ja Nurmeksen kirkkokuorot Polvij\u00e4rven liturgiassa 31.10.2021<\/a><\/li>\n<li class=\"page_item page-item-14771\"><a href=\"https:\/\/ort.fi\/taipale\/kuvagalleriat\/oma-ikoni-tutuksi-tapahtuma-polvijarven-kirkolla-12-9-2021\/\">\u201dOma ikoni tutuksi\u201d -tapahtuma Polvij\u00e4rven kirkolla 12.9.2021<\/a><\/li>\n<li class=\"page_item page-item-14319\"><a href=\"https:\/\/ort.fi\/taipale\/kuvagalleriat\/viinijarven-kirkon-praasniekka-26-6-2021\/\">Viinij\u00e4rven kirkon praasniekka 26.6.2021<\/a><\/li>\n<li class=\"page_item page-item-13987\"><a href=\"https:\/\/ort.fi\/taipale\/kuvagalleriat\/outokummun-kirkon-praasniekka-24-5-2021\/\">Outokummun kirkon praasniekka 24.5.2021<\/a><\/li>\n<li class=\"page_item page-item-12925\"><a href=\"https:\/\/ort.fi\/taipale\/kuvagalleriat\/isa-nemanjan-toimeenasettaminen-ja-kaisu-35-vuotta-taipaleen-kanttorina-28-2-2021\/\">Is\u00e4 Nemanjan toimeenasettaminen ja Kaisu 35-vuotta Taipaleen kanttorina 28.2.2021<\/a><\/li>\n<li class=\"page_item page-item-12609\"><a href=\"https:\/\/ort.fi\/taipale\/kuvagalleriat\/nemanja-balcinin-papiksi-vihkiminen-viinijarven-kirkossa-24-1-2021\/\">Nemanja Balcinin papiksi vihkiminen Viinij\u00e4rven kirkossa 24.1.2021<\/a><\/li>\n<li class=\"page_item page-item-12545\"><a href=\"https:\/\/ort.fi\/taipale\/kuvagalleriat\/nemanja-balcinin-diakoniksi-vihkiminen-outokummun-kirkossa-17-1-2021\/\">Nemanja Balcinin diakoniksi vihkiminen Outokummun kirkossa 17.1.2021<\/a><\/li>\n<li class=\"page_item page-item-11529\"><a href=\"https:\/\/ort.fi\/taipale\/kuvagalleriat\/isa-tuomaksen-laksiaiset\/\">Is\u00e4 Tuomaksen l\u00e4ksi\u00e4iset<\/a><\/li>\n<li class=\"page_item page-item-11493\"><a href=\"https:\/\/ort.fi\/taipale\/kuvagalleriat\/oma-pyhakko-tutuksi-ilta-outokummussa-22-10-2020\/\">Oma pyh\u00e4kk\u00f6 tutuksi -ilta Outokummussa 22.10.2020<\/a><\/li>\n<li class=\"page_item page-item-10097\"><a href=\"https:\/\/ort.fi\/taipale\/kuvagalleriat\/kiitos-eine\/\">Kiitos Eine!<\/a><\/li>\n<li class=\"page_item page-item-9513\"><a href=\"https:\/\/ort.fi\/taipale\/kuvagalleriat\/sotkuman-tsasounan-praasniekka-20-7-2020\/\">Sotkuman tsasounan praasniekka 20.7.2020<\/a><\/li>\n<li class=\"page_item page-item-9259\"><a href=\"https:\/\/ort.fi\/taipale\/kuvagalleriat\/viinijarven-kirkon-praasniekka-26-6-2020\/\">Viinij\u00e4rven kirkon praasniekka 26.6.2020<\/a><\/li>\n<li class=\"page_item page-item-9045\"><a href=\"https:\/\/ort.fi\/taipale\/kuvagalleriat\/outokummun-kirkon-praasniekka-1-6-2020\/\">Outokummun kirkon praasniekka 1.6.2020<\/a><\/li>\n<li class=\"page_item page-item-8847\"><a href=\"https:\/\/ort.fi\/taipale\/kuvagalleriat\/kierreorarin-kayttooikeus-diakoni-mauri-mutaselle\/\">Kierreorarin k\u00e4ytt\u00f6oikeus diakoni Mauri Mutaselle<\/a><\/li>\n<li class=\"page_item page-item-8691\"><a href=\"https:\/\/ort.fi\/taipale\/kuvagalleriat\/suuri-viikko-ja-paasiainen-2020\/\">Suuri viikko ja P\u00e4\u00e4si\u00e4inen 2020<\/a><\/li>\n<li class=\"page_item page-item-8261\"><a href=\"https:\/\/ort.fi\/taipale\/kuvagalleriat\/johannes-sonkajanrantalaisen-juhla-8-3-2020\/\">Johannes Sonkajanrantalaisen juhla 8.3.2020<\/a><\/li>\n<li class=\"page_item page-item-7963\"><a href=\"https:\/\/ort.fi\/taipale\/kuvagalleriat\/kirkko-kutsui-diakonin-palvelukseen\/\">Kirkko kutsui diakonin palvelukseen<\/a><\/li>\n<li class=\"page_item page-item-7557\"><a href=\"https:\/\/ort.fi\/taipale\/kuvagalleriat\/ekumeeninen-rukousviikko-2020\/\">Ekumeeninen rukousviikko 2020<\/a><\/li>\n<li class=\"page_item page-item-7231\"><a href=\"https:\/\/ort.fi\/taipale\/kuvagalleriat\/salokylan-kinkerit-7-1-2020\/\">Salokyl\u00e4n kinkerit 7.1.2020<\/a><\/li>\n<li class=\"page_item page-item-7065\"><a href=\"https:\/\/ort.fi\/taipale\/kuvagalleriat\/pieni-joululauluilta-outokummun-kirkossa-29-12-2019\/\">Pieni Joululauluilta Outokummun kirkossa 29.12.2019<\/a><\/li>\n<li class=\"page_item page-item-6815\"><a href=\"https:\/\/ort.fi\/taipale\/kuvagalleriat\/puurojuhla-outokummun-kirkolla-12-12-2019\/\">Puurojuhla Outokummun kirkolla 12.12.2019<\/a><\/li>\n<li class=\"page_item page-item-5901\"><a href=\"https:\/\/ort.fi\/taipale\/kuvagalleriat\/praasniekkamatka-obinitsaan-16-20-8-2019\/\">Praasniekkamatka Obinitsaan 16.-20.8.2019<\/a><\/li>\n<li class=\"page_item page-item-5405\"><a href=\"https:\/\/ort.fi\/taipale\/kuvagalleriat\/kesan-2019-lastenleiri\/\">Kes\u00e4n 2019 lastenleiri<\/a><\/li>\n<li class=\"page_item page-item-5145\"><a href=\"https:\/\/ort.fi\/taipale\/kuvagalleriat\/sotkuman-tsasounan-praasniekka-20-7-2019\/\">Sotkuman tsasounan praasniekka 20.7.2019<\/a><\/li>\n<li class=\"page_item page-item-4945\"><a href=\"https:\/\/ort.fi\/taipale\/kuvagalleriat\/viinijarven-kirkon-praasniekka-26-6-2019\/\">Viinij\u00e4rven kirkon praasniekka 26.6.2019<\/a><\/li>\n<li class=\"page_item page-item-4347\"><a href=\"https:\/\/ort.fi\/taipale\/kuvagalleriat\/paasiaisen-2019-valokuvia\/\">P\u00e4\u00e4si\u00e4isen 2019 valokuvia<\/a><\/li>\n<li class=\"page_item page-item-3343\"><a href=\"https:\/\/ort.fi\/taipale\/kuvagalleriat\/juliaanan-kirjaston-avajaiset-outokummun-kirkolla-17-2-2019\/\">Juliaanan kirjaston avajaiset Outokummun kirkolla 17.2.2019<\/a><\/li>\n<li class=\"page_item page-item-2967\"><a href=\"https:\/\/ort.fi\/taipale\/kuvagalleriat\/ekumeeninen-rukousviikko-18-25-1-2019\/\">Ekumeeninen rukousviikko 18.-25.1.2019<\/a><\/li>\n<li class=\"page_item page-item-2379\"><a href=\"https:\/\/ort.fi\/taipale\/kuvagalleriat\/teofania-6-1-2019\/\">Teofania 6.1.2019<\/a><\/li>\n<li class=\"page_item page-item-2383\"><a href=\"https:\/\/ort.fi\/taipale\/kuvagalleriat\/pyhakot\/\">Pyh\u00e4k\u00f6t<\/a><\/li>\n<li class=\"page_item page-item-612\"><a href=\"https:\/\/ort.fi\/taipale\/kuvagalleriat\/viinijarven-kirkon-praasniekka-26-6-2018\/\">Viinij\u00e4rven kirkon praasniekka 26.6.2018<\/a><\/li>\n<li class=\"page_item page-item-614\"><a href=\"https:\/\/ort.fi\/taipale\/kuvagalleriat\/saynelammen-pyhan-johanneksen-leirikeskus\/\">S\u00e4ynelammen pyh\u00e4n Johanneksen leirikeskus<\/a><\/li>\n<\/ul>\n","protected":false},"excerpt":{"rendered":"<p>Sami Fyrqvistin lukijaksi vihkiminen 22.2.2026&nbsp; Viinij\u00e4rven kirkon praasniekka ja diakoniksi vihkiminen 26.6.2024&nbsp; Outokummun kirkon praasniekka ja 70 v. juhla 19.-20.5.2024 Is\u00e4 Pertti 30 v. pappina 6.2.2024&nbsp; Is\u00e4 Paavon el\u00e4kkeellej\u00e4\u00e4misjuhla 4.11.2023&nbsp; &#8230; <a title=\"Kuvagalleriat\" class=\"read-more\" href=\"https:\/\/ort.fi\/taipale\/kuvagalleriat\/\" aria-label=\"Lue lis\u00e4\u00e4 aiheesta Kuvagalleriat\">Lue lis\u00e4\u00e4<\/a><\/p>\n","protected":false},"author":2,"featured_media":0,"parent":0,"menu_order":0,"comment_status":"closed","ping_status":"closed","template":"","meta":{"ngg_post_thumbnail":0,"footnotes":""},"class_list":["post-604","page","type-page","status-publish"],"_links":{"self":[{"href":"https:\/\/ort.fi\/taipale\/wp-json\/wp\/v2\/pages\/604","targetHints":{"allow":["GET"]}}],"collection":[{"href":"https:\/\/ort.fi\/taipale\/wp-json\/wp\/v2\/pages"}],"about":[{"href":"https:\/\/ort.fi\/taipale\/wp-json\/wp\/v2\/types\/page"}],"author":[{"embeddable":true,"href":"https:\/\/ort.fi\/taipale\/wp-json\/wp\/v2\/users\/2"}],"replies":[{"embeddable":true,"href":"https:\/\/ort.fi\/taipale\/wp-json\/wp\/v2\/comments?post=604"}],"version-history":[{"count":18,"href":"https:\/\/ort.fi\/taipale\/wp-json\/wp\/v2\/pages\/604\/revisions"}],"predecessor-version":[{"id":31647,"href":"https:\/\/ort.fi\/taipale\/wp-json\/wp\/v2\/pages\/604\/revisions\/31647"}],"wp:attachment":[{"href":"https:\/\/ort.fi\/taipale\/wp-json\/wp\/v2\/media?parent=604"}],"curies":[{"name":"wp","href":"https:\/\/api.w.org\/{rel}","templated":true}]}}