{"id":5901,"date":"2019-08-27T21:49:45","date_gmt":"2019-08-27T18:49:45","guid":{"rendered":"https:\/\/ort.fi\/taipale\/?page_id=5901"},"modified":"2019-08-29T19:39:59","modified_gmt":"2019-08-29T16:39:59","slug":"praasniekkamatka-obinitsaan-16-20-8-2019","status":"publish","type":"page","link":"https:\/\/ort.fi\/taipale\/kuvagalleriat\/praasniekkamatka-obinitsaan-16-20-8-2019\/","title":{"rendered":"Praasniekkamatka Obinitsaan 16.-20.8.2019"},"content":{"rendered":"<p class=\"Standard\">J\u00e4lleen unohtumaton praasniekkamatka Obinitsan yst\u00e4vien vieraaksi<\/p>\n<p class=\"Standard\">Viron Ortodoksien S\u00f5brad ry:n j\u00e4rjest\u00e4m\u00e4 pyhiinvaellus Obinitsan praasniekoille toteutui viiden vuoden tauon j\u00e4lkeen. Obinitsan seurakunnan Kristuksen kirkastumisen kirkon juhlaa vietet\u00e4\u00e4n juliaanisen kalenterin mukaan 19. elokuuta.<\/p>\n<p class=\"Standard\">Tartto \u2013 Viron kulttuurin syd\u00e4n<\/p>\n<p class=\"Standard\">Retkikuntamme starttasi Joensuusta 16. elokuuta kello 4.30 matkanjohtajamme Anna-Kaisan ja kuljettajamme Jussin johdolla ja pudotteli Taipaleen kylien kautta kohti Helsingin satamaa. Pitk\u00e4n matkap\u00e4iv\u00e4n p\u00e4\u00e4tteeksi 35-henkinen pyhiinvaeltajaryhm\u00e4mme saapui Tarttoon, jossa y\u00f6vyimme matkamme kaksi ensimm\u00e4ist\u00e4 y\u00f6t\u00e4.<\/p>\n<p class=\"Standard\">Kokonainen p\u00e4iv\u00e4 Tartossa, Viron kulttuurin, sivistyksen ja tieteen keskuksessa, piti sis\u00e4ll\u00e4\u00e4n yhteisen vierailun henke\u00e4salpaavan upeassa Viron Kansallismuseossa. N\u00e4yttelyt johdattivat kauniille ja puhuttelevalle matkalle suomalais-ugrilaisten kansojen kulttuuriin, sek\u00e4 Viron vaiherikkaaseen ja monia traagisia lukuja sis\u00e4lt\u00e4v\u00e4\u00e4n historiaan.<\/p>\n<p class=\"Standard\">Tarttoon oli jokaisella mahdollisuus tutustua my\u00f6s omatoimisesti. Pyh\u00e4n Johanneksen kirkko 1300-luvulta, vanhan kaupungin kadut ja kahvilat, vanhan yliopiston (Pohjois-Euroopan vanhimpia!) museoalue, sek\u00e4 kasvitieteellinen puutarha olivat suosittuja kohteita.<\/p>\n<p class=\"Standard\">Obinitsa \u2013 yst\u00e4v\u00e4t vastassamme<\/p>\n<p class=\"Standard\">Sunnuntaina saavuimme Obinitsaan, miss\u00e4 tutustuimme kyl\u00e4\u00e4n \u201dseurakunnan vanhimman\u201d Guuri Piholaanin opastuksella. Setu-museossa saimme v\u00e4rikk\u00e4\u00e4n esityksen setunaisen kansanpuvusta ja h\u00e4\u00e4perinteist\u00e4, joissa on h\u00e4kellytt\u00e4v\u00e4n paljon yhteist\u00e4 vanhoihin karjalaisiin perinteisiin. Ei setuja suotta ole kutsuttu Viron karjalaisiksi!<\/p>\n<p class=\"Standard\">Kyl\u00e4keskuksessa saimme nauttia Itin (os. Sallinen) maittavista ruuista, sek\u00e4 k\u00e4sity\u00f6taiteilija Terje Lillmaan hienon n\u00e4yttelyn \u2013 \u201d101 neulatyyny\u00e4\u201d \u2013 avajaisista. Illalla osallistuimme Obinitsan praasniekkapalveluksiin, vigiliaan, ristisaattoon ja vedenpyhitykseen j\u00e4rven rannalle.<\/p>\n<p class=\"Standard\">Liturgia-aamuna ajelimme y\u00f6paikastamme V\u00f5rusta Obinitsaan ja osallistuimme liturgiaan juhlaa viett\u00e4v\u00e4ss\u00e4 Kristuksen kirkastumisen kirkossa. Kirkkoherra Viktor Ivask oli tehnyt seurakunnan kanssa valtavasti t\u00f6it\u00e4 kirkon kaunistamiseksi. \u00c4sken olivat valmistuneet unkarilaisten taiteilijoiden tekem\u00e4t koristemaalaukset. Kirkko oli nyt todella kaunis ja is\u00e4 Viktor esitteli sit\u00e4 syyst\u00e4kin ylpe\u00e4n\u00e4 vieraille.<\/p>\n<p class=\"Standard\">Liturgian toimittivat Tallinnan ja koko Viron metropoliitta Stefanos ja P\u00e4rnun ja Saaren piispa Aleksander yhdess\u00e4 papiston kanssa. Is\u00e4 Tuomas ja Kaisu laulajineen osallistuivat palvelusten toimittamiseen.<\/p>\n<p class=\"Standard\">Liturgian j\u00e4lkeen ryhm\u00e4mme ojensi Obinitsan seurakunnalle muistolahjaksi Marjatta Ruotsalaisen tekem\u00e4n kauniin helmi-ikonin. Kiitospuheessaan is\u00e4 Tuomas viittasi siihen, miten kaikki hyv\u00e4 ja kaunis syntyy hitaasti: niin edellisen\u00e4 p\u00e4iv\u00e4n\u00e4 ihastelemamme Terjen neulatyynyt kuin Marjatan helmi-ikoni, niin my\u00f6s yst\u00e4vyytemme Suomenlahden yli. Yli 20 vuotta on VOS ry pit\u00e4nyt yll\u00e4 t\u00e4t\u00e4 arvokasta yst\u00e4vyytt\u00e4, jonka t\u00e4rkeit\u00e4 ilmenemismuotoja ovat vastavuoroiset vierailut.<\/p>\n<p class=\"Standard\">Yhteytt\u00e4 kuolemankin rajan yli<\/p>\n<p class=\"Standard\">Monelle mieleenpainuvin osuus pyhiinvaelluksestamme oli osallistuminen liturgian j\u00e4lkeen hautausmaalla vietettyihin muistopalveluksiin ja -aterioihin. Tuhannet ihmiset kansoittavat hautausmaan praasniekkap\u00e4iv\u00e4n\u00e4, haudoille katetaan herkuista notkuvia p\u00f6yti\u00e4, kaiken ik\u00e4iset seurustelevat haudoilla, itkien ja nauraen. Hautausmaa t\u00e4yttyy leikkivien lasten ja sukulaisiaan tapaavien ihmisten \u00e4\u00e4nist\u00e4.<\/p>\n<p class=\"Standard\">Is\u00e4 Tuomas, Kaisu ja laulajat kutsuttiin monelle haudalle toimittamaan muistopalveluksia ja nauttimaan ihmisten vieraanvaraisuudesta.<\/p>\n<p class=\"Standard\">Obinitsan ohjelmaan liittyy aina yll\u00e4tyksi\u00e4, niin nytkin: L\u00f6ysimme itsemme upeasta mieslaulajien konsertista seltsimajan pihamaalta, miss\u00e4 soivat setumiesten \u00e4\u00e4net \u2013 jykev\u00e4t kuin leip\u00e4ty\u00f6t\u00e4\u00e4n kiert\u00e4v\u00e4t myllynkivet, sek\u00e4 georgialaisten huippulaulajien laulanta \u2013 kuin vuoristojen kaikukammioista kohoava tuulen pauhu!<\/p>\n<p class=\"Standard\">Kotimatka Paiden pikkukaupungin kautta koti-Suomeen sujui laulun raikuessa linja-autossa ja kiitollisen mielen viihtyess\u00e4 kallisarvoisissa muistoissa. Milloin j\u00e4lleen palaamme yst\u00e4vien luokse, kauniiseen sielua soittavaan setomaahan?<\/p>\n<p class=\"Standard\">Is\u00e4np\u00e4iv\u00e4n iltana 10.11. klo 17 VOS ry kutsuu kaikkia kiinnostuneita Viinij\u00e4rven vanhaan pappilaan osallistumaan Obinitsan matkan muisteloihin. Toivomme, ett\u00e4 yh\u00e4 uudet ihmiset l\u00f6yt\u00e4isiv\u00e4t t\u00e4m\u00e4n l\u00e4hteen, josta pulppuaa iloa, kauneutta ja el\u00e4m\u00e4n t\u00e4yteytt\u00e4!<\/p>\n<p class=\"Standard\">Is\u00e4 Tuomas Kallonen<\/p>\n<p>Kuvat: Markku Haapalainen ja Tuomas Kallonen<br \/>\n<div class=\"addtoany_shortcode\"><div class=\"a2a_kit a2a_kit_size_32 addtoany_list\" data-a2a-url=\"https:\/\/ort.fi\/taipale\/kuvagalleriat\/praasniekkamatka-obinitsaan-16-20-8-2019\/\" data-a2a-title=\"Praasniekkamatka Obinitsaan 16.-20.8.2019\"><a class=\"a2a_button_facebook\" href=\"https:\/\/www.addtoany.com\/add_to\/facebook?linkurl=https%3A%2F%2Fort.fi%2Ftaipale%2Fkuvagalleriat%2Fpraasniekkamatka-obinitsaan-16-20-8-2019%2F&amp;linkname=Praasniekkamatka%20Obinitsaan%2016.-20.8.2019\" title=\"Facebook\" rel=\"nofollow noopener\" target=\"_blank\"><\/a><a class=\"a2a_button_twitter\" href=\"https:\/\/www.addtoany.com\/add_to\/twitter?linkurl=https%3A%2F%2Fort.fi%2Ftaipale%2Fkuvagalleriat%2Fpraasniekkamatka-obinitsaan-16-20-8-2019%2F&amp;linkname=Praasniekkamatka%20Obinitsaan%2016.-20.8.2019\" title=\"Twitter\" rel=\"nofollow noopener\" target=\"_blank\"><\/a><a class=\"a2a_button_whatsapp\" href=\"https:\/\/www.addtoany.com\/add_to\/whatsapp?linkurl=https%3A%2F%2Fort.fi%2Ftaipale%2Fkuvagalleriat%2Fpraasniekkamatka-obinitsaan-16-20-8-2019%2F&amp;linkname=Praasniekkamatka%20Obinitsaan%2016.-20.8.2019\" title=\"WhatsApp\" rel=\"nofollow noopener\" target=\"_blank\"><\/a><a class=\"a2a_button_email\" href=\"https:\/\/www.addtoany.com\/add_to\/email?linkurl=https%3A%2F%2Fort.fi%2Ftaipale%2Fkuvagalleriat%2Fpraasniekkamatka-obinitsaan-16-20-8-2019%2F&amp;linkname=Praasniekkamatka%20Obinitsaan%2016.-20.8.2019\" title=\"Email\" rel=\"nofollow noopener\" target=\"_blank\"><\/a><a class=\"a2a_dd addtoany_share_save addtoany_share\" href=\"https:\/\/www.addtoany.com\/share\"><\/a><\/div><\/div><\/p>\nngg_shortcode_0_placeholder\n","protected":false},"excerpt":{"rendered":"<p>J\u00e4lleen unohtumaton praasniekkamatka Obinitsan yst\u00e4vien vieraaksi Viron Ortodoksien S\u00f5brad ry:n j\u00e4rjest\u00e4m\u00e4 pyhiinvaellus Obinitsan praasniekoille toteutui viiden vuoden tauon j\u00e4lkeen. Obinitsan seurakunnan Kristuksen kirkastumisen kirkon juhlaa vietet\u00e4\u00e4n juliaanisen kalenterin mukaan 19. &#8230; <a title=\"Praasniekkamatka Obinitsaan 16.-20.8.2019\" class=\"read-more\" href=\"https:\/\/ort.fi\/taipale\/kuvagalleriat\/praasniekkamatka-obinitsaan-16-20-8-2019\/\" aria-label=\"Lue lis\u00e4\u00e4 aiheesta Praasniekkamatka Obinitsaan 16.-20.8.2019\">Lue lis\u00e4\u00e4<\/a><\/p>\n","protected":false},"author":6,"featured_media":0,"parent":604,"menu_order":-5,"comment_status":"closed","ping_status":"closed","template":"","meta":{"ngg_post_thumbnail":0,"footnotes":""},"class_list":["post-5901","page","type-page","status-publish"],"_links":{"self":[{"href":"https:\/\/ort.fi\/taipale\/wp-json\/wp\/v2\/pages\/5901","targetHints":{"allow":["GET"]}}],"collection":[{"href":"https:\/\/ort.fi\/taipale\/wp-json\/wp\/v2\/pages"}],"about":[{"href":"https:\/\/ort.fi\/taipale\/wp-json\/wp\/v2\/types\/page"}],"author":[{"embeddable":true,"href":"https:\/\/ort.fi\/taipale\/wp-json\/wp\/v2\/users\/6"}],"replies":[{"embeddable":true,"href":"https:\/\/ort.fi\/taipale\/wp-json\/wp\/v2\/comments?post=5901"}],"version-history":[{"count":5,"href":"https:\/\/ort.fi\/taipale\/wp-json\/wp\/v2\/pages\/5901\/revisions"}],"predecessor-version":[{"id":5915,"href":"https:\/\/ort.fi\/taipale\/wp-json\/wp\/v2\/pages\/5901\/revisions\/5915"}],"up":[{"embeddable":true,"href":"https:\/\/ort.fi\/taipale\/wp-json\/wp\/v2\/pages\/604"}],"wp:attachment":[{"href":"https:\/\/ort.fi\/taipale\/wp-json\/wp\/v2\/media?parent=5901"}],"curies":[{"name":"wp","href":"https:\/\/api.w.org\/{rel}","templated":true}]}}