{"id":5409,"date":"2019-08-12T18:50:32","date_gmt":"2019-08-12T15:50:32","guid":{"rendered":"https:\/\/ort.fi\/taipale\/?page_id=5409"},"modified":"2019-08-12T18:50:32","modified_gmt":"2019-08-12T15:50:32","slug":"jumalan-temppeli-olette-te","status":"publish","type":"page","link":"https:\/\/ort.fi\/taipale\/opetuskirjoituksia\/jumalan-temppeli-olette-te\/","title":{"rendered":"Jumalan temppeli olette te!"},"content":{"rendered":"<p>Viile\u00e4ss\u00e4 kes\u00e4ss\u00e4 on k\u00e4ynyt kuumana keskustelu ortodoksisten seurakuntien kiinteist\u00f6ist\u00e4. Moni on hieraissut ep\u00e4uskoisena silmi\u00e4\u00e4n, kun on saanut maakuntalehdest\u00e4 lukea oman kotikirkon olevan lakkautuslistalla.<\/p>\n<p>H\u00e4mmennyst\u00e4 her\u00e4tt\u00e4nyt uutisointi on ollut harhaanjohtavaa. Kyseess\u00e4 on vasta seurakunnille l\u00e4hetetty kirkon kiinteist\u00f6ty\u00f6ryhm\u00e4n esitys, johon seurakunnat antavat oman vastauksensa elokuun loppuun menness\u00e4. Taipaleella ei moiseen pyh\u00e4k\u00f6iden karsimiseen ole t\u00e4ll\u00e4 hetkell\u00e4 tarvetta.<\/p>\n<p>Monen mieless\u00e4 on kuitenkin her\u00e4nnyt ep\u00e4ilys: onko oman pyh\u00e4k\u00f6n tulevaisuus turvattu? T\u00e4m\u00e4 huoli on terveellinen, riippumatta kaikista raporteista ja esityksist\u00e4. Vaikka kysymys n\u00e4ytt\u00e4\u00e4 kuuluvan seurakunnan talouden piiriin, on se ytimelt\u00e4\u00e4n hengellinen kysymys.<\/p>\n<p>El\u00e4mme aikaa, jona meill\u00e4 suomalaisilla on enemm\u00e4n vaurautta kuin koskaan \u2013 ja samalla raha ei tunnu riitt\u00e4v\u00e4n mihink\u00e4\u00e4n. Meill\u00e4 on enemm\u00e4n vapaa-aikaa kuin koskaan \u2013 ja samalla aikamme ei tunnu riitt\u00e4v\u00e4n mihink\u00e4\u00e4n. Todellisuudessa rahamme ja aikamme riitt\u00e4v\u00e4t eritt\u00e4in hyvin siihen, mink\u00e4 me katsomme kaikkein t\u00e4rkeimm\u00e4ksi. Mik\u00e4\u00e4n ei pys\u00e4yt\u00e4 ihmist\u00e4 tai yhteis\u00f6\u00e4, joka innostuu palavasti jostakin ja laittaa ty\u00f6h\u00f6n syd\u00e4mens\u00e4 ja lahjansa, s\u00e4\u00e4stelem\u00e4tt\u00e4 aikaansa ja voimiaan.<\/p>\n<p>Apostoli Paavali kirjoittaa kirjeess\u00e4\u00e4n Korintin seurakunnalle: \u201dJumalalta saamani armon mukaan olen taitavan rakentajan tavoin laskenut perustuksen, jolle joku toinen rakentaa&#8230; Perustus on jo laskettu, ja se on Jeesus Kristus.\u201d T\u00e4lle apostolien julistamalle evankeliumille alkoi rakentua kirkko, joka on yhteis\u00f6 \u2013 <em>kyriake, <\/em>Herran oma<em>. <\/em>Kristus on perustus, jolle seurakuntien paimenet alkoivat rakentaa uskonyhteis\u00f6\u00e4, rukouksen, palvelemisen ja rakkauden yhteis\u00f6\u00e4.<\/p>\n<p>Uudessa testamentissa kuvatut nuoret seurakunnat kokoontuivat uskovien kodeissa, kirkkorakennuksia ei viel\u00e4 ollut. Apostoli Paavali kirjoittaa korinttilaisille: \u201dEttek\u00f6 tied\u00e4, ett\u00e4 te olette Jumalan temppeli ja ett\u00e4 Jumalan Henki asuu teiss\u00e4? Jumalan temppeli on pyh\u00e4, ja t\u00e4m\u00e4 temppeli olette te.\u201d<\/p>\n<p>Jokainen kristitty on kutsuttu olemaan Pyh\u00e4n Hengen temppeli ja rakentumaan yhdess\u00e4 muiden uskovien kanssa Jumalan temppeliksi. T\u00e4m\u00e4 temppeli on Jumalan itsens\u00e4 rakentama, ja me olemme siin\u00e4 el\u00e4vi\u00e4 rakennuskivi\u00e4.<\/p>\n<p>T\u00e4m\u00e4 ei tarkoita, ett\u00e4 kirkkorakennuksemme eiv\u00e4t olisi t\u00e4rkeit\u00e4. Ne ovat \u00e4\u00e4rimm\u00e4isen t\u00e4rkeit\u00e4, mutta nimenomaan el\u00e4v\u00e4n seurakuntayhteis\u00f6n kokoontumisen paikkoina. Ne kutsuvat meit\u00e4 yhteen rukouksen, pyhien kirjoitusten ja sakramenttien \u00e4\u00e4relle. Ne her\u00e4tt\u00e4v\u00e4t meiss\u00e4 rakkautta Jumalaa ja l\u00e4himm\u00e4isi\u00e4 kohtaan, joka toteutuu palvelemisena.<\/p>\n<p>Pyh\u00e4k\u00f6st\u00e4 huolehtiminen, sen kaunistaminen ja siin\u00e4 palveleminen rakentavat seurakuntayhteis\u00f6\u00e4 ja meit\u00e4 itse\u00e4mme, yhteis\u00f6n j\u00e4seni\u00e4. Yhteen kokoontuessamme n\u00e4emme toisemme, toistemme huolet ja taakat \u2013 ja voimme kannatella toisiamme rukouksella ja palvelevalla rakkaudella. N\u00e4in, jaetun uskon ja el\u00e4m\u00e4n kautta, meist\u00e4 rakentuu el\u00e4v\u00e4 Jumalan temppeli.<\/p>\n<p>Kirkkorakennukset ovat er\u00e4\u00e4nlaisia rakennusty\u00f6maita, joissa Jumala rakentaa meist\u00e4 ihmisist\u00e4 omaa temppeli\u00e4\u00e4n. Tuon temppelin valmistuminen siint\u00e4\u00e4 aikojen lopussa; se rakennetaan iankaikkisuutta varten. Jokainen kirkkorakennus on olemassa vain t\u00e4t\u00e4 p\u00e4\u00e4m\u00e4\u00e4r\u00e4\u00e4 varten.<\/p>\n<p>Siis onko oman pyh\u00e4kk\u00f6ni tulevaisuus turvattu? Ei, ilman sinua ja minua se ei ole turvattu. Mutta jos me uskomme ja tahdomme, jos me rakastamme seurakuntaamme ja onnistumme viel\u00e4 levitt\u00e4m\u00e4\u00e4n tuota rakkautta \u2013 jos Jumala rakentaa meid\u00e4n kanssamme, kuka sellaista pystyy hajoittamaan?<\/p>\n<p>Tuomas Kallonen<\/p>\n","protected":false},"excerpt":{"rendered":"<p>Viile\u00e4ss\u00e4 kes\u00e4ss\u00e4 on k\u00e4ynyt kuumana keskustelu ortodoksisten seurakuntien kiinteist\u00f6ist\u00e4. Moni on hieraissut ep\u00e4uskoisena silmi\u00e4\u00e4n, kun on saanut maakuntalehdest\u00e4 lukea oman kotikirkon olevan lakkautuslistalla. H\u00e4mmennyst\u00e4 her\u00e4tt\u00e4nyt uutisointi on ollut harhaanjohtavaa. Kyseess\u00e4 &#8230; <a title=\"Jumalan temppeli olette te!\" class=\"read-more\" href=\"https:\/\/ort.fi\/taipale\/opetuskirjoituksia\/jumalan-temppeli-olette-te\/\" aria-label=\"Lue lis\u00e4\u00e4 aiheesta Jumalan temppeli olette te!\">Lue lis\u00e4\u00e4<\/a><\/p>\n","protected":false},"author":6,"featured_media":0,"parent":630,"menu_order":0,"comment_status":"closed","ping_status":"closed","template":"","meta":{"ngg_post_thumbnail":0,"footnotes":""},"class_list":["post-5409","page","type-page","status-publish"],"_links":{"self":[{"href":"https:\/\/ort.fi\/taipale\/wp-json\/wp\/v2\/pages\/5409","targetHints":{"allow":["GET"]}}],"collection":[{"href":"https:\/\/ort.fi\/taipale\/wp-json\/wp\/v2\/pages"}],"about":[{"href":"https:\/\/ort.fi\/taipale\/wp-json\/wp\/v2\/types\/page"}],"author":[{"embeddable":true,"href":"https:\/\/ort.fi\/taipale\/wp-json\/wp\/v2\/users\/6"}],"replies":[{"embeddable":true,"href":"https:\/\/ort.fi\/taipale\/wp-json\/wp\/v2\/comments?post=5409"}],"version-history":[{"count":1,"href":"https:\/\/ort.fi\/taipale\/wp-json\/wp\/v2\/pages\/5409\/revisions"}],"predecessor-version":[{"id":5411,"href":"https:\/\/ort.fi\/taipale\/wp-json\/wp\/v2\/pages\/5409\/revisions\/5411"}],"up":[{"embeddable":true,"href":"https:\/\/ort.fi\/taipale\/wp-json\/wp\/v2\/pages\/630"}],"wp:attachment":[{"href":"https:\/\/ort.fi\/taipale\/wp-json\/wp\/v2\/media?parent=5409"}],"curies":[{"name":"wp","href":"https:\/\/api.w.org\/{rel}","templated":true}]}}