{"id":5405,"date":"2019-08-12T18:37:53","date_gmt":"2019-08-12T15:37:53","guid":{"rendered":"https:\/\/ort.fi\/taipale\/?page_id=5405"},"modified":"2019-08-27T23:00:06","modified_gmt":"2019-08-27T20:00:06","slug":"kesan-2019-lastenleiri","status":"publish","type":"page","link":"https:\/\/ort.fi\/taipale\/kuvagalleriat\/kesan-2019-lastenleiri\/","title":{"rendered":"Kes\u00e4n 2019 lastenleiri"},"content":{"rendered":"<p>Luovuus kukki kauniisti Taipaleen lastenleirill\u00e4<\/p>\n<p>Kes\u00e4s\u00e4\u00e4 ei n\u00e4ytt\u00e4nyt kauneimpia kasvojaan, kun S\u00e4ynelammen leirikeskuksessa aloiteltiin Taipaleen lastenleiri\u00e4 hein\u00e4kuun viimeisen\u00e4 p\u00e4iv\u00e4n\u00e4. T\u00e4st\u00e4 ei 19 reipasta leiril\u00e4ist\u00e4 ja koko joukko innokkaita ohjaajia lannistunut, vaan nelj\u00e4n p\u00e4iv\u00e4n leirist\u00e4 sukeutui aivan ikimuistoisen hieno kokemus!<\/p>\n<p>Luovuus &#8211; lahja Luojalta<\/p>\n<p>T\u00e4m\u00e4n kes\u00e4n leirill\u00e4 oli teemana &#8221;Luovuus &#8211; lahja Luojalta&#8221;. Teemaan liittyv\u00e4\u00e4 ohjelmaa oli leirill\u00e4 p\u00e4ivitt\u00e4in kuvaamataidon opettaja Taina Mannilan ohjauksessa. Tainan upeat kukka-asetelmat tekiv\u00e4t leiriarjestakin juhlaa, kun p\u00e4\u00e4rakennuksen sali loisti hehkuvissa v\u00e4reiss\u00e4. Pian kukkien v\u00e4riloistoon yhdistyi leiril\u00e4isten taideteokset: savesta, maalista, v\u00e4riliiduista, helmist\u00e4, huovustusvillasta&#8230; Tuli todistetuksi, ett\u00e4 jokaisella ihmisell\u00e4 on luovuuden lahja ja kyky nauttia k\u00e4sill\u00e4 tekemisest\u00e4, kun tekemiseen liittyy sopivasti vapautta &#8211; n\u00e4hd\u00e4 ja luoda omalla tavalla.<\/p>\n<p>Luoviin teht\u00e4viin liittyi my\u00f6s hengellinen ulottuvuus. Vaikkapa savit\u00f6ihin ryhtymisen edell\u00e4 luettiin Raamatusta, miten Jumala muovasi ihmisen maan tomusta, jonka vesi oli kostuttanut &#8211; ja puhalsi t\u00e4h\u00e4n luomukseensa hengen. Aivan samoin leiril\u00e4iset, pienet luojat, saivat k\u00e4siins\u00e4 savenpalasen, josta he saivat muovata oman mielens\u00e4 mukaisen olennon, rakentaa sille kotia ja mietti\u00e4 sen ominaispiirteit\u00e4 ja erityisi\u00e4 tarpeita.<\/p>\n<p>Ei aikaa puhelimelle<\/p>\n<p>Leirill\u00e4 oli my\u00f6s muuta hienoa ohjelmaa. Leiril\u00e4iset p\u00e4\u00e4siv\u00e4t pienryhmiss\u00e4 kokeilemaan kanootilla melomista, musiikkipajaa, rukousnauhan askartelua ja kivimaalausta. Ulkona ja sis\u00e4ll\u00e4 leikittiin leirileikkej\u00e4 &#8211; padaa! &#8211; ja salissa p\u00f6yd\u00e4lle nostettiin toinen toistaan hauskempia lautapelej\u00e4. \u00c4lypuhelimet j\u00e4iv\u00e4t leirin aikana v\u00e4h\u00e4lle k\u00e4yt\u00f6lle! Ja vaikka meit\u00e4 eiv\u00e4t suoranaisesti helteet hellineetk\u00e4\u00e4n, tokihan lerill\u00e4 saunottiin ja uitiin, istuttiin iltanuotiolla ja kisattiin pihamaalla.<\/p>\n<p>My\u00f6s karvaiset yst\u00e4v\u00e4t olivat leirill\u00e4 t\u00e4rke\u00e4ss\u00e4 osassa. Ohjaaja Elisan koirat k\u00e4viv\u00e4t j\u00e4lleen vierailulla lapsia ihastuttamassa. T\u00e4n\u00e4 kes\u00e4n\u00e4 oli leirill\u00e4 my\u00f6s uusia kotiel\u00e4imi\u00e4: Tainan kaksi vuohta, Kaisa ja Huuru, laidunsivat ja m\u00e4-\u00e4-\u00e4-kiv\u00e4t koko leirin ajan leirikeskuksen heinikoissa ja haukkasivat kaikkea vihre\u00e4\u00e4, mit\u00e4 liekanarun kantamalta l\u00f6ysiv\u00e4t. Aina ohikulkiessa tarttui portaanpielen kukkaruukustakin maistiaiset Huurun suuhun. Lapset saivat vuorotellen ruokkia, harjata ja talutella vuohia.<\/p>\n<p>Lopuksi kiitollinen mieli<\/p>\n<p>Leiri huipentui lauantaiaamun liturgiaan, ateriaan ja ohjelmalliseen juhlaan, johon oli kutsuttu leiril\u00e4isten perheit\u00e4. Sek\u00e4 pihamaalla ett\u00e4 sis\u00e4ll\u00e4 oli esill\u00e4 leirin aikana syntyneit\u00e4 kauniita luomuksia. Omien k\u00e4tten t\u00f6it\u00e4 esiteltiin ylpein\u00e4 vanhemmille. Kuinka paljon iloa saakaan kauneudesta ja luovuudesta &#8211; Luojan lahjoista!<\/p>\n<p>Kiitokset erinomaisesta leirist\u00e4 sen johtajalle Maiju Federleylle, joka teki hienon ensimm\u00e4isen leirins\u00e4 Taipaleella, mahtavalle leiriem\u00e4nn\u00e4lle Hilkka Lihavaiselle ja apulaiselleen Mikaelille, upeille ohjaajille Polinalle, Elisalle, Annalle, Reetalle, Helmille ja Jaakolle, leirin vara\u00e4idille ja taiteilijalle Taina Mannilalle, sek\u00e4 19 ihanalle leiril\u00e4iselle. Leirin papille is\u00e4 Tuomakselle ja kanttorille Kaisulle j\u00e4i leirist\u00e4 niin hyv\u00e4 mieli, ett\u00e4 sill\u00e4 menn\u00e4\u00e4n pitk\u00e4lle syksyyn.<\/p>\n<p>Kiitos Jumalalle ja leirikeskuksen esirukoilijalle pyh\u00e4lle Johannes Ven\u00e4l\u00e4iselle, ett\u00e4 saimme viett\u00e4\u00e4 ihanat p\u00e4iv\u00e4t Jumalan armon kirkkaassa varjossa.<\/p>\n<p>N\u00e4hd\u00e4\u00e4n taas ensi kes\u00e4n\u00e4 S\u00e4ynelammella!<\/p>\n<p>is\u00e4 Tuomas&nbsp;<br \/>\n<div class=\"addtoany_shortcode\"><div class=\"a2a_kit a2a_kit_size_32 addtoany_list\" data-a2a-url=\"https:\/\/ort.fi\/taipale\/kuvagalleriat\/kesan-2019-lastenleiri\/\" data-a2a-title=\"Kes\u00e4n 2019 lastenleiri\"><a class=\"a2a_button_facebook\" href=\"https:\/\/www.addtoany.com\/add_to\/facebook?linkurl=https%3A%2F%2Fort.fi%2Ftaipale%2Fkuvagalleriat%2Fkesan-2019-lastenleiri%2F&amp;linkname=Kes%C3%A4n%202019%20lastenleiri\" title=\"Facebook\" rel=\"nofollow noopener\" target=\"_blank\"><\/a><a class=\"a2a_button_twitter\" href=\"https:\/\/www.addtoany.com\/add_to\/twitter?linkurl=https%3A%2F%2Fort.fi%2Ftaipale%2Fkuvagalleriat%2Fkesan-2019-lastenleiri%2F&amp;linkname=Kes%C3%A4n%202019%20lastenleiri\" title=\"Twitter\" rel=\"nofollow noopener\" target=\"_blank\"><\/a><a class=\"a2a_button_whatsapp\" href=\"https:\/\/www.addtoany.com\/add_to\/whatsapp?linkurl=https%3A%2F%2Fort.fi%2Ftaipale%2Fkuvagalleriat%2Fkesan-2019-lastenleiri%2F&amp;linkname=Kes%C3%A4n%202019%20lastenleiri\" title=\"WhatsApp\" rel=\"nofollow noopener\" target=\"_blank\"><\/a><a class=\"a2a_button_email\" href=\"https:\/\/www.addtoany.com\/add_to\/email?linkurl=https%3A%2F%2Fort.fi%2Ftaipale%2Fkuvagalleriat%2Fkesan-2019-lastenleiri%2F&amp;linkname=Kes%C3%A4n%202019%20lastenleiri\" title=\"Email\" rel=\"nofollow noopener\" target=\"_blank\"><\/a><a class=\"a2a_dd addtoany_share_save addtoany_share\" href=\"https:\/\/www.addtoany.com\/share\"><\/a><\/div><\/div><\/p>\nngg_shortcode_0_placeholder\n","protected":false},"excerpt":{"rendered":"<p>Luovuus kukki kauniisti Taipaleen lastenleirill\u00e4 Kes\u00e4s\u00e4\u00e4 ei n\u00e4ytt\u00e4nyt kauneimpia kasvojaan, kun S\u00e4ynelammen leirikeskuksessa aloiteltiin Taipaleen lastenleiri\u00e4 hein\u00e4kuun viimeisen\u00e4 p\u00e4iv\u00e4n\u00e4. T\u00e4st\u00e4 ei 19 reipasta leiril\u00e4ist\u00e4 ja koko joukko innokkaita ohjaajia lannistunut, &#8230; <a title=\"Kes\u00e4n 2019 lastenleiri\" class=\"read-more\" href=\"https:\/\/ort.fi\/taipale\/kuvagalleriat\/kesan-2019-lastenleiri\/\" aria-label=\"Lue lis\u00e4\u00e4 aiheesta Kes\u00e4n 2019 lastenleiri\">Lue lis\u00e4\u00e4<\/a><\/p>\n","protected":false},"author":6,"featured_media":0,"parent":604,"menu_order":-4,"comment_status":"closed","ping_status":"closed","template":"","meta":{"ngg_post_thumbnail":0,"footnotes":""},"class_list":["post-5405","page","type-page","status-publish"],"_links":{"self":[{"href":"https:\/\/ort.fi\/taipale\/wp-json\/wp\/v2\/pages\/5405","targetHints":{"allow":["GET"]}}],"collection":[{"href":"https:\/\/ort.fi\/taipale\/wp-json\/wp\/v2\/pages"}],"about":[{"href":"https:\/\/ort.fi\/taipale\/wp-json\/wp\/v2\/types\/page"}],"author":[{"embeddable":true,"href":"https:\/\/ort.fi\/taipale\/wp-json\/wp\/v2\/users\/6"}],"replies":[{"embeddable":true,"href":"https:\/\/ort.fi\/taipale\/wp-json\/wp\/v2\/comments?post=5405"}],"version-history":[{"count":4,"href":"https:\/\/ort.fi\/taipale\/wp-json\/wp\/v2\/pages\/5405\/revisions"}],"predecessor-version":[{"id":5909,"href":"https:\/\/ort.fi\/taipale\/wp-json\/wp\/v2\/pages\/5405\/revisions\/5909"}],"up":[{"embeddable":true,"href":"https:\/\/ort.fi\/taipale\/wp-json\/wp\/v2\/pages\/604"}],"wp:attachment":[{"href":"https:\/\/ort.fi\/taipale\/wp-json\/wp\/v2\/media?parent=5405"}],"curies":[{"name":"wp","href":"https:\/\/api.w.org\/{rel}","templated":true}]}}