{"id":442,"date":"2018-11-20T19:21:53","date_gmt":"2018-11-20T17:21:53","guid":{"rendered":"https:\/\/ort.fi\/taipale\/?page_id=442"},"modified":"2025-05-19T11:39:11","modified_gmt":"2025-05-19T08:39:11","slug":"leirikeskus","status":"publish","type":"page","link":"https:\/\/ort.fi\/taipale\/leirikeskus\/","title":{"rendered":"S\u00e4ynelammen pyh\u00e4n Johanneksen leirikeskus"},"content":{"rendered":"<div class=\"kuvitus imagecache-kuva_palsta\">\n<p><strong>Taipaleen ortodoksisen seurakunnan pyh\u00e4n Johanneksen leirikeskus sijaitsee luonnonkauniilla paikalla&nbsp; Polvij\u00e4rvell\u00e4 Ala-S\u00e4ynelammen rannalla. Alueella on pidetty leirej\u00e4 vuodesta 1961 l\u00e4htien.<\/strong><\/p>\n<p><img loading=\"lazy\" decoding=\"async\" class=\"aligncenter wp-image-486\" src=\"https:\/\/ort.fi\/taipale\/wp-content\/uploads\/2018\/11\/S\u00e4ynelammen-leirikeskuksen-p\u00e4\u00e4rakennus-ja-majoitusrakennus-300x169.jpg\" alt=\"\" width=\"500\" height=\"281\" srcset=\"https:\/\/ort.fi\/taipale\/wp-content\/uploads\/2018\/11\/S\u00e4ynelammen-leirikeskuksen-p\u00e4\u00e4rakennus-ja-majoitusrakennus-300x169.jpg 300w, https:\/\/ort.fi\/taipale\/wp-content\/uploads\/2018\/11\/S\u00e4ynelammen-leirikeskuksen-p\u00e4\u00e4rakennus-ja-majoitusrakennus-768x432.jpg 768w, https:\/\/ort.fi\/taipale\/wp-content\/uploads\/2018\/11\/S\u00e4ynelammen-leirikeskuksen-p\u00e4\u00e4rakennus-ja-majoitusrakennus-1024x576.jpg 1024w\" sizes=\"auto, (max-width: 500px) 100vw, 500px\" \/><\/p>\n<p>Leirikeskuksen uusi p\u00e4\u00e4rakennus on valmistunut kes\u00e4ll\u00e4 2015. P\u00e4\u00e4rakennuksen sali toimii leirikeskuksen tsasounana, luento- ja ruokailutilana. Alakerrassa on my\u00f6s nykyaikainen keitti\u00f6. Yl\u00e4kerrasta l\u00f6ytyv\u00e4t tilat ohjaajamajoitukseen. Erillisess\u00e4 majoitusrakennuksessa on kahdessa huoneessa tilaa noin 25-30:lle majoittujalle.<\/p>\n<p><img loading=\"lazy\" decoding=\"async\" class=\"aligncenter wp-image-488\" src=\"https:\/\/ort.fi\/taipale\/wp-content\/uploads\/2018\/11\/S\u00e4ynelammen-nuotiopaikka-300x169.jpg\" alt=\"\" width=\"500\" height=\"281\" srcset=\"https:\/\/ort.fi\/taipale\/wp-content\/uploads\/2018\/11\/S\u00e4ynelammen-nuotiopaikka-300x169.jpg 300w, https:\/\/ort.fi\/taipale\/wp-content\/uploads\/2018\/11\/S\u00e4ynelammen-nuotiopaikka-768x432.jpg 768w, https:\/\/ort.fi\/taipale\/wp-content\/uploads\/2018\/11\/S\u00e4ynelammen-nuotiopaikka-1024x576.jpg 1024w, https:\/\/ort.fi\/taipale\/wp-content\/uploads\/2018\/11\/S\u00e4ynelammen-nuotiopaikka.jpg 1254w\" sizes=\"auto, (max-width: 500px) 100vw, 500px\" \/><\/p>\n<p>Nuotiopaikalta, lammen rannasta, on kaunis n\u00e4kym\u00e4 S\u00e4ynelammelle. Leirikeskuksessa j\u00e4rjestet\u00e4\u00e4n lasten- ja nuorten leirej\u00e4 ja erilaisia tapahtumia ja sit\u00e4 vuokrataan my\u00f6s ulkopuolisille k\u00e4ytt\u00e4jille.<\/p>\n<p><img loading=\"lazy\" decoding=\"async\" class=\"aligncenter wp-image-490\" src=\"https:\/\/ort.fi\/taipale\/wp-content\/uploads\/2018\/11\/DSC_2445-300x169.jpg\" alt=\"\" width=\"500\" height=\"281\" srcset=\"https:\/\/ort.fi\/taipale\/wp-content\/uploads\/2018\/11\/DSC_2445-300x169.jpg 300w, https:\/\/ort.fi\/taipale\/wp-content\/uploads\/2018\/11\/DSC_2445-768x432.jpg 768w, https:\/\/ort.fi\/taipale\/wp-content\/uploads\/2018\/11\/DSC_2445-1024x576.jpg 1024w\" sizes=\"auto, (max-width: 500px) 100vw, 500px\" \/><\/p>\n<p>Leirikeskus on pyhitetty&nbsp;<a href=\"https:\/\/ort.fi\/pyha-johannes-venalainen\" target=\"_blank\" rel=\"noopener noreferrer\">pyh\u00e4lle Johannes Ven\u00e4l\u00e4iselle<\/a>&nbsp;ja sen praasniekkap\u00e4iv\u00e4 on 27.5.<\/p>\n<\/div>\n<p>Osoite: Syv\u00e4lahdentie 7, Polvij\u00e4rvi.<\/p>\n<p><iframe loading=\"lazy\" style=\"border: 0;\" src=\"https:\/\/www.google.com\/maps\/embed?pb=!1m14!1m8!1m3!1d58506.34581711473!2d29.537267000000003!3d62.725936000000004!3m2!1i1024!2i768!4f13.1!3m3!1m2!1s0x0%3A0x1f1a50b89c865303!2sS%C3%A4ynelammen+Pyh%C3%A4n+Johanneksen+leirikeskus!5e0!3m2!1sfi!2sfi!4v1542734303443\" width=\"700\" height=\"400\" frameborder=\"0\" allowfullscreen=\"allowfullscreen\"><span data-mce-type=\"bookmark\" style=\"display: inline-block; width: 0px; overflow: hidden; line-height: 0;\" class=\"mce_SELRES_start\">\ufeff<\/span><\/iframe><\/p>\n<p>&nbsp; &nbsp; &nbsp;<br \/>\nKuvagalleria leirikeskuksesta<\/p>\nngg_shortcode_0_placeholder\n","protected":false},"excerpt":{"rendered":"<p>Taipaleen ortodoksisen seurakunnan pyh\u00e4n Johanneksen leirikeskus sijaitsee luonnonkauniilla paikalla&nbsp; Polvij\u00e4rvell\u00e4 Ala-S\u00e4ynelammen rannalla. Alueella on pidetty leirej\u00e4 vuodesta 1961 l\u00e4htien. Leirikeskuksen uusi p\u00e4\u00e4rakennus on valmistunut kes\u00e4ll\u00e4 2015. P\u00e4\u00e4rakennuksen sali toimii leirikeskuksen &#8230; <a title=\"S\u00e4ynelammen pyh\u00e4n Johanneksen leirikeskus\" class=\"read-more\" href=\"https:\/\/ort.fi\/taipale\/leirikeskus\/\" aria-label=\"Lue lis\u00e4\u00e4 aiheesta S\u00e4ynelammen pyh\u00e4n Johanneksen leirikeskus\">Lue lis\u00e4\u00e4<\/a><\/p>\n","protected":false},"author":6,"featured_media":0,"parent":0,"menu_order":0,"comment_status":"closed","ping_status":"closed","template":"","meta":{"ngg_post_thumbnail":0,"footnotes":""},"class_list":["post-442","page","type-page","status-publish"],"_links":{"self":[{"href":"https:\/\/ort.fi\/taipale\/wp-json\/wp\/v2\/pages\/442","targetHints":{"allow":["GET"]}}],"collection":[{"href":"https:\/\/ort.fi\/taipale\/wp-json\/wp\/v2\/pages"}],"about":[{"href":"https:\/\/ort.fi\/taipale\/wp-json\/wp\/v2\/types\/page"}],"author":[{"embeddable":true,"href":"https:\/\/ort.fi\/taipale\/wp-json\/wp\/v2\/users\/6"}],"replies":[{"embeddable":true,"href":"https:\/\/ort.fi\/taipale\/wp-json\/wp\/v2\/comments?post=442"}],"version-history":[{"count":19,"href":"https:\/\/ort.fi\/taipale\/wp-json\/wp\/v2\/pages\/442\/revisions"}],"predecessor-version":[{"id":29111,"href":"https:\/\/ort.fi\/taipale\/wp-json\/wp\/v2\/pages\/442\/revisions\/29111"}],"wp:attachment":[{"href":"https:\/\/ort.fi\/taipale\/wp-json\/wp\/v2\/media?parent=442"}],"curies":[{"name":"wp","href":"https:\/\/api.w.org\/{rel}","templated":true}]}}