{"id":4347,"date":"2019-04-25T21:13:31","date_gmt":"2019-04-25T18:13:31","guid":{"rendered":"https:\/\/ort.fi\/taipale\/?page_id=4347"},"modified":"2019-04-25T21:14:40","modified_gmt":"2019-04-25T18:14:40","slug":"paasiaisen-2019-valokuvia","status":"publish","type":"page","link":"https:\/\/ort.fi\/taipale\/kuvagalleriat\/paasiaisen-2019-valokuvia\/","title":{"rendered":"P\u00e4\u00e4si\u00e4isen 2019 valokuvia"},"content":{"rendered":"ngg_shortcode_0_placeholder\n","protected":false},"excerpt":{"rendered":"","protected":false},"author":6,"featured_media":0,"parent":604,"menu_order":-2,"comment_status":"closed","ping_status":"closed","template":"","meta":{"ngg_post_thumbnail":0,"footnotes":""},"class_list":["post-4347","page","type-page","status-publish"],"_links":{"self":[{"href":"https:\/\/ort.fi\/taipale\/wp-json\/wp\/v2\/pages\/4347","targetHints":{"allow":["GET"]}}],"collection":[{"href":"https:\/\/ort.fi\/taipale\/wp-json\/wp\/v2\/pages"}],"about":[{"href":"https:\/\/ort.fi\/taipale\/wp-json\/wp\/v2\/types\/page"}],"author":[{"embeddable":true,"href":"https:\/\/ort.fi\/taipale\/wp-json\/wp\/v2\/users\/6"}],"replies":[{"embeddable":true,"href":"https:\/\/ort.fi\/taipale\/wp-json\/wp\/v2\/comments?post=4347"}],"version-history":[{"count":1,"href":"https:\/\/ort.fi\/taipale\/wp-json\/wp\/v2\/pages\/4347\/revisions"}],"predecessor-version":[{"id":4349,"href":"https:\/\/ort.fi\/taipale\/wp-json\/wp\/v2\/pages\/4347\/revisions\/4349"}],"up":[{"embeddable":true,"href":"https:\/\/ort.fi\/taipale\/wp-json\/wp\/v2\/pages\/604"}],"wp:attachment":[{"href":"https:\/\/ort.fi\/taipale\/wp-json\/wp\/v2\/media?parent=4347"}],"curies":[{"name":"wp","href":"https:\/\/api.w.org\/{rel}","templated":true}]}}