{"id":4141,"date":"2019-04-16T16:55:15","date_gmt":"2019-04-16T13:55:15","guid":{"rendered":"https:\/\/ort.fi\/taipale\/?page_id=4141"},"modified":"2019-04-16T17:18:57","modified_gmt":"2019-04-16T14:18:57","slug":"esipaimen-kohtasi-kuunteli-ja-keskusteli","status":"publish","type":"page","link":"https:\/\/ort.fi\/taipale\/luettavaa\/kirjoituksia\/esipaimen-kohtasi-kuunteli-ja-keskusteli\/","title":{"rendered":"Esipaimen kohtasi, kuunteli ja keskusteli"},"content":{"rendered":"<p><strong>Kirkon hallinnonuudistus ja valmisteilla olevat seurakuntaliitokset puhuttivat KP Kuopion ja Karjalan metropoliitan Arsenin vierailuilla Taipaleen seurakunnassa maaliskuussa.<\/strong><\/p>\n<p>Piispa Arsenin toimittamat jumalanpalvelukset suuren paaston aikana Viinij\u00e4rvell\u00e4 ja Outokummussa ker\u00e4siv\u00e4t paljon seurakuntalaisia yhteiseen rukoukseen ja keskusteluun ajankohtaisista asioista.<\/p>\n<p>Etenkin ennenpyhitettyjen lahjojen liturgiassa Viinij\u00e4rvell\u00e4 oli suuri joukko seurakuntalaisia nuorukaisista vanhuksiin. Puolen sataa kokoontui viel\u00e4 iltateelle pappilaan, miss\u00e4 piispa Arseni esitteli hallinnonuudistuksen v\u00e4liaikatilanteen.<\/p>\n<p>9. huhtikuuta kirkollishallituksen oli m\u00e4\u00e4r\u00e4 k\u00e4sitell\u00e4 hiippakunnan piispan, seurakuntien lausuntojen pohjalta, tekem\u00e4n esityksen uudeksi seurakuntajaoksi ja uudistuksen aikatauluksi. Piispa Arseni piti nykyist\u00e4 aikataulua liian tiukkana. Sen mukaan uudet seurakunnat aloittaisivat jo 2020 alussa.<\/p>\n<p>Piispa ei ole my\u00f6sk\u00e4\u00e4n pakkoliitosten kannalla. H\u00e4nen mielest\u00e4\u00e4n uudistus pit\u00e4\u00e4 vied\u00e4 l\u00e4pi neuvotteluteitse yhteisymm\u00e4rryksess\u00e4 seurakuntien kesken. H\u00e4n ei halua hiippakuntaan repivi\u00e4 riitoja ja jakautumista.<\/p>\n<p>Esipaimen toisaalta my\u00f6s moitti Taipaleen haluttomuutta tehd\u00e4 yhteisty\u00f6t\u00e4 uudistuksessa viime vuosien aikana. H\u00e4nen n\u00e4kemyksens\u00e4 mukaan Taipaleella on keskitytty itsen\u00e4isyyden s\u00e4ilytt\u00e4miseen, ja yksioikoisesti vain ilmoitettu ettei haluta olla mukana uudistuksessa.<\/p>\n<p>Nyt ei kuitenkaan ole kysymys vain yksitt\u00e4isten seurakuntien p\u00e4rj\u00e4\u00e4misest\u00e4 vaan laajemmasta kuvasta, jossa meid\u00e4n tulisi yhdess\u00e4 kantaa vastuuta kirkon tulevaisuudesta. Siin\u00e4 tarvitaan my\u00f6s my\u00f6nteisi\u00e4 ehdotuksia ja ideoita; pelkk\u00e4 vastarinta ei riit\u00e4.<\/p>\n<p><strong>Seurakuntalaisten \u00e4\u00e4ni<\/strong><\/p>\n<p>Piispa tapasi seurakuntalaisia Viinij\u00e4rvell\u00e4 ja Outokummussa. Molempien kohtaamisten j\u00e4lkeen seurakuntalaiset ilmaisivat ilonsa siit\u00e4, ett\u00e4 esipaimen tuli seurakunnan keskelle aidosti kuunnellen ja keskustellen. Keskustelullisen ja avoimen hengen toivottiin jatkuvan t\u00e4st\u00e4 eteenkin p\u00e4in.<\/p>\n<p>Ensimm\u00e4isen puheenvuoron Viinij\u00e4rvell\u00e4 k\u00e4ytti valtuutettu ja neuvoston varapuheenjohtaja Heikki Piiroinen. H\u00e4n toisti Taipaleen seurakunnan yksimielisen kielteisen kannan yhdistymiseen suurseurakunnaksi, perustellen sit\u00e4 seurakunnan vakaalla taloudella ja kest\u00e4v\u00e4ll\u00e4 pohjalla olevalla omavaraisuudella. H\u00e4n my\u00f6s esitti huolen pakkoliitoksen vaikutuksista seurakuntalaisten sitoutumiseen ja yhteis\u00f6llisyyteen.<\/p>\n<p>Piiroinen vetosi piispaan, ett\u00e4 t\u00e4m\u00e4 omaksuisi yksiselitteisen kielteisen kannan pakkoliitoksiin. Puheenvuoro tiivistyi lopussa Taipaleen voimakkaaseen ja yhten\u00e4iseen tahtotilaan: seurakunta haluaa pysy\u00e4 itsen\u00e4isen\u00e4. T\u00e4m\u00e4 sai raikuvat aplodit yhteenkokoontuneelta seurakunnalta.<\/p>\n<p>Puheenvuoroja Viinij\u00e4rvell\u00e4 k\u00e4yttiv\u00e4t my\u00f6s kirkkoherra Paavo Ratilainen ja pastori Tuomas Kallonen, neuvoston j\u00e4sen Kirsti Hiltunen, valtuutettu ja nuorisoty\u00f6toimikunnan j\u00e4sen Sari Hiltunen, valtuutettu Heikki Tarma, diakoniaty\u00f6toimikunnan j\u00e4senet lukija Harri Ahponen ja Kati Parppei, sek\u00e4 neuvoston j\u00e4sen Pentti Potkonen. Sari Hiltunen ojensi piispalle nuoren polven taipalelaisen Eeva Mustosen kirjoittaman vetoomuksen Taipaleen itsen\u00e4isyyden puolesta. Outokummussa puheenvuoroja k\u00e4yttiv\u00e4t edellisten lis\u00e4ksi kanttori Kaisu Potkonen, rovasti Markku Toivanen ja kirjailija Vuokko Sajaniemi.<\/p>\n<p>Suurseurakunta n\u00e4htiin uhkana Taipaleen paikalliselle perinteelle, paikallisidentiteetille ja -hengelle. Sen n\u00e4htiin my\u00f6s uhkaavan hyvin toimivaa seurakuntael\u00e4m\u00e4n k\u00e4yt\u00e4nt\u00f6\u00e4. P\u00e4\u00e4t\u00f6ksenteon pel\u00e4ttiin et\u00e4\u00e4ntyv\u00e4n suurseurakunnan keskukseen, jossa v\u00e4kiluvun mukaan jyvitetty osuus yhteisest\u00e4 valtuustosta antaa taipalelaisille vain pienen vaikutusmahdollisuuden p\u00e4\u00e4t\u00f6ksentekoon.<\/p>\n<p>Heikki Tarma kiteytti: \u201dSuurseurakuntaan yhdistymisess\u00e4 menetet\u00e4\u00e4n itsen\u00e4isyys ja omaisuus, ja tilalle saadaan ep\u00e4varmuus.\u201d Sulautuminen suurseurakuntaan n\u00e4htiin erityisen kipe\u00e4n\u00e4 sit\u00e4 taustaa vasten, ett\u00e4 Taipale on kirkon toiseksi vanhin seurakunta, alueen vanha emoseurakunta.<\/p>\n<p>Piispa Arseni rauhoitteli seurakuntalaisten pelkoja. Toisaalta h\u00e4n my\u00f6nsi ne osittain perustelluiksi. H\u00e4n totesi, ett\u00e4 kaavailtu kappeliseurakuntamalli tarkoittaisi Taipaleella joka tapauksessa varsin laajaa toiminnallista itsen\u00e4isyytt\u00e4 \u2013 siis seurakunnan henkil\u00f6st\u00f6n s\u00e4ilymist\u00e4 entisenlaisena ty\u00f6yhteis\u00f6n\u00e4 ja seurakuntael\u00e4m\u00e4n s\u00e4ilymist\u00e4 paikallisesti suunniteltuna ja toteutettuna.<\/p>\n<p><strong>Muutos on v\u00e4ist\u00e4m\u00e4t\u00f6n, mutta sen muoto viel\u00e4 avoin<\/strong><\/p>\n<p>Piispa my\u00f6nsi, ett\u00e4 muutos v\u00e4ist\u00e4m\u00e4tt\u00e4 pelottaa, h\u00e4nt\u00e4 itse\u00e4\u00e4nkin. H\u00e4n totesi, ett\u00e4 uudistusta ei tehd\u00e4 vain t\u00e4m\u00e4n hetken tarpeiden mukaan, vaan \u201detukenossa\u201d, varautuen parinkymmenen vuoden kehitysodotukseen kirkossa. V\u00e4kim\u00e4\u00e4r\u00e4 ja sen my\u00f6t\u00e4 verotulot ovat It\u00e4-Suomen seurakunnissa laskemassa edelleen. V\u00e4kilukua laskee poismuutto, kirkon ik\u00e4rakenne ja kirkosta eroamiset.<\/p>\n<p>Uudistuksella pyrit\u00e4\u00e4n turvaamaan kirkollinen el\u00e4m\u00e4 alueella vuosiksi eteenp\u00e4in. T\u00e4ss\u00e4 kysyt\u00e4\u00e4n solidaarisuutta, joka onkin uudistuksen kest\u00e4vimpi\u00e4 perusteluita. Taloudelliset s\u00e4\u00e4st\u00f6t ja hallinnon keveneminen ovat v\u00e4hint\u00e4\u00e4nkin kyseenalaisia oletuksia.<\/p>\n<p>Is\u00e4 Tuomas kysyi piispalta, eik\u00f6 t\u00e4h\u00e4n yhteisvastuuseen ole muita keinoja kuin suurseurakunnaksi sulautuminen. Piispa heitti pallon takaisin Taipaleelle kysyen, onko meill\u00e4 ehdotuksia.<\/p>\n<p>Nyt l\u00e4sn\u00e4 olevat keskustelijat pitiv\u00e4t parempana vaihtoehtona jopa sit\u00e4, ett\u00e4 Taipale toimisi vastaanottavana seurakuntana jonkin vaikeammassa asemassa olevan seurakunta-alueen suhteen, kuin ett\u00e4 Taipaleen t\u00e4ytyisi sulautua johonkin muuhun seurakuntaan. T\u00e4m\u00e4 vastaanottajan asema sopisi paremmin Taipaleen historiaan vanhana emoseurakuntana ja my\u00f6s taloudellisesti vakaaseen nykytilaan.<\/p>\n<p>Suurseurakunnan todettiin her\u00e4tt\u00e4v\u00e4n suuria tunteita &#8211; jopa siin\u00e4 m\u00e4\u00e4rin, ett\u00e4 jotkut ovat ilmoittaneet mieluummin eroavansa kirkosta kuin liittyv\u00e4ns\u00e4 suurseurakuntaan. T\u00e4ss\u00e4 kuultiin lukija Harri Ahposelta tunteellinen puheenvuoro: Jos uudistus toteutuisikin meid\u00e4n odotustemme ja mielipiteidemme vastaisesti, meid\u00e4n tulee kuitenkin tarttua toimeen ja alkaa rakentaa uudelle perustalle parhaamme mukaan. Emme saa eristy\u00e4 ja linnoittautua. Se ei ole kirkon opetuksen mukaista. Olemme kuitenkin ensisijaisesti ortodokseja, vasta sitten taipalelaisia.<\/p>\n<p>Piispa Arseni totesi, ett\u00e4 muutos tulee, tavalla tai toisella. Jotkin seurakunnat liittynev\u00e4t suurseurakuntiin vapaaehtoisesti jo t\u00e4ll\u00e4 tiukemmalla aikataululla. Taipaleen tulisi viimeist\u00e4\u00e4n nyt ottaa aktiivinen rooli uudistuksessa ja olla mukana pohtimassa yhteist\u00e4 \u2013 ei vain omaa \u2013 tulevaisuutta. \u201dMinun pit\u00e4\u00e4 vied\u00e4 jokin esitys huhtikuun kokoukseen, sanokaa nyt, oletteko te valmiit ottamaan vastaan esimerkiksi Nurmeksen\u201d, piispa tiukkasi.<\/p>\n<p><strong>Kirkollishallituksen arvoituksellinen p\u00e4\u00e4t\u00f6s<\/strong><\/p>\n<p>Metropoliitta Arseni vei kirkollishallituksen kokoukseen 9.4. lopulta esityksen, jossa Pohjois-Karjalaan syntyisi kaksi seurakuntaa: Ilomantsi liittyisi kappeliseurakuntana Joensuuhun ja Nurmes liittyisi kappeliseurakuntana Taipaleeseen. Uusien seurakuntien, laajentuneiden Joensuun ja Taipaleen, olisi m\u00e4\u00e4r\u00e4 aloittaa vuoden 2021 alussa. Uudistus sai siis vuoden lis\u00e4ajan.<\/p>\n<p>Kirkollishallitus kuitenkin p\u00e4\u00e4tyi lis\u00e4\u00e4m\u00e4\u00e4n esityksen mukaiseen p\u00e4\u00e4t\u00f6kseens\u00e4 lausekkeen, jonka mukaan valmistelua yhden suurseurakunnan, Joensuun, perustamiseksi jatketaan ja kirkollishallitus p\u00e4\u00e4tt\u00e4\u00e4 asiasta viimeist\u00e4\u00e4n vuoden 2024 lopussa.<\/p>\n<p>Kirkollishallitus pyyt\u00e4\u00e4 nyt seurakunnilta lausunnot t\u00e4h\u00e4n uuteen esitykseen ja tekee lopullisen p\u00e4\u00e4t\u00f6ksens\u00e4 8.10.2019.<\/p>\n<p>Taipaleen valmius ottaa vastaan Nurmes on vastaus per\u00e4\u00e4nkuulutettuun solidaarisuuteen: Taipale on valmis kantamaan vastuuta. Luonnollisesti t\u00e4h\u00e4n tarvitaan Nurmeksen suostumus. Taipale ei halua olla mukana pakkoratkaisuissa. Toisekseen tarvitaan tarkat laskelmat liitoksen vaikutuksista ja luottamuselinten p\u00e4\u00e4t\u00f6kset asiasta.<\/p>\n<p>Mik\u00e4li kirkollishallitus ajaa v\u00e4kisin l\u00e4pi yht\u00e4 suurseurakuntaa Joensuuta, on hyvin kyseenalaista, mit\u00e4 j\u00e4rke\u00e4 on puuhastella t\u00e4llaista osaliitosta (Taipale-Nurmes) muutamaksi vuodeksi eteenp\u00e4in.<\/p>\n<p>Jotta liitos olisi mielek\u00e4s, on sen rakentamiselle annettava ty\u00f6rauha. On oltava aito mahdollisuus, ett\u00e4 hyvin toteutettuna ja toimivana t\u00e4m\u00e4 liitos riitt\u00e4\u00e4 ja my\u00f6hemmilt\u00e4 liitoksilta v\u00e4ltyt\u00e4\u00e4n. Kirkollishallituksen ehdottomalta tuntuva pyrkimys yhteen suurseurakuntaan on eritt\u00e4in ongelmallinen.<\/p>\n<p>Taipalelaisissa her\u00e4tt\u00e4\u00e4 luottavaisuutta oman piispan maltillisuus, sovun etsiminen ja valmius aitoon keskusteluun seurakuntien kanssa. T\u00e4m\u00e4n hengen soisi levi\u00e4v\u00e4n kirkon p\u00e4\u00e4t\u00f6ksentekoon laajemminkin.<\/p>\n<p><strong>Kuvagalleria piispa Arsenin vierailuista<\/strong><br \/>\nKuvat: Tuomas Kallonen<\/p>\n<p>ngg_shortcode_0_placeholder<div class=\"addtoany_shortcode\"><div class=\"a2a_kit a2a_kit_size_32 addtoany_list\" data-a2a-url=\"https:\/\/ort.fi\/taipale\/luettavaa\/kirjoituksia\/esipaimen-kohtasi-kuunteli-ja-keskusteli\/\" data-a2a-title=\"Esipaimen kohtasi, kuunteli ja keskusteli\"><a class=\"a2a_button_facebook\" href=\"https:\/\/www.addtoany.com\/add_to\/facebook?linkurl=https%3A%2F%2Fort.fi%2Ftaipale%2Fluettavaa%2Fkirjoituksia%2Fesipaimen-kohtasi-kuunteli-ja-keskusteli%2F&amp;linkname=Esipaimen%20kohtasi%2C%20kuunteli%20ja%20keskusteli\" title=\"Facebook\" rel=\"nofollow noopener\" target=\"_blank\"><\/a><a class=\"a2a_button_twitter\" href=\"https:\/\/www.addtoany.com\/add_to\/twitter?linkurl=https%3A%2F%2Fort.fi%2Ftaipale%2Fluettavaa%2Fkirjoituksia%2Fesipaimen-kohtasi-kuunteli-ja-keskusteli%2F&amp;linkname=Esipaimen%20kohtasi%2C%20kuunteli%20ja%20keskusteli\" title=\"Twitter\" rel=\"nofollow noopener\" target=\"_blank\"><\/a><a class=\"a2a_button_whatsapp\" href=\"https:\/\/www.addtoany.com\/add_to\/whatsapp?linkurl=https%3A%2F%2Fort.fi%2Ftaipale%2Fluettavaa%2Fkirjoituksia%2Fesipaimen-kohtasi-kuunteli-ja-keskusteli%2F&amp;linkname=Esipaimen%20kohtasi%2C%20kuunteli%20ja%20keskusteli\" title=\"WhatsApp\" rel=\"nofollow noopener\" target=\"_blank\"><\/a><a class=\"a2a_button_email\" href=\"https:\/\/www.addtoany.com\/add_to\/email?linkurl=https%3A%2F%2Fort.fi%2Ftaipale%2Fluettavaa%2Fkirjoituksia%2Fesipaimen-kohtasi-kuunteli-ja-keskusteli%2F&amp;linkname=Esipaimen%20kohtasi%2C%20kuunteli%20ja%20keskusteli\" title=\"Email\" rel=\"nofollow noopener\" target=\"_blank\"><\/a><a class=\"a2a_dd addtoany_share_save addtoany_share\" href=\"https:\/\/www.addtoany.com\/share\"><\/a><\/div><\/div><\/p>\n","protected":false},"excerpt":{"rendered":"<p>Kirkon hallinnonuudistus ja valmisteilla olevat seurakuntaliitokset puhuttivat KP Kuopion ja Karjalan metropoliitan Arsenin vierailuilla Taipaleen seurakunnassa maaliskuussa. Piispa Arsenin toimittamat jumalanpalvelukset suuren paaston aikana Viinij\u00e4rvell\u00e4 ja Outokummussa ker\u00e4siv\u00e4t paljon seurakuntalaisia &#8230; <a title=\"Esipaimen kohtasi, kuunteli ja keskusteli\" class=\"read-more\" href=\"https:\/\/ort.fi\/taipale\/luettavaa\/kirjoituksia\/esipaimen-kohtasi-kuunteli-ja-keskusteli\/\" aria-label=\"Lue lis\u00e4\u00e4 aiheesta Esipaimen kohtasi, kuunteli ja keskusteli\">Lue lis\u00e4\u00e4<\/a><\/p>\n","protected":false},"author":2,"featured_media":0,"parent":84,"menu_order":-1,"comment_status":"closed","ping_status":"closed","template":"","meta":{"ngg_post_thumbnail":0,"footnotes":""},"class_list":["post-4141","page","type-page","status-publish"],"_links":{"self":[{"href":"https:\/\/ort.fi\/taipale\/wp-json\/wp\/v2\/pages\/4141","targetHints":{"allow":["GET"]}}],"collection":[{"href":"https:\/\/ort.fi\/taipale\/wp-json\/wp\/v2\/pages"}],"about":[{"href":"https:\/\/ort.fi\/taipale\/wp-json\/wp\/v2\/types\/page"}],"author":[{"embeddable":true,"href":"https:\/\/ort.fi\/taipale\/wp-json\/wp\/v2\/users\/2"}],"replies":[{"embeddable":true,"href":"https:\/\/ort.fi\/taipale\/wp-json\/wp\/v2\/comments?post=4141"}],"version-history":[{"count":6,"href":"https:\/\/ort.fi\/taipale\/wp-json\/wp\/v2\/pages\/4141\/revisions"}],"predecessor-version":[{"id":4155,"href":"https:\/\/ort.fi\/taipale\/wp-json\/wp\/v2\/pages\/4141\/revisions\/4155"}],"up":[{"embeddable":true,"href":"https:\/\/ort.fi\/taipale\/wp-json\/wp\/v2\/pages\/84"}],"wp:attachment":[{"href":"https:\/\/ort.fi\/taipale\/wp-json\/wp\/v2\/media?parent=4141"}],"curies":[{"name":"wp","href":"https:\/\/api.w.org\/{rel}","templated":true}]}}