{"id":378,"date":"2018-11-15T22:06:05","date_gmt":"2018-11-15T20:06:05","guid":{"rendered":"https:\/\/ort.fi\/taipale\/?page_id=378"},"modified":"2020-10-24T22:17:44","modified_gmt":"2020-10-24T19:17:44","slug":"aamun-koitto","status":"publish","type":"page","link":"https:\/\/ort.fi\/taipale\/lehtiarkisto\/aamun-koitto\/","title":{"rendered":"Aamun Koitto"},"content":{"rendered":"<p>Aamun Koitto on viidesti vuodessa ilmestyv\u00e4 Karjalan hiippakunnan seurakuntien ja PSHV:n lehti. Lehden v\u00e4liss\u00e4 on ilmoitusliite, jossa on seurakunnalliset ilmoitukset Pohjois-Karjalan nelj\u00e4lt\u00e4 seurakunnalta. Uusin Aamun Koitto -lehti sek\u00e4 seurakuntaliitteet ovat luettavissa alla olevista linkeist\u00e4 pdf-tiedostoina. Aiemmin ilmestyneit\u00e4 Aamun Koitto -lehden numeroita voi selailla lehden kotisivuilla osoitteessa <a href=\"https:\/\/aamunkoitto.fi\/\" target=\"_blank\" rel=\"noopener noreferrer\">www.aamunkoitto.fi\/lehdet<\/a><\/p>\n<p><a href=\"https:\/\/ort.fi\/taipale\/wp-content\/uploads\/2020\/10\/AK5-2020.pdf\" target=\"_blank\" rel=\"noopener noreferrer\"><img loading=\"lazy\" decoding=\"async\" class=\"alignright wp-image-10707 size-full\" src=\"https:\/\/ort.fi\/taipale\/wp-content\/uploads\/2020\/10\/AK_5_20_etusivu.jpg\" alt=\"\" width=\"180\" height=\"254\"><\/a><\/p>\n<p><strong>&nbsp; &nbsp;<br \/>\n2020<\/strong><br \/>\n<a href=\"https:\/\/ort.fi\/taipale\/wp-content\/uploads\/2020\/10\/AK5-2020.pdf\" target=\"_blank\" rel=\"noopener noreferrer\">Aamun Koitto -lehti 5\/2020<\/a>&nbsp;<br \/>\n<a href=\"https:\/\/ort.fi\/taipale\/wp-content\/uploads\/2020\/10\/AK0520_Liite_ITA\u0308_SRK.pdf\" target=\"_blank\" rel=\"noopener noreferrer\">seurakuntaliite 5\/2020<\/a>&nbsp;<br \/>\n<a href=\"https:\/\/ort.fi\/taipale\/wp-content\/uploads\/2020\/07\/AK0420_Ita\u0308_WWW.pdf\" target=\"_blank\" rel=\"noopener noreferrer\">seurakuntaliite 4\/2020<\/a>&nbsp;<br \/>\n<a href=\"https:\/\/ort.fi\/taipale\/wp-content\/uploads\/2020\/05\/AK0320_Liite_Neloset_PDF-SRK.pdf\" target=\"_blank\" rel=\"noopener noreferrer\">seurakuntaliite 3\/2020<\/a>&nbsp;<br \/>\n<a href=\"https:\/\/ort.fi\/taipale\/wp-content\/uploads\/2020\/03\/AK0220_Liite_ITA\u0308.pdf\" target=\"_blank\" rel=\"noopener noreferrer\">seurakuntaliite 2\/2020<\/a>&nbsp;<br \/>\n<a href=\"https:\/\/ort.fi\/taipale\/wp-content\/uploads\/2020\/01\/AK0120_Ita\u0308_NETTI.pdf\" target=\"_blank\" rel=\"noopener noreferrer\">seurakuntaliite 1\/2020<\/a>&nbsp;<\/p>\n<p><b>2019<\/b>&nbsp;<br \/>\n<a href=\"https:\/\/ort.fi\/taipale\/wp-content\/uploads\/2019\/10\/AK0519_Liite_ITA\u0308_NETTI.pdf\" target=\"_blank\" rel=\"noopener noreferrer\">seurakuntaliite 5\/2019<\/a>&nbsp;<br \/>\n<a href=\"https:\/\/ort.fi\/taipale\/wp-content\/uploads\/2019\/07\/AK0419_Liite_WWW-ITA\u0308.pdf\" target=\"_blank\" rel=\"noopener noreferrer\">seurakuntaliite 4\/2019<\/a>&nbsp;<br \/>\n<a href=\"https:\/\/ort.fi\/taipale\/wp-content\/uploads\/2019\/05\/AK0319_Liite_Ita\u0308_NETTI.pdf\" target=\"_blank\" rel=\"noopener noreferrer\">seurakuntaliite 3\/2019<\/a>&nbsp;<br \/>\n<a href=\"https:\/\/ort.fi\/taipale\/wp-content\/uploads\/2019\/03\/AK0219_neloset.pdf\" target=\"_blank\" rel=\"noopener noreferrer\">seurakuntaliite 2\/2019<\/a>&nbsp;<br \/>\n<a href=\"https:\/\/ort.fi\/taipale\/wp-content\/uploads\/2019\/01\/AK0119_Neloset_WWW.pdf\" target=\"_blank\" rel=\"noopener noreferrer\">seurakuntaliite 1\/2019<\/a>&nbsp;<\/p>\n<p><strong>2018<\/strong><br \/>\n<a href=\"https:\/\/ort.fi\/taipale\/wp-content\/uploads\/2018\/11\/AK0518_Liite_Ita\u0308_WWW.pdf\" target=\"_blank\" rel=\"noopener noreferrer\">seurakuntaliite 5\/2018<\/a>&nbsp;<br \/>\n<a href=\"https:\/\/ort.fi\/taipale\/wp-content\/uploads\/2018\/11\/AK0418_Liite_N-WWW.pdf\" target=\"_blank\" rel=\"noopener noreferrer\">seurakuntaliite 4\/2018<\/a><br \/>\n<a href=\"https:\/\/ort.fi\/taipale\/wp-content\/uploads\/2018\/11\/AK0318_neloset-WWW-HQ.pdf\" target=\"_blank\" rel=\"noopener noreferrer\">seurakuntaliite 3\/2018<\/a><br \/>\n<a href=\"https:\/\/ort.fi\/taipale\/wp-content\/uploads\/2018\/11\/AK0218_Neloset_NETTI.pdf\" target=\"_blank\" rel=\"noopener noreferrer\">seurakuntaliite 2\/2018<\/a><br \/>\n<a href=\"https:\/\/ort.fi\/taipale\/wp-content\/uploads\/2018\/11\/AK0118_Neloset_WWW.pdf\" target=\"_blank\" rel=\"noopener noreferrer\">seurakuntaliite 1\/2018<\/a><\/p>\n","protected":false},"excerpt":{"rendered":"<p>Aamun Koitto on viidesti vuodessa ilmestyv\u00e4 Karjalan hiippakunnan seurakuntien ja PSHV:n lehti. Lehden v\u00e4liss\u00e4 on ilmoitusliite, jossa on seurakunnalliset ilmoitukset Pohjois-Karjalan nelj\u00e4lt\u00e4 seurakunnalta. Uusin Aamun Koitto -lehti sek\u00e4 seurakuntaliitteet ovat &#8230; <a title=\"Aamun Koitto\" class=\"read-more\" href=\"https:\/\/ort.fi\/taipale\/lehtiarkisto\/aamun-koitto\/\" aria-label=\"Lue lis\u00e4\u00e4 aiheesta Aamun Koitto\">Lue lis\u00e4\u00e4<\/a><\/p>\n","protected":false},"author":6,"featured_media":0,"parent":638,"menu_order":0,"comment_status":"closed","ping_status":"closed","template":"","meta":{"ngg_post_thumbnail":0,"footnotes":""},"class_list":["post-378","page","type-page","status-publish"],"_links":{"self":[{"href":"https:\/\/ort.fi\/taipale\/wp-json\/wp\/v2\/pages\/378","targetHints":{"allow":["GET"]}}],"collection":[{"href":"https:\/\/ort.fi\/taipale\/wp-json\/wp\/v2\/pages"}],"about":[{"href":"https:\/\/ort.fi\/taipale\/wp-json\/wp\/v2\/types\/page"}],"author":[{"embeddable":true,"href":"https:\/\/ort.fi\/taipale\/wp-json\/wp\/v2\/users\/6"}],"replies":[{"embeddable":true,"href":"https:\/\/ort.fi\/taipale\/wp-json\/wp\/v2\/comments?post=378"}],"version-history":[{"count":17,"href":"https:\/\/ort.fi\/taipale\/wp-json\/wp\/v2\/pages\/378\/revisions"}],"predecessor-version":[{"id":8877,"href":"https:\/\/ort.fi\/taipale\/wp-json\/wp\/v2\/pages\/378\/revisions\/8877"}],"up":[{"embeddable":true,"href":"https:\/\/ort.fi\/taipale\/wp-json\/wp\/v2\/pages\/638"}],"wp:attachment":[{"href":"https:\/\/ort.fi\/taipale\/wp-json\/wp\/v2\/media?parent=378"}],"curies":[{"name":"wp","href":"https:\/\/api.w.org\/{rel}","templated":true}]}}