{"id":370,"date":"2018-11-15T21:55:34","date_gmt":"2018-11-15T19:55:34","guid":{"rendered":"https:\/\/ort.fi\/taipale\/?page_id=370"},"modified":"2026-03-31T10:14:13","modified_gmt":"2026-03-31T07:14:13","slug":"poytakirjat","status":"publish","type":"page","link":"https:\/\/ort.fi\/taipale\/paatoksenteko\/poytakirjat\/","title":{"rendered":"P\u00f6yt\u00e4kirjat"},"content":{"rendered":"<p><strong>2026<\/strong><br \/>\n&#8211; Neuvosto 1\/2026, 25. maaliskuuta: <a href=\"https:\/\/ort.fi\/taipale\/wp-content\/uploads\/2026\/03\/Taipale-Neuvosto-1-2026-PK-allekirjoitettu.pdf\" target=\"_blank\" rel=\"noopener\">P\u00f6yt\u00e4kirja<\/a><\/p>\n<p><strong>2025<\/strong><br \/>\n&#8211; Neuvosto 7\/2025, 3. joulukuuta: <a href=\"https:\/\/ort.fi\/taipale\/wp-content\/uploads\/2025\/12\/Taipale-Neuvosto-PK-7-2025-allekirjoitettu.pdf\" target=\"_blank\" rel=\"noopener\">P\u00f6yt\u00e4kirja<\/a><br \/>\n&#8211; Seurakunnanvaltuusto 3\/2025, 13. marraskuuta: <a href=\"https:\/\/ort.fi\/taipale\/wp-content\/uploads\/2025\/11\/Valtuusto-PK-3-2025-Taipale-allekirjoitettu.pdf\" target=\"_blank\" rel=\"noopener\">P\u00f6yt\u00e4kirja<\/a>&nbsp;<br \/>\n&#8211; Neuvosto 6\/2025, 27. lokakuuta: <a href=\"https:\/\/ort.fi\/taipale\/wp-content\/uploads\/2025\/10\/Taipale-Neuvosto-6-25-PK-allekirjoitettu.pdf\" target=\"_blank\" rel=\"noopener\">P\u00f6yt\u00e4kirja<\/a><br \/>\n&#8211; Neuvosto 5\/2025, 8. syyskuuta: <a href=\"https:\/\/ort.fi\/taipale\/wp-content\/uploads\/2025\/09\/Taipale-Neuvosto-5-2025-PK-allekirjoitettu.pdf\" target=\"_blank\" rel=\"noopener\">P\u00f6yt\u00e4kirja<\/a>&nbsp;<br \/>\n&#8211; Neuvosto 4\/2025, 2. kes\u00e4kuuta: <a href=\"https:\/\/ort.fi\/taipale\/wp-content\/uploads\/2025\/06\/Taipale-SN-4-2025-PK-allekirjoitettu.pdf\" target=\"_blank\" rel=\"noopener\">P\u00f6yt\u00e4kirja<\/a>&nbsp;<br \/>\n&#8211; Seurakunnanvaltuusto 2\/2025, 19. toukokuuta: <a href=\"https:\/\/ort.fi\/taipale\/wp-content\/uploads\/2025\/05\/Taipale-Valtuusto-2-2025-PK-allekirjoitettu.pdf\" target=\"_blank\" rel=\"noopener\">P\u00f6yt\u00e4kirja<\/a>&nbsp;<br \/>\n&#8211; Neuvosto 3\/2025, 12. toukokuuta: <a href=\"https:\/\/ort.fi\/taipale\/wp-content\/uploads\/2025\/05\/Taipale-neuvosto-3-25-PK-allekirjoitettu.pdf\" target=\"_blank\" rel=\"noopener\">P\u00f6yt\u00e4kirja<\/a>&nbsp;<br \/>\n&#8211; Seurakunnanvaltuusto 1\/2025, 7. huhtikuuta: <a href=\"https:\/\/ort.fi\/taipale\/wp-content\/uploads\/2025\/04\/Taipale-Valtuusto-1-2025-PK-allekirjoitettu.pdf\" target=\"_blank\" rel=\"noopener\">P\u00f6yt\u00e4kirja<\/a>&nbsp;&nbsp;<br \/>\n&#8211; Neuvosto 2\/2025, 27. maaliskuuta: <a href=\"https:\/\/ort.fi\/taipale\/wp-content\/uploads\/2025\/04\/TAIPALE-NEUVOSTO-2-25-PK.pdf\" target=\"_blank\" rel=\"noopener\">P\u00f6yt\u00e4kirja<\/a>&nbsp;<br \/>\n&#8211; Neuvosto 1\/2025, 17. helmikuuta: <a href=\"https:\/\/ort.fi\/taipale\/wp-content\/uploads\/2025\/02\/Taipale-Neuvosto-1-2025-PK-allekirjoitettu.pdf\" target=\"_blank\" rel=\"noopener\">P\u00f6yt\u00e4kirja<\/a>&nbsp;<\/p>\n<p><strong>2024<br \/>\n<\/strong>&#8211; Neuvosto 7\/2024, 11. joulukuuta: <a href=\"https:\/\/ort.fi\/taipale\/wp-content\/uploads\/2024\/12\/Taipale-Neuvosto-7-24-PK-allekirjoitettu.pdf\" target=\"_blank\" rel=\"noopener\">P\u00f6yt\u00e4kirja<\/a>&nbsp;<br \/>\n&#8211; Seurakunnanvaltuusto 3\/2024, 11. marraskuuta: <a href=\"https:\/\/ort.fi\/taipale\/wp-content\/uploads\/2024\/11\/Taipale-Valtuusto-PK-3-2024-allekirjoitettu.pdf\" target=\"_blank\" rel=\"noopener\">P\u00f6yt\u00e4kirja<\/a>&nbsp;<br \/>\n&#8211; Neuvosto 6\/2024, 23. lokakuuta: <a href=\"https:\/\/ort.fi\/taipale\/wp-content\/uploads\/2024\/10\/Taipale-Neuvosto-PK-Allekirjoitettu-6-2024.pdf\" target=\"_blank\" rel=\"noopener\">P\u00f6yt\u00e4kirja<\/a>&nbsp;<br \/>\n&#8211; Neuvosto 5\/2024, 2. syyskuuta: <a href=\"https:\/\/ort.fi\/taipale\/wp-content\/uploads\/2024\/09\/Taipale-Neuvosto-PK-5-2024-allekirjoitettu.pdf\" target=\"_blank\" rel=\"noopener\">P\u00f6yt\u00e4kirja<\/a>&nbsp;<br \/>\n&#8211; Neuvosto 4\/2024, 27. toukokuuta: <a href=\"https:\/\/ort.fi\/taipale\/wp-content\/uploads\/2024\/05\/Neuvosto-4-2024-PK-allekirjoitettu.pdf\" target=\"_blank\" rel=\"noopener\">P\u00f6yt\u00e4kirja<\/a>&nbsp;<br \/>\n&#8211; Seurakunnanvaltuusto 2\/2024, 21. toukokuuta: <a href=\"https:\/\/ort.fi\/taipale\/wp-content\/uploads\/2024\/05\/Valtuusto-2-2024-PK-.pdf\" target=\"_blank\" rel=\"noopener\">P\u00f6yt\u00e4kirja<\/a>&nbsp;<br \/>\n&#8211; Neuvosto 3\/2024, 24. huhtikuuta: <a href=\"https:\/\/ort.fi\/taipale\/wp-content\/uploads\/2024\/05\/Taipale-neuvosto-3_2024-PK-allekirjoitettu.pdf\" target=\"_blank\" rel=\"noopener\">P\u00f6yt\u00e4kirja<\/a>&nbsp;<br \/>\n&#8211; Neuvosto 2\/2024, 24. maaliskuuta: <a href=\"https:\/\/ort.fi\/taipale\/wp-content\/uploads\/2024\/03\/Neuvosto-2_2024-PK-allekirjoitettu.pdf\" target=\"_blank\" rel=\"noopener\">P\u00f6yt\u00e4kirja<\/a>&nbsp;<br \/>\n&#8211; Neuvosto 1\/2024, 26. helmikuuta: <a href=\"https:\/\/ort.fi\/taipale\/wp-content\/uploads\/2024\/02\/Taipale_Neuvosto_1_2024_PK_allekirjoitettu.pdf\" target=\"_blank\" rel=\"noopener\">P\u00f6yt\u00e4kirja<\/a>&nbsp;<br \/>\n&#8211; Kiinteist\u00f6lautakunta 1\/2024, 19. helmikuuta: <a href=\"https:\/\/ort.fi\/taipale\/wp-content\/uploads\/2024\/02\/PK-Kiinteistolautakunta-1-2024-allekirjoitettu.pdf\" target=\"_blank\" rel=\"noopener\">P\u00f6yt\u00e4kirja<\/a>&nbsp;<br \/>\n&#8211; Seurakunnanvaltuusto 1\/2024, 30. tammikuuta: <a href=\"https:\/\/ort.fi\/taipale\/wp-content\/uploads\/2024\/02\/Valtuusto-1-2024-PK.pdf\" target=\"_blank\" rel=\"noopener\">P\u00f6yt\u00e4kirja<\/a><\/p>\n<p><strong>2023<br \/>\n<\/strong>&#8211; Seurakunnanvaltuusto 4\/2023, 15. joulukuuta: <a href=\"https:\/\/ort.fi\/taipale\/wp-content\/uploads\/2023\/11\/PDF-julkaisuun-valtuusto-4-2023-003.pdf\" target=\"_blank\" rel=\"noopener\">P\u00f6yt\u00e4kirja<\/a>, <a href=\"https:\/\/ort.fi\/taipale\/wp-content\/uploads\/2023\/11\/Liite-6-Toiminta-ja-talous-2024-2026.pdf\" target=\"_blank\" rel=\"noopener\">Toiminta- ja taloussuunnitelma 2024-26<\/a>&nbsp;<br \/>\n&#8211; Vaalilautakunta 4\/2023, 12. marraskuuta: <a href=\"https:\/\/ort.fi\/taipale\/wp-content\/uploads\/2023\/11\/Vaalilautakunta-4-2023-POYTAKIRJA.pdf\" target=\"_blank\" rel=\"noopener\">P\u00f6yt\u00e4kirja<\/a>&nbsp;<br \/>\n&#8211; Seurakunnanvaltuusto 3\/2023, 31. toukokuuta: <a href=\"https:\/\/ort.fi\/taipale\/wp-content\/uploads\/2023\/06\/31052023-PK-3-2023-VALTUUSTO.pdf\" target=\"_blank\" rel=\"noopener\">P\u00f6yt\u00e4kirja<\/a><br \/>\n&#8211; Kirkkoherran vaalit 22.-23.4.2023: <a href=\"https:\/\/ort.fi\/taipale\/wp-content\/uploads\/2023\/04\/KHRAN-VAALIN-TULOS-23.4.2023.pdf\" target=\"_blank\" rel=\"noopener\">P\u00f6yt\u00e4kirja<\/a>&nbsp;<br \/>\n&#8211; Seurakunnanvaltuusto 2\/2023, 19. huhtikuuta: <a href=\"https:\/\/ort.fi\/taipale\/wp-content\/uploads\/2023\/04\/190423-PK-2-2023.pdf\" target=\"_blank\" rel=\"noopener\">P\u00f6yt\u00e4kirja<\/a>&nbsp;<br \/>\n&#8211; Seurakunnanvaltuusto 1\/2023, 31. tammikuuta: <a href=\"https:\/\/ort.fi\/taipale\/wp-content\/uploads\/2023\/02\/31012023-PK-1-23.pdf\" target=\"_blank\" rel=\"noopener\">P\u00f6yt\u00e4kirja<\/a>&nbsp;<\/p>\n<p><strong>&nbsp;2022<\/strong>&nbsp;<br \/>\n&#8211; Seurakunnanvaltuusto 4\/2022, 13. joulukuuta: <a href=\"https:\/\/ort.fi\/taipale\/wp-content\/uploads\/2022\/12\/131222-PK-4-2022.pdf\" target=\"_blank\" rel=\"noopener\">P\u00f6yt\u00e4kirja<\/a><br \/>\n&#8211; Seurakunnanvaltuusto 3\/2022, 15. marraskuuta: <a href=\"https:\/\/ort.fi\/taipale\/wp-content\/uploads\/2022\/11\/151122-PK-3-2022.pdf\" target=\"_blank\" rel=\"noopener\">P\u00f6yt\u00e4kirja<\/a><br \/>\n&#8211; Seurakunnanvaltuusto 2\/2022, 31. toukokuuta: <a href=\"https:\/\/ort.fi\/taipale\/wp-content\/uploads\/2022\/07\/310522-PK-2-2022.pdf\" target=\"_blank\" rel=\"noopener\">P\u00f6yt\u00e4kirja<\/a><br \/>\n&#8211; Seurakunnanvaltuusto 1\/2022, 27. huhtikuuta: <a href=\"https:\/\/ort.fi\/taipale\/wp-content\/uploads\/2022\/04\/270422-PK-1-2022.pdf\" target=\"_blank\" rel=\"noopener\">P\u00f6yt\u00e4kirja<\/a> &nbsp;<\/p>\n<p><strong>&nbsp; &nbsp;2021<\/strong>&nbsp;<br \/>\n&#8211; Seurakunnanvaltuusto 3\/2021, 11. marraskuuta: <a href=\"https:\/\/ort.fi\/taipale\/wp-content\/uploads\/2021\/11\/111121-PK-3-2021.pdf\" target=\"_blank\" rel=\"noopener\">P\u00f6yt\u00e4kirja<\/a>&nbsp;<br \/>\n&#8211; Seurakunnanvaltuusto 2\/2021, 19. toukokuuta: <a href=\"https:\/\/ort.fi\/taipale\/wp-content\/uploads\/2021\/05\/190521-PK-2-2021.pdf\" target=\"_blank\" rel=\"noopener\">P\u00f6yt\u00e4kirja<\/a> &nbsp;<br \/>\n&#8211; Seurakunnanvaltuusto 1\/2021, 31. tammikuuta: <a href=\"https:\/\/ort.fi\/taipale\/wp-content\/uploads\/2021\/01\/310121-PK-1-2021.pdf\" target=\"_blank\" rel=\"noopener\">P\u00f6yt\u00e4kirja<\/a>&nbsp;<\/p>\n<p><strong>&nbsp; &nbsp;2020<\/strong>&nbsp;<br \/>\n&#8211; Seurakunnanvaltuusto 3\/2020, 12. marraskuuta: <a href=\"https:\/\/ort.fi\/taipale\/wp-content\/uploads\/2020\/11\/12112020-PK-3-20.pdf\" target=\"_blank\" rel=\"noopener noreferrer\">P\u00f6yt\u00e4kirja<\/a><br \/>\n&#8211; Seurakunnanvaltuusto 2\/2020, 27. toukokuuta: <a href=\"https:\/\/ort.fi\/taipale\/wp-content\/uploads\/2020\/05\/27052020-PK-2-20.pdf\" target=\"_blank\" rel=\"noopener noreferrer\">P\u00f6yt\u00e4kirja<\/a>, <a href=\"https:\/\/ort.fi\/taipale\/wp-content\/uploads\/2020\/05\/Vuosikertomus-2019.pdf\" target=\"_blank\" rel=\"noopener noreferrer\">Vuosikertomus 2019<\/a><br \/>\n&#8211; Seurakunnanvaltuusto 1\/2020, 29. tammikuuta: <a href=\"https:\/\/ort.fi\/taipale\/wp-content\/uploads\/2020\/01\/29012020-PK-1-20.pdf\" target=\"_blank\" rel=\"noopener noreferrer\">P\u00f6yt\u00e4kirja<\/a>&nbsp;<\/p>\n<p><strong>&nbsp; &nbsp;2019<\/strong>&nbsp;<br \/>\n&#8211; Seurakunnanvaltuusto 6\/2019, 4. joulukuuta: <a href=\"https:\/\/ort.fi\/taipale\/wp-content\/uploads\/2019\/12\/04122019-PK-6-19.pdf\" target=\"_blank\" rel=\"noopener noreferrer\">P\u00f6yt\u00e4kirja<\/a>&nbsp;<br \/>\n&#8211; Seurakunnanvaltuusto 5\/2019, 13. marraskuuta: <a href=\"https:\/\/ort.fi\/taipale\/wp-content\/uploads\/2019\/11\/13112019-PK-5-19.pdf\" target=\"_blank\" rel=\"noopener noreferrer\">P\u00f6yt\u00e4kirja<\/a>&nbsp;<br \/>\n&#8211; Seurakunnanvaltuusto 4\/2019, 4. syyskuuta: <a href=\"https:\/\/ort.fi\/taipale\/wp-content\/uploads\/2019\/09\/04092019-PK-4-19.pdf\" target=\"_blank\" rel=\"noopener noreferrer\">P\u00f6yt\u00e4kirja<\/a>&nbsp;<br \/>\n&#8211; Seurakunnanvaltuusto 3\/2019, 26. kes\u00e4kuuta: <a href=\"https:\/\/ort.fi\/taipale\/wp-content\/uploads\/2019\/06\/26062019-PK-3-19.pdf\" target=\"_blank\" rel=\"noopener noreferrer\">P\u00f6yt\u00e4kirja<\/a>&nbsp;<br \/>\n&#8211; Seurakunnanvaltuusto 2\/2019, 21. toukokuuta: <a href=\"https:\/\/ort.fi\/taipale\/wp-content\/uploads\/2019\/05\/21052019-PK-2-19.pdf\" target=\"_blank\" rel=\"noopener noreferrer\">P\u00f6yt\u00e4kirja<\/a>&nbsp;<br \/>\n&#8211; Seurakunnanvaltuusto 1\/2019, 30. tammikuuta: <a href=\"https:\/\/ort.fi\/taipale\/wp-content\/uploads\/2019\/01\/30012019PK-1-19.pdf\" target=\"_blank\" rel=\"noopener noreferrer\">P\u00f6yt\u00e4kirja<\/a>. <a href=\"https:\/\/ort.fi\/taipale\/wp-content\/uploads\/2019\/01\/Lausunto-seurakuntauudistuksesta.pdf\" target=\"_blank\" rel=\"noopener noreferrer\">Lausunto seurakuntauudistuksesta<\/a>&nbsp;<\/p>\n<p><strong>&nbsp; &nbsp;2018<\/strong><br \/>\n&#8211; Seurakunnanvaltuusto 2\/2018, 13. marraskuuta: <a href=\"https:\/\/ort.fi\/taipale\/wp-content\/uploads\/2018\/11\/Taipale_Valtuusto_2_18.pdf\" target=\"_blank\" rel=\"noopener noreferrer\">P\u00f6yt\u00e4kirja<\/a><br \/>\n&#8211; Seurakunnanvaltuusto 1\/2018, 30. toukokuuta: <a href=\"https:\/\/ort.fi\/taipale\/wp-content\/uploads\/2018\/11\/Taipale_Valtuusto_2_18.pdf\" target=\"_blank\" rel=\"noopener noreferrer\">P\u00f6yt\u00e4kirja<\/a>,&nbsp;<a href=\"https:\/\/ort.fi\/taipale\/wp-content\/uploads\/2018\/11\/Vuosikertomus-2017.pdf\" target=\"_blank\" rel=\"noopener noreferrer\">Vuosikertomus 2017<\/a><\/p>\n","protected":false},"excerpt":{"rendered":"<p>2026 &#8211; Neuvosto 1\/2026, 25. maaliskuuta: P\u00f6yt\u00e4kirja 2025 &#8211; Neuvosto 7\/2025, 3. joulukuuta: P\u00f6yt\u00e4kirja &#8211; Seurakunnanvaltuusto 3\/2025, 13. marraskuuta: P\u00f6yt\u00e4kirja&nbsp; &#8211; Neuvosto 6\/2025, 27. lokakuuta: P\u00f6yt\u00e4kirja &#8211; Neuvosto 5\/2025, 8. &#8230; <a title=\"P\u00f6yt\u00e4kirjat\" class=\"read-more\" href=\"https:\/\/ort.fi\/taipale\/paatoksenteko\/poytakirjat\/\" aria-label=\"Lue lis\u00e4\u00e4 aiheesta P\u00f6yt\u00e4kirjat\">Lue lis\u00e4\u00e4<\/a><\/p>\n","protected":false},"author":6,"featured_media":0,"parent":624,"menu_order":0,"comment_status":"closed","ping_status":"closed","template":"","meta":{"ngg_post_thumbnail":0,"footnotes":""},"class_list":["post-370","page","type-page","status-publish"],"_links":{"self":[{"href":"https:\/\/ort.fi\/taipale\/wp-json\/wp\/v2\/pages\/370","targetHints":{"allow":["GET"]}}],"collection":[{"href":"https:\/\/ort.fi\/taipale\/wp-json\/wp\/v2\/pages"}],"about":[{"href":"https:\/\/ort.fi\/taipale\/wp-json\/wp\/v2\/types\/page"}],"author":[{"embeddable":true,"href":"https:\/\/ort.fi\/taipale\/wp-json\/wp\/v2\/users\/6"}],"replies":[{"embeddable":true,"href":"https:\/\/ort.fi\/taipale\/wp-json\/wp\/v2\/comments?post=370"}],"version-history":[{"count":54,"href":"https:\/\/ort.fi\/taipale\/wp-json\/wp\/v2\/pages\/370\/revisions"}],"predecessor-version":[{"id":27215,"href":"https:\/\/ort.fi\/taipale\/wp-json\/wp\/v2\/pages\/370\/revisions\/27215"}],"up":[{"embeddable":true,"href":"https:\/\/ort.fi\/taipale\/wp-json\/wp\/v2\/pages\/624"}],"wp:attachment":[{"href":"https:\/\/ort.fi\/taipale\/wp-json\/wp\/v2\/media?parent=370"}],"curies":[{"name":"wp","href":"https:\/\/api.w.org\/{rel}","templated":true}]}}