{"id":354,"date":"2018-11-15T21:43:51","date_gmt":"2018-11-15T19:43:51","guid":{"rendered":"https:\/\/ort.fi\/taipale\/?page_id=354"},"modified":"2026-03-26T12:49:19","modified_gmt":"2026-03-26T10:49:19","slug":"luottamushenkilot","status":"publish","type":"page","link":"https:\/\/ort.fi\/taipale\/paatoksenteko\/luottamushenkilot\/","title":{"rendered":"Luottamushenkil\u00f6t"},"content":{"rendered":"<p><span style=\"color: #000000;\"><strong>Seurakunnanvaltuusto 2024\u20132027<\/strong><br \/>\nJ\u00e4rvelin Tuomas, kirkkoherra, pj<\/span><br \/>\nAhponen Harri, Polvij\u00e4rvi<br \/>\nHiltunen Sari, Liperi<br \/>\nH\u00e4m\u00e4l\u00e4inen Pasi, Valtimo<br \/>\nJehkinen Lea, Nurmes<br \/>\nJolkkonen Meeri, Liperi<br \/>\nKareinen Kaija, Liperi<br \/>\nLevy Maritta, Valtimo<br \/>\nMustonen Eeva, Polvij\u00e4rvi<br \/>\nNaakka Sulo, Juuka, vpj<br \/>\nNikkanen Susanna, Outokumpu<br \/>\nPiiroinen Heikki, Liperi,&nbsp;<br \/>\nViinisalo-Heiskanen Leena, Polvij\u00e4rvi<\/p>\n<p><strong><span style=\"color: #000000;\">Seurakunnanneuvosto 2024-2027<\/span><\/strong><br \/>\nJ\u00e4rvelin Tuomas, kirkkoherra, pj<br \/>\nAikonen Risto, Liperi, 2. vpj<br \/>\nHalonen Pirjo, Juuka<br \/>\nHiltunen Kirsti, Outokumpu<br \/>\nKoistinen Sakari, Nurmes<br \/>\nKuikka Pirjo, Polvij\u00e4rvi<br \/>\nMunne Timoi, p\u00e4\u00e4kirkon is\u00e4nn\u00f6itsij\u00e4<br \/>\nPiiroinen Heikki, Liperi, 1. vpj<br \/>\nRoihuvuo Jyri, Liperi<\/p>\n<p><strong>Nurmeksen kappelineuvosto 2024-2027<\/strong><br \/>\nJuntunen Tapio, kappeliseurakunnan pappi, pj<br \/>\nH\u00e4m\u00e4l\u00e4inen Maija, Nurmes<br \/>\nJulkunen Markku, Nurmes<br \/>\nKoistinen Sakari, Nurmes<br \/>\nKonttinen Tarja, Juuka<br \/>\nKuittinen Marjatta, Nurmes<br \/>\nLiuha Annamari, Nurmes<br \/>\nLevy Maritta, Nurmes<br \/>\nNaakka Sulo, Juuka<\/p>\n<p><strong><span style=\"color: #000000;\">Kiinteist\u00f6lautakunta 2024-2027<\/span><\/strong><br \/>\nJ\u00e4rvelin Tuomas, kirkkoherra<br \/>\nH\u00e4m\u00e4l\u00e4inen Pasi, Valtimo<br \/>\nJormanainen Samuli, Liperi, pj<br \/>\nKonttinen Kalervo, Juuka<br \/>\nLaine Esa, Polvij\u00e4rvi<br \/>\nMutanen Pertti, Polvij\u00e4rvi<br \/>\nSaaristo-Parovuori Helena, Liperi<\/p>\n<p><strong><span style=\"color: #000000;\">Vaalilautakunta 2024-2027<\/span><\/strong><br \/>\nJ\u00e4rvelin Tuomas, kirkkoherra, pj<br \/>\nH\u00e4m\u00e4l\u00e4inen Maija, Nurmes<br \/>\nJulkunen Markku, Nurmes<br \/>\nKuikka Pirjo, Polvij\u00e4rvi<\/p>\n<p><strong><span style=\"color: #000000;\">Diakoniaty\u00f6toimikunta 2024-2027<\/span><\/strong><br \/>\nBalcin Nemanja, II pappi<br \/>\nAhponen Harri, Polvij\u00e4rvi, pj<br \/>\nKonttinen Tarja, Juuka<br \/>\nKotivuori Anja, Nurmes<br \/>\nLaine Niina, Polvij\u00e4rvi<br \/>\nMahlavuori Liisa, Nurmes<br \/>\nMunne Timoi, Liperi<br \/>\nNaumanen P\u00e4ivi, Outokumpu<br \/>\nViinisalo-Heiskanen Leena, Polvij\u00e4rvi<\/p>\n<p><strong><span style=\"color: #000000;\">Nuorisoty\u00f6toimikunta 2024-2027<\/span><\/strong><br \/>\nBalcin Nemanja, II pappi<br \/>\nHiltunen Sari, Liperi<br \/>\nJetsonen Tuula, Liperi<br \/>\nJuurela Tiina, Outokumpu<br \/>\nMutanen Ella, Polvij\u00e4rvi<br \/>\nPiipponen Marjo, Liperi<br \/>\nSormunen Tiina, Nurmes<\/p>\n<p><strong><span style=\"color: #000000;\">Luottamushenkil\u00f6iden edustaja hiippakuntaneuvostossa 2024-2027<\/span><\/strong><br \/>\nRoihuvuo Jyri, Liperi<br \/>\n&nbsp; &nbsp;<\/p>\n","protected":false},"excerpt":{"rendered":"<p>Seurakunnanvaltuusto 2024\u20132027 J\u00e4rvelin Tuomas, kirkkoherra, pj Ahponen Harri, Polvij\u00e4rvi Hiltunen Sari, Liperi H\u00e4m\u00e4l\u00e4inen Pasi, Valtimo Jehkinen Lea, Nurmes Jolkkonen Meeri, Liperi Kareinen Kaija, Liperi Levy Maritta, Valtimo Mustonen Eeva, Polvij\u00e4rvi &#8230; <a title=\"Luottamushenkil\u00f6t\" class=\"read-more\" href=\"https:\/\/ort.fi\/taipale\/paatoksenteko\/luottamushenkilot\/\" aria-label=\"Lue lis\u00e4\u00e4 aiheesta Luottamushenkil\u00f6t\">Lue lis\u00e4\u00e4<\/a><\/p>\n","protected":false},"author":6,"featured_media":0,"parent":624,"menu_order":0,"comment_status":"closed","ping_status":"closed","template":"","meta":{"ngg_post_thumbnail":0,"footnotes":""},"class_list":["post-354","page","type-page","status-publish"],"_links":{"self":[{"href":"https:\/\/ort.fi\/taipale\/wp-json\/wp\/v2\/pages\/354","targetHints":{"allow":["GET"]}}],"collection":[{"href":"https:\/\/ort.fi\/taipale\/wp-json\/wp\/v2\/pages"}],"about":[{"href":"https:\/\/ort.fi\/taipale\/wp-json\/wp\/v2\/types\/page"}],"author":[{"embeddable":true,"href":"https:\/\/ort.fi\/taipale\/wp-json\/wp\/v2\/users\/6"}],"replies":[{"embeddable":true,"href":"https:\/\/ort.fi\/taipale\/wp-json\/wp\/v2\/comments?post=354"}],"version-history":[{"count":36,"href":"https:\/\/ort.fi\/taipale\/wp-json\/wp\/v2\/pages\/354\/revisions"}],"predecessor-version":[{"id":31943,"href":"https:\/\/ort.fi\/taipale\/wp-json\/wp\/v2\/pages\/354\/revisions\/31943"}],"up":[{"embeddable":true,"href":"https:\/\/ort.fi\/taipale\/wp-json\/wp\/v2\/pages\/624"}],"wp:attachment":[{"href":"https:\/\/ort.fi\/taipale\/wp-json\/wp\/v2\/media?parent=354"}],"curies":[{"name":"wp","href":"https:\/\/api.w.org\/{rel}","templated":true}]}}