{"id":3309,"date":"2019-02-15T19:47:16","date_gmt":"2019-02-15T17:47:16","guid":{"rendered":"https:\/\/ort.fi\/taipale\/?page_id=3309"},"modified":"2024-11-13T19:50:01","modified_gmt":"2024-11-13T17:50:01","slug":"kirjojen-tilauslomake","status":"publish","type":"page","link":"https:\/\/ort.fi\/taipale\/kirjojen-tilauslomake\/","title":{"rendered":"Kirjojen tilauslomake"},"content":{"rendered":"<p>Alla olevalla lomakkeella voit tilata kirjoja Outokummun kirkolla sijaitsevasta Juliaanan kirjastosta. Seurakunnan ty\u00f6ntekij\u00e4t toimittavat kirjat noudettaviksi valitsemaasi paikkaan: l\u00e4himp\u00e4\u00e4n pyh\u00e4kk\u00f6\u00f6n tai seurakunnan kansliaan. Voit my\u00f6s kirjoittaa &#8217;Muuta viestitt\u00e4v\u00e4\u00e4&#8217; -kohtaan, mik\u00e4li haluat kirjat toimitettavan muulla tavalla.<\/p>\n<p>\n<div class=\"wpcf7 no-js\" id=\"wpcf7-f3307-o1\" lang=\"fi\" dir=\"ltr\" data-wpcf7-id=\"3307\">\n<div class=\"screen-reader-response\"><p role=\"status\" aria-live=\"polite\" aria-atomic=\"true\"><\/p> <ul><\/ul><\/div>\n<form action=\"\/taipale\/wp-json\/wp\/v2\/pages\/3309#wpcf7-f3307-o1\" method=\"post\" class=\"wpcf7-form init\" aria-label=\"Yhteydenottolomake\" novalidate=\"novalidate\" data-status=\"init\">\n<fieldset class=\"hidden-fields-container\"><input type=\"hidden\" name=\"_wpcf7\" value=\"3307\" \/><input type=\"hidden\" name=\"_wpcf7_version\" value=\"6.1.5\" \/><input type=\"hidden\" name=\"_wpcf7_locale\" value=\"fi\" \/><input type=\"hidden\" name=\"_wpcf7_unit_tag\" value=\"wpcf7-f3307-o1\" \/><input type=\"hidden\" name=\"_wpcf7_container_post\" value=\"0\" \/><input type=\"hidden\" name=\"_wpcf7_posted_data_hash\" value=\"\" \/><input type=\"hidden\" name=\"_wpcf7_recaptcha_response\" value=\"\" \/>\n<\/fieldset>\n<p><label> Nimi (pakollinen)<br \/>\n<span class=\"wpcf7-form-control-wrap\" data-name=\"your-name\"><input size=\"40\" maxlength=\"400\" class=\"wpcf7-form-control wpcf7-text wpcf7-validates-as-required\" aria-required=\"true\" aria-invalid=\"false\" value=\"\" type=\"text\" name=\"your-name\" \/><\/span> <\/label>\n<\/p>\n<p><label> Puhelinnumero (pakollinen)<br \/>\n<span class=\"wpcf7-form-control-wrap\" data-name=\"tel-656\"><input size=\"40\" maxlength=\"400\" class=\"wpcf7-form-control wpcf7-tel wpcf7-validates-as-required wpcf7-text wpcf7-validates-as-tel\" aria-required=\"true\" aria-invalid=\"false\" value=\"\" type=\"tel\" name=\"tel-656\" \/><\/span> <\/label>\n<\/p>\n<p><label> S\u00e4hk\u00f6posti (pakollinen)<br \/>\n<span class=\"wpcf7-form-control-wrap\" data-name=\"your-email\"><input size=\"40\" maxlength=\"400\" class=\"wpcf7-form-control wpcf7-email wpcf7-validates-as-required wpcf7-text wpcf7-validates-as-email\" aria-required=\"true\" aria-invalid=\"false\" value=\"\" type=\"email\" name=\"your-email\" \/><\/span> <\/label>\n<\/p>\n<p><label> Tilattavat kirjat (pakollinen)<br \/>\n<span class=\"wpcf7-form-control-wrap\" data-name=\"textarea-943\"><textarea cols=\"40\" rows=\"10\" maxlength=\"2000\" class=\"wpcf7-form-control wpcf7-textarea wpcf7-validates-as-required\" aria-required=\"true\" aria-invalid=\"false\" placeholder=\"Kirjoittaja ja teoksen nimi\" name=\"textarea-943\"><\/textarea><\/span> <\/label>\n<\/p>\n<p>Kirjojen toimituspaikka (pakollinen)<br \/>\n<span class=\"wpcf7-form-control-wrap\" data-name=\"checkbox-317\"><span class=\"wpcf7-form-control wpcf7-checkbox wpcf7-validates-as-required wpcf7-exclusive-checkbox\"><span class=\"wpcf7-list-item first\"><input type=\"checkbox\" name=\"checkbox-317\" value=\"Outokummun kirkko\" \/><span class=\"wpcf7-list-item-label\">Outokummun kirkko<\/span><\/span><span class=\"wpcf7-list-item\"><input type=\"checkbox\" name=\"checkbox-317\" value=\"Viinij\u00e4rven kirkko\" \/><span class=\"wpcf7-list-item-label\">Viinij\u00e4rven kirkko<\/span><\/span><span class=\"wpcf7-list-item\"><input type=\"checkbox\" name=\"checkbox-317\" value=\"Polvij\u00e4rven kirkko\" \/><span class=\"wpcf7-list-item-label\">Polvij\u00e4rven kirkko<\/span><\/span><span class=\"wpcf7-list-item\"><input type=\"checkbox\" name=\"checkbox-317\" value=\"Sotkuman tsasouna\" \/><span class=\"wpcf7-list-item-label\">Sotkuman tsasouna<\/span><\/span><span class=\"wpcf7-list-item\"><input type=\"checkbox\" name=\"checkbox-317\" value=\"Liperin tsasouna\" \/><span class=\"wpcf7-list-item-label\">Liperin tsasouna<\/span><\/span><span class=\"wpcf7-list-item last\"><input type=\"checkbox\" name=\"checkbox-317\" value=\"Seurakunnan kanslia\" \/><span class=\"wpcf7-list-item-label\">Seurakunnan kanslia<\/span><\/span><\/span><\/span>\n<\/p>\n<p><label> Muuta viestitt\u00e4v\u00e4\u00e4 kirjatilaukseen\/kirjastoon liittyen<br \/>\n<span class=\"wpcf7-form-control-wrap\" data-name=\"your-message\"><textarea cols=\"40\" rows=\"10\" maxlength=\"2000\" class=\"wpcf7-form-control wpcf7-textarea\" aria-invalid=\"false\" name=\"your-message\"><\/textarea><\/span> <\/label>\n<\/p>\n<p><input class=\"wpcf7-form-control wpcf7-submit has-spinner\" type=\"submit\" value=\"L\u00e4het\u00e4\" \/>\n<\/p><div class=\"wpcf7-response-output\" aria-hidden=\"true\"><\/div>\n<\/form>\n<\/div>\n<br \/>\n&nbsp; &nbsp;<\/p>\n","protected":false},"excerpt":{"rendered":"<p>Alla olevalla lomakkeella voit tilata kirjoja Outokummun kirkolla sijaitsevasta Juliaanan kirjastosta. Seurakunnan ty\u00f6ntekij\u00e4t toimittavat kirjat noudettaviksi valitsemaasi paikkaan: l\u00e4himp\u00e4\u00e4n pyh\u00e4kk\u00f6\u00f6n tai seurakunnan kansliaan. Voit my\u00f6s kirjoittaa &#8217;Muuta viestitt\u00e4v\u00e4\u00e4&#8217; -kohtaan, mik\u00e4li &#8230; <a title=\"Kirjojen tilauslomake\" class=\"read-more\" href=\"https:\/\/ort.fi\/taipale\/kirjojen-tilauslomake\/\" aria-label=\"Lue lis\u00e4\u00e4 aiheesta Kirjojen tilauslomake\">Lue lis\u00e4\u00e4<\/a><\/p>\n","protected":false},"author":6,"featured_media":0,"parent":0,"menu_order":0,"comment_status":"closed","ping_status":"closed","template":"","meta":{"ngg_post_thumbnail":0,"footnotes":""},"class_list":["post-3309","page","type-page","status-publish"],"_links":{"self":[{"href":"https:\/\/ort.fi\/taipale\/wp-json\/wp\/v2\/pages\/3309","targetHints":{"allow":["GET"]}}],"collection":[{"href":"https:\/\/ort.fi\/taipale\/wp-json\/wp\/v2\/pages"}],"about":[{"href":"https:\/\/ort.fi\/taipale\/wp-json\/wp\/v2\/types\/page"}],"author":[{"embeddable":true,"href":"https:\/\/ort.fi\/taipale\/wp-json\/wp\/v2\/users\/6"}],"replies":[{"embeddable":true,"href":"https:\/\/ort.fi\/taipale\/wp-json\/wp\/v2\/comments?post=3309"}],"version-history":[{"count":7,"href":"https:\/\/ort.fi\/taipale\/wp-json\/wp\/v2\/pages\/3309\/revisions"}],"predecessor-version":[{"id":27319,"href":"https:\/\/ort.fi\/taipale\/wp-json\/wp\/v2\/pages\/3309\/revisions\/27319"}],"wp:attachment":[{"href":"https:\/\/ort.fi\/taipale\/wp-json\/wp\/v2\/media?parent=3309"}],"curies":[{"name":"wp","href":"https:\/\/api.w.org\/{rel}","templated":true}]}}