{"id":31595,"date":"2026-02-23T15:28:19","date_gmt":"2026-02-23T13:28:19","guid":{"rendered":"https:\/\/ort.fi\/taipale\/?page_id=31595"},"modified":"2026-02-24T14:22:25","modified_gmt":"2026-02-24T12:22:25","slug":"sami-fyrqvistin-lukijaksi-vihkiminen","status":"publish","type":"page","link":"https:\/\/ort.fi\/taipale\/sami-fyrqvistin-lukijaksi-vihkiminen\/","title":{"rendered":"Sami Fyrqvistin lukijaksi vihkiminen"},"content":{"rendered":"<div>KP metropoliitta Arseni vihki ortodoksisuuden sunnuntaina 22.2. teologian maisteri Sami Fyrqvistin lukijaksi Polvij\u00e4rven pyh\u00e4n Johannes Kastajan kirkkoon. Lukijan, papin tai diakonin teht\u00e4v\u00e4\u00e4n vihitt\u00e4ess\u00e4 nimet\u00e4\u00e4n aina kirkko, jossa vihitty toimii, vaikka todellisuudessa he useimmiten palvelevat kaikkialla seurakunnassa.<\/div>\n<div>&nbsp;<\/div>\n<div><b>Sami muutit vaimosi Hannan kanssa syksyll\u00e4 Taipaleen seurakunnan alueelle. Mist\u00e4 p\u00e4in Suomea muutitte ja mist\u00e4 sin\u00e4 olet kotoisin?<\/b><\/div>\n<div>&nbsp;<\/div>\n<div>Muutimme Tampereelta Yl\u00e4myllylle tuossa lokakuun lopulla vuonna 2025. Itse olen alun perin kotoisin Karjaalta&nbsp;pienest\u00e4 Mustion kyl\u00e4st\u00e4, jossa vietin lapsuuttani. T\u00e4m\u00e4n j\u00e4lkeen olen asunut Billn\u00e4sin ruukin vieress\u00e4, jonka j\u00e4lkeen muutin vuonna 2012 Joensuuhun opiskelemaan. Sielt\u00e4 muutin Tampereelle vaimoni kanssa saman katon alle vuoden 2024 vappuna, ja nyt tosiaan lokakuun lopusta 2025 olemme asuneet Yl\u00e4myllyll\u00e4.<\/div>\n<div>&nbsp;<\/div>\n<div><b>Sukunimell\u00e4si Fyrqvist on ilmeisesti joku merkitys, haluaisitko avata sit\u00e4 hieman?<\/b><\/div>\n<div>&nbsp;<\/div>\n<div>Nimen voi jakaa kahteen osaan, Fyr ja qvist. Fyr on vanhaa germaanista tai skandinaavista per\u00e4\u00e4 ja tarkoittaa tulta (vrt. Feuer\/Fire) ja qvist taas tarkoittaa oksaa. Sukunimeni voisi siis k\u00e4\u00e4nt\u00e4\u00e4 \u201dtulioksa\u201d tai \u201dpalava oksa\u201d.<\/div>\n<div>&nbsp;<\/div>\n<div><b>Palava oksa on varsin l\u00e4hell\u00e4 \u201dpalavaa pensasta\u201d, joka n\u00e4hd\u00e4\u00e4n neitseellisen syntym\u00e4n ennusmerkkin\u00e4. Hyv\u00e4 nimi teologille. Olet koulutukseltasi teologian maisteri, mutta k\u00e4sitt\u00e4\u00e4kseni teet jatko-opintoja. Mik\u00e4 on teologinen tutkimusalasi?<\/b><\/div>\n<div>&nbsp;<\/div>\n<div>Kyll\u00e4, teen teologian jatko-opintoja It\u00e4-Suomen yliopistossa. Tutkimusalaani on ortodoksinen k\u00e4yt\u00e4nn\u00f6llinen teologia. Tutkimukseni kysymyksen\u00e4 on \u201dMik\u00e4 on Suomen ortodoksisen kirkon papiston pappeuskuva?\u201d Pappeuskuvalla tarkoitan papiston (johon kuuluvat diakonit, papit ja piispat) itseymm\u00e4rryst\u00e4 eli k\u00e4sityst\u00e4 siit\u00e4, mit\u00e4 he omasta mielest\u00e4\u00e4n ovat ja mit\u00e4 heid\u00e4n pit\u00e4isi olla. Tutkimus on ollut mielest\u00e4ni antoisa ja koen ett\u00e4 olen saanut tuloksia, joita voitaisiin tulevaisuudessa hy\u00f6dynt\u00e4\u00e4 kirkossamme.<\/div>\n<div>&nbsp;<\/div>\n<div><b>Olet opiskeluaikanasi ollut aktiivinen ja tehnyt seurakunnallekin erilaisia t\u00f6it\u00e4.<\/b><\/div>\n<div><b>&nbsp;<\/b><\/div>\n<div>Olen tehnyt t\u00f6it\u00e4 sek\u00e4 Joensuun ett\u00e4 Tampereen seurakunnille. Enin osa on ollut seurakuntamestarin \/ vahtimestarin t\u00f6it\u00e4, joista minulle on kertynyt yhteens\u00e4 yli puolentoista vuoden kokemus eri p\u00e4tkiss\u00e4. Lis\u00e4ksi olen tehnyt jonkin verran seurakuntasihteerin t\u00f6it\u00e4 sek\u00e4 toiminut kirkko-oppaana molemmissa seurakunnissa. Olen toiminut my\u00f6s erin\u00e4isiss\u00e4 vapaaehtoist\u00f6iss\u00e4, kuten yhten\u00e4 katekumeeniopetuksen&nbsp;<wbr>vastaavista opettajista Joensuun seurakunnassa useana vuotena. Lis\u00e4ksi tulen nyt pit\u00e4m\u00e4\u00e4n yhden lyhyen luennon Valamon opiston \u201dOrtodoksisuus tutuksi\u201d kurssilla \u2013 puhun diakoneista Suomen ortodoksisessa kirkossa.<\/div>\n<div>&nbsp;<\/div>\n<div><b>\u00c4\u00e4nesi taitaa olla tuttu my\u00f6s \u201dradio\u00e4\u00e4nen\u00e4\u201d?<\/b><\/div>\n<div>&nbsp;<\/div>\n<div>Se on totta. Olemme yhdess\u00e4 Joensuun is\u00e4 Harri Linnan kanssa tehneet vuodesta 2021 \u201dPyhien isien Podcast\u201d nimist\u00e4 podcastia Spotifyihin. Podcastimme tarkoituksena on tehd\u00e4 kirkkoisien suomennettuja tekstej\u00e4 tutuksi kuulijoille ja my\u00f6s madaltaa kynnyst\u00e4 n\u00e4iden kirjoitusten lukemiseen. Tehd\u00e4 niit\u00e4 tutuiksi ihmisille. L\u00e4ht\u00f6kohtaisesti olemme joka jaksossa valinneet jonkin suomennetun kirjan, josta luemme p\u00e4tk\u00e4n. Sen j\u00e4lkeen toinen meist\u00e4 selitt\u00e4\u00e4 lyhyesti aiheena olevasta kirjasta sen p\u00e4\u00e4teemoja, kirjoitusajankohtaa ja -taustaa sek\u00e4 kirjoittajasta. T\u00e4m\u00e4n j\u00e4lkeen keskustelemme kirjasta tai sen kirjoittajasta mieleemme nousevista asioista. Jaksot ovat pituudeltaan keskim\u00e4\u00e4rin 30-40 minuuttisia, tosin joitain lyhyempi\u00e4 ja pidempi\u00e4kin jaksoja l\u00f6ytyy.<\/div>\n<div>&nbsp;<\/div>\n<div><b>Se olikin siis netiss\u00e4. Olen kuullut kehuja ohjelmastanne. Taidan merkit\u00e4 Podcastinne listalleni ja tutustua tarkemmin. Monia armorikkaita vuosia sinulle ja puolisollesi sek\u00e4 tervetuloa palvelemaan kirkoissamme.<\/b><\/div>\n<div>&nbsp; &nbsp;<\/div>\n<div>Haastattelu ja kuvat: is\u00e4 Tuomas J\u00e4rvelin<\/div>\nngg_shortcode_0_placeholder\n","protected":false},"excerpt":{"rendered":"<p>KP metropoliitta Arseni vihki ortodoksisuuden sunnuntaina 22.2. teologian maisteri Sami Fyrqvistin lukijaksi Polvij\u00e4rven pyh\u00e4n Johannes Kastajan kirkkoon. Lukijan, papin tai diakonin teht\u00e4v\u00e4\u00e4n vihitt\u00e4ess\u00e4 nimet\u00e4\u00e4n aina kirkko, jossa vihitty toimii, vaikka &#8230; <a title=\"Sami Fyrqvistin lukijaksi vihkiminen\" class=\"read-more\" href=\"https:\/\/ort.fi\/taipale\/sami-fyrqvistin-lukijaksi-vihkiminen\/\" aria-label=\"Lue lis\u00e4\u00e4 aiheesta Sami Fyrqvistin lukijaksi vihkiminen\">Lue lis\u00e4\u00e4<\/a><\/p>\n","protected":false},"author":6,"featured_media":0,"parent":0,"menu_order":0,"comment_status":"open","ping_status":"closed","template":"","meta":{"ngg_post_thumbnail":0,"footnotes":""},"class_list":["post-31595","page","type-page","status-publish"],"_links":{"self":[{"href":"https:\/\/ort.fi\/taipale\/wp-json\/wp\/v2\/pages\/31595","targetHints":{"allow":["GET"]}}],"collection":[{"href":"https:\/\/ort.fi\/taipale\/wp-json\/wp\/v2\/pages"}],"about":[{"href":"https:\/\/ort.fi\/taipale\/wp-json\/wp\/v2\/types\/page"}],"author":[{"embeddable":true,"href":"https:\/\/ort.fi\/taipale\/wp-json\/wp\/v2\/users\/6"}],"replies":[{"embeddable":true,"href":"https:\/\/ort.fi\/taipale\/wp-json\/wp\/v2\/comments?post=31595"}],"version-history":[{"count":11,"href":"https:\/\/ort.fi\/taipale\/wp-json\/wp\/v2\/pages\/31595\/revisions"}],"predecessor-version":[{"id":31641,"href":"https:\/\/ort.fi\/taipale\/wp-json\/wp\/v2\/pages\/31595\/revisions\/31641"}],"wp:attachment":[{"href":"https:\/\/ort.fi\/taipale\/wp-json\/wp\/v2\/media?parent=31595"}],"curies":[{"name":"wp","href":"https:\/\/api.w.org\/{rel}","templated":true}]}}