{"id":30847,"date":"2025-12-10T15:11:47","date_gmt":"2025-12-10T13:11:47","guid":{"rendered":"https:\/\/ort.fi\/taipale\/?page_id=30847"},"modified":"2025-12-16T10:20:11","modified_gmt":"2025-12-16T08:20:11","slug":"lasten-ikonipiiri","status":"publish","type":"page","link":"https:\/\/ort.fi\/taipale\/lasten-ikonipiiri\/","title":{"rendered":"Lasten ikonipiiri"},"content":{"rendered":"<p>Lasten ikonipiiri kokoontuu kerran kuukaudessa sunnuntaisin klo 14-18 Viinij\u00e4rvell\u00e4 Vanhassa pappilassa.<\/p>\n<p>Tervetuloa mukaan!<\/p>\n<p>Lis\u00e4tietoja Anna-Kaisa Miinalainen 050 341 9508<br \/>\n&nbsp; &nbsp;<\/p>\n","protected":false},"excerpt":{"rendered":"<p>Lasten ikonipiiri kokoontuu kerran kuukaudessa sunnuntaisin klo 14-18 Viinij\u00e4rvell\u00e4 Vanhassa pappilassa. Tervetuloa mukaan! Lis\u00e4tietoja Anna-Kaisa Miinalainen 050 341 9508 &nbsp; &nbsp;<\/p>\n","protected":false},"author":6,"featured_media":0,"parent":0,"menu_order":0,"comment_status":"open","ping_status":"closed","template":"","meta":{"ngg_post_thumbnail":0,"footnotes":""},"class_list":["post-30847","page","type-page","status-publish"],"_links":{"self":[{"href":"https:\/\/ort.fi\/taipale\/wp-json\/wp\/v2\/pages\/30847","targetHints":{"allow":["GET"]}}],"collection":[{"href":"https:\/\/ort.fi\/taipale\/wp-json\/wp\/v2\/pages"}],"about":[{"href":"https:\/\/ort.fi\/taipale\/wp-json\/wp\/v2\/types\/page"}],"author":[{"embeddable":true,"href":"https:\/\/ort.fi\/taipale\/wp-json\/wp\/v2\/users\/6"}],"replies":[{"embeddable":true,"href":"https:\/\/ort.fi\/taipale\/wp-json\/wp\/v2\/comments?post=30847"}],"version-history":[{"count":2,"href":"https:\/\/ort.fi\/taipale\/wp-json\/wp\/v2\/pages\/30847\/revisions"}],"predecessor-version":[{"id":30927,"href":"https:\/\/ort.fi\/taipale\/wp-json\/wp\/v2\/pages\/30847\/revisions\/30927"}],"wp:attachment":[{"href":"https:\/\/ort.fi\/taipale\/wp-json\/wp\/v2\/media?parent=30847"}],"curies":[{"name":"wp","href":"https:\/\/api.w.org\/{rel}","templated":true}]}}