{"id":29469,"date":"2025-07-03T18:13:25","date_gmt":"2025-07-03T15:13:25","guid":{"rendered":"https:\/\/ort.fi\/taipale\/?page_id=29469"},"modified":"2025-08-23T15:08:42","modified_gmt":"2025-08-23T12:08:42","slug":"seurakunnan-vuokrattavat-tilat","status":"publish","type":"page","link":"https:\/\/ort.fi\/taipale\/seurakunnan-vuokrattavat-tilat\/","title":{"rendered":"Seurakunnan vuokrattavat tilat"},"content":{"rendered":"<p>Taipaleen ortodoksinen seurakunta vuokraa tiloja muistotilaisuuksiin, muihin juhliin ja tilaisuuksiin sek\u00e4 ryhmien ja yhdistysten k\u00e4ytt\u00f6\u00f6n. Tilan varaaminen edellytt\u00e4\u00e4 varaajan yhteystietojen luovuttamista. Avain luovutetaan tilan vuokraajalle sek\u00e4 palautetaan seurakuntaan aina sovitun mukaisesti. Tilan varaajan tulee aina lukita l\u00e4htiess\u00e4\u00e4n ulko-ovet sek\u00e4 huolehtia ikkunat kiinni. P\u00f6yt\u00e4liinoista perit\u00e4\u00e4n erillinen vuokra.<\/p>\n<p><strong>Viinij\u00e4rven Vanha pappila<\/strong>, Viinij\u00e4rventie 7, Viinij\u00e4rvi<br \/>\n&#8211; sali 80 \u20ac p\u00e4iv\u00e4<br \/>\nMaksimihenkil\u00f6m\u00e4\u00e4r\u00e4 50, kiinte\u00e4 luiska py\u00f6r\u00e4tuolia varten.<br \/>\nVarustelu: liesi, uuni, kahvinkeitin, vedenkeitin, j\u00e4\u00e4kaappi, astiastot ja tiskikone. K\u00e4ytett\u00e4viss\u00e4 on piano.<br \/>\nEsittelyvideo: <a href=\"https:\/\/youtu.be\/dP21nz4_TUo\" target=\"_blank\" rel=\"noopener\">Vanhan pappilan sali<\/a> (YouTube)<\/p>\n<p><strong>Outokummun kirkko<\/strong>, Kirkkopolku 3, Outokumpu<br \/>\n&#8211; alakerran sali 80 \u20ac p\u00e4iv\u00e4<br \/>\nMaksimihenkil\u00f6m\u00e4\u00e4r\u00e4 40\u201350.<br \/>\nVarustelu: liesi, uuni, kahvinkeitin, vedenkeitin, j\u00e4\u00e4kaappi-pakastin, astiastot ja tiskikone. K\u00e4ytett\u00e4viss\u00e4 on piano.<br \/>\nEsittelyvideo: <a href=\"https:\/\/youtu.be\/r7f6CyzZp3k\" target=\"_blank\" rel=\"noopener\">Outokummun kirkon sali<\/a> (YouTube)<\/p>\n<p><strong>S\u00e4ynelammen leirikeskus<\/strong>, Syv\u00e4lahdentie 7, Polvij\u00e4rvi<br \/>\n&#8211; enint\u00e4\u00e4n 10 henkil\u00f6\u00e4, oman seurakunnan j\u00e4sen 100 \u20ac vrk, muut 120 \u20ac vrk<br \/>\n&#8211; yli 10 henkil\u00f6\u00e4, oman seurakunnan j\u00e4sen 150 \u20ac vrk, muut 170 \u20ac vrk<br \/>\nLeirikeskuksessa on puul\u00e4mmitteinen sauna, jossa kannettava vesi ja muuripata. P\u00e4\u00e4rakennuksessa majoitustilaa 10 hengelle. Vaatimaton keitti\u00f6 astioineen, ei tiskikonetta. L\u00e4mminvesivaraaja on, mutta ei kovin suuri. Keitti\u00f6ss\u00e4 on j\u00e4\u00e4kaappi ja kylmi\u00f6. Majoitukseen erillinen vaatimaton majoitusrakennus. Nuotiopaikka ja laituri sek\u00e4 soutuvene.<br \/>\nEsittelysivu: <a href=\"https:\/\/ort.fi\/taipale\/leirikeskus\/\" target=\"_blank\" rel=\"noopener\">ort.fi\/taipale\/leirikeskus\/<\/a>&nbsp;<\/p>\n<p><strong>Tilavaraukset<\/strong> Taipaleen (Viinij\u00e4rvi, Outokumpu ja S\u00e4ynelampi) vuokrattavien tilojen osalta puh. 050 471 8130 tai taipale@ort.fi. Outokumpu lis\u00e4ksi Arvo Naumanen, puh. 050 591 2790.<\/p>\n<hr>\n<p><strong>Nurmes<\/strong>, Salmentie 5, Nurmes<strong><br \/>\n&#8211; <\/strong>seurakuntasali 80 \u20ac p\u00e4iv\u00e4<br \/>\nMaksimihenkil\u00f6m\u00e4\u00e4r\u00e4 on 120, ruokailemaan mahtuu enint\u00e4\u00e4n 100 henkil\u00f6\u00e4.<br \/>\nEsteet\u00f6n p\u00e4\u00e4sy, inva-wc.<br \/>\nVarustelu: liesi, uuni, j\u00e4\u00e4kaappi sek\u00e4 erillinen kylmi\u00f6 ja astiastot.<br \/>\nK\u00e4ytett\u00e4viss\u00e4 on piano ja videotykki, jonka k\u00e4yt\u00f6st\u00e4 on sovittava erikseen.<\/p>\n<p><strong>Juuka<\/strong>, Laurilantie 9, Nurmes<strong><br \/>\n&#8211; <\/strong>seurakuntasali 80 \u20ac p\u00e4iv\u00e4<br \/>\nVarustelu: kaksi liett\u00e4 uuneineen, j\u00e4\u00e4kaappi-pakastin ja astiastot.&nbsp;<br \/>\nK\u00e4ytett\u00e4viss\u00e4 on piano.<\/p>\n<p><strong>Tilavaraukset<\/strong> kappeliseurakunnan (Juuka ja Nurmes) vuokrattavien tilojen osalta<br \/>\npuh 045 6789423 \/ Tiina,&nbsp;puh 040 163 4430 \/&nbsp;is\u00e4 Pentti tai s\u00e4hk\u00f6postitse nurmes@ort.fi.<\/p>\n<hr>\n<p>&nbsp;<\/p>\n","protected":false},"excerpt":{"rendered":"<p>Taipaleen ortodoksinen seurakunta vuokraa tiloja muistotilaisuuksiin, muihin juhliin ja tilaisuuksiin sek\u00e4 ryhmien ja yhdistysten k\u00e4ytt\u00f6\u00f6n. Tilan varaaminen edellytt\u00e4\u00e4 varaajan yhteystietojen luovuttamista. Avain luovutetaan tilan vuokraajalle sek\u00e4 palautetaan seurakuntaan aina sovitun &#8230; <a title=\"Seurakunnan vuokrattavat tilat\" class=\"read-more\" href=\"https:\/\/ort.fi\/taipale\/seurakunnan-vuokrattavat-tilat\/\" aria-label=\"Lue lis\u00e4\u00e4 aiheesta Seurakunnan vuokrattavat tilat\">Lue lis\u00e4\u00e4<\/a><\/p>\n","protected":false},"author":2,"featured_media":0,"parent":0,"menu_order":0,"comment_status":"closed","ping_status":"closed","template":"","meta":{"ngg_post_thumbnail":0,"footnotes":""},"class_list":["post-29469","page","type-page","status-publish"],"_links":{"self":[{"href":"https:\/\/ort.fi\/taipale\/wp-json\/wp\/v2\/pages\/29469","targetHints":{"allow":["GET"]}}],"collection":[{"href":"https:\/\/ort.fi\/taipale\/wp-json\/wp\/v2\/pages"}],"about":[{"href":"https:\/\/ort.fi\/taipale\/wp-json\/wp\/v2\/types\/page"}],"author":[{"embeddable":true,"href":"https:\/\/ort.fi\/taipale\/wp-json\/wp\/v2\/users\/2"}],"replies":[{"embeddable":true,"href":"https:\/\/ort.fi\/taipale\/wp-json\/wp\/v2\/comments?post=29469"}],"version-history":[{"count":7,"href":"https:\/\/ort.fi\/taipale\/wp-json\/wp\/v2\/pages\/29469\/revisions"}],"predecessor-version":[{"id":29841,"href":"https:\/\/ort.fi\/taipale\/wp-json\/wp\/v2\/pages\/29469\/revisions\/29841"}],"wp:attachment":[{"href":"https:\/\/ort.fi\/taipale\/wp-json\/wp\/v2\/media?parent=29469"}],"curies":[{"name":"wp","href":"https:\/\/api.w.org\/{rel}","templated":true}]}}