{"id":28,"date":"2018-09-20T09:34:33","date_gmt":"2018-09-20T06:34:33","guid":{"rendered":"https:\/\/ort.fi\/taipale\/?page_id=28"},"modified":"2026-04-13T11:17:32","modified_gmt":"2026-04-13T08:17:32","slug":"yhteystiedot","status":"publish","type":"page","link":"https:\/\/ort.fi\/taipale\/yhteystiedot\/","title":{"rendered":"Yhteystiedot"},"content":{"rendered":"<p><strong>Kirkkoherranvirasto<\/strong><br \/>\navoinna ma ja to klo 9-12&nbsp;<br \/>\nViinij\u00e4rventie 7,&nbsp;83400 Viinij\u00e4rvi<br \/>\npuh. 050 471 8130,&nbsp;<a href=\"mailto:taipale@ort.fi\">taipale@ort.fi<\/a>&nbsp;<\/p>\n<p><strong>Virkatodistukset ja sukuselvitykset<\/strong> tilataan Kuopiosta, Suomen ortodoksisen kirkon keskusrekisterist\u00e4: <a href=\"https:\/\/ort.fi\/keskusrekisteri\" target=\"_blank\" rel=\"noopener noreferrer\">Keskusrekisterin sivut<\/a><\/p>\n<p><strong>Nurmeksen kappeliseurakunnan<\/strong> yhteystiedot l\u00f6ytyv\u00e4t kappeliseurakunnan nettisivuilta <a href=\"https:\/\/ort.fi\/nurmes\/yhteystiedot\" target=\"_blank\" rel=\"noopener\">ort.fi\/nurmes\/<\/a>&nbsp;<\/p>\n<p><iframe loading=\"lazy\" src=\"https:\/\/www.google.com\/maps\/d\/embed?mid=1kp0mo39hACmtMmGl4xtO_-P5EzsGon2Q\" width=\"700\" height=\"400\"><span data-mce-type=\"bookmark\" style=\"display: inline-block; width: 0px; overflow: hidden; line-height: 0;\" class=\"mce_SELRES_start\">\ufeff<\/span><\/iframe><\/p>\n<hr>\n<h3><strong>Taipaleen ortodoksinen seurakunta<\/strong>&nbsp;<\/h3>\n<p><strong>Kirkkoherra<\/strong><br \/>\n<strong>rovasti Tuomas J\u00e4rvelin <\/strong><strong><br \/>\n<img loading=\"lazy\" decoding=\"async\" class=\"alignnone wp-image-22325\" src=\"https:\/\/ort.fi\/taipale\/wp-content\/uploads\/2023\/07\/Tuomas-Jarvelin-258x300.jpg\" alt=\"\" width=\"160\" height=\"186\" srcset=\"https:\/\/ort.fi\/taipale\/wp-content\/uploads\/2023\/07\/Tuomas-Jarvelin-258x300.jpg 258w, https:\/\/ort.fi\/taipale\/wp-content\/uploads\/2023\/07\/Tuomas-Jarvelin.jpg 400w\" sizes=\"auto, (max-width: 160px) 100vw, 160px\" \/><\/strong><br \/>\npuh. 050 566 1700&nbsp;<br \/>\n<a href=\"mailto:tuomas.jarvelin@ort.fi\">tuomas.jarvelin@ort.fi<\/a><br \/>\nvapaap\u00e4iv\u00e4t to ja pe<br \/>\n<a href=\"https:\/\/ort.fi\/taipale\/wp-content\/uploads\/2023\/08\/suomi.webp\"><img loading=\"lazy\" decoding=\"async\" class=\"alignnone wp-image-22437\" src=\"https:\/\/ort.fi\/taipale\/wp-content\/uploads\/2023\/08\/suomi-300x183.webp\" alt=\"\" width=\"34\" height=\"21\" srcset=\"https:\/\/ort.fi\/taipale\/wp-content\/uploads\/2023\/08\/suomi-300x183.webp 300w, https:\/\/ort.fi\/taipale\/wp-content\/uploads\/2023\/08\/suomi.webp 702w\" sizes=\"auto, (max-width: 34px) 100vw, 34px\" \/><\/a> <a href=\"https:\/\/ort.fi\/taipale\/wp-content\/uploads\/2023\/08\/englanti.webp\"><img loading=\"lazy\" decoding=\"async\" class=\"alignnone wp-image-22431\" src=\"https:\/\/ort.fi\/taipale\/wp-content\/uploads\/2023\/08\/englanti-300x150.webp\" alt=\"\" width=\"40\" height=\"20\" srcset=\"https:\/\/ort.fi\/taipale\/wp-content\/uploads\/2023\/08\/englanti-300x150.webp 300w, https:\/\/ort.fi\/taipale\/wp-content\/uploads\/2023\/08\/englanti.webp 702w\" sizes=\"auto, (max-width: 40px) 100vw, 40px\" \/><\/a><br \/>\n&nbsp; &nbsp;<\/p>\n<h3>Taipaleen alue (Liperi, Outokumpu, Polvij\u00e4rvi)<\/h3>\n<p><strong>Taipaleen pappi<\/strong><br \/>\n<strong>pastori Nemanja Bal\u010din<\/strong><br \/>\n<img loading=\"lazy\" decoding=\"async\" class=\"alignnone wp-image-12501\" src=\"https:\/\/ort.fi\/taipale\/wp-content\/uploads\/2021\/02\/Nemanja.Balcin-259x300.jpg\" alt=\"Pastori Nemanja Bal\u010din\" width=\"160\" height=\"186\" srcset=\"https:\/\/ort.fi\/taipale\/wp-content\/uploads\/2021\/02\/Nemanja.Balcin-259x300.jpg 259w, https:\/\/ort.fi\/taipale\/wp-content\/uploads\/2021\/02\/Nemanja.Balcin.jpg 640w\" sizes=\"auto, (max-width: 160px) 100vw, 160px\" \/><br \/>\npuh. 040 673 2918<br \/>\n<a href=\"mailto:nemanja.balcin@ort.fi\">nemanja.balcin@ort.fi<\/a>&nbsp;<br \/>\nvapaap\u00e4iv\u00e4t ma ja ti<br \/>\nlomalla 20.4.-7.5.2026<br \/>\n<a href=\"https:\/\/ort.fi\/taipale\/wp-content\/uploads\/2023\/08\/suomi.webp\"><img loading=\"lazy\" decoding=\"async\" class=\"alignnone wp-image-22437\" src=\"https:\/\/ort.fi\/taipale\/wp-content\/uploads\/2023\/08\/suomi-300x183.webp\" alt=\"\" width=\"34\" height=\"21\" srcset=\"https:\/\/ort.fi\/taipale\/wp-content\/uploads\/2023\/08\/suomi-300x183.webp 300w, https:\/\/ort.fi\/taipale\/wp-content\/uploads\/2023\/08\/suomi.webp 702w\" sizes=\"auto, (max-width: 34px) 100vw, 34px\" \/><\/a> <a href=\"https:\/\/ort.fi\/taipale\/wp-content\/uploads\/2023\/08\/serbia.webp\"><img loading=\"lazy\" decoding=\"async\" class=\"alignnone wp-image-22435\" src=\"https:\/\/ort.fi\/taipale\/wp-content\/uploads\/2023\/08\/serbia-300x200.webp\" alt=\"\" width=\"32\" height=\"21\" srcset=\"https:\/\/ort.fi\/taipale\/wp-content\/uploads\/2023\/08\/serbia-300x200.webp 300w, https:\/\/ort.fi\/taipale\/wp-content\/uploads\/2023\/08\/serbia.webp 702w\" sizes=\"auto, (max-width: 32px) 100vw, 32px\" \/><\/a> <a href=\"https:\/\/ort.fi\/taipale\/wp-content\/uploads\/2023\/08\/venaja.webp\"><img loading=\"lazy\" decoding=\"async\" class=\"alignnone wp-image-22439\" src=\"https:\/\/ort.fi\/taipale\/wp-content\/uploads\/2023\/08\/venaja-300x200.webp\" alt=\"\" width=\"32\" height=\"21\" srcset=\"https:\/\/ort.fi\/taipale\/wp-content\/uploads\/2023\/08\/venaja-300x200.webp 300w, https:\/\/ort.fi\/taipale\/wp-content\/uploads\/2023\/08\/venaja.webp 702w\" sizes=\"auto, (max-width: 32px) 100vw, 32px\" \/><\/a> <a href=\"https:\/\/ort.fi\/taipale\/wp-content\/uploads\/2023\/08\/kreikka.webp\"><img loading=\"lazy\" decoding=\"async\" class=\"alignnone wp-image-22433\" src=\"https:\/\/ort.fi\/taipale\/wp-content\/uploads\/2023\/08\/kreikka-300x200.webp\" alt=\"\" width=\"32\" height=\"21\" srcset=\"https:\/\/ort.fi\/taipale\/wp-content\/uploads\/2023\/08\/kreikka-300x200.webp 300w, https:\/\/ort.fi\/taipale\/wp-content\/uploads\/2023\/08\/kreikka.webp 702w\" sizes=\"auto, (max-width: 32px) 100vw, 32px\" \/><\/a>&nbsp; &nbsp;<\/p>\n<p style=\"text-align: left;\"><strong>Taipaleen kanttori<\/strong><br \/>\n<strong>P\u00e4ivi H\u00e4nninen&nbsp;<\/strong><br \/>\n<img loading=\"lazy\" decoding=\"async\" class=\"alignnone wp-image-22503\" src=\"https:\/\/ort.fi\/taipale\/wp-content\/uploads\/2023\/08\/Paivi.Romppanen-257x300.jpg\" alt=\"\" width=\"160\" height=\"187\" srcset=\"https:\/\/ort.fi\/taipale\/wp-content\/uploads\/2023\/08\/Paivi.Romppanen-257x300.jpg 257w, https:\/\/ort.fi\/taipale\/wp-content\/uploads\/2023\/08\/Paivi.Romppanen-878x1024.jpg 878w, https:\/\/ort.fi\/taipale\/wp-content\/uploads\/2023\/08\/Paivi.Romppanen-768x896.jpg 768w, https:\/\/ort.fi\/taipale\/wp-content\/uploads\/2023\/08\/Paivi.Romppanen-1317x1536.jpg 1317w, https:\/\/ort.fi\/taipale\/wp-content\/uploads\/2023\/08\/Paivi.Romppanen.jpg 1500w\" sizes=\"auto, (max-width: 160px) 100vw, 160px\" \/><br \/>\npuh. 050 536 7424<br \/>\n<a href=\"mailto:paivi.hanninen@ort.fi\">paivi.hanninen@ort.fi<\/a>&nbsp;<br \/>\nvapaap\u00e4iv\u00e4t to ja pe<br \/>\n<a href=\"https:\/\/ort.fi\/taipale\/wp-content\/uploads\/2023\/08\/suomi.webp\"><img loading=\"lazy\" decoding=\"async\" class=\"alignnone wp-image-22437\" src=\"https:\/\/ort.fi\/taipale\/wp-content\/uploads\/2023\/08\/suomi-300x183.webp\" alt=\"\" width=\"34\" height=\"21\" srcset=\"https:\/\/ort.fi\/taipale\/wp-content\/uploads\/2023\/08\/suomi-300x183.webp 300w, https:\/\/ort.fi\/taipale\/wp-content\/uploads\/2023\/08\/suomi.webp 702w\" sizes=\"auto, (max-width: 34px) 100vw, 34px\" \/><\/a> <a href=\"https:\/\/ort.fi\/taipale\/wp-content\/uploads\/2023\/08\/englanti.webp\"><img loading=\"lazy\" decoding=\"async\" class=\"alignnone wp-image-22431\" src=\"https:\/\/ort.fi\/taipale\/wp-content\/uploads\/2023\/08\/englanti-300x150.webp\" alt=\"\" width=\"40\" height=\"20\" srcset=\"https:\/\/ort.fi\/taipale\/wp-content\/uploads\/2023\/08\/englanti-300x150.webp 300w, https:\/\/ort.fi\/taipale\/wp-content\/uploads\/2023\/08\/englanti.webp 702w\" sizes=\"auto, (max-width: 40px) 100vw, 40px\" \/> <\/a><a href=\"https:\/\/ort.fi\/taipale\/wp-content\/uploads\/2023\/08\/ruotsi.webp\"><img loading=\"lazy\" decoding=\"async\" class=\"alignnone wp-image-22423\" src=\"https:\/\/ort.fi\/taipale\/wp-content\/uploads\/2023\/08\/ruotsi-300x188.webp\" alt=\"\" width=\"34\" height=\"21\" srcset=\"https:\/\/ort.fi\/taipale\/wp-content\/uploads\/2023\/08\/ruotsi-300x188.webp 300w, https:\/\/ort.fi\/taipale\/wp-content\/uploads\/2023\/08\/ruotsi.webp 702w\" sizes=\"auto, (max-width: 34px) 100vw, 34px\" \/> <\/a><a href=\"https:\/\/ort.fi\/taipale\/wp-content\/uploads\/2023\/08\/espanja.webp\"><img loading=\"lazy\" decoding=\"async\" class=\"alignnone wp-image-22425\" src=\"https:\/\/ort.fi\/taipale\/wp-content\/uploads\/2023\/08\/espanja-300x200.webp\" alt=\"\" width=\"32\" height=\"21\" srcset=\"https:\/\/ort.fi\/taipale\/wp-content\/uploads\/2023\/08\/espanja-300x200.webp 300w, https:\/\/ort.fi\/taipale\/wp-content\/uploads\/2023\/08\/espanja.webp 702w\" sizes=\"auto, (max-width: 32px) 100vw, 32px\" \/><\/a><br \/>\n&nbsp; &nbsp;<\/p>\n<h3>Nurmeksen kappeliseurakunta (Nurmes, Juuka, Rautavaara)&nbsp;<\/h3>\n<p><strong>Kappeliseurakunnan pappi<br \/>\npastori Pentti Potkonen<br \/>\n<img loading=\"lazy\" decoding=\"async\" class=\"alignnone wp-image-29367\" src=\"https:\/\/ort.fi\/taipale\/wp-content\/uploads\/2025\/06\/pentti-259x300.jpg\" alt=\"\" width=\"160\" height=\"185\" srcset=\"https:\/\/ort.fi\/taipale\/wp-content\/uploads\/2025\/06\/pentti-259x300.jpg 259w, https:\/\/ort.fi\/taipale\/wp-content\/uploads\/2025\/06\/pentti.jpg 274w\" sizes=\"auto, (max-width: 160px) 100vw, 160px\" \/><\/strong><br \/>\npuh. 040 163 4430<br \/>\n<a href=\"mailto:pentti.potkonen@ort.fi\">pentti.potkonen@ort.fi<\/a>&nbsp;&nbsp;<br \/>\nvapaap\u00e4iv\u00e4t ma ja ti<\/p>\n<p><strong>Kappeliseurakunnan kanttori<\/strong><br \/>\n<strong>Tiina Sormunen<\/strong><br \/>\n<img loading=\"lazy\" decoding=\"async\" class=\"wp-image-17435 alignnone\" src=\"https:\/\/ort.fi\/taipale\/wp-content\/uploads\/2022\/04\/Tiina.Sormunen.jpg\" alt=\"Kanttori Tiina Sormunen\" width=\"160\" height=\"186\"><br \/>\npuh. 045 678 9423<br \/>\n<a href=\"mailto:tiina.sormunen@ort.fi\">tiina.sormunen@ort.fi<\/a>&nbsp;<br \/>\nvapaap\u00e4iv\u00e4t ma ja ti&nbsp;&nbsp;<\/p>\n<hr>\n<h3 style=\"text-align: left;\">Papiston apuna<\/h3>\n<p><strong>Rovasti Paavo Ratilainen,<\/strong> Taipale<br \/>\npuh. 044 065 8149<\/p>\n<p style=\"text-align: left;\"><strong>Rovasti Pertti Ruotsalainen<\/strong>, Taipale<br \/>\npuh. 0500 176 985<br \/>\n<a href=\"mailto:pertti.ruotsalainen@opaasi.fi\">pertti.ruotsalainen@opaasi.fi<\/a>&nbsp;<\/p>\n<p><strong>Rovasti Markku Toivanen<\/strong>, Taipale<br \/>\npuh. 045 859 3325<br \/>\n<a href=\"mailto:isamtoiva@gmail.com\">isamtoiva@gmail.com<\/a>&nbsp;<\/p>\n<p><strong>Rovasti Sulo Naakka<\/strong>, Nurmeksen kappeliseurakunta<br \/>\npuh. 050 547 2977&nbsp;<br \/>\n<a href=\"mailto:naakkasulo@gmail.com\">naakkasulo@gmail.com<\/a>&nbsp;<\/p>\n<p><strong>Diakoni Risto Aikonen<\/strong>, Taipale<\/p>\n<p><strong>Diakoni Mauri Mutanen<\/strong>, Taipale<br \/>\npuh.&nbsp;050&nbsp;321 7495<\/p>\n<p><strong>Diakoni Harri Ahponen<\/strong>, Taipale<br \/>\npuh. 050 303 8233<br \/>\n<a href=\"mailto:harri.ahponen@gmail.com\">harri.ahponen@gmail.com<\/a><\/p>\n<hr>\n<p><strong>Taipaleen nettisivujen yll\u00e4pito<br \/>\nArvo Naumanen<\/strong><br \/>\npuh. 050 591 2790<br \/>\n<a href=\"mailto:arvo.e.naumanen@gmail.com\">arvo.e.naumanen@gmail.com<\/a>&nbsp;<\/p>\n<hr>\n<p>&nbsp;<\/p>\n","protected":false},"excerpt":{"rendered":"<p>Kirkkoherranvirasto avoinna ma ja to klo 9-12&nbsp; Viinij\u00e4rventie 7,&nbsp;83400 Viinij\u00e4rvi puh. 050 471 8130,&nbsp;taipale@ort.fi&nbsp; Virkatodistukset ja sukuselvitykset tilataan Kuopiosta, Suomen ortodoksisen kirkon keskusrekisterist\u00e4: Keskusrekisterin sivut Nurmeksen kappeliseurakunnan yhteystiedot l\u00f6ytyv\u00e4t kappeliseurakunnan &#8230; <a title=\"Yhteystiedot\" class=\"read-more\" href=\"https:\/\/ort.fi\/taipale\/yhteystiedot\/\" aria-label=\"Lue lis\u00e4\u00e4 aiheesta Yhteystiedot\">Lue lis\u00e4\u00e4<\/a><\/p>\n","protected":false},"author":2,"featured_media":0,"parent":0,"menu_order":0,"comment_status":"closed","ping_status":"closed","template":"","meta":{"ngg_post_thumbnail":0,"footnotes":""},"class_list":["post-28","page","type-page","status-publish"],"_links":{"self":[{"href":"https:\/\/ort.fi\/taipale\/wp-json\/wp\/v2\/pages\/28","targetHints":{"allow":["GET"]}}],"collection":[{"href":"https:\/\/ort.fi\/taipale\/wp-json\/wp\/v2\/pages"}],"about":[{"href":"https:\/\/ort.fi\/taipale\/wp-json\/wp\/v2\/types\/page"}],"author":[{"embeddable":true,"href":"https:\/\/ort.fi\/taipale\/wp-json\/wp\/v2\/users\/2"}],"replies":[{"embeddable":true,"href":"https:\/\/ort.fi\/taipale\/wp-json\/wp\/v2\/comments?post=28"}],"version-history":[{"count":109,"href":"https:\/\/ort.fi\/taipale\/wp-json\/wp\/v2\/pages\/28\/revisions"}],"predecessor-version":[{"id":32177,"href":"https:\/\/ort.fi\/taipale\/wp-json\/wp\/v2\/pages\/28\/revisions\/32177"}],"wp:attachment":[{"href":"https:\/\/ort.fi\/taipale\/wp-json\/wp\/v2\/media?parent=28"}],"curies":[{"name":"wp","href":"https:\/\/api.w.org\/{rel}","templated":true}]}}