{"id":27299,"date":"2024-11-13T18:35:24","date_gmt":"2024-11-13T16:35:24","guid":{"rendered":"https:\/\/ort.fi\/taipale\/?page_id=27299"},"modified":"2024-11-15T21:45:17","modified_gmt":"2024-11-15T19:45:17","slug":"tietosuojaselosteet","status":"publish","type":"page","link":"https:\/\/ort.fi\/taipale\/tietosuojaselosteet\/","title":{"rendered":"Tietosuojaselosteet"},"content":{"rendered":"<p><strong>Tietosuojaselosteet Taipaleen ortodoksisen seurakunnan rekistereist\u00e4:<\/strong><\/p>\n<ul>\n<li><a href=\"https:\/\/ort.fi\/taipale\/wp-content\/uploads\/2024\/11\/REKISTERITIETOJEN-TARKASTUSPYYNTO.pdf\" target=\"_blank\" rel=\"noopener\">Rekisteritietojen Tarkastuspyynt\u00f6lomake<\/a><\/li>\n<li><a href=\"https:\/\/ort.fi\/taipale\/seurakunnan-hallinnon-rekisteri\/\" target=\"_blank\" rel=\"noopener\">Seurakunnan hallinnon rekisteri<\/a><\/li>\n<li><a href=\"https:\/\/ort.fi\/taipale\/leiri-ja-matkaosallistujien-rekisteri\/\" target=\"_blank\" rel=\"noopener\">Leiri- ja matkaosallistujien rekisteri<\/a><\/li>\n<li><a href=\"https:\/\/ort.fi\/taipale\/wp-content\/uploads\/2024\/05\/Tietosuojaseloste-rekisteroidyn-informointi-Eden-2024.pdf\" target=\"_blank\" rel=\"noopener\">Eden-tietoj\u00e4rjestelm\u00e4\/Taipaleen seurakunnan j\u00e4sentietojen rekisteri<\/a><\/li>\n<li><a href=\"https:\/\/ort.fi\/taipale\/diakonian-asiakasrekisteri\/\" target=\"_blank\" rel=\"noopener\">Diakonian asiakasrekisteri<\/a><\/li>\n<li><a href=\"https:\/\/ort.fi\/taipale\/hautatoimen-rekisteri\/\" target=\"_blank\" rel=\"noopener\">Hautaustoimen rekisteri<\/a><\/li>\n<li><a href=\"https:\/\/ort.fi\/taipale\/rekisteri-ilmoittautumisesta-taipaleen-ortodoksisen-seurakunnan-toimintaan\/\" target=\"_blank\" rel=\"noopener\">Rekisteri ilmoittautumisesta Taipaleen ortodoksisen seurakunnan toimintaan<\/a><\/li>\n<li><a href=\"https:\/\/ort.fi\/taipale\/vuokralaisten-henkilorekisteri\/\" target=\"_blank\" rel=\"noopener\">Vuokralaisten henkil\u00f6rekisterit<\/a><\/li>\n<li><a href=\"https:\/\/ort.fi\/taipale\/vapaaehtoistoiminnan-ja-piirien-rekisteri\/\" target=\"_blank\" rel=\"noopener\">Vapaaehtoistoiminnan ja piirien rekisteri<\/a><\/li>\n<li><a href=\"https:\/\/ort.fi\/taipale\/paatearkiston-tutkijarekisteri\/\" target=\"_blank\" rel=\"noopener\">P\u00e4\u00e4tearkiston tutkijarekisteri<\/a><br \/>\n&nbsp; &nbsp;<\/li>\n<\/ul>\n","protected":false},"excerpt":{"rendered":"<p>Tietosuojaselosteet Taipaleen ortodoksisen seurakunnan rekistereist\u00e4: Rekisteritietojen Tarkastuspyynt\u00f6lomake Seurakunnan hallinnon rekisteri Leiri- ja matkaosallistujien rekisteri Eden-tietoj\u00e4rjestelm\u00e4\/Taipaleen seurakunnan j\u00e4sentietojen rekisteri Diakonian asiakasrekisteri Hautaustoimen rekisteri Rekisteri ilmoittautumisesta Taipaleen ortodoksisen seurakunnan toimintaan Vuokralaisten henkil\u00f6rekisterit &#8230; <a title=\"Tietosuojaselosteet\" class=\"read-more\" href=\"https:\/\/ort.fi\/taipale\/tietosuojaselosteet\/\" aria-label=\"Lue lis\u00e4\u00e4 aiheesta Tietosuojaselosteet\">Lue lis\u00e4\u00e4<\/a><\/p>\n","protected":false},"author":2,"featured_media":0,"parent":0,"menu_order":0,"comment_status":"closed","ping_status":"closed","template":"","meta":{"ngg_post_thumbnail":0,"footnotes":""},"class_list":["post-27299","page","type-page","status-publish"],"_links":{"self":[{"href":"https:\/\/ort.fi\/taipale\/wp-json\/wp\/v2\/pages\/27299","targetHints":{"allow":["GET"]}}],"collection":[{"href":"https:\/\/ort.fi\/taipale\/wp-json\/wp\/v2\/pages"}],"about":[{"href":"https:\/\/ort.fi\/taipale\/wp-json\/wp\/v2\/types\/page"}],"author":[{"embeddable":true,"href":"https:\/\/ort.fi\/taipale\/wp-json\/wp\/v2\/users\/2"}],"replies":[{"embeddable":true,"href":"https:\/\/ort.fi\/taipale\/wp-json\/wp\/v2\/comments?post=27299"}],"version-history":[{"count":3,"href":"https:\/\/ort.fi\/taipale\/wp-json\/wp\/v2\/pages\/27299\/revisions"}],"predecessor-version":[{"id":27361,"href":"https:\/\/ort.fi\/taipale\/wp-json\/wp\/v2\/pages\/27299\/revisions\/27361"}],"wp:attachment":[{"href":"https:\/\/ort.fi\/taipale\/wp-json\/wp\/v2\/media?parent=27299"}],"curies":[{"name":"wp","href":"https:\/\/api.w.org\/{rel}","templated":true}]}}