{"id":27279,"date":"2024-11-13T18:01:22","date_gmt":"2024-11-13T16:01:22","guid":{"rendered":"https:\/\/ort.fi\/taipale\/?page_id=27279"},"modified":"2024-11-13T18:01:22","modified_gmt":"2024-11-13T16:01:22","slug":"leiri-ja-matkaosallistujien-rekisteri","status":"publish","type":"page","link":"https:\/\/ort.fi\/taipale\/leiri-ja-matkaosallistujien-rekisteri\/","title":{"rendered":"Leiri ja matkaosallistujien rekisteri"},"content":{"rendered":"<p><strong>Tietosuojaseloste<\/strong><\/p>\n<p><strong>Taipaleen ortodoksisen seurakunnan leiri- matkalle osallistujien rekisteri<\/strong><\/p>\n<p>T\u00e4m\u00e4 on Taipaleen ortodoksisen seurakunnan leirien ja matkojen EU:n yleisen tietosuoja-asetuksen (GDPR) mukainen seurakunnan hallinnon tietosuojaseloste. Laadittu 2.9.2024.<\/p>\n<p><strong>Rekisterinpit\u00e4j\u00e4<br \/>\n<\/strong>Taipaleen ortodoksinen seurakunta<br \/>\nViinij\u00e4rventie 7<br \/>\n83400 VIINIJ\u00c4RVI<br \/>\n<a href=\"mailto:taipale@ort.fi\">taipale@ort.fi<\/a><br \/>\n050 471 8130<\/p>\n<p><strong>Rekisterist\u00e4 vastaava yhteyshenkil\u00f6 ja tietosuojavastaavan yhteystiedot<\/strong><br \/>\nKirkkoherra Tuomas J\u00e4rvelin<br \/>\n<a href=\"mailto:tuomas.jarvelin@ort.fi\">tuomas.jarvelin@ort.fi<\/a><br \/>\n050&nbsp;566 1700<\/p>\n<p>Suomen ortodoksisen kirkon tietosuojavastaava Annaleea Kemppainen<br \/>\n<a href=\"mailto:annaleea.kemppainen@ort.fi\">annaleea.kemppainen@ort.fi<\/a><br \/>\n040 865 1937<\/p>\n<p><strong>Rekisterin nimi<br \/>\n<\/strong>Leiri- ja matkaosallistujat<\/p>\n<p><strong>Oikeusperuste ja henkil\u00f6tietojen k\u00e4sittelyn tarkoitus<br \/>\n<\/strong>EU:n yleisen tietosuoja-asetuksen mukainen oikeusperuste henkil\u00f6tietojen k\u00e4sittelylle on tietosuoja-asetuksen 6. Artiklan 1. alakohdan b. kohta.<\/p>\n<p>Henkil\u00f6tietojen k\u00e4sittelyn tarkoitus on leirien ja matkojen j\u00e4rjest\u00e4minen.<\/p>\n<p>Tietoja ei k\u00e4ytet\u00e4 automatisoituun p\u00e4\u00e4t\u00f6ksentekoon tai profilointiin.<\/p>\n<p><strong>Rekisterin tietosis\u00e4lt\u00f6<\/strong><br \/>\nRekisteriin tallennettavia tietoja ovat: henkil\u00f6n nimi, henkil\u00f6tunnus, yhteystiedot (puhelinnumero, s\u00e4hk\u00f6postiosoite, osoite), allergiat, sairaudet, huoltajien tiedot, puolison ja l\u00e4hiomaisen tiedot.<\/p>\n<p>Lasten- ja nuortenleirien osalta tiedot s\u00e4ilytet\u00e4\u00e4n vuoden ajan leirin p\u00e4\u00e4ttymisest\u00e4. Matkojen p\u00e4\u00e4tyess\u00e4 tiedot h\u00e4vitet\u00e4\u00e4n kuukauden sis\u00e4ll\u00e4.<\/p>\n<p><strong>S\u00e4\u00e4nn\u00f6nmukaiset tietol\u00e4hteet<\/strong><br \/>\nRekisteriin tallennettavat tiedot saadaan seurakuntalaiselta, henkil\u00f6- ja turvalomakkeista, s\u00e4hk\u00f6postitse, puhelimitse, asiakastapaamisista ja muista tilanteista, joissa asiakas luovuttaa tietojaan.<\/p>\n<p><strong>Tietojen s\u00e4\u00e4nn\u00f6nmukaiset luovutukset ja tietojen siirto EU:n tai ETA:n ulkopuolelle<br \/>\n<\/strong>Tietoja ei luovuteta s\u00e4\u00e4nn\u00f6nmukaisesti muille tahoille. Tietoja voidaan julkaista silt\u00e4 osin kuin niin on sovittu asiakkaan kanssa. Mik\u00e4li luovutat henkil\u00f6tietoja eri tahoille, kerro t\u00e4ss\u00e4 mahdolliset vastaanottajat tai vastaanottajaryhm\u00e4t. Tiedot luovutetaan matkatoimistolle, leiri- ja matkajohtajalle ja ensiapuvastaavalle. Tietojen saaja h\u00e4vitt\u00e4\u00e4 saamansa tiedot tietoturvallisesti heti tapahtuman j\u00e4lkeen.<\/p>\n<p>Tietoja ei siirret\u00e4 EU:n ulkopuolelle, paitsi jos matkakohde on EU:n ulkopuolella. Rekisteriin tallennettavat tiedot saadaan luottamushenkil\u00f6ilt\u00e4, s\u00e4hk\u00f6postitse, puhelimitse, tapaamisista ja muista tilanteista, joissa luottamushenkil\u00f6 luovuttaa tietojaan.<\/p>\n<p><strong>Rekisterin suojauksen periaatteet<\/strong><\/p>\n<p>Rekisterin k\u00e4sittelyss\u00e4 noudatetaan huolellisuutta ja tietoj\u00e4rjestelmien avulla k\u00e4sitelt\u00e4v\u00e4t tiedot suojataan asianmukaisesti. Kun rekisteritietoja s\u00e4ilytet\u00e4\u00e4n Internet-palvelimilla, niiden laitteiston fyysisest\u00e4 ja digitaalisesta tietoturvasta huolehditaan asiaankuuluvasti. Rekisterinpit\u00e4j\u00e4 huolehtii siit\u00e4, ett\u00e4 tallennettuja tietoja sek\u00e4 palvelimien k\u00e4ytt\u00f6oikeuksia ja muita henkil\u00f6tietojen turvallisuuden kannalta kriittisi\u00e4 tietoja k\u00e4sitell\u00e4\u00e4n luottamuksellisesti ja vain niiden ty\u00f6ntekij\u00f6iden toimesta, joiden ty\u00f6nkuvaan se kuuluu.<\/p>\n<p><strong>Tarkastusoikeus ja oikeus vaatia tiedon korjaamista<\/strong><\/p>\n<p>Jokaisella rekisteriss\u00e4 olevalla henkil\u00f6ll\u00e4 on oikeus tarkistaa rekisteriin tallennetut tietonsa ja vaatia mahdollisen virheellisen tiedon korjaamista tai puutteellisen tiedon t\u00e4ydent\u00e4mist\u00e4. Mik\u00e4li henkil\u00f6 haluaa tarkistaa h\u00e4nest\u00e4 tallennetut tiedot tai vaatia niihin oikaisua, pyynt\u00f6 tulee l\u00e4hett\u00e4\u00e4 kirjallisesti rekisterinpit\u00e4j\u00e4lle. Rekisterinpit\u00e4j\u00e4 voi pyyt\u00e4\u00e4 tarvittaessa pyynn\u00f6n esitt\u00e4j\u00e4\u00e4 todistamaan henkil\u00f6llisyytens\u00e4. Rekisterinpit\u00e4j\u00e4 vastaa asiakkaalle EU:n tietosuoja-asetuksessa s\u00e4\u00e4detyss\u00e4 ajassa (p\u00e4\u00e4s\u00e4\u00e4nt\u00f6isesti kuukauden kuluessa).<\/p>\n<p><strong>Muut henkil\u00f6tietojen k\u00e4sittelyyn liittyv\u00e4t oikeudet<\/strong><\/p>\n<p>Rekister\u00f6idyill\u00e4 on oikeus pyyt\u00e4\u00e4 h\u00e4nt\u00e4 koskevien henkil\u00f6tietojen poistamista rekisterist\u00e4 (\u201doikeus tulla unohdetuksi\u201d) EU:n tietosuoja-asetuksen 17. artiklan mukaisesti. Lis\u00e4ksi rekister\u00f6idyill\u00e4 on muut EU:n yleisen tietosuoja-asetuksen mukaiset oikeudet, kuten henkil\u00f6tietojen k\u00e4sittelyn rajoittaminen tietyiss\u00e4 tilanteissa. Pyynn\u00f6t tulee l\u00e4hett\u00e4\u00e4 kirjallisesti rekisterinpit\u00e4j\u00e4lle. Rekisterinpit\u00e4j\u00e4 voi pyyt\u00e4\u00e4 tarvittaessa pyynn\u00f6n esitt\u00e4j\u00e4\u00e4 todistamaan henkil\u00f6llisyytens\u00e4. Rekisterinpit\u00e4j\u00e4 vastaa asiakkaalle EU:n tietosuoja-asetuksessa s\u00e4\u00e4detyss\u00e4 ajassa, p\u00e4\u00e4s\u00e4\u00e4nt\u00f6isesti kuukauden kuluessa pyynn\u00f6n vastaanottamisesta.<\/p>\n<p><strong>Rekister\u00f6idyn oikeus tehd\u00e4 valitus valvontaviranomaiselle<\/strong><\/p>\n<p>Rekister\u00f6idyll\u00e4 on oikeus tehd\u00e4 valitus toimivaltaiselle valvontaviranomaiselle, jos rekisterinpit\u00e4j\u00e4 ei ole noudattanut toiminnassaan soveltuvaa tietosuojalains\u00e4\u00e4d\u00e4nt\u00f6\u00e4.<br \/>\n&nbsp; &nbsp;<\/p>\n","protected":false},"excerpt":{"rendered":"<p>Tietosuojaseloste Taipaleen ortodoksisen seurakunnan leiri- matkalle osallistujien rekisteri T\u00e4m\u00e4 on Taipaleen ortodoksisen seurakunnan leirien ja matkojen EU:n yleisen tietosuoja-asetuksen (GDPR) mukainen seurakunnan hallinnon tietosuojaseloste. Laadittu 2.9.2024. Rekisterinpit\u00e4j\u00e4 Taipaleen ortodoksinen seurakunta &#8230; <a title=\"Leiri ja matkaosallistujien rekisteri\" class=\"read-more\" href=\"https:\/\/ort.fi\/taipale\/leiri-ja-matkaosallistujien-rekisteri\/\" aria-label=\"Lue lis\u00e4\u00e4 aiheesta Leiri ja matkaosallistujien rekisteri\">Lue lis\u00e4\u00e4<\/a><\/p>\n","protected":false},"author":2,"featured_media":0,"parent":0,"menu_order":0,"comment_status":"closed","ping_status":"closed","template":"","meta":{"ngg_post_thumbnail":0,"footnotes":""},"class_list":["post-27279","page","type-page","status-publish"],"_links":{"self":[{"href":"https:\/\/ort.fi\/taipale\/wp-json\/wp\/v2\/pages\/27279","targetHints":{"allow":["GET"]}}],"collection":[{"href":"https:\/\/ort.fi\/taipale\/wp-json\/wp\/v2\/pages"}],"about":[{"href":"https:\/\/ort.fi\/taipale\/wp-json\/wp\/v2\/types\/page"}],"author":[{"embeddable":true,"href":"https:\/\/ort.fi\/taipale\/wp-json\/wp\/v2\/users\/2"}],"replies":[{"embeddable":true,"href":"https:\/\/ort.fi\/taipale\/wp-json\/wp\/v2\/comments?post=27279"}],"version-history":[{"count":2,"href":"https:\/\/ort.fi\/taipale\/wp-json\/wp\/v2\/pages\/27279\/revisions"}],"predecessor-version":[{"id":27283,"href":"https:\/\/ort.fi\/taipale\/wp-json\/wp\/v2\/pages\/27279\/revisions\/27283"}],"wp:attachment":[{"href":"https:\/\/ort.fi\/taipale\/wp-json\/wp\/v2\/media?parent=27279"}],"curies":[{"name":"wp","href":"https:\/\/api.w.org\/{rel}","templated":true}]}}