{"id":27271,"date":"2024-11-13T17:56:47","date_gmt":"2024-11-13T15:56:47","guid":{"rendered":"https:\/\/ort.fi\/taipale\/?page_id=27271"},"modified":"2024-11-13T17:56:47","modified_gmt":"2024-11-13T15:56:47","slug":"paatearkiston-tutkijarekisteri","status":"publish","type":"page","link":"https:\/\/ort.fi\/taipale\/paatearkiston-tutkijarekisteri\/","title":{"rendered":"P\u00e4\u00e4tearkiston tutkijarekisteri"},"content":{"rendered":"<p><strong>Tietosuojaseloste<\/strong><\/p>\n<p><strong>Taipaleen ortodoksisen seurakunnan p\u00e4\u00e4tearkiston tutkijarekisteri<\/strong><\/p>\n<p>T\u00e4m\u00e4 on Taipaleen ortodoksisen seurakunnan p\u00e4\u00e4tearkiston EU:n yleisen tietosuoja-asetuksen (GDPR) mukainen seurakunnan hallinnon tietosuojaseloste. Laadittu 2.9.2024.<\/p>\n<p><strong>Rekisterinpit\u00e4j\u00e4<br \/>\n<\/strong>Taipaleen ortodoksinen seurakunta<br \/>\nViinij\u00e4rventie 7<br \/>\n83400 VIINIJ\u00c4RVI<br \/>\n<a href=\"mailto:taipale@ort.fi\">taipale@ort.fi<\/a><br \/>\n050 471 8130<\/p>\n<p><strong>Rekisterist\u00e4 vastaava yhteyshenkil\u00f6 ja tietosuojavastaavan yhteystiedot<\/strong><br \/>\nKirkkoherra Tuomas J\u00e4rvelin<br \/>\n<a href=\"mailto:tuomas.jarvelin@ort.fi\">tuomas.jarvelin@ort.fi<\/a><br \/>\n050&nbsp;566 1700<\/p>\n<p>Suomen ortodoksisen kirkon tietosuojavastaava Annaleea Kemppainen<br \/>\n<a href=\"mailto:annaleea.kemppainen@ort.fi\">annaleea.kemppainen@ort.fi<\/a><br \/>\n040 865 1937<\/p>\n<p><strong>Rekisterin nimi<br \/>\n<\/strong>Taipaleen ortodoksisen seurakunnan p\u00e4\u00e4tearkiston tutkijarekisteri.<\/p>\n<p><strong>Oikeusperuste ja henkil\u00f6tietojen k\u00e4sittelyn tarkoitus<br \/>\n<\/strong>EU:n yleisen tietosuoja-asetuksen mukainen oikeusperuste henkil\u00f6tietojen k\u00e4sittelylle on tietosuoja-asetuksen 6. Artiklan 1. alakohdan a. kohta. Tutkijalta pyydet\u00e4\u00e4n yksityinen suostumus, joka ilmaistaan allekirjoittamalla tutkijalomake arkiston k\u00e4ytt\u00f6ehtojen lukemisen j\u00e4lkeen.<\/p>\n<p>Henkil\u00f6tietojen k\u00e4sittelyn tarkoitus on tuottaa perustiedot arkistoa k\u00e4ytt\u00e4vist\u00e4 tutkijoista ja heid\u00e4n tutkimusaiheistaan p\u00e4\u00e4tearkistossa s\u00e4ilytett\u00e4vien, salassa pidett\u00e4vien henkil\u00f6tietoja sis\u00e4lt\u00e4vien aineistojen k\u00e4yt\u00f6n hallinnoimiseksi. Tutkijarekisterin muodostavat em. lomakkeet, jotka pyydet\u00e4\u00e4n kaikkia Taipaleen ortodoksisen seurakunnan p\u00e4\u00e4tearkistoon tutkimusluvan anoneita ja luvan saaneita t\u00e4ytt\u00e4m\u00e4\u00e4n. Tietojen avulla varmistetaan tutkijan tutkimusaihe, kokonaisuus, mihin se kuuluu, esimerkiksi laajempi tutkimusprojekti, johon se liittyy, ja ett\u00e4 tutkija k\u00e4sittelee vain tutkimusaiheen kannalta relevantteja salassa pidett\u00e4vi\u00e4 henkil\u00f6tietoja Taipaleen ortodoksisen seurakunnan p\u00e4\u00e4tearkistossa. Lomakkeella varmistetaan, ett\u00e4 tutkija tuntee voimassa olevan, henkil\u00f6tietojen ja arkaluontoisen tutkimustiedon k\u00e4sittelyyn liittyv\u00e4n lains\u00e4\u00e4d\u00e4nn\u00f6n ja tutkimuseettiset periaatteet ja sitoutuu noudattamaan niit\u00e4 ty\u00f6skentelyss\u00e4\u00e4n. Tietoja k\u00e4ytet\u00e4\u00e4n Taipaleenn ortodoksisen seurakunnan p\u00e4\u00e4tearkiston oikeudellisten etujen valvontaan tapauksissa, joissa tutkija ei ole noudattanut antamaansa sitoumusta.<\/p>\n<p>Tietoja ei k\u00e4ytet\u00e4 automatisoituun p\u00e4\u00e4t\u00f6ksentekoon tai profilointiin.<\/p>\n<p>Rekisterin tietosis\u00e4lt\u00f6<\/p>\n<p>Rekisteriin talletettavia tietoja ovat:<\/p>\n<ul>\n<li>henkil\u00f6n nimi<\/li>\n<li>asema<\/li>\n<li>oppilaitos tai organisaatio<\/li>\n<li>yhteystiedot: puhelinnumero, s\u00e4hk\u00f6postiosoite, osoite<\/li>\n<li>tietojen k\u00e4ytt\u00f6tarkoitus: tieteellinen tutkimus, sukututkimus, opinn\u00e4yte, tilaustutkimus,<\/li>\n<\/ul>\n<p>julkaisu<\/p>\n<ul>\n<li>tutkimustiedot: projektin nimi, tutkimuksen aihe ja aikarajaus, tutkiiko henkil\u00f6tietoja, ty\u00f6nohjaajan tai projektinjohtajan nimi<\/li>\n<li>tiedot tilatuista asiakirjoista<\/li>\n<li>ty\u00f6skentelyaika arkistossa<\/li>\n<li>sitoumus tietojen lains\u00e4\u00e4d\u00e4nn\u00f6n mukaisesta k\u00e4yt\u00f6st\u00e4<\/li>\n<li>lomakkeen liitteen\u00e4 lyhyt selvitys voimassa olevasta, henkil\u00f6tietoja koskevasta lains\u00e4\u00e4d\u00e4nn\u00f6st\u00e4<\/li>\n<\/ul>\n<p>Tietoja s\u00e4ilytet\u00e4\u00e4n, kunnes on kulunut 10 vuotta opinn\u00e4ytteen, tutkimuksen tai julkaisun valmistumisesta tai jos t\u00e4t\u00e4 ei tiedet\u00e4 20 vuotta tutkimuslupahakemuksen allekirjoittamisesta.<\/p>\n<p>S\u00e4\u00e4nn\u00f6nmukaiset tietol\u00e4hteet<\/p>\n<p>Rekisteriss\u00e4 olevat tiedot saadaan asiakkaalta, h\u00e4nen t\u00e4ytt\u00e4ess\u00e4\u00e4n tutkijalomakkeen arkistoon saapumisen yhteydess\u00e4, ennen tutkimusluvan my\u00f6nt\u00e4mist\u00e4.<\/p>\n<p><strong>Rekisterin tietosis\u00e4lt\u00f6<\/strong><br \/>\nRekisteriin tallennettavia tietoja ovat: henkil\u00f6n nimi, puhelinnumero ja\/tai s\u00e4hk\u00f6postiosoite, osoitetiedot.<\/p>\n<p><strong>S\u00e4ilytysajat<br \/>\n<\/strong>Tietoja s\u00e4ilytet\u00e4\u00e4n niin kauan, kuin seurakuntalainen on toiminnassa mukana.<\/p>\n<p><strong>S\u00e4\u00e4nn\u00f6nmukaiset tietol\u00e4hteet<\/strong><br \/>\nRekisteriin tallennettavat tiedot saadaan vapaaehtoiselta s\u00e4hk\u00f6postitse, puhelimitse, tapaamisista ja muista tilanteista, joissa asiakas luovuttaa tietojaan.<br \/>\n<strong><br \/>\nTietojen s\u00e4\u00e4nn\u00f6nmukaiset luovutukset ja tietojen siirto EU:n tai ETA:n ulkopuolelle<br \/>\n<\/strong>Tietoja ei luovuteta s\u00e4\u00e4nn\u00f6nmukaisesti muille tahoille. Tietoja voidaan julkaista silt\u00e4 osin kuin niin on sovittu asiakkaan kanssa.<\/p>\n<p>Tietoja ei siirret\u00e4 EU:n ulkopuolelle tai ETA:n ulkopuolelle.<\/p>\n<p><strong>Rekisterin suojauksen periaatteet<\/strong><\/p>\n<p>Rekisterin k\u00e4sittelyss\u00e4 noudatetaan huolellisuutta ja tietoj\u00e4rjestelmien avulla k\u00e4sitelt\u00e4v\u00e4t tiedot suojataan asianmukaisesti. Kun rekisteritietoja s\u00e4ilytet\u00e4\u00e4n Internet-palvelimilla, niiden laitteiston fyysisest\u00e4 ja digitaalisesta tietoturvasta huolehditaan asiaankuuluvasti. Rekisterinpit\u00e4j\u00e4 huolehtii siit\u00e4, ett\u00e4 tallennettuja tietoja sek\u00e4 palvelimien k\u00e4ytt\u00f6oikeuksia ja muita henkil\u00f6tietojen turvallisuuden kannalta kriittisi\u00e4 tietoja k\u00e4sitell\u00e4\u00e4n luottamuksellisesti ja vain niiden ty\u00f6ntekij\u00f6iden toimesta, joiden ty\u00f6nkuvaan se kuuluu.<\/p>\n<p><strong>Tarkastusoikeus ja oikeus vaatia tiedon korjaamista<\/strong><\/p>\n<p>Jokaisella rekisteriss\u00e4 olevalla henkil\u00f6ll\u00e4 on oikeus tarkistaa rekisteriin tallennetut tietonsa ja vaatia mahdollisen virheellisen tiedon korjaamista tai puutteellisen tiedon t\u00e4ydent\u00e4mist\u00e4. Mik\u00e4li henkil\u00f6 haluaa tarkistaa h\u00e4nest\u00e4 tallennetut tiedot tai vaatia niihin oikaisua, pyynt\u00f6 tulee l\u00e4hett\u00e4\u00e4 kirjallisesti rekisterinpit\u00e4j\u00e4lle. Rekisterinpit\u00e4j\u00e4 voi pyyt\u00e4\u00e4 tarvittaessa pyynn\u00f6n esitt\u00e4j\u00e4\u00e4 todistamaan henkil\u00f6llisyytens\u00e4. Rekisterinpit\u00e4j\u00e4 vastaa asiakkaalle EU:n tietosuoja-asetuksessa s\u00e4\u00e4detyss\u00e4 ajassa (p\u00e4\u00e4s\u00e4\u00e4nt\u00f6isesti kuukauden kuluessa).<\/p>\n<p><strong>Muut henkil\u00f6tietojen k\u00e4sittelyyn liittyv\u00e4t oikeudet<\/strong><\/p>\n<p>Rekister\u00f6idyill\u00e4 on oikeus pyyt\u00e4\u00e4 h\u00e4nt\u00e4 koskevien henkil\u00f6tietojen poistamista rekisterist\u00e4 (\u201doikeus tulla unohdetuksi\u201d) EU:n tietosuoja-asetuksen 17. artiklan mukaisesti. Lis\u00e4ksi rekister\u00f6idyill\u00e4 on muut EU:n yleisen tietosuoja-asetuksen mukaiset oikeudet, kuten henkil\u00f6tietojen k\u00e4sittelyn rajoittaminen tietyiss\u00e4 tilanteissa. Pyynn\u00f6t tulee l\u00e4hett\u00e4\u00e4 kirjallisesti rekisterinpit\u00e4j\u00e4lle. Rekisterinpit\u00e4j\u00e4 voi pyyt\u00e4\u00e4 tarvittaessa pyynn\u00f6n esitt\u00e4j\u00e4\u00e4 todistamaan henkil\u00f6llisyytens\u00e4. Rekisterinpit\u00e4j\u00e4 vastaa asiakkaalle EU:n tietosuoja-asetuksessa s\u00e4\u00e4detyss\u00e4 ajassa, p\u00e4\u00e4s\u00e4\u00e4nt\u00f6isesti kuukauden kuluessa pyynn\u00f6n vastaanottamisesta.<\/p>\n<p><strong>Rekister\u00f6idyn oikeus tehd\u00e4 valitus valvontaviranomaiselle<\/strong><\/p>\n<p>Rekister\u00f6idyll\u00e4 on oikeus tehd\u00e4 valitus toimivaltaiselle valvontaviranomaiselle, jos rekisterinpit\u00e4j\u00e4 ei ole noudattanut toiminnassaan soveltuvaa tietosuojalains\u00e4\u00e4d\u00e4nt\u00f6\u00e4.<br \/>\n&nbsp; &nbsp;<\/p>\n","protected":false},"excerpt":{"rendered":"<p>Tietosuojaseloste Taipaleen ortodoksisen seurakunnan p\u00e4\u00e4tearkiston tutkijarekisteri T\u00e4m\u00e4 on Taipaleen ortodoksisen seurakunnan p\u00e4\u00e4tearkiston EU:n yleisen tietosuoja-asetuksen (GDPR) mukainen seurakunnan hallinnon tietosuojaseloste. Laadittu 2.9.2024. Rekisterinpit\u00e4j\u00e4 Taipaleen ortodoksinen seurakunta Viinij\u00e4rventie 7 83400 VIINIJ\u00c4RVI &#8230; <a title=\"P\u00e4\u00e4tearkiston tutkijarekisteri\" class=\"read-more\" href=\"https:\/\/ort.fi\/taipale\/paatearkiston-tutkijarekisteri\/\" aria-label=\"Lue lis\u00e4\u00e4 aiheesta P\u00e4\u00e4tearkiston tutkijarekisteri\">Lue lis\u00e4\u00e4<\/a><\/p>\n","protected":false},"author":2,"featured_media":0,"parent":0,"menu_order":0,"comment_status":"closed","ping_status":"closed","template":"","meta":{"ngg_post_thumbnail":0,"footnotes":""},"class_list":["post-27271","page","type-page","status-publish"],"_links":{"self":[{"href":"https:\/\/ort.fi\/taipale\/wp-json\/wp\/v2\/pages\/27271","targetHints":{"allow":["GET"]}}],"collection":[{"href":"https:\/\/ort.fi\/taipale\/wp-json\/wp\/v2\/pages"}],"about":[{"href":"https:\/\/ort.fi\/taipale\/wp-json\/wp\/v2\/types\/page"}],"author":[{"embeddable":true,"href":"https:\/\/ort.fi\/taipale\/wp-json\/wp\/v2\/users\/2"}],"replies":[{"embeddable":true,"href":"https:\/\/ort.fi\/taipale\/wp-json\/wp\/v2\/comments?post=27271"}],"version-history":[{"count":3,"href":"https:\/\/ort.fi\/taipale\/wp-json\/wp\/v2\/pages\/27271\/revisions"}],"predecessor-version":[{"id":27277,"href":"https:\/\/ort.fi\/taipale\/wp-json\/wp\/v2\/pages\/27271\/revisions\/27277"}],"wp:attachment":[{"href":"https:\/\/ort.fi\/taipale\/wp-json\/wp\/v2\/media?parent=27271"}],"curies":[{"name":"wp","href":"https:\/\/api.w.org\/{rel}","templated":true}]}}