{"id":27259,"date":"2024-11-13T17:43:15","date_gmt":"2024-11-13T15:43:15","guid":{"rendered":"https:\/\/ort.fi\/taipale\/?page_id=27259"},"modified":"2024-11-13T17:43:15","modified_gmt":"2024-11-13T15:43:15","slug":"saavutettavuusseloste","status":"publish","type":"page","link":"https:\/\/ort.fi\/taipale\/saavutettavuusseloste\/","title":{"rendered":"Saavutettavuusseloste"},"content":{"rendered":"<p>T\u00e4m\u00e4 saavutettavuusseloste koskee Taipaleen ortodoksisen seurakunnan palvelua www.ort.fi\/taipale\/ ja on laadittu \/ p\u00e4ivitetty 13.12.2022. Palvelua koskee laki digitaalisten palvelujen tarjoamisesta, jossa edellytet\u00e4\u00e4n, ett\u00e4 julkisten verkkopalvelujen on oltava saavutettavia. Olemme arvioineet palvelun saavutettavuuden itse.<\/p>\n<h2>Saavutettavuus<\/h2>\n<h3>Digipalvelun saavutettavuuden tila<\/h3>\n<p>T\u00e4ytt\u00e4\u00e4 saavutettavuusvaatimukset osittain.<\/p>\n<h3>Verkkosivusto ei ole viel\u00e4 kaikilta osin vaatimusten mukainen<\/h3>\n<ul>\n<li>Havaittava: Kuvista puuttuvat tekstivastineet.\n<ul>\n<li>Saavuttamaton sis\u00e4lt\u00f6 ja sen puutteet: Kaikissa kuvissa ei ole tekstivastinetta. Saavutettavuusvaatimukset, jotka eiv\u00e4t t\u00e4yty\n<ul>\n<li>1.1.1 Ei-tekstuaalinen sis\u00e4lt\u00f6<\/li>\n<\/ul>\n<\/li>\n<\/ul>\n<\/li>\n<li>Osa tiedoista on PDF-tiedostossa\n<ul>\n<li>P\u00f6yt\u00e4kirjat ovat PDF-tiedostoja<\/li>\n<\/ul>\n<\/li>\n<\/ul>\n<h2>Ota tarvittaessa yhteytt\u00e4<\/h2>\n<h3>Seurakuntaan<\/h3>\n<p>Huomasitko saavutettavuuspuutteen digipalvelussamme? Kerro se meille s\u00e4hk\u00f6postilla ja teemme parhaamme puutteen korjaamiseksi. S\u00e4hk\u00f6postiosoite: taipale@ort.fi<\/p>\n<h3>Valvontaviranomaiseen<\/h3>\n<p>Jos huomaat sivustolla saavutettavuusongelmia, anna ensin palautetta meille eli sivuston yll\u00e4pit\u00e4j\u00e4lle. Vastauksessa voi menn\u00e4 14 p\u00e4iv\u00e4\u00e4. Jos et ole tyytyv\u00e4inen saamaasi vastaukseen tai et saa vastausta lainkaan kahden viikon aikana, voit tehd\u00e4 ilmoituksen <a href=\"https:\/\/www.saavutettavuusvaatimukset.fi\/oikeutesi\/\" target=\"_blank\" rel=\"noopener\">Etel\u00e4-Suomen aluehallintovirastoon<\/a>. Etel\u00e4-Suomen aluehallintoviraston sivulla kerrotaan tarkasti, miten ilmoituksen voi tehd\u00e4 ja miten asia k\u00e4sitell\u00e4\u00e4n.<\/p>\n<p>Valvontaviranomaisen yhteystiedot:<\/p>\n<p>Etel\u00e4-Suomen aluehallintovirasto<br \/>\nSaavutettavuuden valvonnan yksikk\u00f6<br \/>\nwww.saavutettavuusvaatimukset.fi<br \/>\nsaavutettavuus(at)avi.fi<br \/>\nPuh. (vaihde) 0295 016&nbsp;000<br \/>\n&nbsp; &nbsp;<\/p>\n","protected":false},"excerpt":{"rendered":"<p>T\u00e4m\u00e4 saavutettavuusseloste koskee Taipaleen ortodoksisen seurakunnan palvelua www.ort.fi\/taipale\/ ja on laadittu \/ p\u00e4ivitetty 13.12.2022. Palvelua koskee laki digitaalisten palvelujen tarjoamisesta, jossa edellytet\u00e4\u00e4n, ett\u00e4 julkisten verkkopalvelujen on oltava saavutettavia. Olemme arvioineet &#8230; <a title=\"Saavutettavuusseloste\" class=\"read-more\" href=\"https:\/\/ort.fi\/taipale\/saavutettavuusseloste\/\" aria-label=\"Lue lis\u00e4\u00e4 aiheesta Saavutettavuusseloste\">Lue lis\u00e4\u00e4<\/a><\/p>\n","protected":false},"author":2,"featured_media":0,"parent":0,"menu_order":0,"comment_status":"closed","ping_status":"closed","template":"","meta":{"ngg_post_thumbnail":0,"footnotes":""},"class_list":["post-27259","page","type-page","status-publish"],"_links":{"self":[{"href":"https:\/\/ort.fi\/taipale\/wp-json\/wp\/v2\/pages\/27259","targetHints":{"allow":["GET"]}}],"collection":[{"href":"https:\/\/ort.fi\/taipale\/wp-json\/wp\/v2\/pages"}],"about":[{"href":"https:\/\/ort.fi\/taipale\/wp-json\/wp\/v2\/types\/page"}],"author":[{"embeddable":true,"href":"https:\/\/ort.fi\/taipale\/wp-json\/wp\/v2\/users\/2"}],"replies":[{"embeddable":true,"href":"https:\/\/ort.fi\/taipale\/wp-json\/wp\/v2\/comments?post=27259"}],"version-history":[{"count":3,"href":"https:\/\/ort.fi\/taipale\/wp-json\/wp\/v2\/pages\/27259\/revisions"}],"predecessor-version":[{"id":27265,"href":"https:\/\/ort.fi\/taipale\/wp-json\/wp\/v2\/pages\/27259\/revisions\/27265"}],"wp:attachment":[{"href":"https:\/\/ort.fi\/taipale\/wp-json\/wp\/v2\/media?parent=27259"}],"curies":[{"name":"wp","href":"https:\/\/api.w.org\/{rel}","templated":true}]}}