{"id":26233,"date":"2024-06-30T18:23:42","date_gmt":"2024-06-30T15:23:42","guid":{"rendered":"https:\/\/ort.fi\/taipale\/?page_id=26233"},"modified":"2024-07-01T11:48:16","modified_gmt":"2024-07-01T08:48:16","slug":"viinijarven-kirkon-praasniekka-ja-diakoniksi-vihkiminen-26-6-2024","status":"publish","type":"page","link":"https:\/\/ort.fi\/taipale\/viinijarven-kirkon-praasniekka-ja-diakoniksi-vihkiminen-26-6-2024\/","title":{"rendered":"Viinij\u00e4rven kirkon praasniekka ja diakoniksi vihkiminen 26.6.2024"},"content":{"rendered":"<p>Viinij\u00e4rven Jumalansynnytt\u00e4j\u00e4n Tihvin\u00e4l\u00e4isen ikonin praasniekkaa vietettiin 25.\u201326.6. KP<br \/>\nmetropoliitta Arsenin johdolla. Metropoliitan toimittama Vigilia oli illalla klo 17 ja liturgia<br \/>\nalkoi piispan vastaanotolla klo 9. Liturgiassa palvelivat metropoliitan lis\u00e4ksi kirkkoherra<br \/>\nTuomas J\u00e4rvelin, rovastit Iivo Suvanto Joensuusta, Pertti Ruotsalainen, Paavo Ratilainen<br \/>\nja Mikko Sidoroff Joensuusta sek\u00e4 pastori Harri Linna Joensuusta. Diakoneina palvelivat<br \/>\nylidiakonit Jyrki H\u00e4rk\u00f6nen sek\u00e4 Mauri Mutanen ja diakoni Harri Ahponen. Palveluksessa<br \/>\nvihittiin diakoniksi ipodiakoni Pentti Potkonen. Ipodiakoneina toimivat teologian opiskelijat<br \/>\nJarkko K\u00e4rn\u00e4 ja Antti Partiainen.<\/p>\n<p>Liturgian j\u00e4lkeen toimitettiin ristisaatto Taipaleenjoelle, jossa toimitettiin vedenpyhitys.<br \/>\nJuhlaan osallistui noin 100 henke\u00e4.<\/p>\n<p>Palvelusten lopussa jaettiin huomionosoituksia. P\u00e4ivi Naumaselle ojennettiin metropoliitta<br \/>\nArsenin my\u00f6nt\u00e4m\u00e4 siunauskirja ja Kaisu Potkoselle metropoliitan my\u00f6nt\u00e4m\u00e4 kanttorin<br \/>\nkultainen ansiomerkki. N\u00e4iden lis\u00e4ksi Kirsti Hiltuselle ojennettiin arkkipiispa Leon<br \/>\naikaisemmin my\u00f6nt\u00e4m\u00e4 Pyh\u00e4n Karitsan ritarikunnan 1. luokan ritarimerkki.<\/p>\n<p>Palveluksen j\u00e4lkeen juhlaa jatkettiin Vanhassa Pappilassa aterialla. Juuri vihitty is\u00e4 Pentti<br \/>\npiti kiitospuheen juhlassa esirukouksia pyyt\u00e4en ja monet seurakuntalaiset onnittelivat<br \/>\nh\u00e4nt\u00e4 vihkimyksen johdosta. Juhlassa esiintyiv\u00e4t Taipaleen kirkkokuoro, Timoi Munne ja i<br \/>\nTuomas duettona sek\u00e4 Aleksi H\u00e4nninen kanteleineen.<\/p>\n<p>Iloisen juhlan j\u00e4lkeen talkoov\u00e4ki siivosi viel\u00e4 pappilan ja Timoi ja i Tuomas kirkon. T\u00f6iden<br \/>\nj\u00e4lkeen oli hyv\u00e4 k\u00e4yd\u00e4 uimassa Taipaleenjoen siunatussa vedess\u00e4. Ilma oli l\u00e4mmin ja vesi<br \/>\nvirkist\u00e4v\u00e4\u00e4.<\/p>\n<p>Kiitos kaikille juhlan j\u00e4rjestelyyn osallistuneille,<br \/>\nis\u00e4 Tuomas<\/p>\n<p>Kuvat: Risto Aikonen<\/p>\n<p>ngg_shortcode_0_placeholder<div class=\"addtoany_shortcode\"><div class=\"a2a_kit a2a_kit_size_32 addtoany_list\" data-a2a-url=\"https:\/\/ort.fi\/taipale\/viinijarven-kirkon-praasniekka-ja-diakoniksi-vihkiminen-26-6-2024\/\" data-a2a-title=\"Viinij\u00e4rven kirkon praasniekka ja diakoniksi vihkiminen 26.6.2024\"><a class=\"a2a_button_facebook\" href=\"https:\/\/www.addtoany.com\/add_to\/facebook?linkurl=https%3A%2F%2Fort.fi%2Ftaipale%2Fviinijarven-kirkon-praasniekka-ja-diakoniksi-vihkiminen-26-6-2024%2F&amp;linkname=Viinij%C3%A4rven%20kirkon%20praasniekka%20ja%20diakoniksi%20vihkiminen%2026.6.2024\" title=\"Facebook\" rel=\"nofollow noopener\" target=\"_blank\"><\/a><a class=\"a2a_button_twitter\" href=\"https:\/\/www.addtoany.com\/add_to\/twitter?linkurl=https%3A%2F%2Fort.fi%2Ftaipale%2Fviinijarven-kirkon-praasniekka-ja-diakoniksi-vihkiminen-26-6-2024%2F&amp;linkname=Viinij%C3%A4rven%20kirkon%20praasniekka%20ja%20diakoniksi%20vihkiminen%2026.6.2024\" title=\"Twitter\" rel=\"nofollow noopener\" target=\"_blank\"><\/a><a class=\"a2a_button_whatsapp\" href=\"https:\/\/www.addtoany.com\/add_to\/whatsapp?linkurl=https%3A%2F%2Fort.fi%2Ftaipale%2Fviinijarven-kirkon-praasniekka-ja-diakoniksi-vihkiminen-26-6-2024%2F&amp;linkname=Viinij%C3%A4rven%20kirkon%20praasniekka%20ja%20diakoniksi%20vihkiminen%2026.6.2024\" title=\"WhatsApp\" rel=\"nofollow noopener\" target=\"_blank\"><\/a><a class=\"a2a_button_email\" href=\"https:\/\/www.addtoany.com\/add_to\/email?linkurl=https%3A%2F%2Fort.fi%2Ftaipale%2Fviinijarven-kirkon-praasniekka-ja-diakoniksi-vihkiminen-26-6-2024%2F&amp;linkname=Viinij%C3%A4rven%20kirkon%20praasniekka%20ja%20diakoniksi%20vihkiminen%2026.6.2024\" title=\"Email\" rel=\"nofollow noopener\" target=\"_blank\"><\/a><a class=\"a2a_dd addtoany_share_save addtoany_share\" href=\"https:\/\/www.addtoany.com\/share\"><\/a><\/div><\/div><\/p>\n","protected":false},"excerpt":{"rendered":"<p>Viinij\u00e4rven Jumalansynnytt\u00e4j\u00e4n Tihvin\u00e4l\u00e4isen ikonin praasniekkaa vietettiin 25.\u201326.6. KP metropoliitta Arsenin johdolla. Metropoliitan toimittama Vigilia oli illalla klo 17 ja liturgia alkoi piispan vastaanotolla klo 9. Liturgiassa palvelivat metropoliitan lis\u00e4ksi kirkkoherra &#8230; <a title=\"Viinij\u00e4rven kirkon praasniekka ja diakoniksi vihkiminen 26.6.2024\" class=\"read-more\" href=\"https:\/\/ort.fi\/taipale\/viinijarven-kirkon-praasniekka-ja-diakoniksi-vihkiminen-26-6-2024\/\" aria-label=\"Lue lis\u00e4\u00e4 aiheesta Viinij\u00e4rven kirkon praasniekka ja diakoniksi vihkiminen 26.6.2024\">Lue lis\u00e4\u00e4<\/a><\/p>\n","protected":false},"author":6,"featured_media":0,"parent":0,"menu_order":0,"comment_status":"closed","ping_status":"closed","template":"","meta":{"ngg_post_thumbnail":0,"footnotes":""},"class_list":["post-26233","page","type-page","status-publish"],"_links":{"self":[{"href":"https:\/\/ort.fi\/taipale\/wp-json\/wp\/v2\/pages\/26233","targetHints":{"allow":["GET"]}}],"collection":[{"href":"https:\/\/ort.fi\/taipale\/wp-json\/wp\/v2\/pages"}],"about":[{"href":"https:\/\/ort.fi\/taipale\/wp-json\/wp\/v2\/types\/page"}],"author":[{"embeddable":true,"href":"https:\/\/ort.fi\/taipale\/wp-json\/wp\/v2\/users\/6"}],"replies":[{"embeddable":true,"href":"https:\/\/ort.fi\/taipale\/wp-json\/wp\/v2\/comments?post=26233"}],"version-history":[{"count":6,"href":"https:\/\/ort.fi\/taipale\/wp-json\/wp\/v2\/pages\/26233\/revisions"}],"predecessor-version":[{"id":26253,"href":"https:\/\/ort.fi\/taipale\/wp-json\/wp\/v2\/pages\/26233\/revisions\/26253"}],"wp:attachment":[{"href":"https:\/\/ort.fi\/taipale\/wp-json\/wp\/v2\/media?parent=26233"}],"curies":[{"name":"wp","href":"https:\/\/api.w.org\/{rel}","templated":true}]}}