{"id":25819,"date":"2024-05-22T19:37:46","date_gmt":"2024-05-22T16:37:46","guid":{"rendered":"https:\/\/ort.fi\/taipale\/?page_id=25819"},"modified":"2024-05-22T19:37:46","modified_gmt":"2024-05-22T16:37:46","slug":"outokummun-kirkon-praasniekka-ja-70-v-juhla-19-20-5-2024","status":"publish","type":"page","link":"https:\/\/ort.fi\/taipale\/outokummun-kirkon-praasniekka-ja-70-v-juhla-19-20-5-2024\/","title":{"rendered":"Outokummun kirkon praasniekka ja 70 v. juhla 19.-20.5.2024"},"content":{"rendered":"<p>Sunnuntai-iltana kirkossa toimitettiin ehtoopalvelus ja helluntain polvirukoukset. Palveluksen j\u00e4lkeen kirkon alakerran seurakuntasalilla vietettiin Outokummun Pyh\u00e4n hengen kirkon 70 v. juhlaa. Ohjelmassa oli kahvin ja herkullisten tarjoilujen lis\u00e4ksi laulua, runoja, tarinoita kirkon rakentamisajalta, kertomus alttarin Jumalan\u00e4idin ikonin matkasta Kitil\u00e4st\u00e4 Outokumpuun sek\u00e4 ruusujen jako kirkon pitk\u00e4aikaisille toimijoille.<\/p>\n<p>Maanantaina &#8211; Pyh\u00e4n Hengen p\u00e4iv\u00e4n\u00e4 &#8211; liturgiaa, vedenpyhityst\u00e4 ja ristisaattoa oli toimittamassa KP Kuopion ja Karjalan metropoliitta Arseni. Palveluksen lopuksi is\u00e4 esipaimen jakoi huomionosoituksia kirkkoa ja seurakuntaa pitk\u00e4\u00e4n palvelleille, jonka j\u00e4lkeen alakerran seurakuntasalilla oli tarjolla praasniekkakahvit. Ennen juhlakansan poistumista omille askareilleen, Potkosen Pentti otti viel\u00e4 viralliset praasniekkakuvat kirkon portailla.&nbsp;<\/p>\n<p>Kuvat: Arvo Naumanen, P\u00e4ivi H\u00e4nninen ja Pentti Potkonen<\/p>\n<p>ngg_shortcode_0_placeholder<div class=\"addtoany_shortcode\"><div class=\"a2a_kit a2a_kit_size_32 addtoany_list\" data-a2a-url=\"https:\/\/ort.fi\/taipale\/outokummun-kirkon-praasniekka-ja-70-v-juhla-19-20-5-2024\/\" data-a2a-title=\"Outokummun kirkon praasniekka ja 70 v. juhla 19.-20.5.2024\"><a class=\"a2a_button_facebook\" href=\"https:\/\/www.addtoany.com\/add_to\/facebook?linkurl=https%3A%2F%2Fort.fi%2Ftaipale%2Foutokummun-kirkon-praasniekka-ja-70-v-juhla-19-20-5-2024%2F&amp;linkname=Outokummun%20kirkon%20praasniekka%20ja%2070%20v.%20juhla%2019.-20.5.2024\" title=\"Facebook\" rel=\"nofollow noopener\" target=\"_blank\"><\/a><a class=\"a2a_button_twitter\" href=\"https:\/\/www.addtoany.com\/add_to\/twitter?linkurl=https%3A%2F%2Fort.fi%2Ftaipale%2Foutokummun-kirkon-praasniekka-ja-70-v-juhla-19-20-5-2024%2F&amp;linkname=Outokummun%20kirkon%20praasniekka%20ja%2070%20v.%20juhla%2019.-20.5.2024\" title=\"Twitter\" rel=\"nofollow noopener\" target=\"_blank\"><\/a><a class=\"a2a_button_whatsapp\" href=\"https:\/\/www.addtoany.com\/add_to\/whatsapp?linkurl=https%3A%2F%2Fort.fi%2Ftaipale%2Foutokummun-kirkon-praasniekka-ja-70-v-juhla-19-20-5-2024%2F&amp;linkname=Outokummun%20kirkon%20praasniekka%20ja%2070%20v.%20juhla%2019.-20.5.2024\" title=\"WhatsApp\" rel=\"nofollow noopener\" target=\"_blank\"><\/a><a class=\"a2a_button_email\" href=\"https:\/\/www.addtoany.com\/add_to\/email?linkurl=https%3A%2F%2Fort.fi%2Ftaipale%2Foutokummun-kirkon-praasniekka-ja-70-v-juhla-19-20-5-2024%2F&amp;linkname=Outokummun%20kirkon%20praasniekka%20ja%2070%20v.%20juhla%2019.-20.5.2024\" title=\"Email\" rel=\"nofollow noopener\" target=\"_blank\"><\/a><a class=\"a2a_dd addtoany_share_save addtoany_share\" href=\"https:\/\/www.addtoany.com\/share\"><\/a><\/div><\/div><\/p>\n","protected":false},"excerpt":{"rendered":"<p>Sunnuntai-iltana kirkossa toimitettiin ehtoopalvelus ja helluntain polvirukoukset. Palveluksen j\u00e4lkeen kirkon alakerran seurakuntasalilla vietettiin Outokummun Pyh\u00e4n hengen kirkon 70 v. juhlaa. Ohjelmassa oli kahvin ja herkullisten tarjoilujen lis\u00e4ksi laulua, runoja, tarinoita &#8230; <a title=\"Outokummun kirkon praasniekka ja 70 v. juhla 19.-20.5.2024\" class=\"read-more\" href=\"https:\/\/ort.fi\/taipale\/outokummun-kirkon-praasniekka-ja-70-v-juhla-19-20-5-2024\/\" aria-label=\"Lue lis\u00e4\u00e4 aiheesta Outokummun kirkon praasniekka ja 70 v. juhla 19.-20.5.2024\">Lue lis\u00e4\u00e4<\/a><\/p>\n","protected":false},"author":6,"featured_media":0,"parent":0,"menu_order":0,"comment_status":"closed","ping_status":"closed","template":"","meta":{"ngg_post_thumbnail":0,"footnotes":""},"class_list":["post-25819","page","type-page","status-publish"],"_links":{"self":[{"href":"https:\/\/ort.fi\/taipale\/wp-json\/wp\/v2\/pages\/25819","targetHints":{"allow":["GET"]}}],"collection":[{"href":"https:\/\/ort.fi\/taipale\/wp-json\/wp\/v2\/pages"}],"about":[{"href":"https:\/\/ort.fi\/taipale\/wp-json\/wp\/v2\/types\/page"}],"author":[{"embeddable":true,"href":"https:\/\/ort.fi\/taipale\/wp-json\/wp\/v2\/users\/6"}],"replies":[{"embeddable":true,"href":"https:\/\/ort.fi\/taipale\/wp-json\/wp\/v2\/comments?post=25819"}],"version-history":[{"count":4,"href":"https:\/\/ort.fi\/taipale\/wp-json\/wp\/v2\/pages\/25819\/revisions"}],"predecessor-version":[{"id":25827,"href":"https:\/\/ort.fi\/taipale\/wp-json\/wp\/v2\/pages\/25819\/revisions\/25827"}],"wp:attachment":[{"href":"https:\/\/ort.fi\/taipale\/wp-json\/wp\/v2\/media?parent=25819"}],"curies":[{"name":"wp","href":"https:\/\/api.w.org\/{rel}","templated":true}]}}