{"id":24591,"date":"2024-02-04T21:39:07","date_gmt":"2024-02-04T19:39:07","guid":{"rendered":"https:\/\/ort.fi\/taipale\/?page_id=24591"},"modified":"2024-02-04T21:39:07","modified_gmt":"2024-02-04T19:39:07","slug":"isa-pertti-30-v-pappina","status":"publish","type":"page","link":"https:\/\/ort.fi\/taipale\/isa-pertti-30-v-pappina\/","title":{"rendered":"Is\u00e4 Pertti 30 v. pappina"},"content":{"rendered":"<p>Vainajien muistelup\u00e4iv\u00e4n \u2013 sielujen lauantain \u2013 liturgia 3.2.2024 toimitettiin Outokummun Pyh\u00e4n Hengen kirkossa. Juhlallisen liturgian teki viel\u00e4kin juhlavammaksi is\u00e4 Pertti Ruotsalaisen papiksi vihkimisen 30 v. juhla. Arkkipiispa Johannes vihki is\u00e4 Pertin papiksi Viinij\u00e4rven Jumalan\u00e4idin Tihvin\u00e4l\u00e4isen ikonin kirkossa 6. helmikuuta 1994.<\/p>\n<p>Palveluksen j\u00e4lkeen juhla jatkui kahvituksen merkeiss\u00e4 alakerran seurakuntasalilla, jossa saimme kuulla is\u00e4 Pertin mielenkiintoisen kertomuksen matkastaan ja vihkimyksest\u00e4\u00e4n papiksi.<\/p>\n<p>Monia armorikkaita vuosia is\u00e4 Pertille ja h\u00e4nen l\u00e4heisilleen!<\/p>\n<p>ngg_shortcode_0_placeholder<div class=\"addtoany_shortcode\"><div class=\"a2a_kit a2a_kit_size_32 addtoany_list\" data-a2a-url=\"https:\/\/ort.fi\/taipale\/isa-pertti-30-v-pappina\/\" data-a2a-title=\"Is\u00e4 Pertti 30 v. pappina\"><a class=\"a2a_button_facebook\" href=\"https:\/\/www.addtoany.com\/add_to\/facebook?linkurl=https%3A%2F%2Fort.fi%2Ftaipale%2Fisa-pertti-30-v-pappina%2F&amp;linkname=Is%C3%A4%20Pertti%2030%20v.%20pappina\" title=\"Facebook\" rel=\"nofollow noopener\" target=\"_blank\"><\/a><a class=\"a2a_button_twitter\" href=\"https:\/\/www.addtoany.com\/add_to\/twitter?linkurl=https%3A%2F%2Fort.fi%2Ftaipale%2Fisa-pertti-30-v-pappina%2F&amp;linkname=Is%C3%A4%20Pertti%2030%20v.%20pappina\" title=\"Twitter\" rel=\"nofollow noopener\" target=\"_blank\"><\/a><a class=\"a2a_button_whatsapp\" href=\"https:\/\/www.addtoany.com\/add_to\/whatsapp?linkurl=https%3A%2F%2Fort.fi%2Ftaipale%2Fisa-pertti-30-v-pappina%2F&amp;linkname=Is%C3%A4%20Pertti%2030%20v.%20pappina\" title=\"WhatsApp\" rel=\"nofollow noopener\" target=\"_blank\"><\/a><a class=\"a2a_button_email\" href=\"https:\/\/www.addtoany.com\/add_to\/email?linkurl=https%3A%2F%2Fort.fi%2Ftaipale%2Fisa-pertti-30-v-pappina%2F&amp;linkname=Is%C3%A4%20Pertti%2030%20v.%20pappina\" title=\"Email\" rel=\"nofollow noopener\" target=\"_blank\"><\/a><a class=\"a2a_dd addtoany_share_save addtoany_share\" href=\"https:\/\/www.addtoany.com\/share\"><\/a><\/div><\/div><\/p>\n","protected":false},"excerpt":{"rendered":"<p>Vainajien muistelup\u00e4iv\u00e4n \u2013 sielujen lauantain \u2013 liturgia 3.2.2024 toimitettiin Outokummun Pyh\u00e4n Hengen kirkossa. Juhlallisen liturgian teki viel\u00e4kin juhlavammaksi is\u00e4 Pertti Ruotsalaisen papiksi vihkimisen 30 v. juhla. Arkkipiispa Johannes vihki is\u00e4 &#8230; <a title=\"Is\u00e4 Pertti 30 v. pappina\" class=\"read-more\" href=\"https:\/\/ort.fi\/taipale\/isa-pertti-30-v-pappina\/\" aria-label=\"Lue lis\u00e4\u00e4 aiheesta Is\u00e4 Pertti 30 v. pappina\">Lue lis\u00e4\u00e4<\/a><\/p>\n","protected":false},"author":6,"featured_media":0,"parent":0,"menu_order":0,"comment_status":"closed","ping_status":"closed","template":"","meta":{"ngg_post_thumbnail":0,"footnotes":""},"class_list":["post-24591","page","type-page","status-publish"],"_links":{"self":[{"href":"https:\/\/ort.fi\/taipale\/wp-json\/wp\/v2\/pages\/24591","targetHints":{"allow":["GET"]}}],"collection":[{"href":"https:\/\/ort.fi\/taipale\/wp-json\/wp\/v2\/pages"}],"about":[{"href":"https:\/\/ort.fi\/taipale\/wp-json\/wp\/v2\/types\/page"}],"author":[{"embeddable":true,"href":"https:\/\/ort.fi\/taipale\/wp-json\/wp\/v2\/users\/6"}],"replies":[{"embeddable":true,"href":"https:\/\/ort.fi\/taipale\/wp-json\/wp\/v2\/comments?post=24591"}],"version-history":[{"count":5,"href":"https:\/\/ort.fi\/taipale\/wp-json\/wp\/v2\/pages\/24591\/revisions"}],"predecessor-version":[{"id":24601,"href":"https:\/\/ort.fi\/taipale\/wp-json\/wp\/v2\/pages\/24591\/revisions\/24601"}],"wp:attachment":[{"href":"https:\/\/ort.fi\/taipale\/wp-json\/wp\/v2\/media?parent=24591"}],"curies":[{"name":"wp","href":"https:\/\/api.w.org\/{rel}","templated":true}]}}