{"id":2383,"date":"2019-01-09T22:12:47","date_gmt":"2019-01-09T20:12:47","guid":{"rendered":"https:\/\/ort.fi\/taipale\/?page_id=2383"},"modified":"2019-07-14T21:48:00","modified_gmt":"2019-07-14T18:48:00","slug":"pyhakot","status":"publish","type":"page","link":"https:\/\/ort.fi\/taipale\/kuvagalleriat\/pyhakot\/","title":{"rendered":"Pyh\u00e4k\u00f6t"},"content":{"rendered":"<p>Taipaleen ortodoksisen seurakunnan pyh\u00e4k\u00f6t, kolme kirkkoa ja kaksi tsasounaa. S\u00e4ynelammen Pyh\u00e4n Johanneksen leirikeskus ja Jyrin Kirkkoniemen hiljentymispaikka Yl\u00e4myllyll\u00e4.<\/p>\n<p>ngg_shortcode_0_placeholder<div class=\"addtoany_shortcode\"><div class=\"a2a_kit a2a_kit_size_32 addtoany_list\" data-a2a-url=\"https:\/\/ort.fi\/taipale\/kuvagalleriat\/pyhakot\/\" data-a2a-title=\"Pyh\u00e4k\u00f6t\"><a class=\"a2a_button_facebook\" href=\"https:\/\/www.addtoany.com\/add_to\/facebook?linkurl=https%3A%2F%2Fort.fi%2Ftaipale%2Fkuvagalleriat%2Fpyhakot%2F&amp;linkname=Pyh%C3%A4k%C3%B6t\" title=\"Facebook\" rel=\"nofollow noopener\" target=\"_blank\"><\/a><a class=\"a2a_button_twitter\" href=\"https:\/\/www.addtoany.com\/add_to\/twitter?linkurl=https%3A%2F%2Fort.fi%2Ftaipale%2Fkuvagalleriat%2Fpyhakot%2F&amp;linkname=Pyh%C3%A4k%C3%B6t\" title=\"Twitter\" rel=\"nofollow noopener\" target=\"_blank\"><\/a><a class=\"a2a_button_whatsapp\" href=\"https:\/\/www.addtoany.com\/add_to\/whatsapp?linkurl=https%3A%2F%2Fort.fi%2Ftaipale%2Fkuvagalleriat%2Fpyhakot%2F&amp;linkname=Pyh%C3%A4k%C3%B6t\" title=\"WhatsApp\" rel=\"nofollow noopener\" target=\"_blank\"><\/a><a class=\"a2a_button_email\" href=\"https:\/\/www.addtoany.com\/add_to\/email?linkurl=https%3A%2F%2Fort.fi%2Ftaipale%2Fkuvagalleriat%2Fpyhakot%2F&amp;linkname=Pyh%C3%A4k%C3%B6t\" title=\"Email\" rel=\"nofollow noopener\" target=\"_blank\"><\/a><a class=\"a2a_dd addtoany_share_save addtoany_share\" href=\"https:\/\/www.addtoany.com\/share\"><\/a><\/div><\/div><\/p>\n","protected":false},"excerpt":{"rendered":"<p>Taipaleen ortodoksisen seurakunnan pyh\u00e4k\u00f6t, kolme kirkkoa ja kaksi tsasounaa. S\u00e4ynelammen Pyh\u00e4n Johanneksen leirikeskus ja Jyrin Kirkkoniemen hiljentymispaikka Yl\u00e4myllyll\u00e4.<\/p>\n","protected":false},"author":6,"featured_media":0,"parent":604,"menu_order":0,"comment_status":"closed","ping_status":"closed","template":"","meta":{"ngg_post_thumbnail":0,"footnotes":""},"class_list":["post-2383","page","type-page","status-publish"],"_links":{"self":[{"href":"https:\/\/ort.fi\/taipale\/wp-json\/wp\/v2\/pages\/2383","targetHints":{"allow":["GET"]}}],"collection":[{"href":"https:\/\/ort.fi\/taipale\/wp-json\/wp\/v2\/pages"}],"about":[{"href":"https:\/\/ort.fi\/taipale\/wp-json\/wp\/v2\/types\/page"}],"author":[{"embeddable":true,"href":"https:\/\/ort.fi\/taipale\/wp-json\/wp\/v2\/users\/6"}],"replies":[{"embeddable":true,"href":"https:\/\/ort.fi\/taipale\/wp-json\/wp\/v2\/comments?post=2383"}],"version-history":[{"count":5,"href":"https:\/\/ort.fi\/taipale\/wp-json\/wp\/v2\/pages\/2383\/revisions"}],"predecessor-version":[{"id":5095,"href":"https:\/\/ort.fi\/taipale\/wp-json\/wp\/v2\/pages\/2383\/revisions\/5095"}],"up":[{"embeddable":true,"href":"https:\/\/ort.fi\/taipale\/wp-json\/wp\/v2\/pages\/604"}],"wp:attachment":[{"href":"https:\/\/ort.fi\/taipale\/wp-json\/wp\/v2\/media?parent=2383"}],"curies":[{"name":"wp","href":"https:\/\/api.w.org\/{rel}","templated":true}]}}