{"id":238,"date":"2018-09-22T23:29:36","date_gmt":"2018-09-22T20:29:36","guid":{"rendered":"https:\/\/ort.fi\/taipale\/?page_id=238"},"modified":"2026-03-18T11:53:46","modified_gmt":"2026-03-18T09:53:46","slug":"lapset-ja-nuoret","status":"publish","type":"page","link":"https:\/\/ort.fi\/taipale\/toimintaa\/lapset-ja-nuoret\/","title":{"rendered":"Lapset ja Nuoret"},"content":{"rendered":"<p><strong>Lastenkerho Viinij\u00e4rvell\u00e4&nbsp;<\/strong><br \/>\nLastenkerho Viinij\u00e4rven Vanhassa pappilassa. <a href=\"https:\/\/ort.fi\/taipale\/ortodoksinen-lastenkerho-viinijarvella\/\">Lue lis\u00e4\u00e4&gt;&gt;<\/a>&nbsp;<br \/>\n<strong>&nbsp; &nbsp;<br \/>\nLasten ikonipiiri<\/strong><br \/>\nLasten ikonipiiri Viinij\u00e4rven Vanhassa pappilassa. <a href=\"https:\/\/ort.fi\/taipale\/lasten-ikonipiiri\/\">Lue lis\u00e4\u00e4&gt;&gt;<\/a><\/p>\n<p><strong>Nuorisotoimen facebook-sivu<\/strong><br \/>\nTaipaleen seurakunnan nuorisotoimen oma facebook-sivu:<br \/>\n<a href=\"https:\/\/www.facebook.com\/nuorisotoimitaipale\" target=\"_blank\" rel=\"noopener noreferrer\">www.facebook.com\/nuorisotoimitaipale<\/a><br \/>\n&nbsp; &nbsp;<\/p>\n","protected":false},"excerpt":{"rendered":"<p>Lastenkerho Viinij\u00e4rvell\u00e4&nbsp; Lastenkerho Viinij\u00e4rven Vanhassa pappilassa. Lue lis\u00e4\u00e4&gt;&gt;&nbsp; &nbsp; &nbsp; Lasten ikonipiiri Lasten ikonipiiri Viinij\u00e4rven Vanhassa pappilassa. Lue lis\u00e4\u00e4&gt;&gt; Nuorisotoimen facebook-sivu Taipaleen seurakunnan nuorisotoimen oma facebook-sivu: www.facebook.com\/nuorisotoimitaipale &nbsp; &nbsp;<\/p>\n","protected":false},"author":6,"featured_media":0,"parent":188,"menu_order":1,"comment_status":"closed","ping_status":"closed","template":"","meta":{"ngg_post_thumbnail":0,"footnotes":""},"class_list":["post-238","page","type-page","status-publish"],"_links":{"self":[{"href":"https:\/\/ort.fi\/taipale\/wp-json\/wp\/v2\/pages\/238","targetHints":{"allow":["GET"]}}],"collection":[{"href":"https:\/\/ort.fi\/taipale\/wp-json\/wp\/v2\/pages"}],"about":[{"href":"https:\/\/ort.fi\/taipale\/wp-json\/wp\/v2\/types\/page"}],"author":[{"embeddable":true,"href":"https:\/\/ort.fi\/taipale\/wp-json\/wp\/v2\/users\/6"}],"replies":[{"embeddable":true,"href":"https:\/\/ort.fi\/taipale\/wp-json\/wp\/v2\/comments?post=238"}],"version-history":[{"count":98,"href":"https:\/\/ort.fi\/taipale\/wp-json\/wp\/v2\/pages\/238\/revisions"}],"predecessor-version":[{"id":31699,"href":"https:\/\/ort.fi\/taipale\/wp-json\/wp\/v2\/pages\/238\/revisions\/31699"}],"up":[{"embeddable":true,"href":"https:\/\/ort.fi\/taipale\/wp-json\/wp\/v2\/pages\/188"}],"wp:attachment":[{"href":"https:\/\/ort.fi\/taipale\/wp-json\/wp\/v2\/media?parent=238"}],"curies":[{"name":"wp","href":"https:\/\/api.w.org\/{rel}","templated":true}]}}