{"id":23491,"date":"2023-11-07T13:18:24","date_gmt":"2023-11-07T11:18:24","guid":{"rendered":"https:\/\/ort.fi\/taipale\/?page_id=23491"},"modified":"2023-11-07T13:18:24","modified_gmt":"2023-11-07T11:18:24","slug":"isa-paavon-elakkeellejaamisjuhla","status":"publish","type":"page","link":"https:\/\/ort.fi\/taipale\/isa-paavon-elakkeellejaamisjuhla\/","title":{"rendered":"Is\u00e4 Paavon el\u00e4kkeellej\u00e4\u00e4misjuhla"},"content":{"rendered":"<p>Taipaleen ortodoksisen seurakunnan kirkkoherrana 26 vuotta palvelleen is\u00e4 Paavo Ratilaisen el\u00e4kkeellej\u00e4\u00e4misjuhlaa vietettiin Karjalan valistajien juhlap\u00e4iv\u00e4n\u00e4 4.11.2023. Juhlap\u00e4iv\u00e4 alkoi liturgialla Viinij\u00e4rven kirkossa, jossa palveluksen toimitti KP metropoliitta Arseni. Liturgian j\u00e4lkeen siirryttiin p\u00e4\u00e4juhlaan Viinij\u00e4rven koululle, jossa ruokailun ja kahvin j\u00e4lkeen is\u00e4 Paavoa muistettiin lukuisilla kiitospuheilla, lahjoilla ja lauluesityksill\u00e4.<\/p>\n<p>Kiitokset is\u00e4 Paavolle siit\u00e4 valtavasta ty\u00f6st\u00e4, jonka h\u00e4n on tehnyt Taipaleen ortodoksisen seurakunnan hyv\u00e4ksi ja Monia armorikkaita el\u00e4kevuosia!<\/p>\n<p>Kuvat: Risto Aikonen<\/p>\n<p>ngg_shortcode_0_placeholder<div class=\"addtoany_shortcode\"><div class=\"a2a_kit a2a_kit_size_32 addtoany_list\" data-a2a-url=\"https:\/\/ort.fi\/taipale\/isa-paavon-elakkeellejaamisjuhla\/\" data-a2a-title=\"Is\u00e4 Paavon el\u00e4kkeellej\u00e4\u00e4misjuhla\"><a class=\"a2a_button_facebook\" href=\"https:\/\/www.addtoany.com\/add_to\/facebook?linkurl=https%3A%2F%2Fort.fi%2Ftaipale%2Fisa-paavon-elakkeellejaamisjuhla%2F&amp;linkname=Is%C3%A4%20Paavon%20el%C3%A4kkeellej%C3%A4%C3%A4misjuhla\" title=\"Facebook\" rel=\"nofollow noopener\" target=\"_blank\"><\/a><a class=\"a2a_button_twitter\" href=\"https:\/\/www.addtoany.com\/add_to\/twitter?linkurl=https%3A%2F%2Fort.fi%2Ftaipale%2Fisa-paavon-elakkeellejaamisjuhla%2F&amp;linkname=Is%C3%A4%20Paavon%20el%C3%A4kkeellej%C3%A4%C3%A4misjuhla\" title=\"Twitter\" rel=\"nofollow noopener\" target=\"_blank\"><\/a><a class=\"a2a_button_whatsapp\" href=\"https:\/\/www.addtoany.com\/add_to\/whatsapp?linkurl=https%3A%2F%2Fort.fi%2Ftaipale%2Fisa-paavon-elakkeellejaamisjuhla%2F&amp;linkname=Is%C3%A4%20Paavon%20el%C3%A4kkeellej%C3%A4%C3%A4misjuhla\" title=\"WhatsApp\" rel=\"nofollow noopener\" target=\"_blank\"><\/a><a class=\"a2a_button_email\" href=\"https:\/\/www.addtoany.com\/add_to\/email?linkurl=https%3A%2F%2Fort.fi%2Ftaipale%2Fisa-paavon-elakkeellejaamisjuhla%2F&amp;linkname=Is%C3%A4%20Paavon%20el%C3%A4kkeellej%C3%A4%C3%A4misjuhla\" title=\"Email\" rel=\"nofollow noopener\" target=\"_blank\"><\/a><a class=\"a2a_dd addtoany_share_save addtoany_share\" href=\"https:\/\/www.addtoany.com\/share\"><\/a><\/div><\/div><\/p>\n","protected":false},"excerpt":{"rendered":"<p>Taipaleen ortodoksisen seurakunnan kirkkoherrana 26 vuotta palvelleen is\u00e4 Paavo Ratilaisen el\u00e4kkeellej\u00e4\u00e4misjuhlaa vietettiin Karjalan valistajien juhlap\u00e4iv\u00e4n\u00e4 4.11.2023. Juhlap\u00e4iv\u00e4 alkoi liturgialla Viinij\u00e4rven kirkossa, jossa palveluksen toimitti KP metropoliitta Arseni. Liturgian j\u00e4lkeen siirryttiin &#8230; <a title=\"Is\u00e4 Paavon el\u00e4kkeellej\u00e4\u00e4misjuhla\" class=\"read-more\" href=\"https:\/\/ort.fi\/taipale\/isa-paavon-elakkeellejaamisjuhla\/\" aria-label=\"Lue lis\u00e4\u00e4 aiheesta Is\u00e4 Paavon el\u00e4kkeellej\u00e4\u00e4misjuhla\">Lue lis\u00e4\u00e4<\/a><\/p>\n","protected":false},"author":6,"featured_media":0,"parent":0,"menu_order":0,"comment_status":"closed","ping_status":"closed","template":"","meta":{"ngg_post_thumbnail":0,"footnotes":""},"class_list":["post-23491","page","type-page","status-publish"],"_links":{"self":[{"href":"https:\/\/ort.fi\/taipale\/wp-json\/wp\/v2\/pages\/23491","targetHints":{"allow":["GET"]}}],"collection":[{"href":"https:\/\/ort.fi\/taipale\/wp-json\/wp\/v2\/pages"}],"about":[{"href":"https:\/\/ort.fi\/taipale\/wp-json\/wp\/v2\/types\/page"}],"author":[{"embeddable":true,"href":"https:\/\/ort.fi\/taipale\/wp-json\/wp\/v2\/users\/6"}],"replies":[{"embeddable":true,"href":"https:\/\/ort.fi\/taipale\/wp-json\/wp\/v2\/comments?post=23491"}],"version-history":[{"count":1,"href":"https:\/\/ort.fi\/taipale\/wp-json\/wp\/v2\/pages\/23491\/revisions"}],"predecessor-version":[{"id":23493,"href":"https:\/\/ort.fi\/taipale\/wp-json\/wp\/v2\/pages\/23491\/revisions\/23493"}],"wp:attachment":[{"href":"https:\/\/ort.fi\/taipale\/wp-json\/wp\/v2\/media?parent=23491"}],"curies":[{"name":"wp","href":"https:\/\/api.w.org\/{rel}","templated":true}]}}