{"id":22599,"date":"2023-08-05T14:56:19","date_gmt":"2023-08-05T11:56:19","guid":{"rendered":"https:\/\/ort.fi\/taipale\/?page_id=22599"},"modified":"2023-08-05T14:56:19","modified_gmt":"2023-08-05T11:56:19","slug":"isa-paavon-viimeinen-palvelus-taipaleen-kirkkoherrana-30-7","status":"publish","type":"page","link":"https:\/\/ort.fi\/taipale\/isa-paavon-viimeinen-palvelus-taipaleen-kirkkoherrana-30-7\/","title":{"rendered":"Is\u00e4 Paavon viimeinen palvelus Taipaleen kirkkoherrana 30.7."},"content":{"rendered":"<p>Kirkkoherra is\u00e4 Paavo Ratilaisen viimeinen palvelusteht\u00e4v\u00e4 Taipaleen kirkkoherrana Polvij\u00e4rven Pyh\u00e4n Johannes Kastajan kirkossa 30.7.2023. Liturgian toimitti KP Kuopion ja Karjalan metropoliitta Arseni.<\/p>\n<p>Is\u00e4 Paavo aloitti vuosilomansa 1.8. ja j\u00e4\u00e4 loman j\u00e4lkeen el\u00e4kkeelle 1.11.2023 alkaen. Taipaleen ortodoksisen seurakunnan kirkkoherrana h\u00e4n on ollut 26 vuotta. El\u00e4kkeellej\u00e4\u00e4misjuhla pidet\u00e4\u00e4n Viinij\u00e4rvell\u00e4 Karjalanvalistajien p\u00e4iv\u00e4n\u00e4 lauantaina 4.11.2023. Liturgia p\u00e4\u00e4kirkossa ja juhlat Viinij\u00e4rven koululla liturgian j\u00e4lkeen.<\/p>\n<p>Kuvat: Risto Aikonen<\/p>\n<p>ngg_shortcode_0_placeholder<div class=\"addtoany_shortcode\"><div class=\"a2a_kit a2a_kit_size_32 addtoany_list\" data-a2a-url=\"https:\/\/ort.fi\/taipale\/isa-paavon-viimeinen-palvelus-taipaleen-kirkkoherrana-30-7\/\" data-a2a-title=\"Is\u00e4 Paavon viimeinen palvelus Taipaleen kirkkoherrana 30.7.\"><a class=\"a2a_button_facebook\" href=\"https:\/\/www.addtoany.com\/add_to\/facebook?linkurl=https%3A%2F%2Fort.fi%2Ftaipale%2Fisa-paavon-viimeinen-palvelus-taipaleen-kirkkoherrana-30-7%2F&amp;linkname=Is%C3%A4%20Paavon%20viimeinen%20palvelus%20Taipaleen%20kirkkoherrana%2030.7.\" title=\"Facebook\" rel=\"nofollow noopener\" target=\"_blank\"><\/a><a class=\"a2a_button_twitter\" href=\"https:\/\/www.addtoany.com\/add_to\/twitter?linkurl=https%3A%2F%2Fort.fi%2Ftaipale%2Fisa-paavon-viimeinen-palvelus-taipaleen-kirkkoherrana-30-7%2F&amp;linkname=Is%C3%A4%20Paavon%20viimeinen%20palvelus%20Taipaleen%20kirkkoherrana%2030.7.\" title=\"Twitter\" rel=\"nofollow noopener\" target=\"_blank\"><\/a><a class=\"a2a_button_whatsapp\" href=\"https:\/\/www.addtoany.com\/add_to\/whatsapp?linkurl=https%3A%2F%2Fort.fi%2Ftaipale%2Fisa-paavon-viimeinen-palvelus-taipaleen-kirkkoherrana-30-7%2F&amp;linkname=Is%C3%A4%20Paavon%20viimeinen%20palvelus%20Taipaleen%20kirkkoherrana%2030.7.\" title=\"WhatsApp\" rel=\"nofollow noopener\" target=\"_blank\"><\/a><a class=\"a2a_button_email\" href=\"https:\/\/www.addtoany.com\/add_to\/email?linkurl=https%3A%2F%2Fort.fi%2Ftaipale%2Fisa-paavon-viimeinen-palvelus-taipaleen-kirkkoherrana-30-7%2F&amp;linkname=Is%C3%A4%20Paavon%20viimeinen%20palvelus%20Taipaleen%20kirkkoherrana%2030.7.\" title=\"Email\" rel=\"nofollow noopener\" target=\"_blank\"><\/a><a class=\"a2a_dd addtoany_share_save addtoany_share\" href=\"https:\/\/www.addtoany.com\/share\"><\/a><\/div><\/div><\/p>\n","protected":false},"excerpt":{"rendered":"<p>Kirkkoherra is\u00e4 Paavo Ratilaisen viimeinen palvelusteht\u00e4v\u00e4 Taipaleen kirkkoherrana Polvij\u00e4rven Pyh\u00e4n Johannes Kastajan kirkossa 30.7.2023. Liturgian toimitti KP Kuopion ja Karjalan metropoliitta Arseni. Is\u00e4 Paavo aloitti vuosilomansa 1.8. ja j\u00e4\u00e4 loman &#8230; <a title=\"Is\u00e4 Paavon viimeinen palvelus Taipaleen kirkkoherrana 30.7.\" class=\"read-more\" href=\"https:\/\/ort.fi\/taipale\/isa-paavon-viimeinen-palvelus-taipaleen-kirkkoherrana-30-7\/\" aria-label=\"Lue lis\u00e4\u00e4 aiheesta Is\u00e4 Paavon viimeinen palvelus Taipaleen kirkkoherrana 30.7.\">Lue lis\u00e4\u00e4<\/a><\/p>\n","protected":false},"author":6,"featured_media":0,"parent":0,"menu_order":0,"comment_status":"closed","ping_status":"closed","template":"","meta":{"ngg_post_thumbnail":0,"footnotes":""},"class_list":["post-22599","page","type-page","status-publish"],"_links":{"self":[{"href":"https:\/\/ort.fi\/taipale\/wp-json\/wp\/v2\/pages\/22599","targetHints":{"allow":["GET"]}}],"collection":[{"href":"https:\/\/ort.fi\/taipale\/wp-json\/wp\/v2\/pages"}],"about":[{"href":"https:\/\/ort.fi\/taipale\/wp-json\/wp\/v2\/types\/page"}],"author":[{"embeddable":true,"href":"https:\/\/ort.fi\/taipale\/wp-json\/wp\/v2\/users\/6"}],"replies":[{"embeddable":true,"href":"https:\/\/ort.fi\/taipale\/wp-json\/wp\/v2\/comments?post=22599"}],"version-history":[{"count":1,"href":"https:\/\/ort.fi\/taipale\/wp-json\/wp\/v2\/pages\/22599\/revisions"}],"predecessor-version":[{"id":22601,"href":"https:\/\/ort.fi\/taipale\/wp-json\/wp\/v2\/pages\/22599\/revisions\/22601"}],"wp:attachment":[{"href":"https:\/\/ort.fi\/taipale\/wp-json\/wp\/v2\/media?parent=22599"}],"curies":[{"name":"wp","href":"https:\/\/api.w.org\/{rel}","templated":true}]}}