{"id":22293,"date":"2023-07-11T13:33:54","date_gmt":"2023-07-11T10:33:54","guid":{"rendered":"https:\/\/ort.fi\/taipale\/?page_id=22293"},"modified":"2023-07-11T13:33:54","modified_gmt":"2023-07-11T10:33:54","slug":"kanttori-kaisun-elakkeellejaamisjuhla-9-7-2023","status":"publish","type":"page","link":"https:\/\/ort.fi\/taipale\/kanttori-kaisun-elakkeellejaamisjuhla-9-7-2023\/","title":{"rendered":"Kanttori Kaisun el\u00e4kkeellej\u00e4\u00e4misjuhla 9.7.2023"},"content":{"rendered":"<p><strong>Kanttori Kaisu Potkosen el\u00e4kkeellej\u00e4\u00e4misjuhlaa vietettiin Viinij\u00e4rvell\u00e4 sunnuntaina 9.7.2023. <\/strong><\/p>\n<p>Juhlap\u00e4iv\u00e4 alkoi liturgialla Viinij\u00e4rven kirkossa, jossa laulanutta suurta juhlakuoroa Kaisu johti. Palveluksen j\u00e4lkeen juhla jatkui kauniissa s\u00e4\u00e4ss\u00e4 Vanhan pappilan pihalla ruokailun, kahvittelun ja lukuisten kiitosten ja muistamisten merkeiss\u00e4.<\/p>\n<p>Kaisu on toiminut Taipaleen ortodoksisen seurakunnan kanttorina 37 vuotta. Lomalle h\u00e4n j\u00e4\u00e4 14.7. ja loman j\u00e4lkeen el\u00e4kkeelle 1.10. Suuret kiitokset Kaisulle ja Monia armorikkaita vuosia!<\/p>\n<p>Kuvat: Pentti Potkonen<\/p>\n<p>ngg_shortcode_0_placeholder<div class=\"addtoany_shortcode\"><div class=\"a2a_kit a2a_kit_size_32 addtoany_list\" data-a2a-url=\"https:\/\/ort.fi\/taipale\/kanttori-kaisun-elakkeellejaamisjuhla-9-7-2023\/\" data-a2a-title=\"Kanttori Kaisun el\u00e4kkeellej\u00e4\u00e4misjuhla 9.7.2023\"><a class=\"a2a_button_facebook\" href=\"https:\/\/www.addtoany.com\/add_to\/facebook?linkurl=https%3A%2F%2Fort.fi%2Ftaipale%2Fkanttori-kaisun-elakkeellejaamisjuhla-9-7-2023%2F&amp;linkname=Kanttori%20Kaisun%20el%C3%A4kkeellej%C3%A4%C3%A4misjuhla%209.7.2023\" title=\"Facebook\" rel=\"nofollow noopener\" target=\"_blank\"><\/a><a class=\"a2a_button_twitter\" href=\"https:\/\/www.addtoany.com\/add_to\/twitter?linkurl=https%3A%2F%2Fort.fi%2Ftaipale%2Fkanttori-kaisun-elakkeellejaamisjuhla-9-7-2023%2F&amp;linkname=Kanttori%20Kaisun%20el%C3%A4kkeellej%C3%A4%C3%A4misjuhla%209.7.2023\" title=\"Twitter\" rel=\"nofollow noopener\" target=\"_blank\"><\/a><a class=\"a2a_button_whatsapp\" href=\"https:\/\/www.addtoany.com\/add_to\/whatsapp?linkurl=https%3A%2F%2Fort.fi%2Ftaipale%2Fkanttori-kaisun-elakkeellejaamisjuhla-9-7-2023%2F&amp;linkname=Kanttori%20Kaisun%20el%C3%A4kkeellej%C3%A4%C3%A4misjuhla%209.7.2023\" title=\"WhatsApp\" rel=\"nofollow noopener\" target=\"_blank\"><\/a><a class=\"a2a_button_email\" href=\"https:\/\/www.addtoany.com\/add_to\/email?linkurl=https%3A%2F%2Fort.fi%2Ftaipale%2Fkanttori-kaisun-elakkeellejaamisjuhla-9-7-2023%2F&amp;linkname=Kanttori%20Kaisun%20el%C3%A4kkeellej%C3%A4%C3%A4misjuhla%209.7.2023\" title=\"Email\" rel=\"nofollow noopener\" target=\"_blank\"><\/a><a class=\"a2a_dd addtoany_share_save addtoany_share\" href=\"https:\/\/www.addtoany.com\/share\"><\/a><\/div><\/div><\/p>\n","protected":false},"excerpt":{"rendered":"<p>Kanttori Kaisu Potkosen el\u00e4kkeellej\u00e4\u00e4misjuhlaa vietettiin Viinij\u00e4rvell\u00e4 sunnuntaina 9.7.2023. Juhlap\u00e4iv\u00e4 alkoi liturgialla Viinij\u00e4rven kirkossa, jossa laulanutta suurta juhlakuoroa Kaisu johti. Palveluksen j\u00e4lkeen juhla jatkui kauniissa s\u00e4\u00e4ss\u00e4 Vanhan pappilan pihalla ruokailun, kahvittelun &#8230; <a title=\"Kanttori Kaisun el\u00e4kkeellej\u00e4\u00e4misjuhla 9.7.2023\" class=\"read-more\" href=\"https:\/\/ort.fi\/taipale\/kanttori-kaisun-elakkeellejaamisjuhla-9-7-2023\/\" aria-label=\"Lue lis\u00e4\u00e4 aiheesta Kanttori Kaisun el\u00e4kkeellej\u00e4\u00e4misjuhla 9.7.2023\">Lue lis\u00e4\u00e4<\/a><\/p>\n","protected":false},"author":6,"featured_media":0,"parent":0,"menu_order":0,"comment_status":"closed","ping_status":"closed","template":"","meta":{"ngg_post_thumbnail":0,"footnotes":""},"class_list":["post-22293","page","type-page","status-publish"],"_links":{"self":[{"href":"https:\/\/ort.fi\/taipale\/wp-json\/wp\/v2\/pages\/22293","targetHints":{"allow":["GET"]}}],"collection":[{"href":"https:\/\/ort.fi\/taipale\/wp-json\/wp\/v2\/pages"}],"about":[{"href":"https:\/\/ort.fi\/taipale\/wp-json\/wp\/v2\/types\/page"}],"author":[{"embeddable":true,"href":"https:\/\/ort.fi\/taipale\/wp-json\/wp\/v2\/users\/6"}],"replies":[{"embeddable":true,"href":"https:\/\/ort.fi\/taipale\/wp-json\/wp\/v2\/comments?post=22293"}],"version-history":[{"count":3,"href":"https:\/\/ort.fi\/taipale\/wp-json\/wp\/v2\/pages\/22293\/revisions"}],"predecessor-version":[{"id":23627,"href":"https:\/\/ort.fi\/taipale\/wp-json\/wp\/v2\/pages\/22293\/revisions\/23627"}],"wp:attachment":[{"href":"https:\/\/ort.fi\/taipale\/wp-json\/wp\/v2\/media?parent=22293"}],"curies":[{"name":"wp","href":"https:\/\/api.w.org\/{rel}","templated":true}]}}