{"id":22033,"date":"2023-06-13T18:38:53","date_gmt":"2023-06-13T15:38:53","guid":{"rendered":"https:\/\/ort.fi\/taipale\/?page_id=22033"},"modified":"2023-06-13T18:38:53","modified_gmt":"2023-06-13T15:38:53","slug":"pappilan-virkeat-vanhukset-kuvia-ja-kuulumisia","status":"publish","type":"page","link":"https:\/\/ort.fi\/taipale\/pappilan-virkeat-vanhukset-kuvia-ja-kuulumisia\/","title":{"rendered":"Pappilan virke\u00e4t vanhukset &#8211; kuvia ja kuulumisia"},"content":{"rendered":"<p>Marraskuusta 2021 l\u00e4htien on Viinij\u00e4rvell\u00e4 Vanhassa Pappilassa kokoontunut kerran kuussa iloinen porukka itsens\u00e4 jo rehellisesti vanhuksiksi tunnustavista tai sit\u00e4 kohti joka tapauksessa rohkeasti menevist\u00e4 ihmisist\u00e4.<\/p>\n<p>Kuluneen vuoden aikana on mm. kylvetty kes\u00e4kukan taimia (Hilkka Lihavainen), kuunneltu luentoa i\u00e4kk\u00e4iden muistisairaiden asumisesta (Leena Viinisalo-Heiskanen) ja luonnosta Raamatun ajan ja nykyihmisen tukena, jolloin saimme nauttia jalkakylvyst\u00e4kin (Minna Koistinen).<\/p>\n<p>On laulettu paljon, v\u00e4lill\u00e4 vakavampia, v\u00e4lill\u00e4 hilpe\u00e4mpi\u00e4 viisuja ja p\u00e4hk\u00e4ilty tietokilpailukysymysten parissa (Kaisu-kanttori). Aikaa on varattu my\u00f6s jutustelulle, pit\u00e4\u00e4h\u00e4n saada vaihtaa kuulumisia ja p\u00e4\u00e4st\u00e4 jakamaan iloja ja suruja. Aina on saatu nauttia makoisat p\u00e4iv\u00e4kahvit, joiden tuotto on ker\u00e4tty kenialaisten lasten ja nuorten koulutukseen Filantropian kautta, jonka toiminnasta meille kertoi Vastapuun Pirkko. Ohjelmassa on aina alkujumppa, jonka aikana ei kuulu hiiskaustakaan, vain Kareisen Kaijan rauhallinen \u00e4\u00e4ni ohjeistamassa tunnollisia liikkujia. Puuhanaisina ovat alusta asti touhunneet Yl\u00e4myllyn Tiistaiseuran Hilkka Lihavainen, Kaija Kareinen ja Marja Turunen.<\/p>\n<p>Kauden p\u00e4\u00e4tteeksi tehtiin kes\u00e4retki S\u00e4ynelammelle, jossa alkujumpan p\u00e4\u00e4lle maistuivatkin jo makkarat (kiitos nuotiomestari Sulo!) ja Hilkan herkullisten kahvien j\u00e4lkeen laulettiin oikein sy\u00f6mmen kyllyydest\u00e4 kilpaa lintujen liverryksen kanssa.<\/p>\n<p>Toimintamme jatkuu taas syyskuussa kuukauden ensimm\u00e4isen\u00e4 tiistaina (5.9.) Pappilan salissa klo 13.30.<\/p>\n<p>Virkist\u00e4v\u00e4\u00e4 kes\u00e4\u00e4 kaikille!<\/p>\n<p>Kaisu Potkonen<\/p>\n<p>ngg_shortcode_0_placeholder<div class=\"addtoany_shortcode\"><div class=\"a2a_kit a2a_kit_size_32 addtoany_list\" data-a2a-url=\"https:\/\/ort.fi\/taipale\/pappilan-virkeat-vanhukset-kuvia-ja-kuulumisia\/\" data-a2a-title=\"Pappilan virke\u00e4t vanhukset \u2013 kuvia ja kuulumisia\"><a class=\"a2a_button_facebook\" href=\"https:\/\/www.addtoany.com\/add_to\/facebook?linkurl=https%3A%2F%2Fort.fi%2Ftaipale%2Fpappilan-virkeat-vanhukset-kuvia-ja-kuulumisia%2F&amp;linkname=Pappilan%20virke%C3%A4t%20vanhukset%20%E2%80%93%20kuvia%20ja%20kuulumisia\" title=\"Facebook\" rel=\"nofollow noopener\" target=\"_blank\"><\/a><a class=\"a2a_button_twitter\" href=\"https:\/\/www.addtoany.com\/add_to\/twitter?linkurl=https%3A%2F%2Fort.fi%2Ftaipale%2Fpappilan-virkeat-vanhukset-kuvia-ja-kuulumisia%2F&amp;linkname=Pappilan%20virke%C3%A4t%20vanhukset%20%E2%80%93%20kuvia%20ja%20kuulumisia\" title=\"Twitter\" rel=\"nofollow noopener\" target=\"_blank\"><\/a><a class=\"a2a_button_whatsapp\" href=\"https:\/\/www.addtoany.com\/add_to\/whatsapp?linkurl=https%3A%2F%2Fort.fi%2Ftaipale%2Fpappilan-virkeat-vanhukset-kuvia-ja-kuulumisia%2F&amp;linkname=Pappilan%20virke%C3%A4t%20vanhukset%20%E2%80%93%20kuvia%20ja%20kuulumisia\" title=\"WhatsApp\" rel=\"nofollow noopener\" target=\"_blank\"><\/a><a class=\"a2a_button_email\" href=\"https:\/\/www.addtoany.com\/add_to\/email?linkurl=https%3A%2F%2Fort.fi%2Ftaipale%2Fpappilan-virkeat-vanhukset-kuvia-ja-kuulumisia%2F&amp;linkname=Pappilan%20virke%C3%A4t%20vanhukset%20%E2%80%93%20kuvia%20ja%20kuulumisia\" title=\"Email\" rel=\"nofollow noopener\" target=\"_blank\"><\/a><a class=\"a2a_dd addtoany_share_save addtoany_share\" href=\"https:\/\/www.addtoany.com\/share\"><\/a><\/div><\/div><br \/>\n&nbsp; &nbsp;<\/p>\n","protected":false},"excerpt":{"rendered":"<p>Marraskuusta 2021 l\u00e4htien on Viinij\u00e4rvell\u00e4 Vanhassa Pappilassa kokoontunut kerran kuussa iloinen porukka itsens\u00e4 jo rehellisesti vanhuksiksi tunnustavista tai sit\u00e4 kohti joka tapauksessa rohkeasti menevist\u00e4 ihmisist\u00e4. Kuluneen vuoden aikana on mm. &#8230; <a title=\"Pappilan virke\u00e4t vanhukset &#8211; kuvia ja kuulumisia\" class=\"read-more\" href=\"https:\/\/ort.fi\/taipale\/pappilan-virkeat-vanhukset-kuvia-ja-kuulumisia\/\" aria-label=\"Lue lis\u00e4\u00e4 aiheesta Pappilan virke\u00e4t vanhukset &#8211; kuvia ja kuulumisia\">Lue lis\u00e4\u00e4<\/a><\/p>\n","protected":false},"author":6,"featured_media":0,"parent":0,"menu_order":0,"comment_status":"closed","ping_status":"closed","template":"","meta":{"ngg_post_thumbnail":0,"footnotes":""},"class_list":["post-22033","page","type-page","status-publish"],"_links":{"self":[{"href":"https:\/\/ort.fi\/taipale\/wp-json\/wp\/v2\/pages\/22033","targetHints":{"allow":["GET"]}}],"collection":[{"href":"https:\/\/ort.fi\/taipale\/wp-json\/wp\/v2\/pages"}],"about":[{"href":"https:\/\/ort.fi\/taipale\/wp-json\/wp\/v2\/types\/page"}],"author":[{"embeddable":true,"href":"https:\/\/ort.fi\/taipale\/wp-json\/wp\/v2\/users\/6"}],"replies":[{"embeddable":true,"href":"https:\/\/ort.fi\/taipale\/wp-json\/wp\/v2\/comments?post=22033"}],"version-history":[{"count":3,"href":"https:\/\/ort.fi\/taipale\/wp-json\/wp\/v2\/pages\/22033\/revisions"}],"predecessor-version":[{"id":22039,"href":"https:\/\/ort.fi\/taipale\/wp-json\/wp\/v2\/pages\/22033\/revisions\/22039"}],"wp:attachment":[{"href":"https:\/\/ort.fi\/taipale\/wp-json\/wp\/v2\/media?parent=22033"}],"curies":[{"name":"wp","href":"https:\/\/api.w.org\/{rel}","templated":true}]}}