{"id":220,"date":"2018-09-22T22:40:32","date_gmt":"2018-09-22T19:40:32","guid":{"rendered":"https:\/\/ort.fi\/taipale\/?page_id=220"},"modified":"2026-03-30T15:02:23","modified_gmt":"2026-03-30T12:02:23","slug":"kirkkokuoro","status":"publish","type":"page","link":"https:\/\/ort.fi\/taipale\/toimintaa\/kirkkokuoro\/","title":{"rendered":"Kirkkokuoro"},"content":{"rendered":"<p>Kuoromme on noin 15-j\u00e4seninen sekakuoro, joka koostuu eri puolilla seurakuntaamme asuvista laulajista.<\/p>\n<p>Kuoromme p\u00e4\u00e4asiallisin teht\u00e4v\u00e4 on laulaa pyh\u00e4kk\u00f6jemme jumalanpalveluksissa ja seurakuntamme eri tapahtumissa. Kokoonnumme viikoittain Viinij\u00e4rven Vanhaan pappilaan harjoittelemaan.<\/p>\n<p>Kuoromme johtajana toimii kanttori P\u00e4ivi H\u00e4nninen. Viime aikoina olemme tehneet paljon yhteisty\u00f6t\u00e4 Ilomantsin ortodoksisen kirkkokuoron kanssa.<\/p>\n<p>Jos kuorolaulu riveiss\u00e4mme alkoi kiinnostamaan, ota yhteytt\u00e4 kanttoriin puh. 050 536 7424 tai s\u00e4hk\u00f6postilla <a href=\"mailto:paivi.hanninen@ort.fi\">paivi.hanninen@ort.fi<\/a>&nbsp;<\/p>\n<p>Kirkkokuoron viimeisin levy: <a href=\"https:\/\/ort.fi\/taipale\/2020\/12\/15\/taipaleen-kirkkokuorolta-uusi-levy\/\">Pyhityksen taival<\/a>&nbsp;<\/p>\n<p><span style=\"color: #ff0000;\">Tiistaina 14.4. klo 17.30 kirkkokuoron harjoitukset Viinij\u00e4rven Vanhassa pappilassa<\/span>&nbsp;<\/p>\n<figure id=\"attachment_2207\" aria-describedby=\"caption-attachment-2207\" style=\"width: 640px\" class=\"wp-caption alignnone\"><a href=\"https:\/\/ort.fi\/taipale\/wp-content\/uploads\/2019\/01\/taipale_ilomatsi_kuorot.jpg\"><img loading=\"lazy\" decoding=\"async\" class=\"wp-image-2207\" src=\"https:\/\/ort.fi\/taipale\/wp-content\/uploads\/2019\/01\/taipale_ilomatsi_kuorot.jpg\" alt=\"\" width=\"650\" height=\"341\" srcset=\"https:\/\/ort.fi\/taipale\/wp-content\/uploads\/2019\/01\/taipale_ilomatsi_kuorot.jpg 800w, https:\/\/ort.fi\/taipale\/wp-content\/uploads\/2019\/01\/taipale_ilomatsi_kuorot-300x158.jpg 300w, https:\/\/ort.fi\/taipale\/wp-content\/uploads\/2019\/01\/taipale_ilomatsi_kuorot-768x403.jpg 768w\" sizes=\"auto, (max-width: 650px) 100vw, 650px\" \/><\/a><figcaption id=\"caption-attachment-2207\" class=\"wp-caption-text\">Taipaleen ja Ilomantsin kuorojen yhteinen Ortodoksisia joululauluja -konsertti Polvij\u00e4rven kirkossa 16.12.2018. Kuva: Arvo Naumanen<\/figcaption><\/figure>\n<figure id=\"attachment_15559\" aria-describedby=\"caption-attachment-15559\" style=\"width: 640px\" class=\"wp-caption alignnone\"><a href=\"https:\/\/ort.fi\/taipale\/wp-content\/uploads\/2021\/11\/kuorot_Taipale_Nurmes.jpg\"><img loading=\"lazy\" decoding=\"async\" class=\"wp-image-15559\" src=\"https:\/\/ort.fi\/taipale\/wp-content\/uploads\/2021\/11\/kuorot_Taipale_Nurmes-300x190.jpg\" alt=\"\" width=\"650\" height=\"412\" srcset=\"https:\/\/ort.fi\/taipale\/wp-content\/uploads\/2021\/11\/kuorot_Taipale_Nurmes-300x190.jpg 300w, https:\/\/ort.fi\/taipale\/wp-content\/uploads\/2021\/11\/kuorot_Taipale_Nurmes-1024x649.jpg 1024w, https:\/\/ort.fi\/taipale\/wp-content\/uploads\/2021\/11\/kuorot_Taipale_Nurmes-768x487.jpg 768w, https:\/\/ort.fi\/taipale\/wp-content\/uploads\/2021\/11\/kuorot_Taipale_Nurmes.jpg 1378w\" sizes=\"auto, (max-width: 650px) 100vw, 650px\" \/><\/a><figcaption id=\"caption-attachment-15559\" class=\"wp-caption-text\">Taipaleen ja Nurmeksen kirkkokuorolaisia. Molemmat kuorot lauloivat Polvij\u00e4rven kirkon liturgiassa 31.10.2021. Kuva: Pentti Potkonen<\/figcaption><\/figure>\n<figure id=\"attachment_20027\" aria-describedby=\"caption-attachment-20027\" style=\"width: 640px\" class=\"wp-caption alignnone\"><a href=\"https:\/\/ort.fi\/taipale\/wp-content\/uploads\/2023\/01\/Pieni_joululauluilta_2022.jpg\"><img loading=\"lazy\" decoding=\"async\" class=\"wp-image-20027\" src=\"https:\/\/ort.fi\/taipale\/wp-content\/uploads\/2023\/01\/Pieni_joululauluilta_2022-300x200.jpg\" alt=\"\" width=\"650\" height=\"434\" srcset=\"https:\/\/ort.fi\/taipale\/wp-content\/uploads\/2023\/01\/Pieni_joululauluilta_2022-300x200.jpg 300w, https:\/\/ort.fi\/taipale\/wp-content\/uploads\/2023\/01\/Pieni_joululauluilta_2022-1024x684.jpg 1024w, https:\/\/ort.fi\/taipale\/wp-content\/uploads\/2023\/01\/Pieni_joululauluilta_2022-768x513.jpg 768w, https:\/\/ort.fi\/taipale\/wp-content\/uploads\/2023\/01\/Pieni_joululauluilta_2022.jpg 1378w\" sizes=\"auto, (max-width: 650px) 100vw, 650px\" \/><\/a><figcaption id=\"caption-attachment-20027\" class=\"wp-caption-text\">Taipaleen kirkkokuoron &#8217;Pieni joululauluilta&#8217; Outokummun kirkossa 28.12.2022. Kuva: Pentti Potkonen<\/figcaption><\/figure>\n<p>&nbsp; &nbsp;<\/p>\n","protected":false},"excerpt":{"rendered":"<p>Kuoromme on noin 15-j\u00e4seninen sekakuoro, joka koostuu eri puolilla seurakuntaamme asuvista laulajista. Kuoromme p\u00e4\u00e4asiallisin teht\u00e4v\u00e4 on laulaa pyh\u00e4kk\u00f6jemme jumalanpalveluksissa ja seurakuntamme eri tapahtumissa. Kokoonnumme viikoittain Viinij\u00e4rven Vanhaan pappilaan harjoittelemaan. Kuoromme &#8230; <a title=\"Kirkkokuoro\" class=\"read-more\" href=\"https:\/\/ort.fi\/taipale\/toimintaa\/kirkkokuoro\/\" aria-label=\"Lue lis\u00e4\u00e4 aiheesta Kirkkokuoro\">Lue lis\u00e4\u00e4<\/a><\/p>\n","protected":false},"author":6,"featured_media":0,"parent":188,"menu_order":0,"comment_status":"closed","ping_status":"closed","template":"","meta":{"ngg_post_thumbnail":0,"footnotes":""},"class_list":["post-220","page","type-page","status-publish"],"_links":{"self":[{"href":"https:\/\/ort.fi\/taipale\/wp-json\/wp\/v2\/pages\/220","targetHints":{"allow":["GET"]}}],"collection":[{"href":"https:\/\/ort.fi\/taipale\/wp-json\/wp\/v2\/pages"}],"about":[{"href":"https:\/\/ort.fi\/taipale\/wp-json\/wp\/v2\/types\/page"}],"author":[{"embeddable":true,"href":"https:\/\/ort.fi\/taipale\/wp-json\/wp\/v2\/users\/6"}],"replies":[{"embeddable":true,"href":"https:\/\/ort.fi\/taipale\/wp-json\/wp\/v2\/comments?post=220"}],"version-history":[{"count":304,"href":"https:\/\/ort.fi\/taipale\/wp-json\/wp\/v2\/pages\/220\/revisions"}],"predecessor-version":[{"id":31991,"href":"https:\/\/ort.fi\/taipale\/wp-json\/wp\/v2\/pages\/220\/revisions\/31991"}],"up":[{"embeddable":true,"href":"https:\/\/ort.fi\/taipale\/wp-json\/wp\/v2\/pages\/188"}],"wp:attachment":[{"href":"https:\/\/ort.fi\/taipale\/wp-json\/wp\/v2\/media?parent=220"}],"curies":[{"name":"wp","href":"https:\/\/api.w.org\/{rel}","templated":true}]}}