{"id":22,"date":"2018-09-20T09:30:09","date_gmt":"2018-09-20T06:30:09","guid":{"rendered":"https:\/\/ort.fi\/taipale\/?page_id=22"},"modified":"2026-04-13T10:50:36","modified_gmt":"2026-04-13T07:50:36","slug":"jumalanpalvelukset","status":"publish","type":"page","link":"https:\/\/ort.fi\/taipale\/jumalanpalvelukset\/","title":{"rendered":"Jumalanpalvelukset"},"content":{"rendered":"<p><strong>Viinij\u00e4rvi, Jumalan\u00e4idin Tihvin\u00e4l\u00e4isen ikonin kirkko,<\/strong> Viinij\u00e4rventie 8<br \/>\nTi 14.4. klo 9 liturgia ja litaniat haudoilla, Tuomaan tiistai<br \/>\nMa 20.4. klo 18 akatistos Evakko-Kristus ikonin kunniaksi<br \/>\nKe 29.4. klo 9 liturgia, P\u00e4\u00e4si\u00e4isajan keskijuhla<br \/>\nSu 3.5. klo 10 liturgia, samarialaisen naisen sunnuntai, Yl\u00e4myllyn Tiistaiseuran 60-vuotisjuhla<br \/>\nTo 14.5. klo 10 liturgia, Herran taivaaseenastuminen, Helatorstai, kristinoppileirin info<br \/>\nSu 24.5. klo 10 liturgia, Pyh\u00e4n Kolminaisuuden p\u00e4iv\u00e4, Helluntai<br \/>\nSu 14.6. klo 10 liturgia, kristinoppileirin p\u00e4\u00e4t\u00f6s<br \/>\nTo 25.6. klo 18 vigilia, praasniekka<br \/>\nPe 26.6. klo 9 liturgia, ristisaatto ja vedenpyhitys, Jumalansynnytt\u00e4j\u00e4n Tihvin\u00e4l\u00e4isen ikonin juhla, praasniekka<br \/>\nSu 19.7. klo 10 liturgia<br \/>\nLa 1.8. klo 9 liturgia, Kunniallisen ja el\u00e4v\u00e4ksitekev\u00e4n Ristin esiintuominen<br \/>\nPe 14.8. klo 18 vigilia, Neitsyt Marian kuolonuneen nukkuminen<br \/>\nLa 15.8. klo 9 liturgia, Neitsyt Marian kuolonuneen nukkuminen<br \/>\nSu 23.8. klo 10 liturgia<\/p>\n<p><strong>Outokumpu, Pyh\u00e4n Hengen kirkko,<\/strong> Kirkkopolku 3<br \/>\nLa 18.4. klo 17 vigilia<br \/>\nLa 9.5. klo 17 vigilia<br \/>\nSu 24.5. klo 17 ehtoopalvelus ja Helluntain polvirukoukset, praasniekka<br \/>\nMa 25.5. klo 9 liturgia, vedenpyhitys ja ristisaatto, Pyh\u00e4n Hengen p\u00e4iv\u00e4, praasniekka<br \/>\nSu 21.6. klo 10 liturgia<br \/>\nSu 5.7. klo 10 liturgia<br \/>\nSu 2.8. klo 10 liturgia<br \/>\nLa 22.8. klo 17 vigilia<\/p>\n<p><strong>Polvij\u00e4rvi, Pyh\u00e4n Johannes Kastajan kirkko,<\/strong> Haavikontie 31<span style=\"color: #ff0000;\"><span style=\"color: #333333;\"><br \/>\nSu 26.4. klo 10 liturgia, halvaantuneen sunnuntai<br \/>\nLa 2.5. klo 17 vigilia<br \/>\nSu 31.5. klo 10 liturgia, kaikkien pyhien sunnuntai<br \/>\nTi 23.6. klo 18 vigilia, praasniekka<br \/>\nKe 24.6. klo 9 liturgia, vedenpyhitys ja ristisaatto, pyh\u00e4 Johannes Kastaja, praasniekka<br \/>\nSu 26.7. klo 10 liturgia<br \/>\nLa 8.8. klo 17 vigilia<br \/>\nSu 30.8. klo 10 liturgia<br \/>\n<\/span><\/span><\/p>\n<p><strong>Sotkuma, Pyh\u00e4n profeetta Elian tsasouna,<\/strong> Malanintie 4<br \/>\nLa 25.4. klo 17 vigilia<br \/>\nSu 17.5. klo 9.30 litania ja seppeleenlasku, klo 10 liturgia, kaatuneitten muistop\u00e4iv\u00e4<br \/>\nLa 23.5. klo 9 liturgia ja litaniat haudoilla, vainajien muistelu<br \/>\nSu 28.6. klo 10 liturgia, pyhitt\u00e4j\u00e4t Sergei ja Herman Valamolaiset<br \/>\nSu 19.7. klo 17 vigilia, praasniekka<br \/>\nMa 20.7. klo 9 liturgia, vedenpyhitys ja ristisaatto, pyh\u00e4 profeetta Elia, praasniekka<br \/>\nSu 9.8. klo 10 liturgia<br \/>\nLa 29.8. klo 13 litania, ristisaatto S\u00e4ynelammen leirikeskukseen<\/p>\n<p><strong>Liperi, Pyh\u00e4n apostoli Andreaksen tsasouna,<\/strong> Tsasounakuja 1<br \/>\nSu 19.4. klo 10 liturgia, mirhantuojien sunnuntai<br \/>\nSu 10.5. klo 10 liturgia, sokeana syntyneen sunnuntai<br \/>\nKe 13.5. klo 18 vigilia, Helatorstai<br \/>\nLa 23.5. klo 17 vigilia, Helluntai<br \/>\nLa 4.7. klo 17 vigilia<br \/>\nTo 6.8. klo 9 liturgia, Kristuksen kirkastuminen<br \/>\nSu 16.8. klo 10 liturgia<\/p>\n<p><strong>Yl\u00e4myllyn evl. seurakuntatalo,<\/strong> Katajapolku 1, Yl\u00e4mylly<br \/>\nSeuraava palvelus syyskuussa<\/p>\n<p><strong>S\u00e4ynelammen leirikeskus,<\/strong> Syv\u00e4lahdentie 7, Polvij\u00e4rvi<br \/>\nTi 26.5. klo 17 ehtoopalvelus ja vedenpyhitys, praasniekka, iltateet ja sauna<br \/>\nKe 27.5. klo 9 liturgia, pyh\u00e4 Johannes Ven\u00e4l\u00e4inen, praasniekka<br \/>\nLa 6.6. klo 18 ehtoopalvelus<br \/>\nSu 7.6. klo 9 liturgia<br \/>\nLa 11.7. klo 18 ehtoopalvelus<br \/>\nSu 12.7. klo 9 liturgia<br \/>\nKe 5.8. klo 17 ehtoopalvelus, Kristuksen kirkastuminen, saunailta<br \/>\nLa 29.8. noin klo 15 teet ristisaaton saavuttua Sotkumasta, seurakunnan toiminnan suunnittelukokous<br \/>\nLa 29.8. klo 17 ehtoopalvelus, saunailta<\/p>\n<p><strong>Kirkkoniemen hiljentymispaikka,<\/strong> Jyrinkyl\u00e4<br \/>\nAkatistos hein\u00e4kuun joka keskiviikko klo 18. Tervetuloa mukaan koko perheen voimin kes\u00e4iseen luontoon! Hiljentymispaikalle on opasteet.<\/p>\n<p><strong>Viinij\u00e4rven Vanha pappila,<\/strong> Viinij\u00e4rventie 7&nbsp;<br \/>\nVaihtelevia rukouspalveluksia keskiviikkoaamuisin klo 9 Viinij\u00e4rven Vanhassa pappilassa toukokuun loppuun saakka. Syyskaudella jatketaan taas!<\/p>\n<p><strong>Tulostettava palveluslista:<\/strong><br \/>\n<a href=\"https:\/\/ort.fi\/taipale\/wp-content\/uploads\/2026\/04\/Taipale-jumalanpalvelukset-6.4.\u201331.8.2026.pdf\" target=\"_blank\" rel=\"noopener\">Jumalanpalvelukset Taipaleen ortodoksisessa seurakunnassa 6.4.\u201331.8.2026<\/a>&nbsp;<\/p>\n<p><strong>Nurmeksen kappeliseurakunta<\/strong><br \/>\n<a href=\"https:\/\/calendar.google.com\/calendar\/embed?src=ikd6nprc0vlnn727pgpie45et8%40group.calendar.google.com&amp;ctz=Europe%2FHelsinki\" target=\"_blank\" rel=\"noopener\">Jumalanpalvelukset ja muu toiminta<\/a>&nbsp;<\/p>\n","protected":false},"excerpt":{"rendered":"<p>Viinij\u00e4rvi, Jumalan\u00e4idin Tihvin\u00e4l\u00e4isen ikonin kirkko, Viinij\u00e4rventie 8 Ti 14.4. klo 9 liturgia ja litaniat haudoilla, Tuomaan tiistai Ma 20.4. klo 18 akatistos Evakko-Kristus ikonin kunniaksi Ke 29.4. klo 9 liturgia, &#8230; <a title=\"Jumalanpalvelukset\" class=\"read-more\" href=\"https:\/\/ort.fi\/taipale\/jumalanpalvelukset\/\" aria-label=\"Lue lis\u00e4\u00e4 aiheesta Jumalanpalvelukset\">Lue lis\u00e4\u00e4<\/a><\/p>\n","protected":false},"author":2,"featured_media":0,"parent":0,"menu_order":0,"comment_status":"closed","ping_status":"closed","template":"","meta":{"ngg_post_thumbnail":0,"footnotes":""},"class_list":["post-22","page","type-page","status-publish"],"_links":{"self":[{"href":"https:\/\/ort.fi\/taipale\/wp-json\/wp\/v2\/pages\/22","targetHints":{"allow":["GET"]}}],"collection":[{"href":"https:\/\/ort.fi\/taipale\/wp-json\/wp\/v2\/pages"}],"about":[{"href":"https:\/\/ort.fi\/taipale\/wp-json\/wp\/v2\/types\/page"}],"author":[{"embeddable":true,"href":"https:\/\/ort.fi\/taipale\/wp-json\/wp\/v2\/users\/2"}],"replies":[{"embeddable":true,"href":"https:\/\/ort.fi\/taipale\/wp-json\/wp\/v2\/comments?post=22"}],"version-history":[{"count":1105,"href":"https:\/\/ort.fi\/taipale\/wp-json\/wp\/v2\/pages\/22\/revisions"}],"predecessor-version":[{"id":32171,"href":"https:\/\/ort.fi\/taipale\/wp-json\/wp\/v2\/pages\/22\/revisions\/32171"}],"wp:attachment":[{"href":"https:\/\/ort.fi\/taipale\/wp-json\/wp\/v2\/media?parent=22"}],"curies":[{"name":"wp","href":"https:\/\/api.w.org\/{rel}","templated":true}]}}