{"id":21957,"date":"2023-06-10T11:19:59","date_gmt":"2023-06-10T08:19:59","guid":{"rendered":"https:\/\/ort.fi\/taipale\/?page_id=21957"},"modified":"2023-06-13T18:42:45","modified_gmt":"2023-06-13T15:42:45","slug":"ikonimaalauspiirin-kevat-2023-kuvia-ja-kuulumisia","status":"publish","type":"page","link":"https:\/\/ort.fi\/taipale\/ikonimaalauspiirin-kevat-2023-kuvia-ja-kuulumisia\/","title":{"rendered":"Ikonimaalauspiirin kev\u00e4t 2023 &#8211; kuvia ja kuulumisia"},"content":{"rendered":"<p>Taipaleen ikonipiiri kokoontui toukokuun 13. kev\u00e4\u00e4n viimeiseen maalaussessioon.<\/p>\n<p>Vieraaksi saimme Valamon Ikoniakatemista ikonografi Alexander Wikstr\u00f6min ja teologisten aineiden opettajan TT Juha Riikosen, jotka saapuivat yhdess\u00e4, parastaikaa Valamossa menneill\u00e4\u00e4n olleen, kansainv\u00e4lisen ikonimaalauskurssilaisten kanssa.<\/p>\n<p>I Nemanjan johdolla vietimme rukoushetken ja ikonien siunaustilaisuuden Viinij\u00e4rven kirkossa, ja kirkon is\u00e4nn\u00f6itsij\u00e4 Timoi Munne kertoi p\u00e4\u00e4tteeksi kirkon ja seurakunnan historiasta.&nbsp;Pappilassa kahvin ja tyk\u00f6tarpeiden lomassa tutustuttiin lis\u00e4\u00e4, ja kertoiltiin kunkin ikonimaalaustaipaleiden vaiheesta. Alexander Wikstr\u00f6m p\u00e4\u00e4tti vierailun hyvin kannustavin sanak\u00e4\u00e4ntein, josta kovasti olimme iloisia.<\/p>\n<p>Kiitokset i Nemanjalle, Timoille ja kaikille nyytt\u00e4ritarjoiluun osallistuneille maalareille!<\/p>\n<p>Ikonipiiri tekee viikon mittaisen &#8221;leirimatkan&#8221; elokuussa Obinitsaan, ja pappilaan kokoonnutaan taas maalaamaan 23.9. alkaen. L\u00e4mpim\u00e4sti tervetuloa!<\/p>\n<p>Helena Saaristo-Parovuori<\/p>\n<p>ngg_shortcode_0_placeholder&nbsp; &nbsp;<div class=\"addtoany_shortcode\"><div class=\"a2a_kit a2a_kit_size_32 addtoany_list\" data-a2a-url=\"https:\/\/ort.fi\/taipale\/ikonimaalauspiirin-kevat-2023-kuvia-ja-kuulumisia\/\" data-a2a-title=\"Ikonimaalauspiirin kev\u00e4t 2023 \u2013 kuvia ja kuulumisia\"><a class=\"a2a_button_facebook\" href=\"https:\/\/www.addtoany.com\/add_to\/facebook?linkurl=https%3A%2F%2Fort.fi%2Ftaipale%2Fikonimaalauspiirin-kevat-2023-kuvia-ja-kuulumisia%2F&amp;linkname=Ikonimaalauspiirin%20kev%C3%A4t%202023%20%E2%80%93%20kuvia%20ja%20kuulumisia\" title=\"Facebook\" rel=\"nofollow noopener\" target=\"_blank\"><\/a><a class=\"a2a_button_twitter\" href=\"https:\/\/www.addtoany.com\/add_to\/twitter?linkurl=https%3A%2F%2Fort.fi%2Ftaipale%2Fikonimaalauspiirin-kevat-2023-kuvia-ja-kuulumisia%2F&amp;linkname=Ikonimaalauspiirin%20kev%C3%A4t%202023%20%E2%80%93%20kuvia%20ja%20kuulumisia\" title=\"Twitter\" rel=\"nofollow noopener\" target=\"_blank\"><\/a><a class=\"a2a_button_whatsapp\" href=\"https:\/\/www.addtoany.com\/add_to\/whatsapp?linkurl=https%3A%2F%2Fort.fi%2Ftaipale%2Fikonimaalauspiirin-kevat-2023-kuvia-ja-kuulumisia%2F&amp;linkname=Ikonimaalauspiirin%20kev%C3%A4t%202023%20%E2%80%93%20kuvia%20ja%20kuulumisia\" title=\"WhatsApp\" rel=\"nofollow noopener\" target=\"_blank\"><\/a><a class=\"a2a_button_email\" href=\"https:\/\/www.addtoany.com\/add_to\/email?linkurl=https%3A%2F%2Fort.fi%2Ftaipale%2Fikonimaalauspiirin-kevat-2023-kuvia-ja-kuulumisia%2F&amp;linkname=Ikonimaalauspiirin%20kev%C3%A4t%202023%20%E2%80%93%20kuvia%20ja%20kuulumisia\" title=\"Email\" rel=\"nofollow noopener\" target=\"_blank\"><\/a><a class=\"a2a_dd addtoany_share_save addtoany_share\" href=\"https:\/\/www.addtoany.com\/share\"><\/a><\/div><\/div><\/p>\n","protected":false},"excerpt":{"rendered":"<p>Taipaleen ikonipiiri kokoontui toukokuun 13. kev\u00e4\u00e4n viimeiseen maalaussessioon. Vieraaksi saimme Valamon Ikoniakatemista ikonografi Alexander Wikstr\u00f6min ja teologisten aineiden opettajan TT Juha Riikosen, jotka saapuivat yhdess\u00e4, parastaikaa Valamossa menneill\u00e4\u00e4n olleen, kansainv\u00e4lisen &#8230; <a title=\"Ikonimaalauspiirin kev\u00e4t 2023 &#8211; kuvia ja kuulumisia\" class=\"read-more\" href=\"https:\/\/ort.fi\/taipale\/ikonimaalauspiirin-kevat-2023-kuvia-ja-kuulumisia\/\" aria-label=\"Lue lis\u00e4\u00e4 aiheesta Ikonimaalauspiirin kev\u00e4t 2023 &#8211; kuvia ja kuulumisia\">Lue lis\u00e4\u00e4<\/a><\/p>\n","protected":false},"author":6,"featured_media":0,"parent":0,"menu_order":0,"comment_status":"closed","ping_status":"closed","template":"","meta":{"ngg_post_thumbnail":0,"footnotes":""},"class_list":["post-21957","page","type-page","status-publish"],"_links":{"self":[{"href":"https:\/\/ort.fi\/taipale\/wp-json\/wp\/v2\/pages\/21957","targetHints":{"allow":["GET"]}}],"collection":[{"href":"https:\/\/ort.fi\/taipale\/wp-json\/wp\/v2\/pages"}],"about":[{"href":"https:\/\/ort.fi\/taipale\/wp-json\/wp\/v2\/types\/page"}],"author":[{"embeddable":true,"href":"https:\/\/ort.fi\/taipale\/wp-json\/wp\/v2\/users\/6"}],"replies":[{"embeddable":true,"href":"https:\/\/ort.fi\/taipale\/wp-json\/wp\/v2\/comments?post=21957"}],"version-history":[{"count":4,"href":"https:\/\/ort.fi\/taipale\/wp-json\/wp\/v2\/pages\/21957\/revisions"}],"predecessor-version":[{"id":22043,"href":"https:\/\/ort.fi\/taipale\/wp-json\/wp\/v2\/pages\/21957\/revisions\/22043"}],"wp:attachment":[{"href":"https:\/\/ort.fi\/taipale\/wp-json\/wp\/v2\/media?parent=21957"}],"curies":[{"name":"wp","href":"https:\/\/api.w.org\/{rel}","templated":true}]}}