{"id":21511,"date":"2023-04-19T19:51:54","date_gmt":"2023-04-19T16:51:54","guid":{"rendered":"https:\/\/ort.fi\/taipale\/?page_id=21511"},"modified":"2023-04-19T20:04:45","modified_gmt":"2023-04-19T17:04:45","slug":"paasiainen-2023","status":"publish","type":"page","link":"https:\/\/ort.fi\/taipale\/paasiainen-2023\/","title":{"rendered":"P\u00e4\u00e4si\u00e4inen 2023"},"content":{"rendered":"<p>Valokuvia p\u00e4\u00e4si\u00e4isen ajan palveluksista.<\/p>\n<p>Kuvat: Hannu Mutanen, P\u00e4ivi ja Arvo Naumanen<\/p>\n<p>ngg_shortcode_0_placeholder<div class=\"addtoany_shortcode\"><div class=\"a2a_kit a2a_kit_size_32 addtoany_list\" data-a2a-url=\"https:\/\/ort.fi\/taipale\/paasiainen-2023\/\" data-a2a-title=\"P\u00e4\u00e4si\u00e4inen 2023\"><a class=\"a2a_button_facebook\" href=\"https:\/\/www.addtoany.com\/add_to\/facebook?linkurl=https%3A%2F%2Fort.fi%2Ftaipale%2Fpaasiainen-2023%2F&amp;linkname=P%C3%A4%C3%A4si%C3%A4inen%202023\" title=\"Facebook\" rel=\"nofollow noopener\" target=\"_blank\"><\/a><a class=\"a2a_button_twitter\" href=\"https:\/\/www.addtoany.com\/add_to\/twitter?linkurl=https%3A%2F%2Fort.fi%2Ftaipale%2Fpaasiainen-2023%2F&amp;linkname=P%C3%A4%C3%A4si%C3%A4inen%202023\" title=\"Twitter\" rel=\"nofollow noopener\" target=\"_blank\"><\/a><a class=\"a2a_button_whatsapp\" href=\"https:\/\/www.addtoany.com\/add_to\/whatsapp?linkurl=https%3A%2F%2Fort.fi%2Ftaipale%2Fpaasiainen-2023%2F&amp;linkname=P%C3%A4%C3%A4si%C3%A4inen%202023\" title=\"WhatsApp\" rel=\"nofollow noopener\" target=\"_blank\"><\/a><a class=\"a2a_button_email\" href=\"https:\/\/www.addtoany.com\/add_to\/email?linkurl=https%3A%2F%2Fort.fi%2Ftaipale%2Fpaasiainen-2023%2F&amp;linkname=P%C3%A4%C3%A4si%C3%A4inen%202023\" title=\"Email\" rel=\"nofollow noopener\" target=\"_blank\"><\/a><a class=\"a2a_dd addtoany_share_save addtoany_share\" href=\"https:\/\/www.addtoany.com\/share\"><\/a><\/div><\/div><\/p>\n","protected":false},"excerpt":{"rendered":"<p>Valokuvia p\u00e4\u00e4si\u00e4isen ajan palveluksista. Kuvat: Hannu Mutanen, P\u00e4ivi ja Arvo Naumanen<\/p>\n","protected":false},"author":6,"featured_media":0,"parent":0,"menu_order":0,"comment_status":"closed","ping_status":"closed","template":"","meta":{"ngg_post_thumbnail":0,"footnotes":""},"class_list":["post-21511","page","type-page","status-publish"],"_links":{"self":[{"href":"https:\/\/ort.fi\/taipale\/wp-json\/wp\/v2\/pages\/21511","targetHints":{"allow":["GET"]}}],"collection":[{"href":"https:\/\/ort.fi\/taipale\/wp-json\/wp\/v2\/pages"}],"about":[{"href":"https:\/\/ort.fi\/taipale\/wp-json\/wp\/v2\/types\/page"}],"author":[{"embeddable":true,"href":"https:\/\/ort.fi\/taipale\/wp-json\/wp\/v2\/users\/6"}],"replies":[{"embeddable":true,"href":"https:\/\/ort.fi\/taipale\/wp-json\/wp\/v2\/comments?post=21511"}],"version-history":[{"count":5,"href":"https:\/\/ort.fi\/taipale\/wp-json\/wp\/v2\/pages\/21511\/revisions"}],"predecessor-version":[{"id":21529,"href":"https:\/\/ort.fi\/taipale\/wp-json\/wp\/v2\/pages\/21511\/revisions\/21529"}],"wp:attachment":[{"href":"https:\/\/ort.fi\/taipale\/wp-json\/wp\/v2\/media?parent=21511"}],"curies":[{"name":"wp","href":"https:\/\/api.w.org\/{rel}","templated":true}]}}